{"id":3,"date":"2020-02-08T10:21:08","date_gmt":"2020-02-08T10:21:08","guid":{"rendered":"http:\/\/papirplast.com\/?page_id=3"},"modified":"2020-03-10T11:15:52","modified_gmt":"2020-03-10T11:15:52","slug":"privacy-policy","status":"publish","type":"page","link":"https:\/\/papirplast.com\/en\/privacy-policy\/","title":{"rendered":"Uslovi kori\u0161\u0107enja"},"content":{"rendered":"<h1 style=\"font-weight: 400;\"><strong>Uslovi kori\u0161\u0107enja PAPIRPLAST<\/strong><\/h1>\n<h4 style=\"font-weight: 400;\">Op\u0161ti uslovi kori\u0161\u0107enja su sastavljeni u skladu sa va\u017ee\u0107im propisima Republike Srbije, u skladu sa Zakonom o za\u0161titi potro\u0161a\u010da, na osnovu preporuke i me\u0111unarodnih kodova za e-poslovanje. Internet prodavnicom\u00a0<a href=\"http:\/\/papirplast.com\/en\/\" data-saferedirecturl=\"https:\/\/www.google.com\/url?q=http:\/\/papirplast.com&amp;source=gmail&amp;ust=1583924808637000&amp;usg=AFQjCNHa8ZJxKrZigWTVAsihTrlduXng7Q\">papirplast.com<\/a>\u00a0upravlja firma Papirplast PR. Za registraciju u internet trgovini posetilac koristi svoju e-mail adresu kako bi kreirao korisni\u010dko ime i lozinku. Korisni\u010dko ime i lozinka nedvosmisleno su povezani s unetim podacima. Posetilac registracijom garantuje da je punoletna i poslovno sposobna osoba. Registracijom posetilac postaje korisnik i dobija pravo kupovine. Kupovinom korisnik postaje kupac. Ovi op\u0161ti uslovi kori\u0161\u0107enja defini\u0161u prava i obaveze posetilaca, korisnika i kupca te poslovni odnos izme\u0111u prodavca i kupca proizvoda iz ponude internet trgovine. Uslovima kori\u0161\u0107enja definisana su pravila koja pri kupovini obezbe\u0111uju kvalitet na\u0161e usluge i zadovoljstvo kupaca.<\/h4>\n<h1 style=\"font-weight: 400;\"><strong>NARU\u010cIVANJE<\/strong><\/h1>\n<h4 style=\"font-weight: 400;\">Proizvodi se naru\u010duju putem korpe i neopozivi su. Ukoliko prodavac nije u mogu\u0107nosti da isporu\u010di sve naru\u010dene proizvode, isporu\u010di\u0107e raspolo\u017eive od izabranih proizvoda, a o tome \u0107e obavestiti Kupca e-mailom (telefonom) sa naznakom isporuke preostalih proizvoda. Sa isporukom tih proizvoda posla\u0107e Kupcu e-mail u predvi\u0111enom roku za isporuku preostalih proizvoda.<\/h4>\n<h1 style=\"font-weight: 400;\"><strong>NA\u010cIN PLA\u0106ANJA<\/strong><\/h1>\n<h4 style=\"font-weight: 400;\">Proizvodi koji se kupuju preko na\u0161e internet prodavnice pla\u0107ate pouze\u0107em, a to podrazumeva pla\u0107anje porud\u017ebenice prilikom preuzimanja po\u0161iljke. Pla\u0107anje se vr\u0161i u gotovini, kuriru City expressa<\/h4>\n<h4 style=\"font-weight: 400;\">Va\u0161u porud\u017ebinu nakon potvrdjivanja, mo\u017eete da platite uplatnicom u banci ili po\u0161ti direktno na ra\u010dun firme Papirplast PR, Br. ra\u010duna: 170-50015003000-25 kod UniCredit Banke.<\/h4>\n<h4 style=\"font-weight: 400;\">Porud\u017ebina koju vr\u0161ite u internet prodavnici firme Papirplast PR, pre pla\u0107anja neophodno je potvrditi. Molimo Vas da sa\u010dekate potvrdu porud\u017ebine od strane na\u0161eg operatera. Pla\u0107anje vr\u0161ite nakon potvrde i nakon \u0161to Vam na\u0161 operater dostvai zvani\u010dnu ponudu za placanje!<\/h4>\n<h1 style=\"font-weight: 400;\"><strong>ROK ISPORUKE<\/strong><\/h1>\n<h4 style=\"font-weight: 400;\">Rok isporuke za proizvode koji se nalaze na lageru je do 3 radna dana, a za proizvode koji se trenutno ne nalaze na lageru je do 30 radnih dana.<\/h4>\n<h1 style=\"font-weight: 400;\"><strong>KORI\u0160\u0106ENJE<\/strong><\/h1>\n<h4 style=\"font-weight: 400;\">Korisnici prihvataju kori\u0161\u0107enje sadr\u017eaja ovog sajta isklju\u010divo za sopstvenu upotrebu i na svoju odgovornost. Korisnicima sajta strogo je zabranjeno kori\u0161\u0107enje specijalizovanih programa (robota, crawlera, spidera) radi preuzimanja sadr\u017eaja sa sajta, kao i bilo kakvi hakerski napadi u cilju onesposobljavanja ili usporenja sajta.<\/h4>\n<h4 style=\"font-weight: 400;\">Nedozvoljeno kori\u0161\u0107enje sajta iz prethodne alineje smatra se kr\u0161enjem pravila.<\/h4>\n<h1 style=\"font-weight: 400;\"><strong>PRISTANAK<\/strong><\/h1>\n<h4 style=\"font-weight: 400;\">Registracijom na on-line trgovinu korisnik daje saglasnost da trgovac prikuplja informacije na na\u010din i za namene opisane u uslovima kori\u0161\u0107enja.<\/h4>\n<h1 style=\"font-weight: 400;\"><strong>PRIVATNOST<\/strong><\/h1>\n<h4 style=\"font-weight: 400;\">Internet prodavnica firme Papirplast se obavezuje da \u010duva privatnost svojih korisnika. Prikupljaju se samo neophodni, osnovni podaci i podaci potrebni za poslovanje i informisanje korisnika u cilju pru\u017eanja kvalitetne usluge. Podaci iz procesa registracije, kao i ostali podaci o korisniku ne\u0107e biti prosle\u0111eni ili predati drugim licima. Svi podaci o korisnicima se strogo \u010duvaju i dostupni su samo zaposlenima kojima su ti podaci nu\u017eni za obavljenje posla.<\/h4>\n<h1 style=\"font-weight: 400;\"><strong>OP\u0160TI USLOVI<\/strong><\/h1>\n<h4 style=\"font-weight: 400;\">Nakon prijema narud\u017ebe putem sajta, prodavac je obavezan da izvr\u0161i potvrdu putem telefona ili e-maila. Nakon potvrde narud\u017ebe od strane Kupca, narud\u017eba je neopoziva. Prodavac se obavezuje da naru\u010dene artikle isporu\u010di neo\u0161te\u0107ene i u predvi\u0111enom roku. U slu\u010daju bilo kakve promene Prodavac je du\u017ean da obavesti Kupca prilikom telefonske potvrde narud\u017ebe.<\/h4>\n<h4 style=\"font-weight: 400;\">U slu\u010daju neuskla\u0111enosti cena isporuke navedenih na ovom sajtu sa cenama kurirske slu\u017ebe, o promenama \u0107ete biti obave\u0161teni prilikom telefonske potvrde narud\u017ebe.<\/h4>\n<h1 style=\"font-weight: 400;\"><strong>GARANCIJA<\/strong><\/h1>\n<h4 style=\"font-weight: 400;\">Prodavac garantuje za kvalitet svojih artikala. Svi artikli su originalne robne marke i odgovaraju specifikaciji navedenoj na sajtu. U slu\u010daju odstupanja od navedene specifikacije ili pogre\u0161no isporu\u010denog proizvoda obavezujemo se da Vam proizvod zamenimo, pri \u010demu \u0107emo snositi sve tro\u0161kove. Potrebno je da proizvod vratite u originalnom pakovanju sa ra\u010dunom.<\/h4>\n<h4 style=\"font-weight: 400;\">Garancija ne va\u017ei u slu\u010daju defekta nastalog kao posledica neodgovaraju\u0107e upotrebe.<\/h4>\n<h1 style=\"font-weight: 400;\"><strong>TA\u010cNOST<\/strong><\/h1>\n<h4 style=\"font-weight: 400;\">Nastojimo da budemo \u0161to precizniji u opisu proizvoda, prikazu slika i samih cena, ali ne mo\u017eemo garantovati da su sve informacije kompletne i bez gre\u0161aka. Informacije na ovom sajtu mogu biti nepotpune ili zastarele. Mi preuzimamo podatke od proizvo\u0111a\u010da ili uvoznika, te ih kopiramo i memori\u0161emo i ne prihvatamo odgovornost za ta\u010dnost podataka na ovom sajtu.<\/h4>\n<h1 style=\"font-weight: 400;\"><strong>ODGOVORNOST<\/strong><\/h1>\n<h4 style=\"font-weight: 400;\">Prodavac se trudi kako bi se osigurala a\u017eurnost i ta\u010dnost informacija objavljenih na svojim stranicama. Uprkos tome, svojstva proizvoda, vreme isporuke ili cene, mogu se promeniti tako brzo da dobavlja\u010d ne uspe ispraviti podatke na Internetu blagovremeno. U tom slu\u010daju \u0107e kupac biti obave\u0161ten o promenama i bi\u0107e mu omogu\u0107eno da odustane od kupovine.<\/h4>\n<h4 style=\"font-weight: 400;\">Prodavac nije odgovoran za mi\u0161ljenja o proizvodima napisanih od strane posetilaca. Prodavac \u0107e pre objavljivanja mi\u0161ljenja pregledati i odbiti ona koji sadr\u017ee o\u010dite neistine, zabludu ili su uvredljive.<\/h4>\n<h4 style=\"font-weight: 400;\">Prodavac od trenutka prenosa po\u0161iljke s naru\u010denim proizvodima dostavlja\u010du dalje ne odgovara za o\u0161te\u0107enja, uni\u0161tenje, gubitak, manjak sadr\u017eaja u po\u0161iljci i otvaranje po\u0161iljke. U navedenim primerima korisnik (kupac) se mora obratiti dostavlja\u010du i zapo\u010deti postupak reklamacije. Prodavac \u0107e zajedno sa dostavlja\u010dem u\u010diniti sve da se reklamacija re\u0161i u najkra\u0107em roku.<\/h4>\n<h4 style=\"font-weight: 400;\">Ne prihvatamo bilo kakvu odgovornost za primljene porud\u017ebine ili isporu\u010denu robu osobama mla\u0111im od 18 godina.<\/h4>\n<h1 style=\"font-weight: 400;\"><strong>SAGLASNOST<\/strong><\/h1>\n<h4 style=\"font-weight: 400;\">Kupac je obavezan da pre kupovine putem ovog web sajta pro\u010dita ove Uslove kupovine.<\/h4>\n<h4 style=\"font-weight: 400;\">Prodavac se obavezuje da \u0107e se pridr\u017eavati svega navedenog, a sve promene uslova postaju va\u017ee\u0107e tek nakon objavljivanja na ovoj strani.<\/h4>\n<h4 style=\"font-weight: 400;\">Kori\u0161\u0107enje na\u0161ih servisa podrazumeva saglasnost korisnika sa svim navedenim Uslovima kupovine na ovoj strani.<\/h4>\n<h1 style=\"font-weight: 400;\"><strong>PRITU\u017dBE<\/strong><\/h1>\n<h4 style=\"font-weight: 400;\">Prodavac ima uspostavljen sistem re\u0161avanja pritu\u017ebi i osobu zadu\u017eenu za kontakt s korisnicima putem elektronske po\u0161te ili telefona. Korisnik (kupac) se mo\u017ee obratiti putem e-maila \u010diji prijem prodavac potvr\u0111uje, u roku od pet radnih dana i obave\u0161tava kupca koliko dugo \u0107e trajati procedura za re\u0161enje pritu\u017ebe.<\/h4>\n<p style=\"font-weight: 400;\">","protected":false},"excerpt":{"rendered":"<p>Uslovi kori\u0161\u0107enja PAPIRPLAST Op\u0161ti uslovi kori\u0161\u0107enja su sastavljeni u skladu sa va\u017ee\u0107im propisima Republike Srbije, u skladu sa Zakonom o za\u0161titi potro\u0161a\u010da, na osnovu preporuke i me\u0111unarodnih kodova za e-poslovanje. Internet prodavnicom\u00a0papirplast.com\u00a0upravlja firma Papirplast PR. Za registraciju u internet trgovini posetilac koristi svoju e-mail adresu kako bi kreirao korisni\u010dko ime i lozinku. Korisni\u010dko ime i [&hellip;]<\/p>\n","protected":false},"author":1,"featured_media":0,"parent":0,"menu_order":0,"comment_status":"closed","ping_status":"open","template":"","meta":{"_monsterinsights_skip_tracking":false,"_monsterinsights_sitenote_active":false,"_monsterinsights_sitenote_note":"","_monsterinsights_sitenote_category":0,"footnotes":""},"class_list":["post-3","page","type-page","status-publish","hentry"],"blocksy_meta":[],"yoast_head":"<!-- This site is optimized with the Yoast SEO plugin v27.5 - https:\/\/yoast.com\/product\/yoast-seo-wordpress\/ -->\n<title>Uslovi kori\u0161\u0107enja | PapirPlast<\/title>\n<meta name=\"description\" content=\"Pogledajte na\u0161u paletu proizvoda | kese, folije, d\u017eakovi, pet posude. Kao i \u0161irok asortiman HTZ opreme. Sve na jednom mestu, PapirPlast.\" \/>\n<meta name=\"robots\" content=\"index, follow, max-snippet:-1, max-image-preview:large, max-video-preview:-1\" \/>\n<link rel=\"canonical\" href=\"https:\/\/papirplast.com\/en\/privacy-policy\/\" \/>\n<meta property=\"og:locale\" content=\"en_US\" \/>\n<meta property=\"og:type\" content=\"article\" \/>\n<meta property=\"og:title\" content=\"Uslovi kori\u0161\u0107enja | PapirPlast\" \/>\n<meta property=\"og:description\" content=\"Pogledajte na\u0161u paletu proizvoda | kese, folije, d\u017eakovi, pet posude. Kao i \u0161irok asortiman HTZ opreme. Sve na jednom mestu, PapirPlast.\" \/>\n<meta property=\"og:url\" content=\"https:\/\/papirplast.com\/en\/privacy-policy\/\" \/>\n<meta property=\"og:site_name\" content=\"PapirPlast\" \/>\n<meta property=\"article:publisher\" content=\"https:\/\/www.facebook.com\/PapirPlastArandjelovac\/?locale=sr_RS\" \/>\n<meta property=\"article:modified_time\" content=\"2020-03-10T11:15:52+00:00\" \/>\n<meta name=\"twitter:card\" content=\"summary_large_image\" \/>\n<meta name=\"twitter:label1\" content=\"Est. reading time\" \/>\n\t<meta name=\"twitter:data1\" content=\"5 minutes\" \/>\n<script type=\"application\/ld+json\" class=\"yoast-schema-graph\">{\"@context\":\"https:\\\/\\\/schema.org\",\"@graph\":[{\"@type\":\"WebPage\",\"@id\":\"https:\\\/\\\/papirplast.com\\\/privacy-policy\\\/\",\"url\":\"https:\\\/\\\/papirplast.com\\\/privacy-policy\\\/\",\"name\":\"Uslovi kori\u0161\u0107enja | PapirPlast\",\"isPartOf\":{\"@id\":\"https:\\\/\\\/papirplast.com\\\/#website\"},\"datePublished\":\"2020-02-08T10:21:08+00:00\",\"dateModified\":\"2020-03-10T11:15:52+00:00\",\"description\":\"Pogledajte na\u0161u paletu proizvoda | kese, folije, d\u017eakovi, pet posude. Kao i \u0161irok asortiman HTZ opreme. Sve na jednom mestu, PapirPlast.\",\"breadcrumb\":{\"@id\":\"https:\\\/\\\/papirplast.com\\\/privacy-policy\\\/#breadcrumb\"},\"inLanguage\":\"en-US\",\"potentialAction\":[{\"@type\":\"ReadAction\",\"target\":[\"https:\\\/\\\/papirplast.com\\\/privacy-policy\\\/\"]}]},{\"@type\":\"BreadcrumbList\",\"@id\":\"https:\\\/\\\/papirplast.com\\\/privacy-policy\\\/#breadcrumb\",\"itemListElement\":[{\"@type\":\"ListItem\",\"position\":1,\"name\":\"Home\",\"item\":\"https:\\\/\\\/papirplast.com\\\/\"},{\"@type\":\"ListItem\",\"position\":2,\"name\":\"Uslovi kori\u0161\u0107enja\"}]},{\"@type\":\"WebSite\",\"@id\":\"https:\\\/\\\/papirplast.com\\\/#website\",\"url\":\"https:\\\/\\\/papirplast.com\\\/\",\"name\":\"PapirPlast\",\"description\":\"\",\"publisher\":{\"@id\":\"https:\\\/\\\/papirplast.com\\\/#organization\"},\"potentialAction\":[{\"@type\":\"SearchAction\",\"target\":{\"@type\":\"EntryPoint\",\"urlTemplate\":\"https:\\\/\\\/papirplast.com\\\/?s={search_term_string}\"},\"query-input\":{\"@type\":\"PropertyValueSpecification\",\"valueRequired\":true,\"valueName\":\"search_term_string\"}}],\"inLanguage\":\"en-US\"},{\"@type\":\"Organization\",\"@id\":\"https:\\\/\\\/papirplast.com\\\/#organization\",\"name\":\"PapirPlast\",\"url\":\"https:\\\/\\\/papirplast.com\\\/\",\"logo\":{\"@type\":\"ImageObject\",\"inLanguage\":\"en-US\",\"@id\":\"https:\\\/\\\/papirplast.com\\\/#\\\/schema\\\/logo\\\/image\\\/\",\"url\":\"https:\\\/\\\/papirplast.com\\\/wp-content\\\/uploads\\\/2020\\\/02\\\/logo.png\",\"contentUrl\":\"https:\\\/\\\/papirplast.com\\\/wp-content\\\/uploads\\\/2020\\\/02\\\/logo.png\",\"width\":600,\"height\":161,\"caption\":\"PapirPlast\"},\"image\":{\"@id\":\"https:\\\/\\\/papirplast.com\\\/#\\\/schema\\\/logo\\\/image\\\/\"},\"sameAs\":[\"https:\\\/\\\/www.facebook.com\\\/PapirPlastArandjelovac\\\/?locale=sr_RS\"]}]}<\/script>\n<!-- \/ Yoast SEO plugin. -->","yoast_head_json":{"title":"Uslovi kori\u0161\u0107enja | PapirPlast","description":"Pogledajte na\u0161u paletu proizvoda | kese, folije, d\u017eakovi, pet posude. Kao i \u0161irok asortiman HTZ opreme. Sve na jednom mestu, PapirPlast.","robots":{"index":"index","follow":"follow","max-snippet":"max-snippet:-1","max-image-preview":"max-image-preview:large","max-video-preview":"max-video-preview:-1"},"canonical":"https:\/\/papirplast.com\/en\/privacy-policy\/","og_locale":"en_US","og_type":"article","og_title":"Uslovi kori\u0161\u0107enja | PapirPlast","og_description":"Pogledajte na\u0161u paletu proizvoda | kese, folije, d\u017eakovi, pet posude. Kao i \u0161irok asortiman HTZ opreme. Sve na jednom mestu, PapirPlast.","og_url":"https:\/\/papirplast.com\/en\/privacy-policy\/","og_site_name":"PapirPlast","article_publisher":"https:\/\/www.facebook.com\/PapirPlastArandjelovac\/?locale=sr_RS","article_modified_time":"2020-03-10T11:15:52+00:00","twitter_card":"summary_large_image","twitter_misc":{"Est. reading time":"5 minutes"},"schema":{"@context":"https:\/\/schema.org","@graph":[{"@type":"WebPage","@id":"https:\/\/papirplast.com\/privacy-policy\/","url":"https:\/\/papirplast.com\/privacy-policy\/","name":"Uslovi kori\u0161\u0107enja | PapirPlast","isPartOf":{"@id":"https:\/\/papirplast.com\/#website"},"datePublished":"2020-02-08T10:21:08+00:00","dateModified":"2020-03-10T11:15:52+00:00","description":"Pogledajte na\u0161u paletu proizvoda | kese, folije, d\u017eakovi, pet posude. Kao i \u0161irok asortiman HTZ opreme. Sve na jednom mestu, PapirPlast.","breadcrumb":{"@id":"https:\/\/papirplast.com\/privacy-policy\/#breadcrumb"},"inLanguage":"en-US","potentialAction":[{"@type":"ReadAction","target":["https:\/\/papirplast.com\/privacy-policy\/"]}]},{"@type":"BreadcrumbList","@id":"https:\/\/papirplast.com\/privacy-policy\/#breadcrumb","itemListElement":[{"@type":"ListItem","position":1,"name":"Home","item":"https:\/\/papirplast.com\/"},{"@type":"ListItem","position":2,"name":"Uslovi kori\u0161\u0107enja"}]},{"@type":"WebSite","@id":"https:\/\/papirplast.com\/#website","url":"https:\/\/papirplast.com\/","name":"PapirPlast","description":"","publisher":{"@id":"https:\/\/papirplast.com\/#organization"},"potentialAction":[{"@type":"SearchAction","target":{"@type":"EntryPoint","urlTemplate":"https:\/\/papirplast.com\/?s={search_term_string}"},"query-input":{"@type":"PropertyValueSpecification","valueRequired":true,"valueName":"search_term_string"}}],"inLanguage":"en-US"},{"@type":"Organization","@id":"https:\/\/papirplast.com\/#organization","name":"PapirPlast","url":"https:\/\/papirplast.com\/","logo":{"@type":"ImageObject","inLanguage":"en-US","@id":"https:\/\/papirplast.com\/#\/schema\/logo\/image\/","url":"https:\/\/papirplast.com\/wp-content\/uploads\/2020\/02\/logo.png","contentUrl":"https:\/\/papirplast.com\/wp-content\/uploads\/2020\/02\/logo.png","width":600,"height":161,"caption":"PapirPlast"},"image":{"@id":"https:\/\/papirplast.com\/#\/schema\/logo\/image\/"},"sameAs":["https:\/\/www.facebook.com\/PapirPlastArandjelovac\/?locale=sr_RS"]}]}},"_links":{"self":[{"href":"https:\/\/papirplast.com\/en\/wp-json\/wp\/v2\/pages\/3","targetHints":{"allow":["GET"]}}],"collection":[{"href":"https:\/\/papirplast.com\/en\/wp-json\/wp\/v2\/pages"}],"about":[{"href":"https:\/\/papirplast.com\/en\/wp-json\/wp\/v2\/types\/page"}],"author":[{"embeddable":true,"href":"https:\/\/papirplast.com\/en\/wp-json\/wp\/v2\/users\/1"}],"replies":[{"embeddable":true,"href":"https:\/\/papirplast.com\/en\/wp-json\/wp\/v2\/comments?post=3"}],"version-history":[{"count":4,"href":"https:\/\/papirplast.com\/en\/wp-json\/wp\/v2\/pages\/3\/revisions"}],"predecessor-version":[{"id":11296,"href":"https:\/\/papirplast.com\/en\/wp-json\/wp\/v2\/pages\/3\/revisions\/11296"}],"wp:attachment":[{"href":"https:\/\/papirplast.com\/en\/wp-json\/wp\/v2\/media?parent=3"}],"curies":[{"name":"wp","href":"https:\/\/api.w.org\/{rel}","templated":true}]}}