{"id":915,"date":"2013-08-19T10:36:49","date_gmt":"2013-08-19T10:36:49","guid":{"rendered":"http:\/\/192.168.0.101\/user24\/mahesh\/?page_id=737"},"modified":"2013-08-19T10:36:49","modified_gmt":"2013-08-19T10:36:49","slug":"typography","status":"publish","type":"page","link":"https:\/\/papirplast.com\/en\/typography\/","title":{"rendered":"Typography"},"content":{"rendered":"<p>[vc_row css=&#8220;.vc_custom_1554358106261{margin-bottom: 30px !important;}&#8220;][vc_column el_class=&#8220;h-family&#8220;][vc_row_inner][vc_column_inner][title]H Family[\/title][vc_column_text css=&#8220;.vc_custom_1554358299978{padding-top: 30px !important;padding-bottom: 30px !important;}&#8220;]&lt; h1 &gt;Lorem Ipsum is simply dummy text of the printing and typesetting industry.&lt; \/h1 &gt;<\/p>\n<h1>This is a Heading 1 Element<\/h1>\n<p>Nam convallis imperdiet pretium. Integer commodo malesuada purus, a hendrerit erat aliquet in. Nunc eget odio augue, non fringilla lacus. Sed condimentum justo sit amet urna ornare euismod. Vivamus ac leo quam, id porta felis.[\/vc_column_text][vc_column_text css=&#8220;.vc_custom_1554358326689{padding-top: 30px !important;padding-bottom: 30px !important;}&#8220;]&lt; h2 &gt;Lorem Ipsum is simply dummy text of the printing and typesetting industry.&lt; \/h2 &gt;<\/p>\n<h2>This is a Heading 2 Element<\/h2>\n<p>Nam convallis imperdiet pretium. Integer commodo malesuada purus, a hendrerit erat aliquet in. Nunc eget odio augue, non fringilla lacus. Sed condimentum justo sit amet urna ornare euismod. Vivamus ac leo quam, id porta felis.[\/vc_column_text][vc_column_text css=&#8220;.vc_custom_1554358334117{padding-top: 30px !important;padding-bottom: 30px !important;}&#8220;]&lt; h3 &gt;Lorem Ipsum is simply dummy text of the printing and typesetting industry.&lt; \/h3 &gt;<\/p>\n<h3>This is a Heading 3 Element<\/h3>\n<p>Nam convallis imperdiet pretium. Integer commodo malesuada purus, a hendrerit erat aliquet in. Nunc eget odio augue, non fringilla lacus. Sed condimentum justo sit amet urna ornare euismod. Vivamus ac leo quam, id porta felis.[\/vc_column_text][vc_column_text css=&#8220;.vc_custom_1487830668036{padding-top: 30px !important;}&#8220;]&lt; h4 &gt;Lorem Ipsum is simply dummy text of the printing and typesetting industry.&lt; \/h4 &gt;<\/p>\n<h4>This is a Heading 4 Element<\/h4>\n<p>Nam convallis imperdiet pretium. Integer commodo malesuada purus, a hendrerit erat aliquet in. Nunc eget odio augue, non fringilla lacus. Sed condimentum justo sit amet urna ornare euismod. Vivamus ac leo quam, id porta felis.[\/vc_column_text][vc_column_text css=&#8220;.vc_custom_1554358467845{padding-top: 30px !important;padding-bottom: 30px !important;}&#8220;]&lt; h5 &gt;Lorem Ipsum is simply dummy text of the printing and typesetting industry.&lt; \/h5 &gt;<\/p>\n<h5 class=\"color-black\">This is a Heading 5 Element<\/h5>\n<p>Nam convallis imperdiet pretium. Integer commodo malesuada purus, a hendrerit erat aliquet in. Nunc eget odio augue, non fringilla lacus. Sed condimentum justo sit amet urna ornare euismod. Vivamus ac leo quam, id porta felis.[\/vc_column_text][vc_column_text css=&#8220;.vc_custom_1554358474502{padding-top: 30px !important;padding-bottom: 30px !important;}&#8220;]&lt; h6 &gt;Lorem Ipsum is simply dummy text of the printing and typesetting industry.&lt; \/h6 &gt;<\/p>\n<h6 class=\"color-black\">This is a Heading 6 Element<\/h6>\n<p>Nam convallis imperdiet pretium. Integer commodo malesuada purus, a hendrerit erat aliquet in. Nunc eget odio augue, non fringilla lacus. Sed condimentum justo sit amet urna ornare euismod. Vivamus ac leo quam, id porta felis.[\/vc_column_text][\/vc_column_inner][\/vc_row_inner][\/vc_column][\/vc_row][vc_row css=&#8220;.vc_custom_1554358120960{margin-bottom: 30px !important;padding-top: 30px !important;padding-bottom: 30px !important;}&#8220;][vc_column][vc_row_inner][vc_column_inner][title]Blockquote[\/title][vc_column_text css=&#8220;.vc_custom_1554358558213{padding-top: 10px !important;}&#8220;]<\/p>\n<blockquote><p>Zril quidam debitis nec eu, te eam ludus diceret voluptua, ea vix odio inani habemus. Eam te dicit regione. Partem vituperatoribus in eos, cu munere omittam voluptatum his. In sale delenit ancillae mei, quo in dicat consulatu reformidans.<\/p><\/blockquote>\n<p>[\/vc_column_text][\/vc_column_inner][\/vc_row_inner][\/vc_column][\/vc_row]<\/p>\n","protected":false},"excerpt":{"rendered":"<p>[vc_row css=&#8220;.vc_custom_1554358106261{margin-bottom: 30px !important;}&#8220;][vc_column el_class=&#8220;h-family&#8220;][vc_row_inner][vc_column_inner][title]H Family[\/title][vc_column_text css=&#8220;.vc_custom_1554358299978{padding-top: 30px !important;padding-bottom: 30px !important;}&#8220;]&lt; h1 &gt;Lorem Ipsum is simply dummy text of the printing and typesetting industry.&lt; \/h1 &gt; This is a Heading 1 Element Nam convallis imperdiet pretium. Integer commodo malesuada purus, a hendrerit erat aliquet in. Nunc eget odio augue, non fringilla lacus. Sed condimentum justo [&hellip;]<\/p>\n","protected":false},"author":1,"featured_media":0,"parent":0,"menu_order":0,"comment_status":"closed","ping_status":"closed","template":"","meta":{"_monsterinsights_skip_tracking":false,"_monsterinsights_sitenote_active":false,"_monsterinsights_sitenote_note":"","_monsterinsights_sitenote_category":0,"footnotes":""},"class_list":["post-915","page","type-page","status-publish","hentry"],"blocksy_meta":[],"yoast_head":"<!-- This site is optimized with the Yoast SEO plugin v27.5 - https:\/\/yoast.com\/product\/yoast-seo-wordpress\/ -->\n<title>Typography | PapirPlast<\/title>\n<meta name=\"description\" content=\"Pogledajte na\u0161u paletu proizvoda | kese, folije, d\u017eakovi, pet posude. Kao i \u0161irok asortiman HTZ opreme. Sve na jednom mestu, PapirPlast.\" \/>\n<meta name=\"robots\" content=\"index, follow, max-snippet:-1, max-image-preview:large, max-video-preview:-1\" \/>\n<link rel=\"canonical\" href=\"https:\/\/papirplast.com\/en\/typography\/\" \/>\n<meta property=\"og:locale\" content=\"en_US\" \/>\n<meta property=\"og:type\" content=\"article\" \/>\n<meta property=\"og:title\" content=\"Typography | PapirPlast\" \/>\n<meta property=\"og:description\" content=\"Pogledajte na\u0161u paletu proizvoda | kese, folije, d\u017eakovi, pet posude. Kao i \u0161irok asortiman HTZ opreme. Sve na jednom mestu, PapirPlast.\" \/>\n<meta property=\"og:url\" content=\"https:\/\/papirplast.com\/en\/typography\/\" \/>\n<meta property=\"og:site_name\" content=\"PapirPlast\" \/>\n<meta property=\"article:publisher\" content=\"https:\/\/www.facebook.com\/PapirPlastArandjelovac\/?locale=sr_RS\" \/>\n<meta name=\"twitter:card\" content=\"summary_large_image\" \/>\n<meta name=\"twitter:label1\" content=\"Est. reading time\" \/>\n\t<meta name=\"twitter:data1\" content=\"3 minutes\" \/>\n<script type=\"application\/ld+json\" class=\"yoast-schema-graph\">{\"@context\":\"https:\\\/\\\/schema.org\",\"@graph\":[{\"@type\":\"WebPage\",\"@id\":\"https:\\\/\\\/papirplast.com\\\/typography\\\/\",\"url\":\"https:\\\/\\\/papirplast.com\\\/typography\\\/\",\"name\":\"Typography | PapirPlast\",\"isPartOf\":{\"@id\":\"https:\\\/\\\/papirplast.com\\\/#website\"},\"datePublished\":\"2013-08-19T10:36:49+00:00\",\"description\":\"Pogledajte na\u0161u paletu proizvoda | kese, folije, d\u017eakovi, pet posude. Kao i \u0161irok asortiman HTZ opreme. Sve na jednom mestu, PapirPlast.\",\"breadcrumb\":{\"@id\":\"https:\\\/\\\/papirplast.com\\\/typography\\\/#breadcrumb\"},\"inLanguage\":\"en-US\",\"potentialAction\":[{\"@type\":\"ReadAction\",\"target\":[\"https:\\\/\\\/papirplast.com\\\/typography\\\/\"]}]},{\"@type\":\"BreadcrumbList\",\"@id\":\"https:\\\/\\\/papirplast.com\\\/typography\\\/#breadcrumb\",\"itemListElement\":[{\"@type\":\"ListItem\",\"position\":1,\"name\":\"Home\",\"item\":\"https:\\\/\\\/papirplast.com\\\/\"},{\"@type\":\"ListItem\",\"position\":2,\"name\":\"Typography\"}]},{\"@type\":\"WebSite\",\"@id\":\"https:\\\/\\\/papirplast.com\\\/#website\",\"url\":\"https:\\\/\\\/papirplast.com\\\/\",\"name\":\"PapirPlast\",\"description\":\"\",\"publisher\":{\"@id\":\"https:\\\/\\\/papirplast.com\\\/#organization\"},\"potentialAction\":[{\"@type\":\"SearchAction\",\"target\":{\"@type\":\"EntryPoint\",\"urlTemplate\":\"https:\\\/\\\/papirplast.com\\\/?s={search_term_string}\"},\"query-input\":{\"@type\":\"PropertyValueSpecification\",\"valueRequired\":true,\"valueName\":\"search_term_string\"}}],\"inLanguage\":\"en-US\"},{\"@type\":\"Organization\",\"@id\":\"https:\\\/\\\/papirplast.com\\\/#organization\",\"name\":\"PapirPlast\",\"url\":\"https:\\\/\\\/papirplast.com\\\/\",\"logo\":{\"@type\":\"ImageObject\",\"inLanguage\":\"en-US\",\"@id\":\"https:\\\/\\\/papirplast.com\\\/#\\\/schema\\\/logo\\\/image\\\/\",\"url\":\"https:\\\/\\\/papirplast.com\\\/wp-content\\\/uploads\\\/2020\\\/02\\\/logo.png\",\"contentUrl\":\"https:\\\/\\\/papirplast.com\\\/wp-content\\\/uploads\\\/2020\\\/02\\\/logo.png\",\"width\":600,\"height\":161,\"caption\":\"PapirPlast\"},\"image\":{\"@id\":\"https:\\\/\\\/papirplast.com\\\/#\\\/schema\\\/logo\\\/image\\\/\"},\"sameAs\":[\"https:\\\/\\\/www.facebook.com\\\/PapirPlastArandjelovac\\\/?locale=sr_RS\"]}]}<\/script>\n<!-- \/ Yoast SEO plugin. -->","yoast_head_json":{"title":"Typography | PapirPlast","description":"Pogledajte na\u0161u paletu proizvoda | kese, folije, d\u017eakovi, pet posude. Kao i \u0161irok asortiman HTZ opreme. Sve na jednom mestu, PapirPlast.","robots":{"index":"index","follow":"follow","max-snippet":"max-snippet:-1","max-image-preview":"max-image-preview:large","max-video-preview":"max-video-preview:-1"},"canonical":"https:\/\/papirplast.com\/en\/typography\/","og_locale":"en_US","og_type":"article","og_title":"Typography | PapirPlast","og_description":"Pogledajte na\u0161u paletu proizvoda | kese, folije, d\u017eakovi, pet posude. Kao i \u0161irok asortiman HTZ opreme. Sve na jednom mestu, PapirPlast.","og_url":"https:\/\/papirplast.com\/en\/typography\/","og_site_name":"PapirPlast","article_publisher":"https:\/\/www.facebook.com\/PapirPlastArandjelovac\/?locale=sr_RS","twitter_card":"summary_large_image","twitter_misc":{"Est. reading time":"3 minutes"},"schema":{"@context":"https:\/\/schema.org","@graph":[{"@type":"WebPage","@id":"https:\/\/papirplast.com\/typography\/","url":"https:\/\/papirplast.com\/typography\/","name":"Typography | PapirPlast","isPartOf":{"@id":"https:\/\/papirplast.com\/#website"},"datePublished":"2013-08-19T10:36:49+00:00","description":"Pogledajte na\u0161u paletu proizvoda | kese, folije, d\u017eakovi, pet posude. Kao i \u0161irok asortiman HTZ opreme. Sve na jednom mestu, PapirPlast.","breadcrumb":{"@id":"https:\/\/papirplast.com\/typography\/#breadcrumb"},"inLanguage":"en-US","potentialAction":[{"@type":"ReadAction","target":["https:\/\/papirplast.com\/typography\/"]}]},{"@type":"BreadcrumbList","@id":"https:\/\/papirplast.com\/typography\/#breadcrumb","itemListElement":[{"@type":"ListItem","position":1,"name":"Home","item":"https:\/\/papirplast.com\/"},{"@type":"ListItem","position":2,"name":"Typography"}]},{"@type":"WebSite","@id":"https:\/\/papirplast.com\/#website","url":"https:\/\/papirplast.com\/","name":"PapirPlast","description":"","publisher":{"@id":"https:\/\/papirplast.com\/#organization"},"potentialAction":[{"@type":"SearchAction","target":{"@type":"EntryPoint","urlTemplate":"https:\/\/papirplast.com\/?s={search_term_string}"},"query-input":{"@type":"PropertyValueSpecification","valueRequired":true,"valueName":"search_term_string"}}],"inLanguage":"en-US"},{"@type":"Organization","@id":"https:\/\/papirplast.com\/#organization","name":"PapirPlast","url":"https:\/\/papirplast.com\/","logo":{"@type":"ImageObject","inLanguage":"en-US","@id":"https:\/\/papirplast.com\/#\/schema\/logo\/image\/","url":"https:\/\/papirplast.com\/wp-content\/uploads\/2020\/02\/logo.png","contentUrl":"https:\/\/papirplast.com\/wp-content\/uploads\/2020\/02\/logo.png","width":600,"height":161,"caption":"PapirPlast"},"image":{"@id":"https:\/\/papirplast.com\/#\/schema\/logo\/image\/"},"sameAs":["https:\/\/www.facebook.com\/PapirPlastArandjelovac\/?locale=sr_RS"]}]}},"_links":{"self":[{"href":"https:\/\/papirplast.com\/en\/wp-json\/wp\/v2\/pages\/915","targetHints":{"allow":["GET"]}}],"collection":[{"href":"https:\/\/papirplast.com\/en\/wp-json\/wp\/v2\/pages"}],"about":[{"href":"https:\/\/papirplast.com\/en\/wp-json\/wp\/v2\/types\/page"}],"author":[{"embeddable":true,"href":"https:\/\/papirplast.com\/en\/wp-json\/wp\/v2\/users\/1"}],"replies":[{"embeddable":true,"href":"https:\/\/papirplast.com\/en\/wp-json\/wp\/v2\/comments?post=915"}],"version-history":[{"count":0,"href":"https:\/\/papirplast.com\/en\/wp-json\/wp\/v2\/pages\/915\/revisions"}],"wp:attachment":[{"href":"https:\/\/papirplast.com\/en\/wp-json\/wp\/v2\/media?parent=915"}],"curies":[{"name":"wp","href":"https:\/\/api.w.org\/{rel}","templated":true}]}}