{"id":10025,"date":"2020-02-10T10:06:12","date_gmt":"2020-02-10T10:06:12","guid":{"rendered":"https:\/\/papirplast.com\/product\/naocare-ps11\/"},"modified":"2024-07-15T08:23:29","modified_gmt":"2024-07-15T08:23:29","slug":"naocare-ps11","status":"publish","type":"product","link":"https:\/\/papirplast.com\/en\/product\/naocare-ps11\/","title":{"rendered":"Nao\u010dare PS11"},"content":{"rendered":"<p>Za\u0161titne dijelektrik nao\u010dare sa dr\u0161kama bez prisustva metala su modernog izdr\u017eljivog dizajna. Dodatna \u0161iroka elasti\u010dna traka omogu\u0107ava pobolj\u0161ano pristajanje i mo\u017ee se jednostavno kombinovati sa \u0161lemovima i \u0161titnicima za u\u0161i. Uklonjiv zaptiva\u010d od EVA pene pru\u017ea dodatnu udobnost i za\u0161titu od udaraca i pra\u0161ine.<\/p>","protected":false},"excerpt":{"rendered":"<p>Za\u0161titne dijelektrik nao\u010dare sa dr\u0161kama bez prisustva metala su modernog izdr\u017eljivog dizajna. Dodatna \u0161iroka elasti\u010dna traka omogu\u0107ava pobolj\u0161ano pristajanje i mo\u017ee se jednostavno kombinovati sa \u0161lemovima i \u0161titnicima za u\u0161i. Uklonjiv zaptiva\u010d od EVA pene pru\u017ea dodatnu udobnost i za\u0161titu od udaraca i pra\u0161ine.<\/p>","protected":false},"featured_media":14288,"template":"","meta":{"_monsterinsights_skip_tracking":false,"_monsterinsights_sitenote_active":false,"_monsterinsights_sitenote_note":"","_monsterinsights_sitenote_category":0},"product_brand":[],"product_cat":[97],"product_tag":[306,304],"class_list":{"0":"post-10025","1":"product","2":"type-product","3":"status-publish","4":"has-post-thumbnail","6":"product_cat-htz-oprema","7":"product_tag-htz","8":"product_tag-naocare","10":"first","11":"instock","12":"sale","13":"shipping-taxable","14":"purchasable","15":"product-type-simple"},"yoast_head":"<!-- This site is optimized with the Yoast SEO plugin v27.3 - https:\/\/yoast.com\/product\/yoast-seo-wordpress\/ -->\n<title>Nao\u010dare PS11 | PapirPlast<\/title>\n<meta name=\"description\" content=\"Bez prisustva metala, izdr\u017eljivog dizajna. Dodatna \u0161iroka elasti\u010dna traka omogu\u0107ava pobolj\u0161ano pristajanje i mo\u017ee se jednostavno kombinovati sa \u0161lemovima\" \/>\n<meta name=\"robots\" content=\"index, follow, max-snippet:-1, max-image-preview:large, max-video-preview:-1\" \/>\n<link rel=\"canonical\" href=\"https:\/\/papirplast.com\/en\/product\/naocare-ps11\/\" \/>\n<meta property=\"og:locale\" content=\"en_US\" \/>\n<meta property=\"og:type\" content=\"article\" \/>\n<meta property=\"og:title\" content=\"Nao\u010dare PS11 | PapirPlast\" \/>\n<meta property=\"og:description\" content=\"Bez prisustva metala, izdr\u017eljivog dizajna. Dodatna \u0161iroka elasti\u010dna traka omogu\u0107ava pobolj\u0161ano pristajanje i mo\u017ee se jednostavno kombinovati sa \u0161lemovima\" \/>\n<meta property=\"og:url\" content=\"https:\/\/papirplast.com\/en\/product\/naocare-ps11\/\" \/>\n<meta property=\"og:site_name\" content=\"PapirPlast\" \/>\n<meta property=\"article:publisher\" content=\"https:\/\/www.facebook.com\/PapirPlastArandjelovac\/?locale=sr_RS\" \/>\n<meta property=\"article:modified_time\" content=\"2024-07-15T08:23:29+00:00\" \/>\n<meta property=\"og:image\" content=\"https:\/\/papirplast.com\/wp-content\/uploads\/2020\/02\/Naocare-ps11.png\" \/>\n\t<meta property=\"og:image:width\" content=\"500\" \/>\n\t<meta property=\"og:image:height\" content=\"500\" \/>\n\t<meta property=\"og:image:type\" content=\"image\/png\" \/>\n<meta name=\"twitter:card\" content=\"summary_large_image\" \/>\n<meta name=\"twitter:label1\" content=\"Est. reading time\" \/>\n\t<meta name=\"twitter:data1\" content=\"1 minute\" \/>\n<script type=\"application\/ld+json\" class=\"yoast-schema-graph\">{\"@context\":\"https:\\\/\\\/schema.org\",\"@graph\":[{\"@type\":\"WebPage\",\"@id\":\"https:\\\/\\\/papirplast.com\\\/product\\\/naocare-ps11\\\/\",\"url\":\"https:\\\/\\\/papirplast.com\\\/product\\\/naocare-ps11\\\/\",\"name\":\"Nao\u010dare PS11 | PapirPlast\",\"isPartOf\":{\"@id\":\"https:\\\/\\\/papirplast.com\\\/#website\"},\"primaryImageOfPage\":{\"@id\":\"https:\\\/\\\/papirplast.com\\\/product\\\/naocare-ps11\\\/#primaryimage\"},\"image\":{\"@id\":\"https:\\\/\\\/papirplast.com\\\/product\\\/naocare-ps11\\\/#primaryimage\"},\"thumbnailUrl\":\"https:\\\/\\\/papirplast.com\\\/wp-content\\\/uploads\\\/2020\\\/02\\\/Naocare-ps11.png\",\"datePublished\":\"2020-02-10T10:06:12+00:00\",\"dateModified\":\"2024-07-15T08:23:29+00:00\",\"description\":\"Bez prisustva metala, izdr\u017eljivog dizajna. Dodatna \u0161iroka elasti\u010dna traka omogu\u0107ava pobolj\u0161ano pristajanje i mo\u017ee se jednostavno kombinovati sa \u0161lemovima\",\"breadcrumb\":{\"@id\":\"https:\\\/\\\/papirplast.com\\\/product\\\/naocare-ps11\\\/#breadcrumb\"},\"inLanguage\":\"en-US\",\"potentialAction\":[{\"@type\":\"ReadAction\",\"target\":[\"https:\\\/\\\/papirplast.com\\\/product\\\/naocare-ps11\\\/\"]}]},{\"@type\":\"ImageObject\",\"inLanguage\":\"en-US\",\"@id\":\"https:\\\/\\\/papirplast.com\\\/product\\\/naocare-ps11\\\/#primaryimage\",\"url\":\"https:\\\/\\\/papirplast.com\\\/wp-content\\\/uploads\\\/2020\\\/02\\\/Naocare-ps11.png\",\"contentUrl\":\"https:\\\/\\\/papirplast.com\\\/wp-content\\\/uploads\\\/2020\\\/02\\\/Naocare-ps11.png\",\"width\":500,\"height\":500},{\"@type\":\"BreadcrumbList\",\"@id\":\"https:\\\/\\\/papirplast.com\\\/product\\\/naocare-ps11\\\/#breadcrumb\",\"itemListElement\":[{\"@type\":\"ListItem\",\"position\":1,\"name\":\"Home\",\"item\":\"https:\\\/\\\/papirplast.com\\\/\"},{\"@type\":\"ListItem\",\"position\":2,\"name\":\"Prodavnica\",\"item\":\"https:\\\/\\\/papirplast.com\\\/shop\\\/\"},{\"@type\":\"ListItem\",\"position\":3,\"name\":\"Nao\u010dare PS11\"}]},{\"@type\":\"WebSite\",\"@id\":\"https:\\\/\\\/papirplast.com\\\/#website\",\"url\":\"https:\\\/\\\/papirplast.com\\\/\",\"name\":\"PapirPlast\",\"description\":\"\",\"publisher\":{\"@id\":\"https:\\\/\\\/papirplast.com\\\/#organization\"},\"potentialAction\":[{\"@type\":\"SearchAction\",\"target\":{\"@type\":\"EntryPoint\",\"urlTemplate\":\"https:\\\/\\\/papirplast.com\\\/?s={search_term_string}\"},\"query-input\":{\"@type\":\"PropertyValueSpecification\",\"valueRequired\":true,\"valueName\":\"search_term_string\"}}],\"inLanguage\":\"en-US\"},{\"@type\":\"Organization\",\"@id\":\"https:\\\/\\\/papirplast.com\\\/#organization\",\"name\":\"PapirPlast\",\"url\":\"https:\\\/\\\/papirplast.com\\\/\",\"logo\":{\"@type\":\"ImageObject\",\"inLanguage\":\"en-US\",\"@id\":\"https:\\\/\\\/papirplast.com\\\/#\\\/schema\\\/logo\\\/image\\\/\",\"url\":\"https:\\\/\\\/papirplast.com\\\/wp-content\\\/uploads\\\/2020\\\/02\\\/logo.png\",\"contentUrl\":\"https:\\\/\\\/papirplast.com\\\/wp-content\\\/uploads\\\/2020\\\/02\\\/logo.png\",\"width\":600,\"height\":161,\"caption\":\"PapirPlast\"},\"image\":{\"@id\":\"https:\\\/\\\/papirplast.com\\\/#\\\/schema\\\/logo\\\/image\\\/\"},\"sameAs\":[\"https:\\\/\\\/www.facebook.com\\\/PapirPlastArandjelovac\\\/?locale=sr_RS\"]}]}<\/script>\n<!-- \/ Yoast SEO plugin. -->","yoast_head_json":{"title":"Nao\u010dare PS11 | PapirPlast","description":"Bez prisustva metala, izdr\u017eljivog dizajna. Dodatna \u0161iroka elasti\u010dna traka omogu\u0107ava pobolj\u0161ano pristajanje i mo\u017ee se jednostavno kombinovati sa \u0161lemovima","robots":{"index":"index","follow":"follow","max-snippet":"max-snippet:-1","max-image-preview":"max-image-preview:large","max-video-preview":"max-video-preview:-1"},"canonical":"https:\/\/papirplast.com\/en\/product\/naocare-ps11\/","og_locale":"en_US","og_type":"article","og_title":"Nao\u010dare PS11 | PapirPlast","og_description":"Bez prisustva metala, izdr\u017eljivog dizajna. Dodatna \u0161iroka elasti\u010dna traka omogu\u0107ava pobolj\u0161ano pristajanje i mo\u017ee se jednostavno kombinovati sa \u0161lemovima","og_url":"https:\/\/papirplast.com\/en\/product\/naocare-ps11\/","og_site_name":"PapirPlast","article_publisher":"https:\/\/www.facebook.com\/PapirPlastArandjelovac\/?locale=sr_RS","article_modified_time":"2024-07-15T08:23:29+00:00","og_image":[{"width":500,"height":500,"url":"https:\/\/papirplast.com\/wp-content\/uploads\/2020\/02\/Naocare-ps11.png","type":"image\/png"}],"twitter_card":"summary_large_image","twitter_misc":{"Est. reading time":"1 minute"},"schema":{"@context":"https:\/\/schema.org","@graph":[{"@type":"WebPage","@id":"https:\/\/papirplast.com\/product\/naocare-ps11\/","url":"https:\/\/papirplast.com\/product\/naocare-ps11\/","name":"Nao\u010dare PS11 | PapirPlast","isPartOf":{"@id":"https:\/\/papirplast.com\/#website"},"primaryImageOfPage":{"@id":"https:\/\/papirplast.com\/product\/naocare-ps11\/#primaryimage"},"image":{"@id":"https:\/\/papirplast.com\/product\/naocare-ps11\/#primaryimage"},"thumbnailUrl":"https:\/\/papirplast.com\/wp-content\/uploads\/2020\/02\/Naocare-ps11.png","datePublished":"2020-02-10T10:06:12+00:00","dateModified":"2024-07-15T08:23:29+00:00","description":"Bez prisustva metala, izdr\u017eljivog dizajna. Dodatna \u0161iroka elasti\u010dna traka omogu\u0107ava pobolj\u0161ano pristajanje i mo\u017ee se jednostavno kombinovati sa \u0161lemovima","breadcrumb":{"@id":"https:\/\/papirplast.com\/product\/naocare-ps11\/#breadcrumb"},"inLanguage":"en-US","potentialAction":[{"@type":"ReadAction","target":["https:\/\/papirplast.com\/product\/naocare-ps11\/"]}]},{"@type":"ImageObject","inLanguage":"en-US","@id":"https:\/\/papirplast.com\/product\/naocare-ps11\/#primaryimage","url":"https:\/\/papirplast.com\/wp-content\/uploads\/2020\/02\/Naocare-ps11.png","contentUrl":"https:\/\/papirplast.com\/wp-content\/uploads\/2020\/02\/Naocare-ps11.png","width":500,"height":500},{"@type":"BreadcrumbList","@id":"https:\/\/papirplast.com\/product\/naocare-ps11\/#breadcrumb","itemListElement":[{"@type":"ListItem","position":1,"name":"Home","item":"https:\/\/papirplast.com\/"},{"@type":"ListItem","position":2,"name":"Prodavnica","item":"https:\/\/papirplast.com\/shop\/"},{"@type":"ListItem","position":3,"name":"Nao\u010dare PS11"}]},{"@type":"WebSite","@id":"https:\/\/papirplast.com\/#website","url":"https:\/\/papirplast.com\/","name":"PapirPlast","description":"","publisher":{"@id":"https:\/\/papirplast.com\/#organization"},"potentialAction":[{"@type":"SearchAction","target":{"@type":"EntryPoint","urlTemplate":"https:\/\/papirplast.com\/?s={search_term_string}"},"query-input":{"@type":"PropertyValueSpecification","valueRequired":true,"valueName":"search_term_string"}}],"inLanguage":"en-US"},{"@type":"Organization","@id":"https:\/\/papirplast.com\/#organization","name":"PapirPlast","url":"https:\/\/papirplast.com\/","logo":{"@type":"ImageObject","inLanguage":"en-US","@id":"https:\/\/papirplast.com\/#\/schema\/logo\/image\/","url":"https:\/\/papirplast.com\/wp-content\/uploads\/2020\/02\/logo.png","contentUrl":"https:\/\/papirplast.com\/wp-content\/uploads\/2020\/02\/logo.png","width":600,"height":161,"caption":"PapirPlast"},"image":{"@id":"https:\/\/papirplast.com\/#\/schema\/logo\/image\/"},"sameAs":["https:\/\/www.facebook.com\/PapirPlastArandjelovac\/?locale=sr_RS"]}]}},"_links":{"self":[{"href":"https:\/\/papirplast.com\/en\/wp-json\/wp\/v2\/product\/10025","targetHints":{"allow":["GET"]}}],"collection":[{"href":"https:\/\/papirplast.com\/en\/wp-json\/wp\/v2\/product"}],"about":[{"href":"https:\/\/papirplast.com\/en\/wp-json\/wp\/v2\/types\/product"}],"wp:featuredmedia":[{"embeddable":true,"href":"https:\/\/papirplast.com\/en\/wp-json\/wp\/v2\/media\/14288"}],"wp:attachment":[{"href":"https:\/\/papirplast.com\/en\/wp-json\/wp\/v2\/media?parent=10025"}],"wp:term":[{"taxonomy":"product_brand","embeddable":true,"href":"https:\/\/papirplast.com\/en\/wp-json\/wp\/v2\/product_brand?post=10025"},{"taxonomy":"product_cat","embeddable":true,"href":"https:\/\/papirplast.com\/en\/wp-json\/wp\/v2\/product_cat?post=10025"},{"taxonomy":"product_tag","embeddable":true,"href":"https:\/\/papirplast.com\/en\/wp-json\/wp\/v2\/product_tag?post=10025"}],"curies":[{"name":"wp","href":"https:\/\/api.w.org\/{rel}","templated":true}]}}