{"id":10026,"date":"2020-02-10T10:06:12","date_gmt":"2020-02-10T10:06:12","guid":{"rendered":"https:\/\/papirplast.com\/product\/naocare-za-zavarivanje-pw68\/"},"modified":"2024-07-15T08:23:29","modified_gmt":"2024-07-15T08:23:29","slug":"naocare-za-zavarivanje-pw68","status":"publish","type":"product","link":"https:\/\/papirplast.com\/en\/product\/naocare-za-zavarivanje-pw68\/","title":{"rendered":"Nao\u010dare za zavarivanje PW68"},"content":{"rendered":"<p>Multifunkcionalna so\u010diva zatamljena DIM5 sa bo\u010dnom za\u0161titom i podesivim ru\u010dicama za prilagodljiv komfor.<\/p>\n<p><strong>Karakteristike:<\/strong><\/p>\n<ul>\n<li>Tamni filteri<\/li>\n<li>Materijali otporni na udarce<\/li>\n<li>Dobro prijanjanje<\/li>\n<li>Materijali otporni na udarce<\/li>\n<li>Udobnost<\/li>\n<li>Standardi bezbednosti<\/li>\n<\/ul>","protected":false},"excerpt":{"rendered":"<p>Multifunkcionalna so\u010diva zatamljena DIM5 sa bo\u010dnom za\u0161titom i podesivim ru\u010dicama za prilagodljiv komfor. Karakteristike: Tamni filteri Materijali otporni na udarce Dobro prijanjanje Materijali otporni na udarce Udobnost Standardi bezbednosti<\/p>","protected":false},"featured_media":14293,"template":"","meta":{"_monsterinsights_skip_tracking":false,"_monsterinsights_sitenote_active":false,"_monsterinsights_sitenote_note":"","_monsterinsights_sitenote_category":0},"product_brand":[],"product_cat":[97],"product_tag":[304,305],"class_list":{"0":"post-10026","1":"product","2":"type-product","3":"status-publish","4":"has-post-thumbnail","6":"product_cat-htz-oprema","7":"product_tag-naocare","8":"product_tag-naocare-za-zavarivanje","10":"first","11":"instock","12":"sale","13":"shipping-taxable","14":"purchasable","15":"product-type-simple"},"yoast_head":"<!-- This site is optimized with the Yoast SEO plugin v27.3 - https:\/\/yoast.com\/product\/yoast-seo-wordpress\/ -->\n<title>Nao\u010dare za zavarivanje PW68 | PapirPlast<\/title>\n<meta name=\"description\" content=\"Multifunkcionalna so\u010diva zatamljena DIM5 sa bo\u010dnom za\u0161titom i podesivim ru\u010dicama za prilagodljiv komfor. Tamni filteri, udobnost.\" \/>\n<meta name=\"robots\" content=\"index, follow, max-snippet:-1, max-image-preview:large, max-video-preview:-1\" \/>\n<link rel=\"canonical\" href=\"https:\/\/papirplast.com\/en\/product\/naocare-za-zavarivanje-pw68\/\" \/>\n<meta property=\"og:locale\" content=\"en_US\" \/>\n<meta property=\"og:type\" content=\"article\" \/>\n<meta property=\"og:title\" content=\"Nao\u010dare za zavarivanje PW68 | PapirPlast\" \/>\n<meta property=\"og:description\" content=\"Multifunkcionalna so\u010diva zatamljena DIM5 sa bo\u010dnom za\u0161titom i podesivim ru\u010dicama za prilagodljiv komfor. Tamni filteri, udobnost.\" \/>\n<meta property=\"og:url\" content=\"https:\/\/papirplast.com\/en\/product\/naocare-za-zavarivanje-pw68\/\" \/>\n<meta property=\"og:site_name\" content=\"PapirPlast\" \/>\n<meta property=\"article:publisher\" content=\"https:\/\/www.facebook.com\/PapirPlastArandjelovac\/?locale=sr_RS\" \/>\n<meta property=\"article:modified_time\" content=\"2024-07-15T08:23:29+00:00\" \/>\n<meta property=\"og:image\" content=\"https:\/\/papirplast.com\/wp-content\/uploads\/2020\/02\/naocare-za-zavarivanje-pw68.png\" \/>\n\t<meta property=\"og:image:width\" content=\"500\" \/>\n\t<meta property=\"og:image:height\" content=\"500\" \/>\n\t<meta property=\"og:image:type\" content=\"image\/png\" \/>\n<meta name=\"twitter:card\" content=\"summary_large_image\" \/>\n<meta name=\"twitter:label1\" content=\"Est. reading time\" \/>\n\t<meta name=\"twitter:data1\" content=\"1 minute\" \/>\n<script type=\"application\/ld+json\" class=\"yoast-schema-graph\">{\"@context\":\"https:\\\/\\\/schema.org\",\"@graph\":[{\"@type\":\"WebPage\",\"@id\":\"https:\\\/\\\/papirplast.com\\\/product\\\/naocare-za-zavarivanje-pw68\\\/\",\"url\":\"https:\\\/\\\/papirplast.com\\\/product\\\/naocare-za-zavarivanje-pw68\\\/\",\"name\":\"Nao\u010dare za zavarivanje PW68 | PapirPlast\",\"isPartOf\":{\"@id\":\"https:\\\/\\\/papirplast.com\\\/#website\"},\"primaryImageOfPage\":{\"@id\":\"https:\\\/\\\/papirplast.com\\\/product\\\/naocare-za-zavarivanje-pw68\\\/#primaryimage\"},\"image\":{\"@id\":\"https:\\\/\\\/papirplast.com\\\/product\\\/naocare-za-zavarivanje-pw68\\\/#primaryimage\"},\"thumbnailUrl\":\"https:\\\/\\\/papirplast.com\\\/wp-content\\\/uploads\\\/2020\\\/02\\\/naocare-za-zavarivanje-pw68.png\",\"datePublished\":\"2020-02-10T10:06:12+00:00\",\"dateModified\":\"2024-07-15T08:23:29+00:00\",\"description\":\"Multifunkcionalna so\u010diva zatamljena DIM5 sa bo\u010dnom za\u0161titom i podesivim ru\u010dicama za prilagodljiv komfor. Tamni filteri, udobnost.\",\"breadcrumb\":{\"@id\":\"https:\\\/\\\/papirplast.com\\\/product\\\/naocare-za-zavarivanje-pw68\\\/#breadcrumb\"},\"inLanguage\":\"en-US\",\"potentialAction\":[{\"@type\":\"ReadAction\",\"target\":[\"https:\\\/\\\/papirplast.com\\\/product\\\/naocare-za-zavarivanje-pw68\\\/\"]}]},{\"@type\":\"ImageObject\",\"inLanguage\":\"en-US\",\"@id\":\"https:\\\/\\\/papirplast.com\\\/product\\\/naocare-za-zavarivanje-pw68\\\/#primaryimage\",\"url\":\"https:\\\/\\\/papirplast.com\\\/wp-content\\\/uploads\\\/2020\\\/02\\\/naocare-za-zavarivanje-pw68.png\",\"contentUrl\":\"https:\\\/\\\/papirplast.com\\\/wp-content\\\/uploads\\\/2020\\\/02\\\/naocare-za-zavarivanje-pw68.png\",\"width\":500,\"height\":500},{\"@type\":\"BreadcrumbList\",\"@id\":\"https:\\\/\\\/papirplast.com\\\/product\\\/naocare-za-zavarivanje-pw68\\\/#breadcrumb\",\"itemListElement\":[{\"@type\":\"ListItem\",\"position\":1,\"name\":\"Home\",\"item\":\"https:\\\/\\\/papirplast.com\\\/\"},{\"@type\":\"ListItem\",\"position\":2,\"name\":\"Prodavnica\",\"item\":\"https:\\\/\\\/papirplast.com\\\/shop\\\/\"},{\"@type\":\"ListItem\",\"position\":3,\"name\":\"Nao\u010dare za zavarivanje PW68\"}]},{\"@type\":\"WebSite\",\"@id\":\"https:\\\/\\\/papirplast.com\\\/#website\",\"url\":\"https:\\\/\\\/papirplast.com\\\/\",\"name\":\"PapirPlast\",\"description\":\"\",\"publisher\":{\"@id\":\"https:\\\/\\\/papirplast.com\\\/#organization\"},\"potentialAction\":[{\"@type\":\"SearchAction\",\"target\":{\"@type\":\"EntryPoint\",\"urlTemplate\":\"https:\\\/\\\/papirplast.com\\\/?s={search_term_string}\"},\"query-input\":{\"@type\":\"PropertyValueSpecification\",\"valueRequired\":true,\"valueName\":\"search_term_string\"}}],\"inLanguage\":\"en-US\"},{\"@type\":\"Organization\",\"@id\":\"https:\\\/\\\/papirplast.com\\\/#organization\",\"name\":\"PapirPlast\",\"url\":\"https:\\\/\\\/papirplast.com\\\/\",\"logo\":{\"@type\":\"ImageObject\",\"inLanguage\":\"en-US\",\"@id\":\"https:\\\/\\\/papirplast.com\\\/#\\\/schema\\\/logo\\\/image\\\/\",\"url\":\"https:\\\/\\\/papirplast.com\\\/wp-content\\\/uploads\\\/2020\\\/02\\\/logo.png\",\"contentUrl\":\"https:\\\/\\\/papirplast.com\\\/wp-content\\\/uploads\\\/2020\\\/02\\\/logo.png\",\"width\":600,\"height\":161,\"caption\":\"PapirPlast\"},\"image\":{\"@id\":\"https:\\\/\\\/papirplast.com\\\/#\\\/schema\\\/logo\\\/image\\\/\"},\"sameAs\":[\"https:\\\/\\\/www.facebook.com\\\/PapirPlastArandjelovac\\\/?locale=sr_RS\"]}]}<\/script>\n<!-- \/ Yoast SEO plugin. -->","yoast_head_json":{"title":"Nao\u010dare za zavarivanje PW68 | PapirPlast","description":"Multifunkcionalna so\u010diva zatamljena DIM5 sa bo\u010dnom za\u0161titom i podesivim ru\u010dicama za prilagodljiv komfor. Tamni filteri, udobnost.","robots":{"index":"index","follow":"follow","max-snippet":"max-snippet:-1","max-image-preview":"max-image-preview:large","max-video-preview":"max-video-preview:-1"},"canonical":"https:\/\/papirplast.com\/en\/product\/naocare-za-zavarivanje-pw68\/","og_locale":"en_US","og_type":"article","og_title":"Nao\u010dare za zavarivanje PW68 | PapirPlast","og_description":"Multifunkcionalna so\u010diva zatamljena DIM5 sa bo\u010dnom za\u0161titom i podesivim ru\u010dicama za prilagodljiv komfor. Tamni filteri, udobnost.","og_url":"https:\/\/papirplast.com\/en\/product\/naocare-za-zavarivanje-pw68\/","og_site_name":"PapirPlast","article_publisher":"https:\/\/www.facebook.com\/PapirPlastArandjelovac\/?locale=sr_RS","article_modified_time":"2024-07-15T08:23:29+00:00","og_image":[{"width":500,"height":500,"url":"https:\/\/papirplast.com\/wp-content\/uploads\/2020\/02\/naocare-za-zavarivanje-pw68.png","type":"image\/png"}],"twitter_card":"summary_large_image","twitter_misc":{"Est. reading time":"1 minute"},"schema":{"@context":"https:\/\/schema.org","@graph":[{"@type":"WebPage","@id":"https:\/\/papirplast.com\/product\/naocare-za-zavarivanje-pw68\/","url":"https:\/\/papirplast.com\/product\/naocare-za-zavarivanje-pw68\/","name":"Nao\u010dare za zavarivanje PW68 | PapirPlast","isPartOf":{"@id":"https:\/\/papirplast.com\/#website"},"primaryImageOfPage":{"@id":"https:\/\/papirplast.com\/product\/naocare-za-zavarivanje-pw68\/#primaryimage"},"image":{"@id":"https:\/\/papirplast.com\/product\/naocare-za-zavarivanje-pw68\/#primaryimage"},"thumbnailUrl":"https:\/\/papirplast.com\/wp-content\/uploads\/2020\/02\/naocare-za-zavarivanje-pw68.png","datePublished":"2020-02-10T10:06:12+00:00","dateModified":"2024-07-15T08:23:29+00:00","description":"Multifunkcionalna so\u010diva zatamljena DIM5 sa bo\u010dnom za\u0161titom i podesivim ru\u010dicama za prilagodljiv komfor. Tamni filteri, udobnost.","breadcrumb":{"@id":"https:\/\/papirplast.com\/product\/naocare-za-zavarivanje-pw68\/#breadcrumb"},"inLanguage":"en-US","potentialAction":[{"@type":"ReadAction","target":["https:\/\/papirplast.com\/product\/naocare-za-zavarivanje-pw68\/"]}]},{"@type":"ImageObject","inLanguage":"en-US","@id":"https:\/\/papirplast.com\/product\/naocare-za-zavarivanje-pw68\/#primaryimage","url":"https:\/\/papirplast.com\/wp-content\/uploads\/2020\/02\/naocare-za-zavarivanje-pw68.png","contentUrl":"https:\/\/papirplast.com\/wp-content\/uploads\/2020\/02\/naocare-za-zavarivanje-pw68.png","width":500,"height":500},{"@type":"BreadcrumbList","@id":"https:\/\/papirplast.com\/product\/naocare-za-zavarivanje-pw68\/#breadcrumb","itemListElement":[{"@type":"ListItem","position":1,"name":"Home","item":"https:\/\/papirplast.com\/"},{"@type":"ListItem","position":2,"name":"Prodavnica","item":"https:\/\/papirplast.com\/shop\/"},{"@type":"ListItem","position":3,"name":"Nao\u010dare za zavarivanje PW68"}]},{"@type":"WebSite","@id":"https:\/\/papirplast.com\/#website","url":"https:\/\/papirplast.com\/","name":"PapirPlast","description":"","publisher":{"@id":"https:\/\/papirplast.com\/#organization"},"potentialAction":[{"@type":"SearchAction","target":{"@type":"EntryPoint","urlTemplate":"https:\/\/papirplast.com\/?s={search_term_string}"},"query-input":{"@type":"PropertyValueSpecification","valueRequired":true,"valueName":"search_term_string"}}],"inLanguage":"en-US"},{"@type":"Organization","@id":"https:\/\/papirplast.com\/#organization","name":"PapirPlast","url":"https:\/\/papirplast.com\/","logo":{"@type":"ImageObject","inLanguage":"en-US","@id":"https:\/\/papirplast.com\/#\/schema\/logo\/image\/","url":"https:\/\/papirplast.com\/wp-content\/uploads\/2020\/02\/logo.png","contentUrl":"https:\/\/papirplast.com\/wp-content\/uploads\/2020\/02\/logo.png","width":600,"height":161,"caption":"PapirPlast"},"image":{"@id":"https:\/\/papirplast.com\/#\/schema\/logo\/image\/"},"sameAs":["https:\/\/www.facebook.com\/PapirPlastArandjelovac\/?locale=sr_RS"]}]}},"_links":{"self":[{"href":"https:\/\/papirplast.com\/en\/wp-json\/wp\/v2\/product\/10026","targetHints":{"allow":["GET"]}}],"collection":[{"href":"https:\/\/papirplast.com\/en\/wp-json\/wp\/v2\/product"}],"about":[{"href":"https:\/\/papirplast.com\/en\/wp-json\/wp\/v2\/types\/product"}],"wp:featuredmedia":[{"embeddable":true,"href":"https:\/\/papirplast.com\/en\/wp-json\/wp\/v2\/media\/14293"}],"wp:attachment":[{"href":"https:\/\/papirplast.com\/en\/wp-json\/wp\/v2\/media?parent=10026"}],"wp:term":[{"taxonomy":"product_brand","embeddable":true,"href":"https:\/\/papirplast.com\/en\/wp-json\/wp\/v2\/product_brand?post=10026"},{"taxonomy":"product_cat","embeddable":true,"href":"https:\/\/papirplast.com\/en\/wp-json\/wp\/v2\/product_cat?post=10026"},{"taxonomy":"product_tag","embeddable":true,"href":"https:\/\/papirplast.com\/en\/wp-json\/wp\/v2\/product_tag?post=10026"}],"curies":[{"name":"wp","href":"https:\/\/api.w.org\/{rel}","templated":true}]}}