{"id":10039,"date":"2020-02-10T10:06:14","date_gmt":"2020-02-10T10:06:14","guid":{"rendered":"https:\/\/papirplast.com\/product\/jakna-aspen-s543\/"},"modified":"2024-07-15T08:23:29","modified_gmt":"2024-07-15T08:23:29","slug":"jakna-aspen-s543","status":"publish","type":"product","link":"https:\/\/papirplast.com\/en\/product\/jakna-aspen-s543\/","title":{"rendered":"Jakna Aspen S543"},"content":{"rendered":"<p>Postavljena sa laganom Insulatex termo izolacijom, Aspen Baffle jakna pru\u017ea ultra mekano, vodootporno re\u0161enje za kori\u0161\u0107enje na otvorenom. Jedinstvena tehnologija materijala zadr\u017eava telesnu toplotu kako bi stvorila toplotnu barijeru za optimalnu udobnost korisnika.<\/p>\n<p><strong>Karakteristike:<br \/>\n<\/strong><\/p>\n<ul>\n<li>Postavljena sa laganom Insulatex termo izolacijom Aspen Baffle jakna pru\u017ea ultra mekano vodootporno re\u0161enje za kori\u0161\u0107enje na otvorenom<\/li>\n<li>Jedinstvena tehnologija materijala zadr\u017eava telesnu toplotu kako bi stvorila toplotnu barijeru za optimalnu udobnost korisnika.<\/li>\n<li>U\u010dkur za pode\u0161avanje na rubu<\/li>\n<li>Elasti\u010dne man\u017eetne<\/li>\n<li>Pristup za \u0161tampanje<\/li>\n<li>Rajsfer\u0161lus koji se okre\u0107e<\/li>\n<li>3 d\u017eepa<\/li>\n<li>Unutra\u0161nja mekana\u010dinsulatex postava<\/li>\n<li>Dizajnirano za udobno pristajanje<\/li>\n<li>Otporno na (laganu) ki\u0161u<\/li>\n<li>Sigurnosni d\u017eep sa rajsfer\u0161lusom<\/li>\n<\/ul>","protected":false},"excerpt":{"rendered":"<p>Postavljena sa laganom Insulatex termo izolacijom, Aspen Baffle jakna pru\u017ea ultra mekano, vodootporno re\u0161enje za kori\u0161\u0107enje na otvorenom. Jedinstvena tehnologija materijala zadr\u017eava telesnu toplotu kako bi stvorila toplotnu barijeru za optimalnu udobnost korisnika. Karakteristike: Postavljena sa laganom Insulatex termo izolacijom Aspen Baffle jakna pru\u017ea ultra mekano vodootporno re\u0161enje za kori\u0161\u0107enje na otvorenom Jedinstvena tehnologija materijala [&hellip;]<\/p>\n","protected":false},"featured_media":14524,"template":"","meta":{"_monsterinsights_skip_tracking":false,"_monsterinsights_sitenote_active":false,"_monsterinsights_sitenote_note":"","_monsterinsights_sitenote_category":0},"product_brand":[],"product_cat":[97],"product_tag":[306,324],"class_list":{"0":"post-10039","1":"product","2":"type-product","3":"status-publish","4":"has-post-thumbnail","6":"product_cat-htz-oprema","7":"product_tag-htz","8":"product_tag-jakne","10":"first","11":"instock","12":"sale","13":"shipping-taxable","14":"purchasable","15":"product-type-variable","16":"has-default-attributes"},"yoast_head":"<!-- This site is optimized with the Yoast SEO plugin v27.5 - https:\/\/yoast.com\/product\/yoast-seo-wordpress\/ -->\n<title>Jakna Aspen S543 | PapirPlast<\/title>\n<meta name=\"description\" content=\"Postavljena sa laganom Insulatex termo izolacijom, Aspen Baffle jakna pru\u017ea ultra mekano, vodootporno re\u0161enje za kori\u0161\u0107enje na otvorenom.\" \/>\n<meta name=\"robots\" content=\"index, follow, max-snippet:-1, max-image-preview:large, max-video-preview:-1\" \/>\n<link rel=\"canonical\" href=\"https:\/\/papirplast.com\/en\/product\/jakna-aspen-s543\/\" \/>\n<meta property=\"og:locale\" content=\"en_US\" \/>\n<meta property=\"og:type\" content=\"article\" \/>\n<meta property=\"og:title\" content=\"Jakna Aspen S543 | PapirPlast\" \/>\n<meta property=\"og:description\" content=\"Postavljena sa laganom Insulatex termo izolacijom, Aspen Baffle jakna pru\u017ea ultra mekano, vodootporno re\u0161enje za kori\u0161\u0107enje na otvorenom.\" \/>\n<meta property=\"og:url\" content=\"https:\/\/papirplast.com\/en\/product\/jakna-aspen-s543\/\" \/>\n<meta property=\"og:site_name\" content=\"PapirPlast\" \/>\n<meta property=\"article:publisher\" content=\"https:\/\/www.facebook.com\/PapirPlastArandjelovac\/?locale=sr_RS\" \/>\n<meta property=\"article:modified_time\" content=\"2024-07-15T08:23:29+00:00\" \/>\n<meta property=\"og:image\" content=\"https:\/\/papirplast.com\/wp-content\/uploads\/2023\/02\/aspen.png\" \/>\n\t<meta property=\"og:image:width\" content=\"500\" \/>\n\t<meta property=\"og:image:height\" content=\"500\" \/>\n\t<meta property=\"og:image:type\" content=\"image\/png\" \/>\n<meta name=\"twitter:card\" content=\"summary_large_image\" \/>\n<meta name=\"twitter:label1\" content=\"Est. reading time\" \/>\n\t<meta name=\"twitter:data1\" content=\"1 minute\" \/>\n<script type=\"application\/ld+json\" class=\"yoast-schema-graph\">{\"@context\":\"https:\\\/\\\/schema.org\",\"@graph\":[{\"@type\":\"WebPage\",\"@id\":\"https:\\\/\\\/papirplast.com\\\/product\\\/jakna-aspen-s543\\\/\",\"url\":\"https:\\\/\\\/papirplast.com\\\/product\\\/jakna-aspen-s543\\\/\",\"name\":\"Jakna Aspen S543 | PapirPlast\",\"isPartOf\":{\"@id\":\"https:\\\/\\\/papirplast.com\\\/#website\"},\"primaryImageOfPage\":{\"@id\":\"https:\\\/\\\/papirplast.com\\\/product\\\/jakna-aspen-s543\\\/#primaryimage\"},\"image\":{\"@id\":\"https:\\\/\\\/papirplast.com\\\/product\\\/jakna-aspen-s543\\\/#primaryimage\"},\"thumbnailUrl\":\"https:\\\/\\\/papirplast.com\\\/wp-content\\\/uploads\\\/2023\\\/02\\\/aspen.png\",\"datePublished\":\"2020-02-10T10:06:14+00:00\",\"dateModified\":\"2024-07-15T08:23:29+00:00\",\"description\":\"Postavljena sa laganom Insulatex termo izolacijom, Aspen Baffle jakna pru\u017ea ultra mekano, vodootporno re\u0161enje za kori\u0161\u0107enje na otvorenom.\",\"breadcrumb\":{\"@id\":\"https:\\\/\\\/papirplast.com\\\/product\\\/jakna-aspen-s543\\\/#breadcrumb\"},\"inLanguage\":\"en-US\",\"potentialAction\":[{\"@type\":\"ReadAction\",\"target\":[\"https:\\\/\\\/papirplast.com\\\/product\\\/jakna-aspen-s543\\\/\"]}]},{\"@type\":\"ImageObject\",\"inLanguage\":\"en-US\",\"@id\":\"https:\\\/\\\/papirplast.com\\\/product\\\/jakna-aspen-s543\\\/#primaryimage\",\"url\":\"https:\\\/\\\/papirplast.com\\\/wp-content\\\/uploads\\\/2023\\\/02\\\/aspen.png\",\"contentUrl\":\"https:\\\/\\\/papirplast.com\\\/wp-content\\\/uploads\\\/2023\\\/02\\\/aspen.png\",\"width\":500,\"height\":500},{\"@type\":\"BreadcrumbList\",\"@id\":\"https:\\\/\\\/papirplast.com\\\/product\\\/jakna-aspen-s543\\\/#breadcrumb\",\"itemListElement\":[{\"@type\":\"ListItem\",\"position\":1,\"name\":\"Home\",\"item\":\"https:\\\/\\\/papirplast.com\\\/\"},{\"@type\":\"ListItem\",\"position\":2,\"name\":\"Prodavnica\",\"item\":\"https:\\\/\\\/papirplast.com\\\/shop\\\/\"},{\"@type\":\"ListItem\",\"position\":3,\"name\":\"Jakna Aspen S543\"}]},{\"@type\":\"WebSite\",\"@id\":\"https:\\\/\\\/papirplast.com\\\/#website\",\"url\":\"https:\\\/\\\/papirplast.com\\\/\",\"name\":\"PapirPlast\",\"description\":\"\",\"publisher\":{\"@id\":\"https:\\\/\\\/papirplast.com\\\/#organization\"},\"potentialAction\":[{\"@type\":\"SearchAction\",\"target\":{\"@type\":\"EntryPoint\",\"urlTemplate\":\"https:\\\/\\\/papirplast.com\\\/?s={search_term_string}\"},\"query-input\":{\"@type\":\"PropertyValueSpecification\",\"valueRequired\":true,\"valueName\":\"search_term_string\"}}],\"inLanguage\":\"en-US\"},{\"@type\":\"Organization\",\"@id\":\"https:\\\/\\\/papirplast.com\\\/#organization\",\"name\":\"PapirPlast\",\"url\":\"https:\\\/\\\/papirplast.com\\\/\",\"logo\":{\"@type\":\"ImageObject\",\"inLanguage\":\"en-US\",\"@id\":\"https:\\\/\\\/papirplast.com\\\/#\\\/schema\\\/logo\\\/image\\\/\",\"url\":\"https:\\\/\\\/papirplast.com\\\/wp-content\\\/uploads\\\/2020\\\/02\\\/logo.png\",\"contentUrl\":\"https:\\\/\\\/papirplast.com\\\/wp-content\\\/uploads\\\/2020\\\/02\\\/logo.png\",\"width\":600,\"height\":161,\"caption\":\"PapirPlast\"},\"image\":{\"@id\":\"https:\\\/\\\/papirplast.com\\\/#\\\/schema\\\/logo\\\/image\\\/\"},\"sameAs\":[\"https:\\\/\\\/www.facebook.com\\\/PapirPlastArandjelovac\\\/?locale=sr_RS\"]}]}<\/script>\n<!-- \/ Yoast SEO plugin. -->","yoast_head_json":{"title":"Jakna Aspen S543 | PapirPlast","description":"Postavljena sa laganom Insulatex termo izolacijom, Aspen Baffle jakna pru\u017ea ultra mekano, vodootporno re\u0161enje za kori\u0161\u0107enje na otvorenom.","robots":{"index":"index","follow":"follow","max-snippet":"max-snippet:-1","max-image-preview":"max-image-preview:large","max-video-preview":"max-video-preview:-1"},"canonical":"https:\/\/papirplast.com\/en\/product\/jakna-aspen-s543\/","og_locale":"en_US","og_type":"article","og_title":"Jakna Aspen S543 | PapirPlast","og_description":"Postavljena sa laganom Insulatex termo izolacijom, Aspen Baffle jakna pru\u017ea ultra mekano, vodootporno re\u0161enje za kori\u0161\u0107enje na otvorenom.","og_url":"https:\/\/papirplast.com\/en\/product\/jakna-aspen-s543\/","og_site_name":"PapirPlast","article_publisher":"https:\/\/www.facebook.com\/PapirPlastArandjelovac\/?locale=sr_RS","article_modified_time":"2024-07-15T08:23:29+00:00","og_image":[{"width":500,"height":500,"url":"https:\/\/papirplast.com\/wp-content\/uploads\/2023\/02\/aspen.png","type":"image\/png"}],"twitter_card":"summary_large_image","twitter_misc":{"Est. reading time":"1 minute"},"schema":{"@context":"https:\/\/schema.org","@graph":[{"@type":"WebPage","@id":"https:\/\/papirplast.com\/product\/jakna-aspen-s543\/","url":"https:\/\/papirplast.com\/product\/jakna-aspen-s543\/","name":"Jakna Aspen S543 | PapirPlast","isPartOf":{"@id":"https:\/\/papirplast.com\/#website"},"primaryImageOfPage":{"@id":"https:\/\/papirplast.com\/product\/jakna-aspen-s543\/#primaryimage"},"image":{"@id":"https:\/\/papirplast.com\/product\/jakna-aspen-s543\/#primaryimage"},"thumbnailUrl":"https:\/\/papirplast.com\/wp-content\/uploads\/2023\/02\/aspen.png","datePublished":"2020-02-10T10:06:14+00:00","dateModified":"2024-07-15T08:23:29+00:00","description":"Postavljena sa laganom Insulatex termo izolacijom, Aspen Baffle jakna pru\u017ea ultra mekano, vodootporno re\u0161enje za kori\u0161\u0107enje na otvorenom.","breadcrumb":{"@id":"https:\/\/papirplast.com\/product\/jakna-aspen-s543\/#breadcrumb"},"inLanguage":"en-US","potentialAction":[{"@type":"ReadAction","target":["https:\/\/papirplast.com\/product\/jakna-aspen-s543\/"]}]},{"@type":"ImageObject","inLanguage":"en-US","@id":"https:\/\/papirplast.com\/product\/jakna-aspen-s543\/#primaryimage","url":"https:\/\/papirplast.com\/wp-content\/uploads\/2023\/02\/aspen.png","contentUrl":"https:\/\/papirplast.com\/wp-content\/uploads\/2023\/02\/aspen.png","width":500,"height":500},{"@type":"BreadcrumbList","@id":"https:\/\/papirplast.com\/product\/jakna-aspen-s543\/#breadcrumb","itemListElement":[{"@type":"ListItem","position":1,"name":"Home","item":"https:\/\/papirplast.com\/"},{"@type":"ListItem","position":2,"name":"Prodavnica","item":"https:\/\/papirplast.com\/shop\/"},{"@type":"ListItem","position":3,"name":"Jakna Aspen S543"}]},{"@type":"WebSite","@id":"https:\/\/papirplast.com\/#website","url":"https:\/\/papirplast.com\/","name":"PapirPlast","description":"","publisher":{"@id":"https:\/\/papirplast.com\/#organization"},"potentialAction":[{"@type":"SearchAction","target":{"@type":"EntryPoint","urlTemplate":"https:\/\/papirplast.com\/?s={search_term_string}"},"query-input":{"@type":"PropertyValueSpecification","valueRequired":true,"valueName":"search_term_string"}}],"inLanguage":"en-US"},{"@type":"Organization","@id":"https:\/\/papirplast.com\/#organization","name":"PapirPlast","url":"https:\/\/papirplast.com\/","logo":{"@type":"ImageObject","inLanguage":"en-US","@id":"https:\/\/papirplast.com\/#\/schema\/logo\/image\/","url":"https:\/\/papirplast.com\/wp-content\/uploads\/2020\/02\/logo.png","contentUrl":"https:\/\/papirplast.com\/wp-content\/uploads\/2020\/02\/logo.png","width":600,"height":161,"caption":"PapirPlast"},"image":{"@id":"https:\/\/papirplast.com\/#\/schema\/logo\/image\/"},"sameAs":["https:\/\/www.facebook.com\/PapirPlastArandjelovac\/?locale=sr_RS"]}]}},"_links":{"self":[{"href":"https:\/\/papirplast.com\/en\/wp-json\/wp\/v2\/product\/10039","targetHints":{"allow":["GET"]}}],"collection":[{"href":"https:\/\/papirplast.com\/en\/wp-json\/wp\/v2\/product"}],"about":[{"href":"https:\/\/papirplast.com\/en\/wp-json\/wp\/v2\/types\/product"}],"wp:featuredmedia":[{"embeddable":true,"href":"https:\/\/papirplast.com\/en\/wp-json\/wp\/v2\/media\/14524"}],"wp:attachment":[{"href":"https:\/\/papirplast.com\/en\/wp-json\/wp\/v2\/media?parent=10039"}],"wp:term":[{"taxonomy":"product_brand","embeddable":true,"href":"https:\/\/papirplast.com\/en\/wp-json\/wp\/v2\/product_brand?post=10039"},{"taxonomy":"product_cat","embeddable":true,"href":"https:\/\/papirplast.com\/en\/wp-json\/wp\/v2\/product_cat?post=10039"},{"taxonomy":"product_tag","embeddable":true,"href":"https:\/\/papirplast.com\/en\/wp-json\/wp\/v2\/product_tag?post=10039"}],"curies":[{"name":"wp","href":"https:\/\/api.w.org\/{rel}","templated":true}]}}