{"id":10040,"date":"2020-02-10T10:06:14","date_gmt":"2020-02-10T10:06:14","guid":{"rendered":"https:\/\/papirplast.com\/product\/jakna-bomber-crux-s503\/"},"modified":"2024-07-15T08:23:29","modified_gmt":"2024-07-15T08:23:29","slug":"jakna-bomber-crux-s503","status":"publish","type":"product","link":"https:\/\/papirplast.com\/en\/product\/jakna-bomber-crux-s503\/","title":{"rendered":"Jakna bomber CRUX S503"},"content":{"rendered":"<p>Vodootporno i prozra\u010dna sa zalepljenim \u0161avovima spre\u010dava prodiranje vode. Potpuno podstavljene za zadr\u017eavanje toplote. Flis podstava za dodatnu udobnost i toplotu, 4 d\u017eepa za dovoljno prostora, unutarnji d\u017eep za mobilni. Za\u0161titni preklop na prednji \u0161titi od uticaja.<br \/>\nKapulja\u010da koja se mo\u017ee spakirati (urolati), za dodatnu funkcionalnost. Podesive man\u017eete \u010di\u010dak trakom, za sigurnije pristajanje. Pristup idealan za korporativno brendiranje<br \/>\nTkanina je vodootporna, voda se skuplja u vodenim kapljicama i samo otkotrlja s povr\u0161inama tkanine.<\/p>\n<p>100% poliester PPONGEE, PU premaz 100g<\/p>\n<p><em>Telo :<\/em> 100% FLIS OD POLIESTERA, 260G<\/p>\n<p><em>Rukavi:<\/em> 100% TAFFETA od poliestera 190T<\/p>\n<p><em>Rukav:<\/em> 100% poliester punjenje, 120g<\/p>","protected":false},"excerpt":{"rendered":"<p>Vodootporno i prozra\u010dna sa zalepljenim \u0161avovima spre\u010dava prodiranje vode. Potpuno podstavljene za zadr\u017eavanje toplote. Flis podstava za dodatnu udobnost i toplotu, 4 d\u017eepa za dovoljno prostora, unutarnji d\u017eep za mobilni. Za\u0161titni preklop na prednji \u0161titi od uticaja. Kapulja\u010da koja se mo\u017ee spakirati (urolati), za dodatnu funkcionalnost. Podesive man\u017eete \u010di\u010dak trakom, za sigurnije pristajanje. Pristup idealan [&hellip;]<\/p>\n","protected":false},"featured_media":14531,"template":"","meta":{"_monsterinsights_skip_tracking":false,"_monsterinsights_sitenote_active":false,"_monsterinsights_sitenote_note":"","_monsterinsights_sitenote_category":0},"product_brand":[],"product_cat":[97],"product_tag":[306,324],"class_list":{"0":"post-10040","1":"product","2":"type-product","3":"status-publish","4":"has-post-thumbnail","6":"product_cat-htz-oprema","7":"product_tag-htz","8":"product_tag-jakne","10":"first","11":"instock","12":"sale","13":"shipping-taxable","14":"purchasable","15":"product-type-variable","16":"has-default-attributes"},"yoast_head":"<!-- This site is optimized with the Yoast SEO plugin v27.4 - https:\/\/yoast.com\/product\/yoast-seo-wordpress\/ -->\n<title>Jakna bomber CRUX S503 | PapirPlast<\/title>\n<meta name=\"description\" content=\"Vodootporno i prozra\u010dna sa zalepljenim \u0161avovima spre\u010dava prodiranje vode. Potpuno podstavljene za zadr\u017eavanje toplote.\" \/>\n<meta name=\"robots\" content=\"index, follow, max-snippet:-1, max-image-preview:large, max-video-preview:-1\" \/>\n<link rel=\"canonical\" href=\"https:\/\/papirplast.com\/en\/product\/jakna-bomber-crux-s503\/\" \/>\n<meta property=\"og:locale\" content=\"en_US\" \/>\n<meta property=\"og:type\" content=\"article\" \/>\n<meta property=\"og:title\" content=\"Jakna bomber CRUX S503 | PapirPlast\" \/>\n<meta property=\"og:description\" content=\"Vodootporno i prozra\u010dna sa zalepljenim \u0161avovima spre\u010dava prodiranje vode. Potpuno podstavljene za zadr\u017eavanje toplote.\" \/>\n<meta property=\"og:url\" content=\"https:\/\/papirplast.com\/en\/product\/jakna-bomber-crux-s503\/\" \/>\n<meta property=\"og:site_name\" content=\"PapirPlast\" \/>\n<meta property=\"article:publisher\" content=\"https:\/\/www.facebook.com\/PapirPlastArandjelovac\/?locale=sr_RS\" \/>\n<meta property=\"article:modified_time\" content=\"2024-07-15T08:23:29+00:00\" \/>\n<meta property=\"og:image\" content=\"https:\/\/papirplast.com\/wp-content\/uploads\/2023\/02\/bomber.png\" \/>\n\t<meta property=\"og:image:width\" content=\"500\" \/>\n\t<meta property=\"og:image:height\" content=\"500\" \/>\n\t<meta property=\"og:image:type\" content=\"image\/png\" \/>\n<meta name=\"twitter:card\" content=\"summary_large_image\" \/>\n<meta name=\"twitter:label1\" content=\"Est. reading time\" \/>\n\t<meta name=\"twitter:data1\" content=\"1 minute\" \/>\n<script type=\"application\/ld+json\" class=\"yoast-schema-graph\">{\"@context\":\"https:\\\/\\\/schema.org\",\"@graph\":[{\"@type\":\"WebPage\",\"@id\":\"https:\\\/\\\/papirplast.com\\\/product\\\/jakna-bomber-crux-s503\\\/\",\"url\":\"https:\\\/\\\/papirplast.com\\\/product\\\/jakna-bomber-crux-s503\\\/\",\"name\":\"Jakna bomber CRUX S503 | PapirPlast\",\"isPartOf\":{\"@id\":\"https:\\\/\\\/papirplast.com\\\/#website\"},\"primaryImageOfPage\":{\"@id\":\"https:\\\/\\\/papirplast.com\\\/product\\\/jakna-bomber-crux-s503\\\/#primaryimage\"},\"image\":{\"@id\":\"https:\\\/\\\/papirplast.com\\\/product\\\/jakna-bomber-crux-s503\\\/#primaryimage\"},\"thumbnailUrl\":\"https:\\\/\\\/papirplast.com\\\/wp-content\\\/uploads\\\/2023\\\/02\\\/bomber.png\",\"datePublished\":\"2020-02-10T10:06:14+00:00\",\"dateModified\":\"2024-07-15T08:23:29+00:00\",\"description\":\"Vodootporno i prozra\u010dna sa zalepljenim \u0161avovima spre\u010dava prodiranje vode. Potpuno podstavljene za zadr\u017eavanje toplote.\",\"breadcrumb\":{\"@id\":\"https:\\\/\\\/papirplast.com\\\/product\\\/jakna-bomber-crux-s503\\\/#breadcrumb\"},\"inLanguage\":\"en-US\",\"potentialAction\":[{\"@type\":\"ReadAction\",\"target\":[\"https:\\\/\\\/papirplast.com\\\/product\\\/jakna-bomber-crux-s503\\\/\"]}]},{\"@type\":\"ImageObject\",\"inLanguage\":\"en-US\",\"@id\":\"https:\\\/\\\/papirplast.com\\\/product\\\/jakna-bomber-crux-s503\\\/#primaryimage\",\"url\":\"https:\\\/\\\/papirplast.com\\\/wp-content\\\/uploads\\\/2023\\\/02\\\/bomber.png\",\"contentUrl\":\"https:\\\/\\\/papirplast.com\\\/wp-content\\\/uploads\\\/2023\\\/02\\\/bomber.png\",\"width\":500,\"height\":500},{\"@type\":\"BreadcrumbList\",\"@id\":\"https:\\\/\\\/papirplast.com\\\/product\\\/jakna-bomber-crux-s503\\\/#breadcrumb\",\"itemListElement\":[{\"@type\":\"ListItem\",\"position\":1,\"name\":\"Home\",\"item\":\"https:\\\/\\\/papirplast.com\\\/\"},{\"@type\":\"ListItem\",\"position\":2,\"name\":\"Prodavnica\",\"item\":\"https:\\\/\\\/papirplast.com\\\/shop\\\/\"},{\"@type\":\"ListItem\",\"position\":3,\"name\":\"Jakna bomber CRUX S503\"}]},{\"@type\":\"WebSite\",\"@id\":\"https:\\\/\\\/papirplast.com\\\/#website\",\"url\":\"https:\\\/\\\/papirplast.com\\\/\",\"name\":\"PapirPlast\",\"description\":\"\",\"publisher\":{\"@id\":\"https:\\\/\\\/papirplast.com\\\/#organization\"},\"potentialAction\":[{\"@type\":\"SearchAction\",\"target\":{\"@type\":\"EntryPoint\",\"urlTemplate\":\"https:\\\/\\\/papirplast.com\\\/?s={search_term_string}\"},\"query-input\":{\"@type\":\"PropertyValueSpecification\",\"valueRequired\":true,\"valueName\":\"search_term_string\"}}],\"inLanguage\":\"en-US\"},{\"@type\":\"Organization\",\"@id\":\"https:\\\/\\\/papirplast.com\\\/#organization\",\"name\":\"PapirPlast\",\"url\":\"https:\\\/\\\/papirplast.com\\\/\",\"logo\":{\"@type\":\"ImageObject\",\"inLanguage\":\"en-US\",\"@id\":\"https:\\\/\\\/papirplast.com\\\/#\\\/schema\\\/logo\\\/image\\\/\",\"url\":\"https:\\\/\\\/papirplast.com\\\/wp-content\\\/uploads\\\/2020\\\/02\\\/logo.png\",\"contentUrl\":\"https:\\\/\\\/papirplast.com\\\/wp-content\\\/uploads\\\/2020\\\/02\\\/logo.png\",\"width\":600,\"height\":161,\"caption\":\"PapirPlast\"},\"image\":{\"@id\":\"https:\\\/\\\/papirplast.com\\\/#\\\/schema\\\/logo\\\/image\\\/\"},\"sameAs\":[\"https:\\\/\\\/www.facebook.com\\\/PapirPlastArandjelovac\\\/?locale=sr_RS\"]}]}<\/script>\n<!-- \/ Yoast SEO plugin. -->","yoast_head_json":{"title":"Jakna bomber CRUX S503 | PapirPlast","description":"Vodootporno i prozra\u010dna sa zalepljenim \u0161avovima spre\u010dava prodiranje vode. Potpuno podstavljene za zadr\u017eavanje toplote.","robots":{"index":"index","follow":"follow","max-snippet":"max-snippet:-1","max-image-preview":"max-image-preview:large","max-video-preview":"max-video-preview:-1"},"canonical":"https:\/\/papirplast.com\/en\/product\/jakna-bomber-crux-s503\/","og_locale":"en_US","og_type":"article","og_title":"Jakna bomber CRUX S503 | PapirPlast","og_description":"Vodootporno i prozra\u010dna sa zalepljenim \u0161avovima spre\u010dava prodiranje vode. Potpuno podstavljene za zadr\u017eavanje toplote.","og_url":"https:\/\/papirplast.com\/en\/product\/jakna-bomber-crux-s503\/","og_site_name":"PapirPlast","article_publisher":"https:\/\/www.facebook.com\/PapirPlastArandjelovac\/?locale=sr_RS","article_modified_time":"2024-07-15T08:23:29+00:00","og_image":[{"width":500,"height":500,"url":"https:\/\/papirplast.com\/wp-content\/uploads\/2023\/02\/bomber.png","type":"image\/png"}],"twitter_card":"summary_large_image","twitter_misc":{"Est. reading time":"1 minute"},"schema":{"@context":"https:\/\/schema.org","@graph":[{"@type":"WebPage","@id":"https:\/\/papirplast.com\/product\/jakna-bomber-crux-s503\/","url":"https:\/\/papirplast.com\/product\/jakna-bomber-crux-s503\/","name":"Jakna bomber CRUX S503 | PapirPlast","isPartOf":{"@id":"https:\/\/papirplast.com\/#website"},"primaryImageOfPage":{"@id":"https:\/\/papirplast.com\/product\/jakna-bomber-crux-s503\/#primaryimage"},"image":{"@id":"https:\/\/papirplast.com\/product\/jakna-bomber-crux-s503\/#primaryimage"},"thumbnailUrl":"https:\/\/papirplast.com\/wp-content\/uploads\/2023\/02\/bomber.png","datePublished":"2020-02-10T10:06:14+00:00","dateModified":"2024-07-15T08:23:29+00:00","description":"Vodootporno i prozra\u010dna sa zalepljenim \u0161avovima spre\u010dava prodiranje vode. Potpuno podstavljene za zadr\u017eavanje toplote.","breadcrumb":{"@id":"https:\/\/papirplast.com\/product\/jakna-bomber-crux-s503\/#breadcrumb"},"inLanguage":"en-US","potentialAction":[{"@type":"ReadAction","target":["https:\/\/papirplast.com\/product\/jakna-bomber-crux-s503\/"]}]},{"@type":"ImageObject","inLanguage":"en-US","@id":"https:\/\/papirplast.com\/product\/jakna-bomber-crux-s503\/#primaryimage","url":"https:\/\/papirplast.com\/wp-content\/uploads\/2023\/02\/bomber.png","contentUrl":"https:\/\/papirplast.com\/wp-content\/uploads\/2023\/02\/bomber.png","width":500,"height":500},{"@type":"BreadcrumbList","@id":"https:\/\/papirplast.com\/product\/jakna-bomber-crux-s503\/#breadcrumb","itemListElement":[{"@type":"ListItem","position":1,"name":"Home","item":"https:\/\/papirplast.com\/"},{"@type":"ListItem","position":2,"name":"Prodavnica","item":"https:\/\/papirplast.com\/shop\/"},{"@type":"ListItem","position":3,"name":"Jakna bomber CRUX S503"}]},{"@type":"WebSite","@id":"https:\/\/papirplast.com\/#website","url":"https:\/\/papirplast.com\/","name":"PapirPlast","description":"","publisher":{"@id":"https:\/\/papirplast.com\/#organization"},"potentialAction":[{"@type":"SearchAction","target":{"@type":"EntryPoint","urlTemplate":"https:\/\/papirplast.com\/?s={search_term_string}"},"query-input":{"@type":"PropertyValueSpecification","valueRequired":true,"valueName":"search_term_string"}}],"inLanguage":"en-US"},{"@type":"Organization","@id":"https:\/\/papirplast.com\/#organization","name":"PapirPlast","url":"https:\/\/papirplast.com\/","logo":{"@type":"ImageObject","inLanguage":"en-US","@id":"https:\/\/papirplast.com\/#\/schema\/logo\/image\/","url":"https:\/\/papirplast.com\/wp-content\/uploads\/2020\/02\/logo.png","contentUrl":"https:\/\/papirplast.com\/wp-content\/uploads\/2020\/02\/logo.png","width":600,"height":161,"caption":"PapirPlast"},"image":{"@id":"https:\/\/papirplast.com\/#\/schema\/logo\/image\/"},"sameAs":["https:\/\/www.facebook.com\/PapirPlastArandjelovac\/?locale=sr_RS"]}]}},"_links":{"self":[{"href":"https:\/\/papirplast.com\/en\/wp-json\/wp\/v2\/product\/10040","targetHints":{"allow":["GET"]}}],"collection":[{"href":"https:\/\/papirplast.com\/en\/wp-json\/wp\/v2\/product"}],"about":[{"href":"https:\/\/papirplast.com\/en\/wp-json\/wp\/v2\/types\/product"}],"wp:featuredmedia":[{"embeddable":true,"href":"https:\/\/papirplast.com\/en\/wp-json\/wp\/v2\/media\/14531"}],"wp:attachment":[{"href":"https:\/\/papirplast.com\/en\/wp-json\/wp\/v2\/media?parent=10040"}],"wp:term":[{"taxonomy":"product_brand","embeddable":true,"href":"https:\/\/papirplast.com\/en\/wp-json\/wp\/v2\/product_brand?post=10040"},{"taxonomy":"product_cat","embeddable":true,"href":"https:\/\/papirplast.com\/en\/wp-json\/wp\/v2\/product_cat?post=10040"},{"taxonomy":"product_tag","embeddable":true,"href":"https:\/\/papirplast.com\/en\/wp-json\/wp\/v2\/product_tag?post=10040"}],"curies":[{"name":"wp","href":"https:\/\/api.w.org\/{rel}","templated":true}]}}