{"id":10043,"date":"2020-02-10T10:06:14","date_gmt":"2020-02-10T10:06:14","guid":{"rendered":"https:\/\/papirplast.com\/product\/jakna-fluo-visom-t400\/"},"modified":"2024-07-15T08:23:29","modified_gmt":"2024-07-15T08:23:29","slug":"jakna-fluo-visom-t400","status":"publish","type":"product","link":"https:\/\/papirplast.com\/en\/product\/jakna-fluo-visom-t400\/","title":{"rendered":"Jakna fluo ViSom T400"},"content":{"rendered":"<p class=\"text-justify\">Elegantna i funkcionalna PW3 visokovidljiva zimska jakna c\u0301e obezbediti da izgledate jedinstveno. Napravljena od na\u0161e renomirane izdr\u017eljive 300D Oxford tkanine sa PU premazom otpornim na mrlje, ova jakna uklju\u010duje mnoge izvanredne karakteristike uklju\u010dujuc\u0301i novi Insulatex panel, koji reflektuje toplotu nazad ka telu obezbe\u0111ujuc\u0301i maksimalnu toplinu i udobnost, vi\u0161e d\u017eepova sa rajsfe\u0161lusima za bezbedno skladi\u0161tenje, savremeni dizajn i moderan kroj.<\/p>\n<h3 class=\"text-left\">Karakteristike<\/h3>\n<ul>\n<li>CE sertifikovano<\/li>\n<li>Radio om\u010de za jednostavno ka\u010denje radio stanice<\/li>\n<li>Materijal sa UPF 40+ ocenom blokira 98% UV zraka<\/li>\n<li>Segmentirana reflektuju\u0107a traka nanesena toplotnim transferom za dodatnu uo\u010dljivost<\/li>\n<li>4 d\u017eepa za obimno skladi\u0161tenje<\/li>\n<li>Skriveni d\u017eep za mobilni telefon<\/li>\n<li>Skrivena kapulja\u010da koja se skida<\/li>\n<li>Pristup za \u0161tampanje za korporativno brendiranje<\/li>\n<li>Reflektuju\u0107i paspuli za pove\u0107anu uo\u010dljivost<\/li>\n<li>Lagana fleksibilna HiVisTex Pro segmentirana reflektuju\u0107a traka za bolju uo\u010dljivost<\/li>\n<li>U\u010dkur za pode\u0161avanje na rubu<\/li>\n<li>\u0160tepana postava za toplotnu izolaciju<\/li>\n<li>*Registrovan dizajn Evropske zajednice<\/li>\n<li>Sertifikovano po EN ISO 20471 i nakon 50 pranja<\/li>\n<li>Podesive man\u017eetne pomo\u0107u \u010di\u010dak trake za sigurno prijanjanje<\/li>\n<li>Insulatex postava koja reflektuje toplotu nazad ka telu osiguravaju\u0107i maksimalnu toplinu i udobnost<\/li>\n<li>Dvostruko pro\u0161iveni \u0161avovi za dodatnu izdr\u017eljivost<\/li>\n<li>Zakrivljeni zadnji deo za dodatnu za\u0161titu<\/li>\n<li>Kontrastna flis kragna otporna na prljanje<\/li>\n<li>Brzo su\u0161e\u0107a pletena man\u017eetna za lagodno i udobno pristajanje<\/li>\n<li>D\u017eep za legitimaciju koji se mo\u017ee skinuti<\/li>\n<li>EN342 Sertifikovano za za\u0161titu od hladno\u0107e do -40\u00b0C<\/li>\n<li>Zavr\u0161na ekolo\u0161ki svesna obrada koja je izuzetno otporna na vodu, voda sklizne sa povr\u0161ine materijala.<\/li>\n<li>Vodootporno sa lepljenim \u0161avovima koji spre\u010davaju prodor vode<\/li>\n<\/ul>","protected":false},"excerpt":{"rendered":"<p>Elegantna i funkcionalna PW3 visokovidljiva zimska jakna c\u0301e obezbediti da izgledate jedinstveno. Napravljena od na\u0161e renomirane izdr\u017eljive 300D Oxford tkanine sa PU premazom otpornim na mrlje, ova jakna uklju\u010duje mnoge izvanredne karakteristike uklju\u010dujuc\u0301i novi Insulatex panel, koji reflektuje toplotu nazad ka telu obezbe\u0111ujuc\u0301i maksimalnu toplinu i udobnost, vi\u0161e d\u017eepova sa rajsfe\u0161lusima za bezbedno skladi\u0161tenje, savremeni [&hellip;]<\/p>\n","protected":false},"featured_media":14545,"template":"","meta":{"_monsterinsights_skip_tracking":false,"_monsterinsights_sitenote_active":false,"_monsterinsights_sitenote_note":"","_monsterinsights_sitenote_category":0},"product_brand":[],"product_cat":[97],"product_tag":[306,324],"class_list":{"0":"post-10043","1":"product","2":"type-product","3":"status-publish","4":"has-post-thumbnail","6":"product_cat-htz-oprema","7":"product_tag-htz","8":"product_tag-jakne","10":"first","11":"instock","12":"sale","13":"shipping-taxable","14":"purchasable","15":"product-type-variable","16":"has-default-attributes"},"yoast_head":"<!-- This site is optimized with the Yoast SEO plugin v27.5 - https:\/\/yoast.com\/product\/yoast-seo-wordpress\/ -->\n<title>Jakna fluo ViSom T400 |PapirPlast<\/title>\n<meta name=\"description\" content=\"Napravljena od na\u0161e renomirane izdr\u017eljive 300D Oxford tkanine sa PU premazom otpornim na mrlje, ova jakna uklju\u010duje mnoge izvanredne karakteristike.\" \/>\n<meta name=\"robots\" content=\"index, follow, max-snippet:-1, max-image-preview:large, max-video-preview:-1\" \/>\n<link rel=\"canonical\" href=\"https:\/\/papirplast.com\/en\/product\/jakna-fluo-visom-t400\/\" \/>\n<meta property=\"og:locale\" content=\"en_US\" \/>\n<meta property=\"og:type\" content=\"article\" \/>\n<meta property=\"og:title\" content=\"Jakna fluo ViSom T400 |PapirPlast\" \/>\n<meta property=\"og:description\" content=\"Napravljena od na\u0161e renomirane izdr\u017eljive 300D Oxford tkanine sa PU premazom otpornim na mrlje, ova jakna uklju\u010duje mnoge izvanredne karakteristike.\" \/>\n<meta property=\"og:url\" content=\"https:\/\/papirplast.com\/en\/product\/jakna-fluo-visom-t400\/\" \/>\n<meta property=\"og:site_name\" content=\"PapirPlast\" \/>\n<meta property=\"article:publisher\" content=\"https:\/\/www.facebook.com\/PapirPlastArandjelovac\/?locale=sr_RS\" \/>\n<meta property=\"article:modified_time\" content=\"2024-07-15T08:23:29+00:00\" \/>\n<meta property=\"og:image\" content=\"https:\/\/papirplast.com\/wp-content\/uploads\/2023\/02\/flo-visom-1.png\" \/>\n\t<meta property=\"og:image:width\" content=\"500\" \/>\n\t<meta property=\"og:image:height\" content=\"500\" \/>\n\t<meta property=\"og:image:type\" content=\"image\/png\" \/>\n<meta name=\"twitter:card\" content=\"summary_large_image\" \/>\n<meta name=\"twitter:label1\" content=\"Est. reading time\" \/>\n\t<meta name=\"twitter:data1\" content=\"2 minutes\" \/>\n<script type=\"application\/ld+json\" class=\"yoast-schema-graph\">{\"@context\":\"https:\\\/\\\/schema.org\",\"@graph\":[{\"@type\":\"WebPage\",\"@id\":\"https:\\\/\\\/papirplast.com\\\/product\\\/jakna-fluo-visom-t400\\\/\",\"url\":\"https:\\\/\\\/papirplast.com\\\/product\\\/jakna-fluo-visom-t400\\\/\",\"name\":\"Jakna fluo ViSom T400 |PapirPlast\",\"isPartOf\":{\"@id\":\"https:\\\/\\\/papirplast.com\\\/#website\"},\"primaryImageOfPage\":{\"@id\":\"https:\\\/\\\/papirplast.com\\\/product\\\/jakna-fluo-visom-t400\\\/#primaryimage\"},\"image\":{\"@id\":\"https:\\\/\\\/papirplast.com\\\/product\\\/jakna-fluo-visom-t400\\\/#primaryimage\"},\"thumbnailUrl\":\"https:\\\/\\\/papirplast.com\\\/wp-content\\\/uploads\\\/2023\\\/02\\\/flo-visom-1.png\",\"datePublished\":\"2020-02-10T10:06:14+00:00\",\"dateModified\":\"2024-07-15T08:23:29+00:00\",\"description\":\"Napravljena od na\u0161e renomirane izdr\u017eljive 300D Oxford tkanine sa PU premazom otpornim na mrlje, ova jakna uklju\u010duje mnoge izvanredne karakteristike.\",\"breadcrumb\":{\"@id\":\"https:\\\/\\\/papirplast.com\\\/product\\\/jakna-fluo-visom-t400\\\/#breadcrumb\"},\"inLanguage\":\"en-US\",\"potentialAction\":[{\"@type\":\"ReadAction\",\"target\":[\"https:\\\/\\\/papirplast.com\\\/product\\\/jakna-fluo-visom-t400\\\/\"]}]},{\"@type\":\"ImageObject\",\"inLanguage\":\"en-US\",\"@id\":\"https:\\\/\\\/papirplast.com\\\/product\\\/jakna-fluo-visom-t400\\\/#primaryimage\",\"url\":\"https:\\\/\\\/papirplast.com\\\/wp-content\\\/uploads\\\/2023\\\/02\\\/flo-visom-1.png\",\"contentUrl\":\"https:\\\/\\\/papirplast.com\\\/wp-content\\\/uploads\\\/2023\\\/02\\\/flo-visom-1.png\",\"width\":500,\"height\":500},{\"@type\":\"BreadcrumbList\",\"@id\":\"https:\\\/\\\/papirplast.com\\\/product\\\/jakna-fluo-visom-t400\\\/#breadcrumb\",\"itemListElement\":[{\"@type\":\"ListItem\",\"position\":1,\"name\":\"Home\",\"item\":\"https:\\\/\\\/papirplast.com\\\/\"},{\"@type\":\"ListItem\",\"position\":2,\"name\":\"Prodavnica\",\"item\":\"https:\\\/\\\/papirplast.com\\\/shop\\\/\"},{\"@type\":\"ListItem\",\"position\":3,\"name\":\"Jakna fluo ViSom T400\"}]},{\"@type\":\"WebSite\",\"@id\":\"https:\\\/\\\/papirplast.com\\\/#website\",\"url\":\"https:\\\/\\\/papirplast.com\\\/\",\"name\":\"PapirPlast\",\"description\":\"\",\"publisher\":{\"@id\":\"https:\\\/\\\/papirplast.com\\\/#organization\"},\"potentialAction\":[{\"@type\":\"SearchAction\",\"target\":{\"@type\":\"EntryPoint\",\"urlTemplate\":\"https:\\\/\\\/papirplast.com\\\/?s={search_term_string}\"},\"query-input\":{\"@type\":\"PropertyValueSpecification\",\"valueRequired\":true,\"valueName\":\"search_term_string\"}}],\"inLanguage\":\"en-US\"},{\"@type\":\"Organization\",\"@id\":\"https:\\\/\\\/papirplast.com\\\/#organization\",\"name\":\"PapirPlast\",\"url\":\"https:\\\/\\\/papirplast.com\\\/\",\"logo\":{\"@type\":\"ImageObject\",\"inLanguage\":\"en-US\",\"@id\":\"https:\\\/\\\/papirplast.com\\\/#\\\/schema\\\/logo\\\/image\\\/\",\"url\":\"https:\\\/\\\/papirplast.com\\\/wp-content\\\/uploads\\\/2020\\\/02\\\/logo.png\",\"contentUrl\":\"https:\\\/\\\/papirplast.com\\\/wp-content\\\/uploads\\\/2020\\\/02\\\/logo.png\",\"width\":600,\"height\":161,\"caption\":\"PapirPlast\"},\"image\":{\"@id\":\"https:\\\/\\\/papirplast.com\\\/#\\\/schema\\\/logo\\\/image\\\/\"},\"sameAs\":[\"https:\\\/\\\/www.facebook.com\\\/PapirPlastArandjelovac\\\/?locale=sr_RS\"]}]}<\/script>\n<!-- \/ Yoast SEO plugin. -->","yoast_head_json":{"title":"Jakna fluo ViSom T400 |PapirPlast","description":"Napravljena od na\u0161e renomirane izdr\u017eljive 300D Oxford tkanine sa PU premazom otpornim na mrlje, ova jakna uklju\u010duje mnoge izvanredne karakteristike.","robots":{"index":"index","follow":"follow","max-snippet":"max-snippet:-1","max-image-preview":"max-image-preview:large","max-video-preview":"max-video-preview:-1"},"canonical":"https:\/\/papirplast.com\/en\/product\/jakna-fluo-visom-t400\/","og_locale":"en_US","og_type":"article","og_title":"Jakna fluo ViSom T400 |PapirPlast","og_description":"Napravljena od na\u0161e renomirane izdr\u017eljive 300D Oxford tkanine sa PU premazom otpornim na mrlje, ova jakna uklju\u010duje mnoge izvanredne karakteristike.","og_url":"https:\/\/papirplast.com\/en\/product\/jakna-fluo-visom-t400\/","og_site_name":"PapirPlast","article_publisher":"https:\/\/www.facebook.com\/PapirPlastArandjelovac\/?locale=sr_RS","article_modified_time":"2024-07-15T08:23:29+00:00","og_image":[{"width":500,"height":500,"url":"https:\/\/papirplast.com\/wp-content\/uploads\/2023\/02\/flo-visom-1.png","type":"image\/png"}],"twitter_card":"summary_large_image","twitter_misc":{"Est. reading time":"2 minutes"},"schema":{"@context":"https:\/\/schema.org","@graph":[{"@type":"WebPage","@id":"https:\/\/papirplast.com\/product\/jakna-fluo-visom-t400\/","url":"https:\/\/papirplast.com\/product\/jakna-fluo-visom-t400\/","name":"Jakna fluo ViSom T400 |PapirPlast","isPartOf":{"@id":"https:\/\/papirplast.com\/#website"},"primaryImageOfPage":{"@id":"https:\/\/papirplast.com\/product\/jakna-fluo-visom-t400\/#primaryimage"},"image":{"@id":"https:\/\/papirplast.com\/product\/jakna-fluo-visom-t400\/#primaryimage"},"thumbnailUrl":"https:\/\/papirplast.com\/wp-content\/uploads\/2023\/02\/flo-visom-1.png","datePublished":"2020-02-10T10:06:14+00:00","dateModified":"2024-07-15T08:23:29+00:00","description":"Napravljena od na\u0161e renomirane izdr\u017eljive 300D Oxford tkanine sa PU premazom otpornim na mrlje, ova jakna uklju\u010duje mnoge izvanredne karakteristike.","breadcrumb":{"@id":"https:\/\/papirplast.com\/product\/jakna-fluo-visom-t400\/#breadcrumb"},"inLanguage":"en-US","potentialAction":[{"@type":"ReadAction","target":["https:\/\/papirplast.com\/product\/jakna-fluo-visom-t400\/"]}]},{"@type":"ImageObject","inLanguage":"en-US","@id":"https:\/\/papirplast.com\/product\/jakna-fluo-visom-t400\/#primaryimage","url":"https:\/\/papirplast.com\/wp-content\/uploads\/2023\/02\/flo-visom-1.png","contentUrl":"https:\/\/papirplast.com\/wp-content\/uploads\/2023\/02\/flo-visom-1.png","width":500,"height":500},{"@type":"BreadcrumbList","@id":"https:\/\/papirplast.com\/product\/jakna-fluo-visom-t400\/#breadcrumb","itemListElement":[{"@type":"ListItem","position":1,"name":"Home","item":"https:\/\/papirplast.com\/"},{"@type":"ListItem","position":2,"name":"Prodavnica","item":"https:\/\/papirplast.com\/shop\/"},{"@type":"ListItem","position":3,"name":"Jakna fluo ViSom T400"}]},{"@type":"WebSite","@id":"https:\/\/papirplast.com\/#website","url":"https:\/\/papirplast.com\/","name":"PapirPlast","description":"","publisher":{"@id":"https:\/\/papirplast.com\/#organization"},"potentialAction":[{"@type":"SearchAction","target":{"@type":"EntryPoint","urlTemplate":"https:\/\/papirplast.com\/?s={search_term_string}"},"query-input":{"@type":"PropertyValueSpecification","valueRequired":true,"valueName":"search_term_string"}}],"inLanguage":"en-US"},{"@type":"Organization","@id":"https:\/\/papirplast.com\/#organization","name":"PapirPlast","url":"https:\/\/papirplast.com\/","logo":{"@type":"ImageObject","inLanguage":"en-US","@id":"https:\/\/papirplast.com\/#\/schema\/logo\/image\/","url":"https:\/\/papirplast.com\/wp-content\/uploads\/2020\/02\/logo.png","contentUrl":"https:\/\/papirplast.com\/wp-content\/uploads\/2020\/02\/logo.png","width":600,"height":161,"caption":"PapirPlast"},"image":{"@id":"https:\/\/papirplast.com\/#\/schema\/logo\/image\/"},"sameAs":["https:\/\/www.facebook.com\/PapirPlastArandjelovac\/?locale=sr_RS"]}]}},"_links":{"self":[{"href":"https:\/\/papirplast.com\/en\/wp-json\/wp\/v2\/product\/10043","targetHints":{"allow":["GET"]}}],"collection":[{"href":"https:\/\/papirplast.com\/en\/wp-json\/wp\/v2\/product"}],"about":[{"href":"https:\/\/papirplast.com\/en\/wp-json\/wp\/v2\/types\/product"}],"wp:featuredmedia":[{"embeddable":true,"href":"https:\/\/papirplast.com\/en\/wp-json\/wp\/v2\/media\/14545"}],"wp:attachment":[{"href":"https:\/\/papirplast.com\/en\/wp-json\/wp\/v2\/media?parent=10043"}],"wp:term":[{"taxonomy":"product_brand","embeddable":true,"href":"https:\/\/papirplast.com\/en\/wp-json\/wp\/v2\/product_brand?post=10043"},{"taxonomy":"product_cat","embeddable":true,"href":"https:\/\/papirplast.com\/en\/wp-json\/wp\/v2\/product_cat?post=10043"},{"taxonomy":"product_tag","embeddable":true,"href":"https:\/\/papirplast.com\/en\/wp-json\/wp\/v2\/product_tag?post=10043"}],"curies":[{"name":"wp","href":"https:\/\/api.w.org\/{rel}","templated":true}]}}