{"id":10061,"date":"2020-02-10T10:06:17","date_gmt":"2020-02-10T10:06:17","guid":{"rendered":"https:\/\/papirplast.com\/product\/jakna-visokovidljiva-7u1-s427\/"},"modified":"2024-07-15T08:23:30","modified_gmt":"2024-07-15T08:23:30","slug":"jakna-visokovidljiva-7u1-s427","status":"publish","type":"product","link":"https:\/\/papirplast.com\/en\/product\/jakna-visokovidljiva-7u1-s427\/","title":{"rendered":"Jakna visokovidljiva 7u1 S427"},"content":{"rendered":"<p>Veoma inovativna 7 u 1 jakna prilagodljiva svakoj situaciji koja mo\u017ee da iskrsne. Vodootporna i prozra\u010dna po najvi\u0161im EN standardima, jakna ima vi\u0161e osobina i prednosti kao \u0161to su veliki prostor za \u010duvanje stvari, skrivena kapulja\u010da i kragna postavljena flisom.<\/p>\n<p><strong>Karakteristike:<\/strong><\/p>\n<ul>\n<li>Vodootporno i prozra\u010dno sa zalepljenim \u0161avovima spre\u010dava prodiranje vode<\/li>\n<li>Tkanina je izuzetno vodootporna, voda se skuplja u kapljice i sama se otkotrlja sa povr\u0161ine tkanine<\/li>\n<li>EN342 sertifikat za za\u0161titu od hladno\u0107e do -40\u00b0C<\/li>\n<li>Podesive man\u017eete \u010di\u010dak trakom, za sigurnije pristajanje<\/li>\n<li>Ovratnik podstavljen flisom zadr\u017eava toplotu<\/li>\n<li>Pletena man\u017eeta za udobnost i toplinu<\/li>\n<li>Jakna se mo\u017ee nositi na 7 razli\u010ditih na\u010dina za vi\u0161enamensku upotrebu<\/li>\n<li>Reflektiraju\u0107a traka za dodatnu vidljivost<\/li>\n<li>13 d\u017eepova za odlaganje<\/li>\n<li>Dvosmerni patentni zatvara\u010d za brz i jednostavan pristup<\/li>\n<li>D\u017eep za mobilni telefon<\/li>\n<li>Petlja za radio za jednostavno povezivanje sa radiom<\/li>\n<li>Interaktivni unutra\u0161nji odevni predmet<\/li>\n<li>Odevni predmet sa dva lica za vi\u0161enamensku upotrebu<\/li>\n<li>Skrivena odvojiva kapulja\u010da<\/li>\n<li>Pristup za \u0161tampanje idealan za korporativno brendiranje<\/li>\n<li>UPF 40+ rangirana tkanina blokira 98% UV zraka\u00a0 prema EN ISO 20471 nakon 50 pranja CE certificirano<\/li>\n<li>Unutra\u0161nji d\u017eep za tablet za sigurno odlaganje<\/li>\n<\/ul>","protected":false},"excerpt":{"rendered":"<p>Veoma inovativna 7 u 1 jakna prilagodljiva svakoj situaciji koja mo\u017ee da iskrsne. Vodootporna i prozra\u010dna po najvi\u0161im EN standardima, jakna ima vi\u0161e osobina i prednosti kao \u0161to su veliki prostor za \u010duvanje stvari, skrivena kapulja\u010da i kragna postavljena flisom. Karakteristike: Vodootporno i prozra\u010dno sa zalepljenim \u0161avovima spre\u010dava prodiranje vode Tkanina je izuzetno vodootporna, voda [&hellip;]<\/p>\n","protected":false},"featured_media":14571,"template":"","meta":{"_monsterinsights_skip_tracking":false,"_monsterinsights_sitenote_active":false,"_monsterinsights_sitenote_note":"","_monsterinsights_sitenote_category":0},"product_brand":[],"product_cat":[97],"product_tag":[306,324],"class_list":{"0":"post-10061","1":"product","2":"type-product","3":"status-publish","4":"has-post-thumbnail","6":"product_cat-htz-oprema","7":"product_tag-htz","8":"product_tag-jakne","10":"first","11":"instock","12":"sale","13":"shipping-taxable","14":"purchasable","15":"product-type-variable","16":"has-default-attributes"},"yoast_head":"<!-- This site is optimized with the Yoast SEO plugin v27.4 - https:\/\/yoast.com\/product\/yoast-seo-wordpress\/ -->\n<title>Jakna visokovidljiva 7u1 S427 | PapirPlast<\/title>\n<meta name=\"description\" content=\"Veoma inovativna 7 u 1 jakna prilagodljiva svakoj situaciji koja mo\u017ee da iskrsne. Vodootporna i prozra\u010dna po najvi\u0161im EN standardima\" \/>\n<meta name=\"robots\" content=\"index, follow, max-snippet:-1, max-image-preview:large, max-video-preview:-1\" \/>\n<link rel=\"canonical\" href=\"https:\/\/papirplast.com\/en\/product\/jakna-visokovidljiva-7u1-s427\/\" \/>\n<meta property=\"og:locale\" content=\"en_US\" \/>\n<meta property=\"og:type\" content=\"article\" \/>\n<meta property=\"og:title\" content=\"Jakna visokovidljiva 7u1 S427 | PapirPlast\" \/>\n<meta property=\"og:description\" content=\"Veoma inovativna 7 u 1 jakna prilagodljiva svakoj situaciji koja mo\u017ee da iskrsne. Vodootporna i prozra\u010dna po najvi\u0161im EN standardima\" \/>\n<meta property=\"og:url\" content=\"https:\/\/papirplast.com\/en\/product\/jakna-visokovidljiva-7u1-s427\/\" \/>\n<meta property=\"og:site_name\" content=\"PapirPlast\" \/>\n<meta property=\"article:publisher\" content=\"https:\/\/www.facebook.com\/PapirPlastArandjelovac\/?locale=sr_RS\" \/>\n<meta property=\"article:modified_time\" content=\"2024-07-15T08:23:30+00:00\" \/>\n<meta property=\"og:image\" content=\"https:\/\/papirplast.com\/wp-content\/uploads\/2023\/02\/s427.png\" \/>\n\t<meta property=\"og:image:width\" content=\"500\" \/>\n\t<meta property=\"og:image:height\" content=\"500\" \/>\n\t<meta property=\"og:image:type\" content=\"image\/png\" \/>\n<meta name=\"twitter:card\" content=\"summary_large_image\" \/>\n<meta name=\"twitter:label1\" content=\"Est. reading time\" \/>\n\t<meta name=\"twitter:data1\" content=\"1 minute\" \/>\n<script type=\"application\/ld+json\" class=\"yoast-schema-graph\">{\"@context\":\"https:\\\/\\\/schema.org\",\"@graph\":[{\"@type\":\"WebPage\",\"@id\":\"https:\\\/\\\/papirplast.com\\\/product\\\/jakna-visokovidljiva-7u1-s427\\\/\",\"url\":\"https:\\\/\\\/papirplast.com\\\/product\\\/jakna-visokovidljiva-7u1-s427\\\/\",\"name\":\"Jakna visokovidljiva 7u1 S427 | PapirPlast\",\"isPartOf\":{\"@id\":\"https:\\\/\\\/papirplast.com\\\/#website\"},\"primaryImageOfPage\":{\"@id\":\"https:\\\/\\\/papirplast.com\\\/product\\\/jakna-visokovidljiva-7u1-s427\\\/#primaryimage\"},\"image\":{\"@id\":\"https:\\\/\\\/papirplast.com\\\/product\\\/jakna-visokovidljiva-7u1-s427\\\/#primaryimage\"},\"thumbnailUrl\":\"https:\\\/\\\/papirplast.com\\\/wp-content\\\/uploads\\\/2023\\\/02\\\/s427.png\",\"datePublished\":\"2020-02-10T10:06:17+00:00\",\"dateModified\":\"2024-07-15T08:23:30+00:00\",\"description\":\"Veoma inovativna 7 u 1 jakna prilagodljiva svakoj situaciji koja mo\u017ee da iskrsne. Vodootporna i prozra\u010dna po najvi\u0161im EN standardima\",\"breadcrumb\":{\"@id\":\"https:\\\/\\\/papirplast.com\\\/product\\\/jakna-visokovidljiva-7u1-s427\\\/#breadcrumb\"},\"inLanguage\":\"en-US\",\"potentialAction\":[{\"@type\":\"ReadAction\",\"target\":[\"https:\\\/\\\/papirplast.com\\\/product\\\/jakna-visokovidljiva-7u1-s427\\\/\"]}]},{\"@type\":\"ImageObject\",\"inLanguage\":\"en-US\",\"@id\":\"https:\\\/\\\/papirplast.com\\\/product\\\/jakna-visokovidljiva-7u1-s427\\\/#primaryimage\",\"url\":\"https:\\\/\\\/papirplast.com\\\/wp-content\\\/uploads\\\/2023\\\/02\\\/s427.png\",\"contentUrl\":\"https:\\\/\\\/papirplast.com\\\/wp-content\\\/uploads\\\/2023\\\/02\\\/s427.png\",\"width\":500,\"height\":500},{\"@type\":\"BreadcrumbList\",\"@id\":\"https:\\\/\\\/papirplast.com\\\/product\\\/jakna-visokovidljiva-7u1-s427\\\/#breadcrumb\",\"itemListElement\":[{\"@type\":\"ListItem\",\"position\":1,\"name\":\"Home\",\"item\":\"https:\\\/\\\/papirplast.com\\\/\"},{\"@type\":\"ListItem\",\"position\":2,\"name\":\"Prodavnica\",\"item\":\"https:\\\/\\\/papirplast.com\\\/shop\\\/\"},{\"@type\":\"ListItem\",\"position\":3,\"name\":\"Jakna visokovidljiva 7u1 S427\"}]},{\"@type\":\"WebSite\",\"@id\":\"https:\\\/\\\/papirplast.com\\\/#website\",\"url\":\"https:\\\/\\\/papirplast.com\\\/\",\"name\":\"PapirPlast\",\"description\":\"\",\"publisher\":{\"@id\":\"https:\\\/\\\/papirplast.com\\\/#organization\"},\"potentialAction\":[{\"@type\":\"SearchAction\",\"target\":{\"@type\":\"EntryPoint\",\"urlTemplate\":\"https:\\\/\\\/papirplast.com\\\/?s={search_term_string}\"},\"query-input\":{\"@type\":\"PropertyValueSpecification\",\"valueRequired\":true,\"valueName\":\"search_term_string\"}}],\"inLanguage\":\"en-US\"},{\"@type\":\"Organization\",\"@id\":\"https:\\\/\\\/papirplast.com\\\/#organization\",\"name\":\"PapirPlast\",\"url\":\"https:\\\/\\\/papirplast.com\\\/\",\"logo\":{\"@type\":\"ImageObject\",\"inLanguage\":\"en-US\",\"@id\":\"https:\\\/\\\/papirplast.com\\\/#\\\/schema\\\/logo\\\/image\\\/\",\"url\":\"https:\\\/\\\/papirplast.com\\\/wp-content\\\/uploads\\\/2020\\\/02\\\/logo.png\",\"contentUrl\":\"https:\\\/\\\/papirplast.com\\\/wp-content\\\/uploads\\\/2020\\\/02\\\/logo.png\",\"width\":600,\"height\":161,\"caption\":\"PapirPlast\"},\"image\":{\"@id\":\"https:\\\/\\\/papirplast.com\\\/#\\\/schema\\\/logo\\\/image\\\/\"},\"sameAs\":[\"https:\\\/\\\/www.facebook.com\\\/PapirPlastArandjelovac\\\/?locale=sr_RS\"]}]}<\/script>\n<!-- \/ Yoast SEO plugin. -->","yoast_head_json":{"title":"Jakna visokovidljiva 7u1 S427 | PapirPlast","description":"Veoma inovativna 7 u 1 jakna prilagodljiva svakoj situaciji koja mo\u017ee da iskrsne. Vodootporna i prozra\u010dna po najvi\u0161im EN standardima","robots":{"index":"index","follow":"follow","max-snippet":"max-snippet:-1","max-image-preview":"max-image-preview:large","max-video-preview":"max-video-preview:-1"},"canonical":"https:\/\/papirplast.com\/en\/product\/jakna-visokovidljiva-7u1-s427\/","og_locale":"en_US","og_type":"article","og_title":"Jakna visokovidljiva 7u1 S427 | PapirPlast","og_description":"Veoma inovativna 7 u 1 jakna prilagodljiva svakoj situaciji koja mo\u017ee da iskrsne. Vodootporna i prozra\u010dna po najvi\u0161im EN standardima","og_url":"https:\/\/papirplast.com\/en\/product\/jakna-visokovidljiva-7u1-s427\/","og_site_name":"PapirPlast","article_publisher":"https:\/\/www.facebook.com\/PapirPlastArandjelovac\/?locale=sr_RS","article_modified_time":"2024-07-15T08:23:30+00:00","og_image":[{"width":500,"height":500,"url":"https:\/\/papirplast.com\/wp-content\/uploads\/2023\/02\/s427.png","type":"image\/png"}],"twitter_card":"summary_large_image","twitter_misc":{"Est. reading time":"1 minute"},"schema":{"@context":"https:\/\/schema.org","@graph":[{"@type":"WebPage","@id":"https:\/\/papirplast.com\/product\/jakna-visokovidljiva-7u1-s427\/","url":"https:\/\/papirplast.com\/product\/jakna-visokovidljiva-7u1-s427\/","name":"Jakna visokovidljiva 7u1 S427 | PapirPlast","isPartOf":{"@id":"https:\/\/papirplast.com\/#website"},"primaryImageOfPage":{"@id":"https:\/\/papirplast.com\/product\/jakna-visokovidljiva-7u1-s427\/#primaryimage"},"image":{"@id":"https:\/\/papirplast.com\/product\/jakna-visokovidljiva-7u1-s427\/#primaryimage"},"thumbnailUrl":"https:\/\/papirplast.com\/wp-content\/uploads\/2023\/02\/s427.png","datePublished":"2020-02-10T10:06:17+00:00","dateModified":"2024-07-15T08:23:30+00:00","description":"Veoma inovativna 7 u 1 jakna prilagodljiva svakoj situaciji koja mo\u017ee da iskrsne. Vodootporna i prozra\u010dna po najvi\u0161im EN standardima","breadcrumb":{"@id":"https:\/\/papirplast.com\/product\/jakna-visokovidljiva-7u1-s427\/#breadcrumb"},"inLanguage":"en-US","potentialAction":[{"@type":"ReadAction","target":["https:\/\/papirplast.com\/product\/jakna-visokovidljiva-7u1-s427\/"]}]},{"@type":"ImageObject","inLanguage":"en-US","@id":"https:\/\/papirplast.com\/product\/jakna-visokovidljiva-7u1-s427\/#primaryimage","url":"https:\/\/papirplast.com\/wp-content\/uploads\/2023\/02\/s427.png","contentUrl":"https:\/\/papirplast.com\/wp-content\/uploads\/2023\/02\/s427.png","width":500,"height":500},{"@type":"BreadcrumbList","@id":"https:\/\/papirplast.com\/product\/jakna-visokovidljiva-7u1-s427\/#breadcrumb","itemListElement":[{"@type":"ListItem","position":1,"name":"Home","item":"https:\/\/papirplast.com\/"},{"@type":"ListItem","position":2,"name":"Prodavnica","item":"https:\/\/papirplast.com\/shop\/"},{"@type":"ListItem","position":3,"name":"Jakna visokovidljiva 7u1 S427"}]},{"@type":"WebSite","@id":"https:\/\/papirplast.com\/#website","url":"https:\/\/papirplast.com\/","name":"PapirPlast","description":"","publisher":{"@id":"https:\/\/papirplast.com\/#organization"},"potentialAction":[{"@type":"SearchAction","target":{"@type":"EntryPoint","urlTemplate":"https:\/\/papirplast.com\/?s={search_term_string}"},"query-input":{"@type":"PropertyValueSpecification","valueRequired":true,"valueName":"search_term_string"}}],"inLanguage":"en-US"},{"@type":"Organization","@id":"https:\/\/papirplast.com\/#organization","name":"PapirPlast","url":"https:\/\/papirplast.com\/","logo":{"@type":"ImageObject","inLanguage":"en-US","@id":"https:\/\/papirplast.com\/#\/schema\/logo\/image\/","url":"https:\/\/papirplast.com\/wp-content\/uploads\/2020\/02\/logo.png","contentUrl":"https:\/\/papirplast.com\/wp-content\/uploads\/2020\/02\/logo.png","width":600,"height":161,"caption":"PapirPlast"},"image":{"@id":"https:\/\/papirplast.com\/#\/schema\/logo\/image\/"},"sameAs":["https:\/\/www.facebook.com\/PapirPlastArandjelovac\/?locale=sr_RS"]}]}},"_links":{"self":[{"href":"https:\/\/papirplast.com\/en\/wp-json\/wp\/v2\/product\/10061","targetHints":{"allow":["GET"]}}],"collection":[{"href":"https:\/\/papirplast.com\/en\/wp-json\/wp\/v2\/product"}],"about":[{"href":"https:\/\/papirplast.com\/en\/wp-json\/wp\/v2\/types\/product"}],"wp:featuredmedia":[{"embeddable":true,"href":"https:\/\/papirplast.com\/en\/wp-json\/wp\/v2\/media\/14571"}],"wp:attachment":[{"href":"https:\/\/papirplast.com\/en\/wp-json\/wp\/v2\/media?parent=10061"}],"wp:term":[{"taxonomy":"product_brand","embeddable":true,"href":"https:\/\/papirplast.com\/en\/wp-json\/wp\/v2\/product_brand?post=10061"},{"taxonomy":"product_cat","embeddable":true,"href":"https:\/\/papirplast.com\/en\/wp-json\/wp\/v2\/product_cat?post=10061"},{"taxonomy":"product_tag","embeddable":true,"href":"https:\/\/papirplast.com\/en\/wp-json\/wp\/v2\/product_tag?post=10061"}],"curies":[{"name":"wp","href":"https:\/\/api.w.org\/{rel}","templated":true}]}}