{"id":10064,"date":"2020-02-10T10:06:17","date_gmt":"2020-02-10T10:06:17","guid":{"rendered":"https:\/\/papirplast.com\/product\/jakna-visokovidljiva-traffic-s460\/"},"modified":"2024-07-15T08:23:30","modified_gmt":"2024-07-15T08:23:30","slug":"jakna-visokovidljiva-traffic-s460","status":"publish","type":"product","link":"https:\/\/papirplast.com\/en\/product\/jakna-visokovidljiva-traffic-s460\/","title":{"rendered":"Jakna visokovidljiva traffic S460"},"content":{"rendered":"<p>Vodootporna jakna visoke vidljivosti, sa lepljenim \u0161avovima radi spre\u010davanja prodora vode, zadr\u017eava toplotu korisnika. Zavr\u0161na obrada omogu\u0107ava da voda sklizne za povr\u0161ine materijala. Kapulja\u010da mo\u017ee da se spakuje, preklopna lajsna (\u0161oblajsna) sa drikerima, dvosmerni rajsfer\u0161lus, 4 d\u017eepa, skriveni d\u017eep za telefon.<\/p>\n<div class=\"nectar-prod-wrap\">\n<div class=\"span_7 col col_last single-product-summary\">\n<div class=\"woocommerce-tabs wc-tabs-wrapper\" data-tab-style=\"in_sidebar\">\n<div id=\"tab-description\" class=\"woocommerce-Tabs-panel woocommerce-Tabs-panel--description panel entry-content wc-tab\" role=\"tabpanel\" aria-labelledby=\"tab-title-description\">\n<p><em>Spoljna materijal:<\/em><br \/>\n100% Poliester, 300D Oxford tkanina sa zavr\u0161nom obradom otpornom na mrlje, PU premaz 190g<\/p>\n<p><em>Postava:<\/em>\u00a0100% Poliester 60g<\/p>\n<p><em>Punjenje:<\/em>\u00a0100% Poliester 170g<\/p>\n<p><strong>CE EN\u00a0<\/strong>13688<\/p>\n<p><strong>EN ISO\u00a0<\/strong>20471 Class 3<\/p>\n<p><strong>EN<\/strong>\u00a0343 Class 3<\/p>\n<p><strong>EN\u00a0<\/strong>342<\/p>\n<\/div>\n<\/div>\n<\/div>\n<\/div>","protected":false},"excerpt":{"rendered":"<p>Vodootporna jakna visoke vidljivosti, sa lepljenim \u0161avovima radi spre\u010davanja prodora vode, zadr\u017eava toplotu korisnika. Zavr\u0161na obrada omogu\u0107ava da voda sklizne za povr\u0161ine materijala. Kapulja\u010da mo\u017ee da se spakuje, preklopna lajsna (\u0161oblajsna) sa drikerima, dvosmerni rajsfer\u0161lus, 4 d\u017eepa, skriveni d\u017eep za telefon. Spoljna materijal: 100% Poliester, 300D Oxford tkanina sa zavr\u0161nom obradom otpornom na mrlje, PU [&hellip;]<\/p>\n","protected":false},"featured_media":14572,"template":"","meta":{"_monsterinsights_skip_tracking":false,"_monsterinsights_sitenote_active":false,"_monsterinsights_sitenote_note":"","_monsterinsights_sitenote_category":0},"product_brand":[],"product_cat":[97],"product_tag":[306,324],"class_list":{"0":"post-10064","1":"product","2":"type-product","3":"status-publish","4":"has-post-thumbnail","6":"product_cat-htz-oprema","7":"product_tag-htz","8":"product_tag-jakne","10":"first","11":"instock","12":"sale","13":"shipping-taxable","14":"purchasable","15":"product-type-variable","16":"has-default-attributes"},"yoast_head":"<!-- This site is optimized with the Yoast SEO plugin v27.5 - https:\/\/yoast.com\/product\/yoast-seo-wordpress\/ -->\n<title>Jakna visokovidljiva traffic S460 | PapirPlast<\/title>\n<meta name=\"description\" content=\"Vodootporna jakna visoke vidljivosti, sa lepljenim \u0161avovima radi spre\u010davanja prodora vode, zadr\u017eava toplotu korisnika.\" \/>\n<meta name=\"robots\" content=\"index, follow, max-snippet:-1, max-image-preview:large, max-video-preview:-1\" \/>\n<link rel=\"canonical\" href=\"https:\/\/papirplast.com\/en\/product\/jakna-visokovidljiva-traffic-s460\/\" \/>\n<meta property=\"og:locale\" content=\"en_US\" \/>\n<meta property=\"og:type\" content=\"article\" \/>\n<meta property=\"og:title\" content=\"Jakna visokovidljiva traffic S460 | PapirPlast\" \/>\n<meta property=\"og:description\" content=\"Vodootporna jakna visoke vidljivosti, sa lepljenim \u0161avovima radi spre\u010davanja prodora vode, zadr\u017eava toplotu korisnika.\" \/>\n<meta property=\"og:url\" content=\"https:\/\/papirplast.com\/en\/product\/jakna-visokovidljiva-traffic-s460\/\" \/>\n<meta property=\"og:site_name\" content=\"PapirPlast\" \/>\n<meta property=\"article:publisher\" content=\"https:\/\/www.facebook.com\/PapirPlastArandjelovac\/?locale=sr_RS\" \/>\n<meta property=\"article:modified_time\" content=\"2024-07-15T08:23:30+00:00\" \/>\n<meta property=\"og:image\" content=\"https:\/\/papirplast.com\/wp-content\/uploads\/2023\/02\/s460.png\" \/>\n\t<meta property=\"og:image:width\" content=\"500\" \/>\n\t<meta property=\"og:image:height\" content=\"500\" \/>\n\t<meta property=\"og:image:type\" content=\"image\/png\" \/>\n<meta name=\"twitter:card\" content=\"summary_large_image\" \/>\n<meta name=\"twitter:label1\" content=\"Est. reading time\" \/>\n\t<meta name=\"twitter:data1\" content=\"1 minute\" \/>\n<script type=\"application\/ld+json\" class=\"yoast-schema-graph\">{\"@context\":\"https:\\\/\\\/schema.org\",\"@graph\":[{\"@type\":\"WebPage\",\"@id\":\"https:\\\/\\\/papirplast.com\\\/product\\\/jakna-visokovidljiva-traffic-s460\\\/\",\"url\":\"https:\\\/\\\/papirplast.com\\\/product\\\/jakna-visokovidljiva-traffic-s460\\\/\",\"name\":\"Jakna visokovidljiva traffic S460 | PapirPlast\",\"isPartOf\":{\"@id\":\"https:\\\/\\\/papirplast.com\\\/#website\"},\"primaryImageOfPage\":{\"@id\":\"https:\\\/\\\/papirplast.com\\\/product\\\/jakna-visokovidljiva-traffic-s460\\\/#primaryimage\"},\"image\":{\"@id\":\"https:\\\/\\\/papirplast.com\\\/product\\\/jakna-visokovidljiva-traffic-s460\\\/#primaryimage\"},\"thumbnailUrl\":\"https:\\\/\\\/papirplast.com\\\/wp-content\\\/uploads\\\/2023\\\/02\\\/s460.png\",\"datePublished\":\"2020-02-10T10:06:17+00:00\",\"dateModified\":\"2024-07-15T08:23:30+00:00\",\"description\":\"Vodootporna jakna visoke vidljivosti, sa lepljenim \u0161avovima radi spre\u010davanja prodora vode, zadr\u017eava toplotu korisnika.\",\"breadcrumb\":{\"@id\":\"https:\\\/\\\/papirplast.com\\\/product\\\/jakna-visokovidljiva-traffic-s460\\\/#breadcrumb\"},\"inLanguage\":\"en-US\",\"potentialAction\":[{\"@type\":\"ReadAction\",\"target\":[\"https:\\\/\\\/papirplast.com\\\/product\\\/jakna-visokovidljiva-traffic-s460\\\/\"]}]},{\"@type\":\"ImageObject\",\"inLanguage\":\"en-US\",\"@id\":\"https:\\\/\\\/papirplast.com\\\/product\\\/jakna-visokovidljiva-traffic-s460\\\/#primaryimage\",\"url\":\"https:\\\/\\\/papirplast.com\\\/wp-content\\\/uploads\\\/2023\\\/02\\\/s460.png\",\"contentUrl\":\"https:\\\/\\\/papirplast.com\\\/wp-content\\\/uploads\\\/2023\\\/02\\\/s460.png\",\"width\":500,\"height\":500},{\"@type\":\"BreadcrumbList\",\"@id\":\"https:\\\/\\\/papirplast.com\\\/product\\\/jakna-visokovidljiva-traffic-s460\\\/#breadcrumb\",\"itemListElement\":[{\"@type\":\"ListItem\",\"position\":1,\"name\":\"Home\",\"item\":\"https:\\\/\\\/papirplast.com\\\/\"},{\"@type\":\"ListItem\",\"position\":2,\"name\":\"Prodavnica\",\"item\":\"https:\\\/\\\/papirplast.com\\\/shop\\\/\"},{\"@type\":\"ListItem\",\"position\":3,\"name\":\"Jakna visokovidljiva traffic S460\"}]},{\"@type\":\"WebSite\",\"@id\":\"https:\\\/\\\/papirplast.com\\\/#website\",\"url\":\"https:\\\/\\\/papirplast.com\\\/\",\"name\":\"PapirPlast\",\"description\":\"\",\"publisher\":{\"@id\":\"https:\\\/\\\/papirplast.com\\\/#organization\"},\"potentialAction\":[{\"@type\":\"SearchAction\",\"target\":{\"@type\":\"EntryPoint\",\"urlTemplate\":\"https:\\\/\\\/papirplast.com\\\/?s={search_term_string}\"},\"query-input\":{\"@type\":\"PropertyValueSpecification\",\"valueRequired\":true,\"valueName\":\"search_term_string\"}}],\"inLanguage\":\"en-US\"},{\"@type\":\"Organization\",\"@id\":\"https:\\\/\\\/papirplast.com\\\/#organization\",\"name\":\"PapirPlast\",\"url\":\"https:\\\/\\\/papirplast.com\\\/\",\"logo\":{\"@type\":\"ImageObject\",\"inLanguage\":\"en-US\",\"@id\":\"https:\\\/\\\/papirplast.com\\\/#\\\/schema\\\/logo\\\/image\\\/\",\"url\":\"https:\\\/\\\/papirplast.com\\\/wp-content\\\/uploads\\\/2020\\\/02\\\/logo.png\",\"contentUrl\":\"https:\\\/\\\/papirplast.com\\\/wp-content\\\/uploads\\\/2020\\\/02\\\/logo.png\",\"width\":600,\"height\":161,\"caption\":\"PapirPlast\"},\"image\":{\"@id\":\"https:\\\/\\\/papirplast.com\\\/#\\\/schema\\\/logo\\\/image\\\/\"},\"sameAs\":[\"https:\\\/\\\/www.facebook.com\\\/PapirPlastArandjelovac\\\/?locale=sr_RS\"]}]}<\/script>\n<!-- \/ Yoast SEO plugin. -->","yoast_head_json":{"title":"Jakna visokovidljiva traffic S460 | PapirPlast","description":"Vodootporna jakna visoke vidljivosti, sa lepljenim \u0161avovima radi spre\u010davanja prodora vode, zadr\u017eava toplotu korisnika.","robots":{"index":"index","follow":"follow","max-snippet":"max-snippet:-1","max-image-preview":"max-image-preview:large","max-video-preview":"max-video-preview:-1"},"canonical":"https:\/\/papirplast.com\/en\/product\/jakna-visokovidljiva-traffic-s460\/","og_locale":"en_US","og_type":"article","og_title":"Jakna visokovidljiva traffic S460 | PapirPlast","og_description":"Vodootporna jakna visoke vidljivosti, sa lepljenim \u0161avovima radi spre\u010davanja prodora vode, zadr\u017eava toplotu korisnika.","og_url":"https:\/\/papirplast.com\/en\/product\/jakna-visokovidljiva-traffic-s460\/","og_site_name":"PapirPlast","article_publisher":"https:\/\/www.facebook.com\/PapirPlastArandjelovac\/?locale=sr_RS","article_modified_time":"2024-07-15T08:23:30+00:00","og_image":[{"width":500,"height":500,"url":"https:\/\/papirplast.com\/wp-content\/uploads\/2023\/02\/s460.png","type":"image\/png"}],"twitter_card":"summary_large_image","twitter_misc":{"Est. reading time":"1 minute"},"schema":{"@context":"https:\/\/schema.org","@graph":[{"@type":"WebPage","@id":"https:\/\/papirplast.com\/product\/jakna-visokovidljiva-traffic-s460\/","url":"https:\/\/papirplast.com\/product\/jakna-visokovidljiva-traffic-s460\/","name":"Jakna visokovidljiva traffic S460 | PapirPlast","isPartOf":{"@id":"https:\/\/papirplast.com\/#website"},"primaryImageOfPage":{"@id":"https:\/\/papirplast.com\/product\/jakna-visokovidljiva-traffic-s460\/#primaryimage"},"image":{"@id":"https:\/\/papirplast.com\/product\/jakna-visokovidljiva-traffic-s460\/#primaryimage"},"thumbnailUrl":"https:\/\/papirplast.com\/wp-content\/uploads\/2023\/02\/s460.png","datePublished":"2020-02-10T10:06:17+00:00","dateModified":"2024-07-15T08:23:30+00:00","description":"Vodootporna jakna visoke vidljivosti, sa lepljenim \u0161avovima radi spre\u010davanja prodora vode, zadr\u017eava toplotu korisnika.","breadcrumb":{"@id":"https:\/\/papirplast.com\/product\/jakna-visokovidljiva-traffic-s460\/#breadcrumb"},"inLanguage":"en-US","potentialAction":[{"@type":"ReadAction","target":["https:\/\/papirplast.com\/product\/jakna-visokovidljiva-traffic-s460\/"]}]},{"@type":"ImageObject","inLanguage":"en-US","@id":"https:\/\/papirplast.com\/product\/jakna-visokovidljiva-traffic-s460\/#primaryimage","url":"https:\/\/papirplast.com\/wp-content\/uploads\/2023\/02\/s460.png","contentUrl":"https:\/\/papirplast.com\/wp-content\/uploads\/2023\/02\/s460.png","width":500,"height":500},{"@type":"BreadcrumbList","@id":"https:\/\/papirplast.com\/product\/jakna-visokovidljiva-traffic-s460\/#breadcrumb","itemListElement":[{"@type":"ListItem","position":1,"name":"Home","item":"https:\/\/papirplast.com\/"},{"@type":"ListItem","position":2,"name":"Prodavnica","item":"https:\/\/papirplast.com\/shop\/"},{"@type":"ListItem","position":3,"name":"Jakna visokovidljiva traffic S460"}]},{"@type":"WebSite","@id":"https:\/\/papirplast.com\/#website","url":"https:\/\/papirplast.com\/","name":"PapirPlast","description":"","publisher":{"@id":"https:\/\/papirplast.com\/#organization"},"potentialAction":[{"@type":"SearchAction","target":{"@type":"EntryPoint","urlTemplate":"https:\/\/papirplast.com\/?s={search_term_string}"},"query-input":{"@type":"PropertyValueSpecification","valueRequired":true,"valueName":"search_term_string"}}],"inLanguage":"en-US"},{"@type":"Organization","@id":"https:\/\/papirplast.com\/#organization","name":"PapirPlast","url":"https:\/\/papirplast.com\/","logo":{"@type":"ImageObject","inLanguage":"en-US","@id":"https:\/\/papirplast.com\/#\/schema\/logo\/image\/","url":"https:\/\/papirplast.com\/wp-content\/uploads\/2020\/02\/logo.png","contentUrl":"https:\/\/papirplast.com\/wp-content\/uploads\/2020\/02\/logo.png","width":600,"height":161,"caption":"PapirPlast"},"image":{"@id":"https:\/\/papirplast.com\/#\/schema\/logo\/image\/"},"sameAs":["https:\/\/www.facebook.com\/PapirPlastArandjelovac\/?locale=sr_RS"]}]}},"_links":{"self":[{"href":"https:\/\/papirplast.com\/en\/wp-json\/wp\/v2\/product\/10064","targetHints":{"allow":["GET"]}}],"collection":[{"href":"https:\/\/papirplast.com\/en\/wp-json\/wp\/v2\/product"}],"about":[{"href":"https:\/\/papirplast.com\/en\/wp-json\/wp\/v2\/types\/product"}],"wp:featuredmedia":[{"embeddable":true,"href":"https:\/\/papirplast.com\/en\/wp-json\/wp\/v2\/media\/14572"}],"wp:attachment":[{"href":"https:\/\/papirplast.com\/en\/wp-json\/wp\/v2\/media?parent=10064"}],"wp:term":[{"taxonomy":"product_brand","embeddable":true,"href":"https:\/\/papirplast.com\/en\/wp-json\/wp\/v2\/product_brand?post=10064"},{"taxonomy":"product_cat","embeddable":true,"href":"https:\/\/papirplast.com\/en\/wp-json\/wp\/v2\/product_cat?post=10064"},{"taxonomy":"product_tag","embeddable":true,"href":"https:\/\/papirplast.com\/en\/wp-json\/wp\/v2\/product_tag?post=10064"}],"curies":[{"name":"wp","href":"https:\/\/api.w.org\/{rel}","templated":true}]}}