{"id":10074,"date":"2020-02-10T10:06:19","date_gmt":"2020-02-10T10:06:19","guid":{"rendered":"https:\/\/papirplast.com\/product\/pesluk-texo-contrast-tx19\/"},"modified":"2024-07-15T08:23:31","modified_gmt":"2024-07-15T08:23:31","slug":"pesluk-texo-contrast-tx19","status":"publish","type":"product","link":"https:\/\/papirplast.com\/en\/product\/pesluk-texo-contrast-tx19\/","title":{"rendered":"Prsluk texo contrast TX19"},"content":{"rendered":"<p>Ovaj novi, lagani prsluk izvrstan je dodatak Portwest Texo kolekciji. Modernog dizajna, idealan za tople uslove. Vi\u0161estruki d\u017eepovi pru\u017eaju sigurnu pohranu i prakti\u010dnost, a pamu\u010dna tkanina maksimalnu udobnost.<\/p>\n<ul class=\"features-text\">\n<li>Visokokvalitetan pamuk za ve\u0107u udobnost<\/li>\n<li>Ovi odjevni predmeti odr\u017eavaju svoj oblik i nakon pranja jer se tkanina ne gu\u017eva<\/li>\n<li>Kontrastna boja za za\u0161titu od prljav\u0161tine<\/li>\n<li>Za\u0161titni preklop na prednjicir<br \/>\n\u0161titi od vanjskih utjecaja<\/li>\n<li>Skriven patent zatvara\u010d za dodatnu sigurnost<\/li>\n<li>D\u017eepovi na prsima<\/li>\n<li>Duboki d\u017eepovi za pohranu<\/li>\n<li>D\u017eep za mobitel<\/li>\n<li>D-ring za klju\u010deve i osobne iskaznice<\/li>\n<li>Dodatno pro\u0161iveno na svim klju\u010dnim to\u010dkama<\/li>\n<li>Tkanina razine 50+ UPF blokira 98% UV zraka<\/li>\n<li>5 d\u017eepova za pohranu<\/li>\n<\/ul>","protected":false},"excerpt":{"rendered":"<p>Ovaj novi, lagani prsluk izvrstan je dodatak Portwest Texo kolekciji. Modernog dizajna, idealan za tople uslove. Vi\u0161estruki d\u017eepovi pru\u017eaju sigurnu pohranu i prakti\u010dnost, a pamu\u010dna tkanina maksimalnu udobnost. Visokokvalitetan pamuk za ve\u0107u udobnost Ovi odjevni predmeti odr\u017eavaju svoj oblik i nakon pranja jer se tkanina ne gu\u017eva Kontrastna boja za za\u0161titu od prljav\u0161tine Za\u0161titni preklop [&hellip;]<\/p>\n","protected":false},"featured_media":14563,"template":"","meta":{"_monsterinsights_skip_tracking":false,"_monsterinsights_sitenote_active":false,"_monsterinsights_sitenote_note":"","_monsterinsights_sitenote_category":0},"product_brand":[],"product_cat":[97],"product_tag":[306,325],"class_list":{"0":"post-10074","1":"product","2":"type-product","3":"status-publish","4":"has-post-thumbnail","6":"product_cat-htz-oprema","7":"product_tag-htz","8":"product_tag-prsluci","10":"first","11":"instock","12":"sale","13":"shipping-taxable","14":"purchasable","15":"product-type-variable","16":"has-default-attributes"},"yoast_head":"<!-- This site is optimized with the Yoast SEO plugin v27.5 - https:\/\/yoast.com\/product\/yoast-seo-wordpress\/ -->\n<title>Prsluk texo contrast TX19 | PapirPlast<\/title>\n<meta name=\"description\" content=\"Novi, lagani prsluk izvrstan je dodatak Portwest Texo kolekciji. Modernog dizajna, idealan za tople uslove. Vi\u0161estruki d\u017eepovi pru\u017eaju siguro odlaganje.\" \/>\n<meta name=\"robots\" content=\"index, follow, max-snippet:-1, max-image-preview:large, max-video-preview:-1\" \/>\n<link rel=\"canonical\" href=\"https:\/\/papirplast.com\/en\/product\/pesluk-texo-contrast-tx19\/\" \/>\n<meta property=\"og:locale\" content=\"en_US\" \/>\n<meta property=\"og:type\" content=\"article\" \/>\n<meta property=\"og:title\" content=\"Prsluk texo contrast TX19 | PapirPlast\" \/>\n<meta property=\"og:description\" content=\"Novi, lagani prsluk izvrstan je dodatak Portwest Texo kolekciji. Modernog dizajna, idealan za tople uslove. Vi\u0161estruki d\u017eepovi pru\u017eaju siguro odlaganje.\" \/>\n<meta property=\"og:url\" content=\"https:\/\/papirplast.com\/en\/product\/pesluk-texo-contrast-tx19\/\" \/>\n<meta property=\"og:site_name\" content=\"PapirPlast\" \/>\n<meta property=\"article:publisher\" content=\"https:\/\/www.facebook.com\/PapirPlastArandjelovac\/?locale=sr_RS\" \/>\n<meta property=\"article:modified_time\" content=\"2024-07-15T08:23:31+00:00\" \/>\n<meta property=\"og:image\" content=\"https:\/\/papirplast.com\/wp-content\/uploads\/2023\/02\/prsluk-tx19-1.png\" \/>\n\t<meta property=\"og:image:width\" content=\"500\" \/>\n\t<meta property=\"og:image:height\" content=\"500\" \/>\n\t<meta property=\"og:image:type\" content=\"image\/png\" \/>\n<meta name=\"twitter:card\" content=\"summary_large_image\" \/>\n<meta name=\"twitter:label1\" content=\"Est. reading time\" \/>\n\t<meta name=\"twitter:data1\" content=\"1 minute\" \/>\n<script type=\"application\/ld+json\" class=\"yoast-schema-graph\">{\"@context\":\"https:\\\/\\\/schema.org\",\"@graph\":[{\"@type\":\"WebPage\",\"@id\":\"https:\\\/\\\/papirplast.com\\\/product\\\/pesluk-texo-contrast-tx19\\\/\",\"url\":\"https:\\\/\\\/papirplast.com\\\/product\\\/pesluk-texo-contrast-tx19\\\/\",\"name\":\"Prsluk texo contrast TX19 | PapirPlast\",\"isPartOf\":{\"@id\":\"https:\\\/\\\/papirplast.com\\\/#website\"},\"primaryImageOfPage\":{\"@id\":\"https:\\\/\\\/papirplast.com\\\/product\\\/pesluk-texo-contrast-tx19\\\/#primaryimage\"},\"image\":{\"@id\":\"https:\\\/\\\/papirplast.com\\\/product\\\/pesluk-texo-contrast-tx19\\\/#primaryimage\"},\"thumbnailUrl\":\"https:\\\/\\\/papirplast.com\\\/wp-content\\\/uploads\\\/2023\\\/02\\\/prsluk-tx19-1.png\",\"datePublished\":\"2020-02-10T10:06:19+00:00\",\"dateModified\":\"2024-07-15T08:23:31+00:00\",\"description\":\"Novi, lagani prsluk izvrstan je dodatak Portwest Texo kolekciji. Modernog dizajna, idealan za tople uslove. Vi\u0161estruki d\u017eepovi pru\u017eaju siguro odlaganje.\",\"breadcrumb\":{\"@id\":\"https:\\\/\\\/papirplast.com\\\/product\\\/pesluk-texo-contrast-tx19\\\/#breadcrumb\"},\"inLanguage\":\"en-US\",\"potentialAction\":[{\"@type\":\"ReadAction\",\"target\":[\"https:\\\/\\\/papirplast.com\\\/product\\\/pesluk-texo-contrast-tx19\\\/\"]}]},{\"@type\":\"ImageObject\",\"inLanguage\":\"en-US\",\"@id\":\"https:\\\/\\\/papirplast.com\\\/product\\\/pesluk-texo-contrast-tx19\\\/#primaryimage\",\"url\":\"https:\\\/\\\/papirplast.com\\\/wp-content\\\/uploads\\\/2023\\\/02\\\/prsluk-tx19-1.png\",\"contentUrl\":\"https:\\\/\\\/papirplast.com\\\/wp-content\\\/uploads\\\/2023\\\/02\\\/prsluk-tx19-1.png\",\"width\":500,\"height\":500},{\"@type\":\"BreadcrumbList\",\"@id\":\"https:\\\/\\\/papirplast.com\\\/product\\\/pesluk-texo-contrast-tx19\\\/#breadcrumb\",\"itemListElement\":[{\"@type\":\"ListItem\",\"position\":1,\"name\":\"Home\",\"item\":\"https:\\\/\\\/papirplast.com\\\/\"},{\"@type\":\"ListItem\",\"position\":2,\"name\":\"Prodavnica\",\"item\":\"https:\\\/\\\/papirplast.com\\\/shop\\\/\"},{\"@type\":\"ListItem\",\"position\":3,\"name\":\"Prsluk texo contrast TX19\"}]},{\"@type\":\"WebSite\",\"@id\":\"https:\\\/\\\/papirplast.com\\\/#website\",\"url\":\"https:\\\/\\\/papirplast.com\\\/\",\"name\":\"PapirPlast\",\"description\":\"\",\"publisher\":{\"@id\":\"https:\\\/\\\/papirplast.com\\\/#organization\"},\"potentialAction\":[{\"@type\":\"SearchAction\",\"target\":{\"@type\":\"EntryPoint\",\"urlTemplate\":\"https:\\\/\\\/papirplast.com\\\/?s={search_term_string}\"},\"query-input\":{\"@type\":\"PropertyValueSpecification\",\"valueRequired\":true,\"valueName\":\"search_term_string\"}}],\"inLanguage\":\"en-US\"},{\"@type\":\"Organization\",\"@id\":\"https:\\\/\\\/papirplast.com\\\/#organization\",\"name\":\"PapirPlast\",\"url\":\"https:\\\/\\\/papirplast.com\\\/\",\"logo\":{\"@type\":\"ImageObject\",\"inLanguage\":\"en-US\",\"@id\":\"https:\\\/\\\/papirplast.com\\\/#\\\/schema\\\/logo\\\/image\\\/\",\"url\":\"https:\\\/\\\/papirplast.com\\\/wp-content\\\/uploads\\\/2020\\\/02\\\/logo.png\",\"contentUrl\":\"https:\\\/\\\/papirplast.com\\\/wp-content\\\/uploads\\\/2020\\\/02\\\/logo.png\",\"width\":600,\"height\":161,\"caption\":\"PapirPlast\"},\"image\":{\"@id\":\"https:\\\/\\\/papirplast.com\\\/#\\\/schema\\\/logo\\\/image\\\/\"},\"sameAs\":[\"https:\\\/\\\/www.facebook.com\\\/PapirPlastArandjelovac\\\/?locale=sr_RS\"]}]}<\/script>\n<!-- \/ Yoast SEO plugin. -->","yoast_head_json":{"title":"Prsluk texo contrast TX19 | PapirPlast","description":"Novi, lagani prsluk izvrstan je dodatak Portwest Texo kolekciji. Modernog dizajna, idealan za tople uslove. Vi\u0161estruki d\u017eepovi pru\u017eaju siguro odlaganje.","robots":{"index":"index","follow":"follow","max-snippet":"max-snippet:-1","max-image-preview":"max-image-preview:large","max-video-preview":"max-video-preview:-1"},"canonical":"https:\/\/papirplast.com\/en\/product\/pesluk-texo-contrast-tx19\/","og_locale":"en_US","og_type":"article","og_title":"Prsluk texo contrast TX19 | PapirPlast","og_description":"Novi, lagani prsluk izvrstan je dodatak Portwest Texo kolekciji. Modernog dizajna, idealan za tople uslove. Vi\u0161estruki d\u017eepovi pru\u017eaju siguro odlaganje.","og_url":"https:\/\/papirplast.com\/en\/product\/pesluk-texo-contrast-tx19\/","og_site_name":"PapirPlast","article_publisher":"https:\/\/www.facebook.com\/PapirPlastArandjelovac\/?locale=sr_RS","article_modified_time":"2024-07-15T08:23:31+00:00","og_image":[{"width":500,"height":500,"url":"https:\/\/papirplast.com\/wp-content\/uploads\/2023\/02\/prsluk-tx19-1.png","type":"image\/png"}],"twitter_card":"summary_large_image","twitter_misc":{"Est. reading time":"1 minute"},"schema":{"@context":"https:\/\/schema.org","@graph":[{"@type":"WebPage","@id":"https:\/\/papirplast.com\/product\/pesluk-texo-contrast-tx19\/","url":"https:\/\/papirplast.com\/product\/pesluk-texo-contrast-tx19\/","name":"Prsluk texo contrast TX19 | PapirPlast","isPartOf":{"@id":"https:\/\/papirplast.com\/#website"},"primaryImageOfPage":{"@id":"https:\/\/papirplast.com\/product\/pesluk-texo-contrast-tx19\/#primaryimage"},"image":{"@id":"https:\/\/papirplast.com\/product\/pesluk-texo-contrast-tx19\/#primaryimage"},"thumbnailUrl":"https:\/\/papirplast.com\/wp-content\/uploads\/2023\/02\/prsluk-tx19-1.png","datePublished":"2020-02-10T10:06:19+00:00","dateModified":"2024-07-15T08:23:31+00:00","description":"Novi, lagani prsluk izvrstan je dodatak Portwest Texo kolekciji. Modernog dizajna, idealan za tople uslove. Vi\u0161estruki d\u017eepovi pru\u017eaju siguro odlaganje.","breadcrumb":{"@id":"https:\/\/papirplast.com\/product\/pesluk-texo-contrast-tx19\/#breadcrumb"},"inLanguage":"en-US","potentialAction":[{"@type":"ReadAction","target":["https:\/\/papirplast.com\/product\/pesluk-texo-contrast-tx19\/"]}]},{"@type":"ImageObject","inLanguage":"en-US","@id":"https:\/\/papirplast.com\/product\/pesluk-texo-contrast-tx19\/#primaryimage","url":"https:\/\/papirplast.com\/wp-content\/uploads\/2023\/02\/prsluk-tx19-1.png","contentUrl":"https:\/\/papirplast.com\/wp-content\/uploads\/2023\/02\/prsluk-tx19-1.png","width":500,"height":500},{"@type":"BreadcrumbList","@id":"https:\/\/papirplast.com\/product\/pesluk-texo-contrast-tx19\/#breadcrumb","itemListElement":[{"@type":"ListItem","position":1,"name":"Home","item":"https:\/\/papirplast.com\/"},{"@type":"ListItem","position":2,"name":"Prodavnica","item":"https:\/\/papirplast.com\/shop\/"},{"@type":"ListItem","position":3,"name":"Prsluk texo contrast TX19"}]},{"@type":"WebSite","@id":"https:\/\/papirplast.com\/#website","url":"https:\/\/papirplast.com\/","name":"PapirPlast","description":"","publisher":{"@id":"https:\/\/papirplast.com\/#organization"},"potentialAction":[{"@type":"SearchAction","target":{"@type":"EntryPoint","urlTemplate":"https:\/\/papirplast.com\/?s={search_term_string}"},"query-input":{"@type":"PropertyValueSpecification","valueRequired":true,"valueName":"search_term_string"}}],"inLanguage":"en-US"},{"@type":"Organization","@id":"https:\/\/papirplast.com\/#organization","name":"PapirPlast","url":"https:\/\/papirplast.com\/","logo":{"@type":"ImageObject","inLanguage":"en-US","@id":"https:\/\/papirplast.com\/#\/schema\/logo\/image\/","url":"https:\/\/papirplast.com\/wp-content\/uploads\/2020\/02\/logo.png","contentUrl":"https:\/\/papirplast.com\/wp-content\/uploads\/2020\/02\/logo.png","width":600,"height":161,"caption":"PapirPlast"},"image":{"@id":"https:\/\/papirplast.com\/#\/schema\/logo\/image\/"},"sameAs":["https:\/\/www.facebook.com\/PapirPlastArandjelovac\/?locale=sr_RS"]}]}},"_links":{"self":[{"href":"https:\/\/papirplast.com\/en\/wp-json\/wp\/v2\/product\/10074","targetHints":{"allow":["GET"]}}],"collection":[{"href":"https:\/\/papirplast.com\/en\/wp-json\/wp\/v2\/product"}],"about":[{"href":"https:\/\/papirplast.com\/en\/wp-json\/wp\/v2\/types\/product"}],"wp:featuredmedia":[{"embeddable":true,"href":"https:\/\/papirplast.com\/en\/wp-json\/wp\/v2\/media\/14563"}],"wp:attachment":[{"href":"https:\/\/papirplast.com\/en\/wp-json\/wp\/v2\/media?parent=10074"}],"wp:term":[{"taxonomy":"product_brand","embeddable":true,"href":"https:\/\/papirplast.com\/en\/wp-json\/wp\/v2\/product_brand?post=10074"},{"taxonomy":"product_cat","embeddable":true,"href":"https:\/\/papirplast.com\/en\/wp-json\/wp\/v2\/product_cat?post=10074"},{"taxonomy":"product_tag","embeddable":true,"href":"https:\/\/papirplast.com\/en\/wp-json\/wp\/v2\/product_tag?post=10074"}],"curies":[{"name":"wp","href":"https:\/\/api.w.org\/{rel}","templated":true}]}}