{"id":10083,"date":"2020-02-10T10:06:21","date_gmt":"2020-02-10T10:06:21","guid":{"rendered":"https:\/\/papirplast.com\/product\/kx3-flexi-pantalone-t803\/"},"modified":"2024-07-15T08:23:31","modified_gmt":"2024-07-15T08:23:31","slug":"kx3-flexi-pantalone-t803","status":"publish","type":"product","link":"https:\/\/papirplast.com\/en\/product\/kx3-flexi-pantalone-t803\/","title":{"rendered":"Pantalone flexi T803"},"content":{"rendered":"<p>Radne pantalone uskog kroja koje pru\u017eaju neverovatnu udobnost i fleksibilnost. Oja\u010dani paneli na kolenima sa suptilnom artikulacijom omogu\u0107avaju pove\u0107anu slobodu pokreta dok rebrasti pojas u struku i elasti\u010dne ranfle na nogavicama osiguravaju univerzalano pristajanje. Dodatne karakteristike uklju\u010duju unapred oblikovana kolena, umetak na preponama i mno\u0161tvo d\u017eepova idealnih za sigurno odlaganje telefona, olovaka i alata.<\/p>\n<ul class=\"features-text\">\n<li>Moderan dizajn \u010distih linija<\/li>\n<li>Materijal koji se iste\u017ee u 4 pravcar<br \/>\nradi lako\u0107e pokreta i udobnosti<\/li>\n<li>Pantalone uskog kroja sa renderima<\/li>\n<li>Unapred oblikovana kolena omogu\u0107avaju pove\u0107anu slobodu pokreta<\/li>\n<li>Dvoslojna oja\u010dana za\u0161tita za kolena za dodatnu ja\u010dinu i izdr\u017eljivost<\/li>\n<li>Rebrasti pojas sa u\u010dkurom omogu\u0107ava univerzalno pristajanje<\/li>\n<li>Umetak na preponama smanjuje optere\u0107enje i spre\u010dava pucanje \u0161ava<\/li>\n<li>5 d\u017eepova za obimno skladi\u0161tenje<\/li>\n<li>D-prsten za klju\u010deve i legitimaciju<\/li>\n<li>Lagani grip poteza\u010di na svim rajsfer\u0161lusima<\/li>\n<li>Pro\u0161tepano na svim mestima optere\u0107enja<\/li>\n<li>*Registrovan dizajn Evropske zajednice<\/li>\n<\/ul>","protected":false},"excerpt":{"rendered":"<p>Radne pantalone uskog kroja koje pru\u017eaju neverovatnu udobnost i fleksibilnost. Oja\u010dani paneli na kolenima sa suptilnom artikulacijom omogu\u0107avaju pove\u0107anu slobodu pokreta dok rebrasti pojas u struku i elasti\u010dne ranfle na nogavicama osiguravaju univerzalano pristajanje. Dodatne karakteristike uklju\u010duju unapred oblikovana kolena, umetak na preponama i mno\u0161tvo d\u017eepova idealnih za sigurno odlaganje telefona, olovaka i alata. Moderan [&hellip;]<\/p>\n","protected":false},"featured_media":14388,"template":"","meta":{"_monsterinsights_skip_tracking":false,"_monsterinsights_sitenote_active":false,"_monsterinsights_sitenote_note":"","_monsterinsights_sitenote_category":0},"product_brand":[],"product_cat":[97],"product_tag":[306,315],"class_list":{"0":"post-10083","1":"product","2":"type-product","3":"status-publish","4":"has-post-thumbnail","6":"product_cat-htz-oprema","7":"product_tag-htz","8":"product_tag-pantalone","10":"first","11":"instock","12":"sale","13":"shipping-taxable","14":"purchasable","15":"product-type-simple"},"yoast_head":"<!-- This site is optimized with the Yoast SEO plugin v27.4 - https:\/\/yoast.com\/product\/yoast-seo-wordpress\/ -->\n<title>Pantalone flexi T803 | PapirPlast<\/title>\n<meta name=\"description\" content=\"Radne pantalone uskog kroja koje pru\u017eaju neverovatnu udobnost i fleksibilnost. Oja\u010dani paneli na kolenima omogu\u0107avaju pove\u0107anu slobodu pokreta.\" \/>\n<meta name=\"robots\" content=\"index, follow, max-snippet:-1, max-image-preview:large, max-video-preview:-1\" \/>\n<link rel=\"canonical\" href=\"https:\/\/papirplast.com\/en\/product\/kx3-flexi-pantalone-t803\/\" \/>\n<meta property=\"og:locale\" content=\"en_US\" \/>\n<meta property=\"og:type\" content=\"article\" \/>\n<meta property=\"og:title\" content=\"Pantalone flexi T803 | PapirPlast\" \/>\n<meta property=\"og:description\" content=\"Radne pantalone uskog kroja koje pru\u017eaju neverovatnu udobnost i fleksibilnost. Oja\u010dani paneli na kolenima omogu\u0107avaju pove\u0107anu slobodu pokreta.\" \/>\n<meta property=\"og:url\" content=\"https:\/\/papirplast.com\/en\/product\/kx3-flexi-pantalone-t803\/\" \/>\n<meta property=\"og:site_name\" content=\"PapirPlast\" \/>\n<meta property=\"article:publisher\" content=\"https:\/\/www.facebook.com\/PapirPlastArandjelovac\/?locale=sr_RS\" \/>\n<meta property=\"article:modified_time\" content=\"2024-07-15T08:23:31+00:00\" \/>\n<meta property=\"og:image\" content=\"https:\/\/papirplast.com\/wp-content\/uploads\/2023\/02\/pantalone-flexi-t803.png\" \/>\n\t<meta property=\"og:image:width\" content=\"500\" \/>\n\t<meta property=\"og:image:height\" content=\"500\" \/>\n\t<meta property=\"og:image:type\" content=\"image\/png\" \/>\n<meta name=\"twitter:card\" content=\"summary_large_image\" \/>\n<meta name=\"twitter:label1\" content=\"Est. reading time\" \/>\n\t<meta name=\"twitter:data1\" content=\"1 minute\" \/>\n<script type=\"application\/ld+json\" class=\"yoast-schema-graph\">{\"@context\":\"https:\\\/\\\/schema.org\",\"@graph\":[{\"@type\":\"WebPage\",\"@id\":\"https:\\\/\\\/papirplast.com\\\/product\\\/kx3-flexi-pantalone-t803\\\/\",\"url\":\"https:\\\/\\\/papirplast.com\\\/product\\\/kx3-flexi-pantalone-t803\\\/\",\"name\":\"Pantalone flexi T803 | PapirPlast\",\"isPartOf\":{\"@id\":\"https:\\\/\\\/papirplast.com\\\/#website\"},\"primaryImageOfPage\":{\"@id\":\"https:\\\/\\\/papirplast.com\\\/product\\\/kx3-flexi-pantalone-t803\\\/#primaryimage\"},\"image\":{\"@id\":\"https:\\\/\\\/papirplast.com\\\/product\\\/kx3-flexi-pantalone-t803\\\/#primaryimage\"},\"thumbnailUrl\":\"https:\\\/\\\/papirplast.com\\\/wp-content\\\/uploads\\\/2023\\\/02\\\/pantalone-flexi-t803.png\",\"datePublished\":\"2020-02-10T10:06:21+00:00\",\"dateModified\":\"2024-07-15T08:23:31+00:00\",\"description\":\"Radne pantalone uskog kroja koje pru\u017eaju neverovatnu udobnost i fleksibilnost. Oja\u010dani paneli na kolenima omogu\u0107avaju pove\u0107anu slobodu pokreta.\",\"breadcrumb\":{\"@id\":\"https:\\\/\\\/papirplast.com\\\/product\\\/kx3-flexi-pantalone-t803\\\/#breadcrumb\"},\"inLanguage\":\"en-US\",\"potentialAction\":[{\"@type\":\"ReadAction\",\"target\":[\"https:\\\/\\\/papirplast.com\\\/product\\\/kx3-flexi-pantalone-t803\\\/\"]}]},{\"@type\":\"ImageObject\",\"inLanguage\":\"en-US\",\"@id\":\"https:\\\/\\\/papirplast.com\\\/product\\\/kx3-flexi-pantalone-t803\\\/#primaryimage\",\"url\":\"https:\\\/\\\/papirplast.com\\\/wp-content\\\/uploads\\\/2023\\\/02\\\/pantalone-flexi-t803.png\",\"contentUrl\":\"https:\\\/\\\/papirplast.com\\\/wp-content\\\/uploads\\\/2023\\\/02\\\/pantalone-flexi-t803.png\",\"width\":500,\"height\":500},{\"@type\":\"BreadcrumbList\",\"@id\":\"https:\\\/\\\/papirplast.com\\\/product\\\/kx3-flexi-pantalone-t803\\\/#breadcrumb\",\"itemListElement\":[{\"@type\":\"ListItem\",\"position\":1,\"name\":\"Home\",\"item\":\"https:\\\/\\\/papirplast.com\\\/\"},{\"@type\":\"ListItem\",\"position\":2,\"name\":\"Prodavnica\",\"item\":\"https:\\\/\\\/papirplast.com\\\/shop\\\/\"},{\"@type\":\"ListItem\",\"position\":3,\"name\":\"Pantalone flexi T803\"}]},{\"@type\":\"WebSite\",\"@id\":\"https:\\\/\\\/papirplast.com\\\/#website\",\"url\":\"https:\\\/\\\/papirplast.com\\\/\",\"name\":\"PapirPlast\",\"description\":\"\",\"publisher\":{\"@id\":\"https:\\\/\\\/papirplast.com\\\/#organization\"},\"potentialAction\":[{\"@type\":\"SearchAction\",\"target\":{\"@type\":\"EntryPoint\",\"urlTemplate\":\"https:\\\/\\\/papirplast.com\\\/?s={search_term_string}\"},\"query-input\":{\"@type\":\"PropertyValueSpecification\",\"valueRequired\":true,\"valueName\":\"search_term_string\"}}],\"inLanguage\":\"en-US\"},{\"@type\":\"Organization\",\"@id\":\"https:\\\/\\\/papirplast.com\\\/#organization\",\"name\":\"PapirPlast\",\"url\":\"https:\\\/\\\/papirplast.com\\\/\",\"logo\":{\"@type\":\"ImageObject\",\"inLanguage\":\"en-US\",\"@id\":\"https:\\\/\\\/papirplast.com\\\/#\\\/schema\\\/logo\\\/image\\\/\",\"url\":\"https:\\\/\\\/papirplast.com\\\/wp-content\\\/uploads\\\/2020\\\/02\\\/logo.png\",\"contentUrl\":\"https:\\\/\\\/papirplast.com\\\/wp-content\\\/uploads\\\/2020\\\/02\\\/logo.png\",\"width\":600,\"height\":161,\"caption\":\"PapirPlast\"},\"image\":{\"@id\":\"https:\\\/\\\/papirplast.com\\\/#\\\/schema\\\/logo\\\/image\\\/\"},\"sameAs\":[\"https:\\\/\\\/www.facebook.com\\\/PapirPlastArandjelovac\\\/?locale=sr_RS\"]}]}<\/script>\n<!-- \/ Yoast SEO plugin. -->","yoast_head_json":{"title":"Pantalone flexi T803 | PapirPlast","description":"Radne pantalone uskog kroja koje pru\u017eaju neverovatnu udobnost i fleksibilnost. Oja\u010dani paneli na kolenima omogu\u0107avaju pove\u0107anu slobodu pokreta.","robots":{"index":"index","follow":"follow","max-snippet":"max-snippet:-1","max-image-preview":"max-image-preview:large","max-video-preview":"max-video-preview:-1"},"canonical":"https:\/\/papirplast.com\/en\/product\/kx3-flexi-pantalone-t803\/","og_locale":"en_US","og_type":"article","og_title":"Pantalone flexi T803 | PapirPlast","og_description":"Radne pantalone uskog kroja koje pru\u017eaju neverovatnu udobnost i fleksibilnost. Oja\u010dani paneli na kolenima omogu\u0107avaju pove\u0107anu slobodu pokreta.","og_url":"https:\/\/papirplast.com\/en\/product\/kx3-flexi-pantalone-t803\/","og_site_name":"PapirPlast","article_publisher":"https:\/\/www.facebook.com\/PapirPlastArandjelovac\/?locale=sr_RS","article_modified_time":"2024-07-15T08:23:31+00:00","og_image":[{"width":500,"height":500,"url":"https:\/\/papirplast.com\/wp-content\/uploads\/2023\/02\/pantalone-flexi-t803.png","type":"image\/png"}],"twitter_card":"summary_large_image","twitter_misc":{"Est. reading time":"1 minute"},"schema":{"@context":"https:\/\/schema.org","@graph":[{"@type":"WebPage","@id":"https:\/\/papirplast.com\/product\/kx3-flexi-pantalone-t803\/","url":"https:\/\/papirplast.com\/product\/kx3-flexi-pantalone-t803\/","name":"Pantalone flexi T803 | PapirPlast","isPartOf":{"@id":"https:\/\/papirplast.com\/#website"},"primaryImageOfPage":{"@id":"https:\/\/papirplast.com\/product\/kx3-flexi-pantalone-t803\/#primaryimage"},"image":{"@id":"https:\/\/papirplast.com\/product\/kx3-flexi-pantalone-t803\/#primaryimage"},"thumbnailUrl":"https:\/\/papirplast.com\/wp-content\/uploads\/2023\/02\/pantalone-flexi-t803.png","datePublished":"2020-02-10T10:06:21+00:00","dateModified":"2024-07-15T08:23:31+00:00","description":"Radne pantalone uskog kroja koje pru\u017eaju neverovatnu udobnost i fleksibilnost. Oja\u010dani paneli na kolenima omogu\u0107avaju pove\u0107anu slobodu pokreta.","breadcrumb":{"@id":"https:\/\/papirplast.com\/product\/kx3-flexi-pantalone-t803\/#breadcrumb"},"inLanguage":"en-US","potentialAction":[{"@type":"ReadAction","target":["https:\/\/papirplast.com\/product\/kx3-flexi-pantalone-t803\/"]}]},{"@type":"ImageObject","inLanguage":"en-US","@id":"https:\/\/papirplast.com\/product\/kx3-flexi-pantalone-t803\/#primaryimage","url":"https:\/\/papirplast.com\/wp-content\/uploads\/2023\/02\/pantalone-flexi-t803.png","contentUrl":"https:\/\/papirplast.com\/wp-content\/uploads\/2023\/02\/pantalone-flexi-t803.png","width":500,"height":500},{"@type":"BreadcrumbList","@id":"https:\/\/papirplast.com\/product\/kx3-flexi-pantalone-t803\/#breadcrumb","itemListElement":[{"@type":"ListItem","position":1,"name":"Home","item":"https:\/\/papirplast.com\/"},{"@type":"ListItem","position":2,"name":"Prodavnica","item":"https:\/\/papirplast.com\/shop\/"},{"@type":"ListItem","position":3,"name":"Pantalone flexi T803"}]},{"@type":"WebSite","@id":"https:\/\/papirplast.com\/#website","url":"https:\/\/papirplast.com\/","name":"PapirPlast","description":"","publisher":{"@id":"https:\/\/papirplast.com\/#organization"},"potentialAction":[{"@type":"SearchAction","target":{"@type":"EntryPoint","urlTemplate":"https:\/\/papirplast.com\/?s={search_term_string}"},"query-input":{"@type":"PropertyValueSpecification","valueRequired":true,"valueName":"search_term_string"}}],"inLanguage":"en-US"},{"@type":"Organization","@id":"https:\/\/papirplast.com\/#organization","name":"PapirPlast","url":"https:\/\/papirplast.com\/","logo":{"@type":"ImageObject","inLanguage":"en-US","@id":"https:\/\/papirplast.com\/#\/schema\/logo\/image\/","url":"https:\/\/papirplast.com\/wp-content\/uploads\/2020\/02\/logo.png","contentUrl":"https:\/\/papirplast.com\/wp-content\/uploads\/2020\/02\/logo.png","width":600,"height":161,"caption":"PapirPlast"},"image":{"@id":"https:\/\/papirplast.com\/#\/schema\/logo\/image\/"},"sameAs":["https:\/\/www.facebook.com\/PapirPlastArandjelovac\/?locale=sr_RS"]}]}},"_links":{"self":[{"href":"https:\/\/papirplast.com\/en\/wp-json\/wp\/v2\/product\/10083","targetHints":{"allow":["GET"]}}],"collection":[{"href":"https:\/\/papirplast.com\/en\/wp-json\/wp\/v2\/product"}],"about":[{"href":"https:\/\/papirplast.com\/en\/wp-json\/wp\/v2\/types\/product"}],"wp:featuredmedia":[{"embeddable":true,"href":"https:\/\/papirplast.com\/en\/wp-json\/wp\/v2\/media\/14388"}],"wp:attachment":[{"href":"https:\/\/papirplast.com\/en\/wp-json\/wp\/v2\/media?parent=10083"}],"wp:term":[{"taxonomy":"product_brand","embeddable":true,"href":"https:\/\/papirplast.com\/en\/wp-json\/wp\/v2\/product_brand?post=10083"},{"taxonomy":"product_cat","embeddable":true,"href":"https:\/\/papirplast.com\/en\/wp-json\/wp\/v2\/product_cat?post=10083"},{"taxonomy":"product_tag","embeddable":true,"href":"https:\/\/papirplast.com\/en\/wp-json\/wp\/v2\/product_tag?post=10083"}],"curies":[{"name":"wp","href":"https:\/\/api.w.org\/{rel}","templated":true}]}}