{"id":10085,"date":"2020-02-10T10:06:21","date_gmt":"2020-02-10T10:06:21","guid":{"rendered":"https:\/\/papirplast.com\/product\/texo-contrast-pantalone-tx11\/"},"modified":"2024-07-15T08:23:31","modified_gmt":"2024-07-15T08:23:31","slug":"texo-contrast-pantalone-tx11","status":"publish","type":"product","link":"https:\/\/papirplast.com\/en\/product\/texo-contrast-pantalone-tx11\/","title":{"rendered":"Pantalone texo TX11"},"content":{"rendered":"<p>Ove moderne pantalone od pamuka su dizajnirane da pru\u017ee ultimativnu udobnost i funkcionalnost. Pametne karakteristike uklju\u010duju 9 d\u017eepova, d\u017eepove za \u0161titnike za kolena, polu-elasti\u010dni struk i rubove nogavica sa \u010di\u010dak trakom.<\/p>\n<ul class=\"features-text\">\n<li>Visok sadr\u017eaj pamuka za izvrsnu udobnost<\/li>\n<li>Materijal sa UPF 50+ ocenom blokira 98% UV zraka<\/li>\n<li>9 d\u017eepova za obimno skladi\u0161tenje<\/li>\n<li>Poluelasti\u010dni pojas za sigurno i udobno pristajanje<\/li>\n<li>Podesivi porub sa \u010di\u010dak trakom<\/li>\n<li>D-prsten na struku za klju\u010deve i legitimacije<\/li>\n<li>Dva na\u0161ivena d\u017eepa pozadi<\/li>\n<li>\u0160irok i odli\u010dan asortiman boja<\/li>\n<li>Dvostruko pro\u0161iveni \u0161avovi za dodatnu izdr\u017eljivost<\/li>\n<li>Pro\u0161tepano na svim mestima optere\u0107enja<\/li>\n<\/ul>","protected":false},"excerpt":{"rendered":"<p>Ove moderne pantalone od pamuka su dizajnirane da pru\u017ee ultimativnu udobnost i funkcionalnost. Pametne karakteristike uklju\u010duju 9 d\u017eepova, d\u017eepove za \u0161titnike za kolena, polu-elasti\u010dni struk i rubove nogavica sa \u010di\u010dak trakom. Visok sadr\u017eaj pamuka za izvrsnu udobnost Materijal sa UPF 50+ ocenom blokira 98% UV zraka 9 d\u017eepova za obimno skladi\u0161tenje Poluelasti\u010dni pojas za sigurno [&hellip;]<\/p>\n","protected":false},"featured_media":14408,"template":"","meta":{"_monsterinsights_skip_tracking":false,"_monsterinsights_sitenote_active":false,"_monsterinsights_sitenote_note":"","_monsterinsights_sitenote_category":0},"product_brand":[],"product_cat":[97],"product_tag":[306,315],"class_list":{"0":"post-10085","1":"product","2":"type-product","3":"status-publish","4":"has-post-thumbnail","6":"product_cat-htz-oprema","7":"product_tag-htz","8":"product_tag-pantalone","10":"first","11":"instock","12":"sale","13":"shipping-taxable","14":"purchasable","15":"product-type-simple"},"yoast_head":"<!-- This site is optimized with the Yoast SEO plugin v27.3 - https:\/\/yoast.com\/product\/yoast-seo-wordpress\/ -->\n<title>Pantalone texo TX11 | PapirPlast<\/title>\n<meta name=\"description\" content=\"Ove moderne pantalone od pamuka su dizajnirane da pru\u017ee ultimativnu udobnost i funkcionalnost. Pametne karakteristike uklju\u010duju 9 d\u017eepova.\" \/>\n<meta name=\"robots\" content=\"index, follow, max-snippet:-1, max-image-preview:large, max-video-preview:-1\" \/>\n<link rel=\"canonical\" href=\"https:\/\/papirplast.com\/en\/product\/texo-contrast-pantalone-tx11\/\" \/>\n<meta property=\"og:locale\" content=\"en_US\" \/>\n<meta property=\"og:type\" content=\"article\" \/>\n<meta property=\"og:title\" content=\"Pantalone texo TX11 | PapirPlast\" \/>\n<meta property=\"og:description\" content=\"Ove moderne pantalone od pamuka su dizajnirane da pru\u017ee ultimativnu udobnost i funkcionalnost. Pametne karakteristike uklju\u010duju 9 d\u017eepova.\" \/>\n<meta property=\"og:url\" content=\"https:\/\/papirplast.com\/en\/product\/texo-contrast-pantalone-tx11\/\" \/>\n<meta property=\"og:site_name\" content=\"PapirPlast\" \/>\n<meta property=\"article:publisher\" content=\"https:\/\/www.facebook.com\/PapirPlastArandjelovac\/?locale=sr_RS\" \/>\n<meta property=\"article:modified_time\" content=\"2024-07-15T08:23:31+00:00\" \/>\n<meta property=\"og:image\" content=\"https:\/\/papirplast.com\/wp-content\/uploads\/2023\/02\/Pantalone-texo-contrast-tx11.png\" \/>\n\t<meta property=\"og:image:width\" content=\"500\" \/>\n\t<meta property=\"og:image:height\" content=\"500\" \/>\n\t<meta property=\"og:image:type\" content=\"image\/png\" \/>\n<meta name=\"twitter:card\" content=\"summary_large_image\" \/>\n<meta name=\"twitter:label1\" content=\"Est. reading time\" \/>\n\t<meta name=\"twitter:data1\" content=\"1 minute\" \/>\n<script type=\"application\/ld+json\" class=\"yoast-schema-graph\">{\"@context\":\"https:\\\/\\\/schema.org\",\"@graph\":[{\"@type\":\"WebPage\",\"@id\":\"https:\\\/\\\/papirplast.com\\\/product\\\/texo-contrast-pantalone-tx11\\\/\",\"url\":\"https:\\\/\\\/papirplast.com\\\/product\\\/texo-contrast-pantalone-tx11\\\/\",\"name\":\"Pantalone texo TX11 | PapirPlast\",\"isPartOf\":{\"@id\":\"https:\\\/\\\/papirplast.com\\\/#website\"},\"primaryImageOfPage\":{\"@id\":\"https:\\\/\\\/papirplast.com\\\/product\\\/texo-contrast-pantalone-tx11\\\/#primaryimage\"},\"image\":{\"@id\":\"https:\\\/\\\/papirplast.com\\\/product\\\/texo-contrast-pantalone-tx11\\\/#primaryimage\"},\"thumbnailUrl\":\"https:\\\/\\\/papirplast.com\\\/wp-content\\\/uploads\\\/2023\\\/02\\\/Pantalone-texo-contrast-tx11.png\",\"datePublished\":\"2020-02-10T10:06:21+00:00\",\"dateModified\":\"2024-07-15T08:23:31+00:00\",\"description\":\"Ove moderne pantalone od pamuka su dizajnirane da pru\u017ee ultimativnu udobnost i funkcionalnost. Pametne karakteristike uklju\u010duju 9 d\u017eepova.\",\"breadcrumb\":{\"@id\":\"https:\\\/\\\/papirplast.com\\\/product\\\/texo-contrast-pantalone-tx11\\\/#breadcrumb\"},\"inLanguage\":\"en-US\",\"potentialAction\":[{\"@type\":\"ReadAction\",\"target\":[\"https:\\\/\\\/papirplast.com\\\/product\\\/texo-contrast-pantalone-tx11\\\/\"]}]},{\"@type\":\"ImageObject\",\"inLanguage\":\"en-US\",\"@id\":\"https:\\\/\\\/papirplast.com\\\/product\\\/texo-contrast-pantalone-tx11\\\/#primaryimage\",\"url\":\"https:\\\/\\\/papirplast.com\\\/wp-content\\\/uploads\\\/2023\\\/02\\\/Pantalone-texo-contrast-tx11.png\",\"contentUrl\":\"https:\\\/\\\/papirplast.com\\\/wp-content\\\/uploads\\\/2023\\\/02\\\/Pantalone-texo-contrast-tx11.png\",\"width\":500,\"height\":500},{\"@type\":\"BreadcrumbList\",\"@id\":\"https:\\\/\\\/papirplast.com\\\/product\\\/texo-contrast-pantalone-tx11\\\/#breadcrumb\",\"itemListElement\":[{\"@type\":\"ListItem\",\"position\":1,\"name\":\"Home\",\"item\":\"https:\\\/\\\/papirplast.com\\\/\"},{\"@type\":\"ListItem\",\"position\":2,\"name\":\"Prodavnica\",\"item\":\"https:\\\/\\\/papirplast.com\\\/shop\\\/\"},{\"@type\":\"ListItem\",\"position\":3,\"name\":\"Pantalone texo TX11\"}]},{\"@type\":\"WebSite\",\"@id\":\"https:\\\/\\\/papirplast.com\\\/#website\",\"url\":\"https:\\\/\\\/papirplast.com\\\/\",\"name\":\"PapirPlast\",\"description\":\"\",\"publisher\":{\"@id\":\"https:\\\/\\\/papirplast.com\\\/#organization\"},\"potentialAction\":[{\"@type\":\"SearchAction\",\"target\":{\"@type\":\"EntryPoint\",\"urlTemplate\":\"https:\\\/\\\/papirplast.com\\\/?s={search_term_string}\"},\"query-input\":{\"@type\":\"PropertyValueSpecification\",\"valueRequired\":true,\"valueName\":\"search_term_string\"}}],\"inLanguage\":\"en-US\"},{\"@type\":\"Organization\",\"@id\":\"https:\\\/\\\/papirplast.com\\\/#organization\",\"name\":\"PapirPlast\",\"url\":\"https:\\\/\\\/papirplast.com\\\/\",\"logo\":{\"@type\":\"ImageObject\",\"inLanguage\":\"en-US\",\"@id\":\"https:\\\/\\\/papirplast.com\\\/#\\\/schema\\\/logo\\\/image\\\/\",\"url\":\"https:\\\/\\\/papirplast.com\\\/wp-content\\\/uploads\\\/2020\\\/02\\\/logo.png\",\"contentUrl\":\"https:\\\/\\\/papirplast.com\\\/wp-content\\\/uploads\\\/2020\\\/02\\\/logo.png\",\"width\":600,\"height\":161,\"caption\":\"PapirPlast\"},\"image\":{\"@id\":\"https:\\\/\\\/papirplast.com\\\/#\\\/schema\\\/logo\\\/image\\\/\"},\"sameAs\":[\"https:\\\/\\\/www.facebook.com\\\/PapirPlastArandjelovac\\\/?locale=sr_RS\"]}]}<\/script>\n<!-- \/ Yoast SEO plugin. -->","yoast_head_json":{"title":"Pantalone texo TX11 | PapirPlast","description":"Ove moderne pantalone od pamuka su dizajnirane da pru\u017ee ultimativnu udobnost i funkcionalnost. Pametne karakteristike uklju\u010duju 9 d\u017eepova.","robots":{"index":"index","follow":"follow","max-snippet":"max-snippet:-1","max-image-preview":"max-image-preview:large","max-video-preview":"max-video-preview:-1"},"canonical":"https:\/\/papirplast.com\/en\/product\/texo-contrast-pantalone-tx11\/","og_locale":"en_US","og_type":"article","og_title":"Pantalone texo TX11 | PapirPlast","og_description":"Ove moderne pantalone od pamuka su dizajnirane da pru\u017ee ultimativnu udobnost i funkcionalnost. Pametne karakteristike uklju\u010duju 9 d\u017eepova.","og_url":"https:\/\/papirplast.com\/en\/product\/texo-contrast-pantalone-tx11\/","og_site_name":"PapirPlast","article_publisher":"https:\/\/www.facebook.com\/PapirPlastArandjelovac\/?locale=sr_RS","article_modified_time":"2024-07-15T08:23:31+00:00","og_image":[{"width":500,"height":500,"url":"https:\/\/papirplast.com\/wp-content\/uploads\/2023\/02\/Pantalone-texo-contrast-tx11.png","type":"image\/png"}],"twitter_card":"summary_large_image","twitter_misc":{"Est. reading time":"1 minute"},"schema":{"@context":"https:\/\/schema.org","@graph":[{"@type":"WebPage","@id":"https:\/\/papirplast.com\/product\/texo-contrast-pantalone-tx11\/","url":"https:\/\/papirplast.com\/product\/texo-contrast-pantalone-tx11\/","name":"Pantalone texo TX11 | PapirPlast","isPartOf":{"@id":"https:\/\/papirplast.com\/#website"},"primaryImageOfPage":{"@id":"https:\/\/papirplast.com\/product\/texo-contrast-pantalone-tx11\/#primaryimage"},"image":{"@id":"https:\/\/papirplast.com\/product\/texo-contrast-pantalone-tx11\/#primaryimage"},"thumbnailUrl":"https:\/\/papirplast.com\/wp-content\/uploads\/2023\/02\/Pantalone-texo-contrast-tx11.png","datePublished":"2020-02-10T10:06:21+00:00","dateModified":"2024-07-15T08:23:31+00:00","description":"Ove moderne pantalone od pamuka su dizajnirane da pru\u017ee ultimativnu udobnost i funkcionalnost. Pametne karakteristike uklju\u010duju 9 d\u017eepova.","breadcrumb":{"@id":"https:\/\/papirplast.com\/product\/texo-contrast-pantalone-tx11\/#breadcrumb"},"inLanguage":"en-US","potentialAction":[{"@type":"ReadAction","target":["https:\/\/papirplast.com\/product\/texo-contrast-pantalone-tx11\/"]}]},{"@type":"ImageObject","inLanguage":"en-US","@id":"https:\/\/papirplast.com\/product\/texo-contrast-pantalone-tx11\/#primaryimage","url":"https:\/\/papirplast.com\/wp-content\/uploads\/2023\/02\/Pantalone-texo-contrast-tx11.png","contentUrl":"https:\/\/papirplast.com\/wp-content\/uploads\/2023\/02\/Pantalone-texo-contrast-tx11.png","width":500,"height":500},{"@type":"BreadcrumbList","@id":"https:\/\/papirplast.com\/product\/texo-contrast-pantalone-tx11\/#breadcrumb","itemListElement":[{"@type":"ListItem","position":1,"name":"Home","item":"https:\/\/papirplast.com\/"},{"@type":"ListItem","position":2,"name":"Prodavnica","item":"https:\/\/papirplast.com\/shop\/"},{"@type":"ListItem","position":3,"name":"Pantalone texo TX11"}]},{"@type":"WebSite","@id":"https:\/\/papirplast.com\/#website","url":"https:\/\/papirplast.com\/","name":"PapirPlast","description":"","publisher":{"@id":"https:\/\/papirplast.com\/#organization"},"potentialAction":[{"@type":"SearchAction","target":{"@type":"EntryPoint","urlTemplate":"https:\/\/papirplast.com\/?s={search_term_string}"},"query-input":{"@type":"PropertyValueSpecification","valueRequired":true,"valueName":"search_term_string"}}],"inLanguage":"en-US"},{"@type":"Organization","@id":"https:\/\/papirplast.com\/#organization","name":"PapirPlast","url":"https:\/\/papirplast.com\/","logo":{"@type":"ImageObject","inLanguage":"en-US","@id":"https:\/\/papirplast.com\/#\/schema\/logo\/image\/","url":"https:\/\/papirplast.com\/wp-content\/uploads\/2020\/02\/logo.png","contentUrl":"https:\/\/papirplast.com\/wp-content\/uploads\/2020\/02\/logo.png","width":600,"height":161,"caption":"PapirPlast"},"image":{"@id":"https:\/\/papirplast.com\/#\/schema\/logo\/image\/"},"sameAs":["https:\/\/www.facebook.com\/PapirPlastArandjelovac\/?locale=sr_RS"]}]}},"_links":{"self":[{"href":"https:\/\/papirplast.com\/en\/wp-json\/wp\/v2\/product\/10085","targetHints":{"allow":["GET"]}}],"collection":[{"href":"https:\/\/papirplast.com\/en\/wp-json\/wp\/v2\/product"}],"about":[{"href":"https:\/\/papirplast.com\/en\/wp-json\/wp\/v2\/types\/product"}],"wp:featuredmedia":[{"embeddable":true,"href":"https:\/\/papirplast.com\/en\/wp-json\/wp\/v2\/media\/14408"}],"wp:attachment":[{"href":"https:\/\/papirplast.com\/en\/wp-json\/wp\/v2\/media?parent=10085"}],"wp:term":[{"taxonomy":"product_brand","embeddable":true,"href":"https:\/\/papirplast.com\/en\/wp-json\/wp\/v2\/product_brand?post=10085"},{"taxonomy":"product_cat","embeddable":true,"href":"https:\/\/papirplast.com\/en\/wp-json\/wp\/v2\/product_cat?post=10085"},{"taxonomy":"product_tag","embeddable":true,"href":"https:\/\/papirplast.com\/en\/wp-json\/wp\/v2\/product_tag?post=10085"}],"curies":[{"name":"wp","href":"https:\/\/api.w.org\/{rel}","templated":true}]}}