{"id":10088,"date":"2020-02-10T10:06:21","date_gmt":"2020-02-10T10:06:21","guid":{"rendered":"https:\/\/papirplast.com\/product\/rhine-pantalone-sa-tregerima-tx62\/"},"modified":"2024-07-15T08:23:31","modified_gmt":"2024-07-15T08:23:31","slug":"rhine-pantalone-sa-tregerima-tx62","status":"publish","type":"product","link":"https:\/\/papirplast.com\/en\/product\/rhine-pantalone-sa-tregerima-tx62\/","title":{"rendered":"Pantalone sa tregerima rhine TX62"},"content":{"rendered":"<p>Ove moderne pantalone sa tregerima su idealne za bilo koje industrijsko okru\u017eenje. Napravljene od izdr\u017eljive Kingsmill tkanine, pru\u017eaju neprevazi\u0111enu udobnost sa funkcionalnim karakteristikama.<\/p>\n<ul class=\"features-text\">\n<li>Izdr\u017eljiva tkanina unakrsno tkana koja ima odli\u010dnu postojanost boje<\/li>\n<li>Materijal sa UPF 50+ ocenom blokira 98% UV zraka<\/li>\n<li>8 d\u017eepova za obimno skladi\u0161tenje<\/li>\n<li>D\u017eep za mobilni telefon<\/li>\n<li>Elasti\u010dni zadnji deo da sigurno dr\u017ei kosu<\/li>\n<li>D-prsten za klju\u010deve i legitimaciju<\/li>\n<li>Pro\u0161tepano na svim mestima optere\u0107enja<\/li>\n<li>\u0160titnici za rajsfer\u0161lus<\/li>\n<li>Na\u0161iveni d\u017eep pozadi<\/li>\n<\/ul>","protected":false},"excerpt":{"rendered":"<p>Ove moderne pantalone sa tregerima su idealne za bilo koje industrijsko okru\u017eenje. Napravljene od izdr\u017eljive Kingsmill tkanine, pru\u017eaju neprevazi\u0111enu udobnost sa funkcionalnim karakteristikama. Izdr\u017eljiva tkanina unakrsno tkana koja ima odli\u010dnu postojanost boje Materijal sa UPF 50+ ocenom blokira 98% UV zraka 8 d\u017eepova za obimno skladi\u0161tenje D\u017eep za mobilni telefon Elasti\u010dni zadnji deo da sigurno [&hellip;]<\/p>\n","protected":false},"featured_media":14399,"template":"","meta":{"_monsterinsights_skip_tracking":false,"_monsterinsights_sitenote_active":false,"_monsterinsights_sitenote_note":"","_monsterinsights_sitenote_category":0},"product_brand":[],"product_cat":[97],"product_tag":[306,315],"class_list":{"0":"post-10088","1":"product","2":"type-product","3":"status-publish","4":"has-post-thumbnail","6":"product_cat-htz-oprema","7":"product_tag-htz","8":"product_tag-pantalone","10":"first","11":"instock","12":"sale","13":"shipping-taxable","14":"purchasable","15":"product-type-simple"},"yoast_head":"<!-- This site is optimized with the Yoast SEO plugin v27.3 - https:\/\/yoast.com\/product\/yoast-seo-wordpress\/ -->\n<title>Pantalone sa tregerima rhine TX62 | PapirPlast<\/title>\n<meta name=\"description\" content=\"Ove moderne pantalone sa tregerima su idealne za bilo koje industrijsko okru\u017eenje. Napravljene od izdr\u017eljive Kingsmill tkanine.\" \/>\n<meta name=\"robots\" content=\"index, follow, max-snippet:-1, max-image-preview:large, max-video-preview:-1\" \/>\n<link rel=\"canonical\" href=\"https:\/\/papirplast.com\/en\/product\/rhine-pantalone-sa-tregerima-tx62\/\" \/>\n<meta property=\"og:locale\" content=\"en_US\" \/>\n<meta property=\"og:type\" content=\"article\" \/>\n<meta property=\"og:title\" content=\"Pantalone sa tregerima rhine TX62 | PapirPlast\" \/>\n<meta property=\"og:description\" content=\"Ove moderne pantalone sa tregerima su idealne za bilo koje industrijsko okru\u017eenje. Napravljene od izdr\u017eljive Kingsmill tkanine.\" \/>\n<meta property=\"og:url\" content=\"https:\/\/papirplast.com\/en\/product\/rhine-pantalone-sa-tregerima-tx62\/\" \/>\n<meta property=\"og:site_name\" content=\"PapirPlast\" \/>\n<meta property=\"article:publisher\" content=\"https:\/\/www.facebook.com\/PapirPlastArandjelovac\/?locale=sr_RS\" \/>\n<meta property=\"article:modified_time\" content=\"2024-07-15T08:23:31+00:00\" \/>\n<meta property=\"og:image\" content=\"https:\/\/papirplast.com\/wp-content\/uploads\/2023\/02\/pantalone-sa-tregerima-rhine-tx62.png\" \/>\n\t<meta property=\"og:image:width\" content=\"500\" \/>\n\t<meta property=\"og:image:height\" content=\"500\" \/>\n\t<meta property=\"og:image:type\" content=\"image\/png\" \/>\n<meta name=\"twitter:card\" content=\"summary_large_image\" \/>\n<meta name=\"twitter:label1\" content=\"Est. reading time\" \/>\n\t<meta name=\"twitter:data1\" content=\"1 minute\" \/>\n<script type=\"application\/ld+json\" class=\"yoast-schema-graph\">{\"@context\":\"https:\\\/\\\/schema.org\",\"@graph\":[{\"@type\":\"WebPage\",\"@id\":\"https:\\\/\\\/papirplast.com\\\/product\\\/rhine-pantalone-sa-tregerima-tx62\\\/\",\"url\":\"https:\\\/\\\/papirplast.com\\\/product\\\/rhine-pantalone-sa-tregerima-tx62\\\/\",\"name\":\"Pantalone sa tregerima rhine TX62 | PapirPlast\",\"isPartOf\":{\"@id\":\"https:\\\/\\\/papirplast.com\\\/#website\"},\"primaryImageOfPage\":{\"@id\":\"https:\\\/\\\/papirplast.com\\\/product\\\/rhine-pantalone-sa-tregerima-tx62\\\/#primaryimage\"},\"image\":{\"@id\":\"https:\\\/\\\/papirplast.com\\\/product\\\/rhine-pantalone-sa-tregerima-tx62\\\/#primaryimage\"},\"thumbnailUrl\":\"https:\\\/\\\/papirplast.com\\\/wp-content\\\/uploads\\\/2023\\\/02\\\/pantalone-sa-tregerima-rhine-tx62.png\",\"datePublished\":\"2020-02-10T10:06:21+00:00\",\"dateModified\":\"2024-07-15T08:23:31+00:00\",\"description\":\"Ove moderne pantalone sa tregerima su idealne za bilo koje industrijsko okru\u017eenje. Napravljene od izdr\u017eljive Kingsmill tkanine.\",\"breadcrumb\":{\"@id\":\"https:\\\/\\\/papirplast.com\\\/product\\\/rhine-pantalone-sa-tregerima-tx62\\\/#breadcrumb\"},\"inLanguage\":\"en-US\",\"potentialAction\":[{\"@type\":\"ReadAction\",\"target\":[\"https:\\\/\\\/papirplast.com\\\/product\\\/rhine-pantalone-sa-tregerima-tx62\\\/\"]}]},{\"@type\":\"ImageObject\",\"inLanguage\":\"en-US\",\"@id\":\"https:\\\/\\\/papirplast.com\\\/product\\\/rhine-pantalone-sa-tregerima-tx62\\\/#primaryimage\",\"url\":\"https:\\\/\\\/papirplast.com\\\/wp-content\\\/uploads\\\/2023\\\/02\\\/pantalone-sa-tregerima-rhine-tx62.png\",\"contentUrl\":\"https:\\\/\\\/papirplast.com\\\/wp-content\\\/uploads\\\/2023\\\/02\\\/pantalone-sa-tregerima-rhine-tx62.png\",\"width\":500,\"height\":500},{\"@type\":\"BreadcrumbList\",\"@id\":\"https:\\\/\\\/papirplast.com\\\/product\\\/rhine-pantalone-sa-tregerima-tx62\\\/#breadcrumb\",\"itemListElement\":[{\"@type\":\"ListItem\",\"position\":1,\"name\":\"Home\",\"item\":\"https:\\\/\\\/papirplast.com\\\/\"},{\"@type\":\"ListItem\",\"position\":2,\"name\":\"Prodavnica\",\"item\":\"https:\\\/\\\/papirplast.com\\\/shop\\\/\"},{\"@type\":\"ListItem\",\"position\":3,\"name\":\"Pantalone sa tregerima rhine TX62\"}]},{\"@type\":\"WebSite\",\"@id\":\"https:\\\/\\\/papirplast.com\\\/#website\",\"url\":\"https:\\\/\\\/papirplast.com\\\/\",\"name\":\"PapirPlast\",\"description\":\"\",\"publisher\":{\"@id\":\"https:\\\/\\\/papirplast.com\\\/#organization\"},\"potentialAction\":[{\"@type\":\"SearchAction\",\"target\":{\"@type\":\"EntryPoint\",\"urlTemplate\":\"https:\\\/\\\/papirplast.com\\\/?s={search_term_string}\"},\"query-input\":{\"@type\":\"PropertyValueSpecification\",\"valueRequired\":true,\"valueName\":\"search_term_string\"}}],\"inLanguage\":\"en-US\"},{\"@type\":\"Organization\",\"@id\":\"https:\\\/\\\/papirplast.com\\\/#organization\",\"name\":\"PapirPlast\",\"url\":\"https:\\\/\\\/papirplast.com\\\/\",\"logo\":{\"@type\":\"ImageObject\",\"inLanguage\":\"en-US\",\"@id\":\"https:\\\/\\\/papirplast.com\\\/#\\\/schema\\\/logo\\\/image\\\/\",\"url\":\"https:\\\/\\\/papirplast.com\\\/wp-content\\\/uploads\\\/2020\\\/02\\\/logo.png\",\"contentUrl\":\"https:\\\/\\\/papirplast.com\\\/wp-content\\\/uploads\\\/2020\\\/02\\\/logo.png\",\"width\":600,\"height\":161,\"caption\":\"PapirPlast\"},\"image\":{\"@id\":\"https:\\\/\\\/papirplast.com\\\/#\\\/schema\\\/logo\\\/image\\\/\"},\"sameAs\":[\"https:\\\/\\\/www.facebook.com\\\/PapirPlastArandjelovac\\\/?locale=sr_RS\"]}]}<\/script>\n<!-- \/ Yoast SEO plugin. -->","yoast_head_json":{"title":"Pantalone sa tregerima rhine TX62 | PapirPlast","description":"Ove moderne pantalone sa tregerima su idealne za bilo koje industrijsko okru\u017eenje. Napravljene od izdr\u017eljive Kingsmill tkanine.","robots":{"index":"index","follow":"follow","max-snippet":"max-snippet:-1","max-image-preview":"max-image-preview:large","max-video-preview":"max-video-preview:-1"},"canonical":"https:\/\/papirplast.com\/en\/product\/rhine-pantalone-sa-tregerima-tx62\/","og_locale":"en_US","og_type":"article","og_title":"Pantalone sa tregerima rhine TX62 | PapirPlast","og_description":"Ove moderne pantalone sa tregerima su idealne za bilo koje industrijsko okru\u017eenje. Napravljene od izdr\u017eljive Kingsmill tkanine.","og_url":"https:\/\/papirplast.com\/en\/product\/rhine-pantalone-sa-tregerima-tx62\/","og_site_name":"PapirPlast","article_publisher":"https:\/\/www.facebook.com\/PapirPlastArandjelovac\/?locale=sr_RS","article_modified_time":"2024-07-15T08:23:31+00:00","og_image":[{"width":500,"height":500,"url":"https:\/\/papirplast.com\/wp-content\/uploads\/2023\/02\/pantalone-sa-tregerima-rhine-tx62.png","type":"image\/png"}],"twitter_card":"summary_large_image","twitter_misc":{"Est. reading time":"1 minute"},"schema":{"@context":"https:\/\/schema.org","@graph":[{"@type":"WebPage","@id":"https:\/\/papirplast.com\/product\/rhine-pantalone-sa-tregerima-tx62\/","url":"https:\/\/papirplast.com\/product\/rhine-pantalone-sa-tregerima-tx62\/","name":"Pantalone sa tregerima rhine TX62 | PapirPlast","isPartOf":{"@id":"https:\/\/papirplast.com\/#website"},"primaryImageOfPage":{"@id":"https:\/\/papirplast.com\/product\/rhine-pantalone-sa-tregerima-tx62\/#primaryimage"},"image":{"@id":"https:\/\/papirplast.com\/product\/rhine-pantalone-sa-tregerima-tx62\/#primaryimage"},"thumbnailUrl":"https:\/\/papirplast.com\/wp-content\/uploads\/2023\/02\/pantalone-sa-tregerima-rhine-tx62.png","datePublished":"2020-02-10T10:06:21+00:00","dateModified":"2024-07-15T08:23:31+00:00","description":"Ove moderne pantalone sa tregerima su idealne za bilo koje industrijsko okru\u017eenje. Napravljene od izdr\u017eljive Kingsmill tkanine.","breadcrumb":{"@id":"https:\/\/papirplast.com\/product\/rhine-pantalone-sa-tregerima-tx62\/#breadcrumb"},"inLanguage":"en-US","potentialAction":[{"@type":"ReadAction","target":["https:\/\/papirplast.com\/product\/rhine-pantalone-sa-tregerima-tx62\/"]}]},{"@type":"ImageObject","inLanguage":"en-US","@id":"https:\/\/papirplast.com\/product\/rhine-pantalone-sa-tregerima-tx62\/#primaryimage","url":"https:\/\/papirplast.com\/wp-content\/uploads\/2023\/02\/pantalone-sa-tregerima-rhine-tx62.png","contentUrl":"https:\/\/papirplast.com\/wp-content\/uploads\/2023\/02\/pantalone-sa-tregerima-rhine-tx62.png","width":500,"height":500},{"@type":"BreadcrumbList","@id":"https:\/\/papirplast.com\/product\/rhine-pantalone-sa-tregerima-tx62\/#breadcrumb","itemListElement":[{"@type":"ListItem","position":1,"name":"Home","item":"https:\/\/papirplast.com\/"},{"@type":"ListItem","position":2,"name":"Prodavnica","item":"https:\/\/papirplast.com\/shop\/"},{"@type":"ListItem","position":3,"name":"Pantalone sa tregerima rhine TX62"}]},{"@type":"WebSite","@id":"https:\/\/papirplast.com\/#website","url":"https:\/\/papirplast.com\/","name":"PapirPlast","description":"","publisher":{"@id":"https:\/\/papirplast.com\/#organization"},"potentialAction":[{"@type":"SearchAction","target":{"@type":"EntryPoint","urlTemplate":"https:\/\/papirplast.com\/?s={search_term_string}"},"query-input":{"@type":"PropertyValueSpecification","valueRequired":true,"valueName":"search_term_string"}}],"inLanguage":"en-US"},{"@type":"Organization","@id":"https:\/\/papirplast.com\/#organization","name":"PapirPlast","url":"https:\/\/papirplast.com\/","logo":{"@type":"ImageObject","inLanguage":"en-US","@id":"https:\/\/papirplast.com\/#\/schema\/logo\/image\/","url":"https:\/\/papirplast.com\/wp-content\/uploads\/2020\/02\/logo.png","contentUrl":"https:\/\/papirplast.com\/wp-content\/uploads\/2020\/02\/logo.png","width":600,"height":161,"caption":"PapirPlast"},"image":{"@id":"https:\/\/papirplast.com\/#\/schema\/logo\/image\/"},"sameAs":["https:\/\/www.facebook.com\/PapirPlastArandjelovac\/?locale=sr_RS"]}]}},"_links":{"self":[{"href":"https:\/\/papirplast.com\/en\/wp-json\/wp\/v2\/product\/10088","targetHints":{"allow":["GET"]}}],"collection":[{"href":"https:\/\/papirplast.com\/en\/wp-json\/wp\/v2\/product"}],"about":[{"href":"https:\/\/papirplast.com\/en\/wp-json\/wp\/v2\/types\/product"}],"wp:featuredmedia":[{"embeddable":true,"href":"https:\/\/papirplast.com\/en\/wp-json\/wp\/v2\/media\/14399"}],"wp:attachment":[{"href":"https:\/\/papirplast.com\/en\/wp-json\/wp\/v2\/media?parent=10088"}],"wp:term":[{"taxonomy":"product_brand","embeddable":true,"href":"https:\/\/papirplast.com\/en\/wp-json\/wp\/v2\/product_brand?post=10088"},{"taxonomy":"product_cat","embeddable":true,"href":"https:\/\/papirplast.com\/en\/wp-json\/wp\/v2\/product_cat?post=10088"},{"taxonomy":"product_tag","embeddable":true,"href":"https:\/\/papirplast.com\/en\/wp-json\/wp\/v2\/product_tag?post=10088"}],"curies":[{"name":"wp","href":"https:\/\/api.w.org\/{rel}","templated":true}]}}