{"id":10108,"date":"2020-02-10T10:06:25","date_gmt":"2020-02-10T10:06:25","guid":{"rendered":"https:\/\/papirplast.com\/product\/nickel-dukserica-ks31\/"},"modified":"2024-07-15T08:23:31","modified_gmt":"2024-07-15T08:23:31","slug":"nickel-dukserica-ks31","status":"publish","type":"product","link":"https:\/\/papirplast.com\/en\/product\/nickel-dukserica-ks31\/","title":{"rendered":"Dukserica nickel KS31"},"content":{"rendered":"<p>Moderan dodatak na\u0161em asortimanu dukserica, ova dukserica sa kapulja\u010dom koja se zakop\u010dava pomo\u0107u rajsfer\u0161lusa koji omogu\u0107ava lako obla\u010denje i skidanje. Napravljena od na\u0161eg eksluzivnog Cotton Plus materijala, Nickel dukserica ima moderan izgled i gomilu tehni\u010dkih detalja i diskretno je brendirana.<\/p>\n<ul class=\"features-text\">\n<li>Visok sadr\u017eaj pamuka za izvrsnu udobnost<\/li>\n<li>Materijal sa UPF 50+ ocenom blokira 98% UV zraka<\/li>\n<li>2 d\u017eepa za sigurno skladi\u0161tenje<\/li>\n<li>Kapulja\u010da za dodatnu za\u0161titu od elemenata<\/li>\n<li>Kapulja\u010da postavljena pamukom sa izvanrednu udobnost<\/li>\n<li>Rebraste man\u017eetne za toplinu i udobnost<\/li>\n<li>Rebrasti porub za udobno pristajanje<\/li>\n<li>Idealno za korporativno no\u0161enje i zavr\u0161ne obrade po izboru<\/li>\n<\/ul>","protected":false},"excerpt":{"rendered":"<p>Moderan dodatak na\u0161em asortimanu dukserica, ova dukserica sa kapulja\u010dom koja se zakop\u010dava pomo\u0107u rajsfer\u0161lusa koji omogu\u0107ava lako obla\u010denje i skidanje. Napravljena od na\u0161eg eksluzivnog Cotton Plus materijala, Nickel dukserica ima moderan izgled i gomilu tehni\u010dkih detalja i diskretno je brendirana. Visok sadr\u017eaj pamuka za izvrsnu udobnost Materijal sa UPF 50+ ocenom blokira 98% UV zraka [&hellip;]<\/p>\n","protected":false},"featured_media":14550,"template":"","meta":{"_monsterinsights_skip_tracking":false,"_monsterinsights_sitenote_active":false,"_monsterinsights_sitenote_note":"","_monsterinsights_sitenote_category":0},"product_brand":[],"product_cat":[97],"product_tag":[327,306],"class_list":{"0":"post-10108","1":"product","2":"type-product","3":"status-publish","4":"has-post-thumbnail","6":"product_cat-htz-oprema","7":"product_tag-dukserica","8":"product_tag-htz","10":"first","11":"instock","12":"sale","13":"shipping-taxable","14":"purchasable","15":"product-type-variable","16":"has-default-attributes"},"yoast_head":"<!-- This site is optimized with the Yoast SEO plugin v27.5 - https:\/\/yoast.com\/product\/yoast-seo-wordpress\/ -->\n<title>Dukserica nickel KS31 |PapirPlast<\/title>\n<meta name=\"description\" content=\"Moderan dodatak na\u0161em asortimanu dukserica, ova dukserica sa kapulja\u010dom koja se zakop\u010dava pomo\u0107u rajsfer\u0161lusa koji omogu\u0107ava lako obla\u010denje i skidanje.\" \/>\n<meta name=\"robots\" content=\"index, follow, max-snippet:-1, max-image-preview:large, max-video-preview:-1\" \/>\n<link rel=\"canonical\" href=\"https:\/\/papirplast.com\/en\/product\/nickel-dukserica-ks31\/\" \/>\n<meta property=\"og:locale\" content=\"en_US\" \/>\n<meta property=\"og:type\" content=\"article\" \/>\n<meta property=\"og:title\" content=\"Dukserica nickel KS31 |PapirPlast\" \/>\n<meta property=\"og:description\" content=\"Moderan dodatak na\u0161em asortimanu dukserica, ova dukserica sa kapulja\u010dom koja se zakop\u010dava pomo\u0107u rajsfer\u0161lusa koji omogu\u0107ava lako obla\u010denje i skidanje.\" \/>\n<meta property=\"og:url\" content=\"https:\/\/papirplast.com\/en\/product\/nickel-dukserica-ks31\/\" \/>\n<meta property=\"og:site_name\" content=\"PapirPlast\" \/>\n<meta property=\"article:publisher\" content=\"https:\/\/www.facebook.com\/PapirPlastArandjelovac\/?locale=sr_RS\" \/>\n<meta property=\"article:modified_time\" content=\"2024-07-15T08:23:31+00:00\" \/>\n<meta property=\"og:image\" content=\"https:\/\/papirplast.com\/wp-content\/uploads\/2023\/02\/ks31.png\" \/>\n\t<meta property=\"og:image:width\" content=\"500\" \/>\n\t<meta property=\"og:image:height\" content=\"500\" \/>\n\t<meta property=\"og:image:type\" content=\"image\/png\" \/>\n<meta name=\"twitter:card\" content=\"summary_large_image\" \/>\n<meta name=\"twitter:label1\" content=\"Est. reading time\" \/>\n\t<meta name=\"twitter:data1\" content=\"1 minute\" \/>\n<script type=\"application\/ld+json\" class=\"yoast-schema-graph\">{\"@context\":\"https:\\\/\\\/schema.org\",\"@graph\":[{\"@type\":\"WebPage\",\"@id\":\"https:\\\/\\\/papirplast.com\\\/product\\\/nickel-dukserica-ks31\\\/\",\"url\":\"https:\\\/\\\/papirplast.com\\\/product\\\/nickel-dukserica-ks31\\\/\",\"name\":\"Dukserica nickel KS31 |PapirPlast\",\"isPartOf\":{\"@id\":\"https:\\\/\\\/papirplast.com\\\/#website\"},\"primaryImageOfPage\":{\"@id\":\"https:\\\/\\\/papirplast.com\\\/product\\\/nickel-dukserica-ks31\\\/#primaryimage\"},\"image\":{\"@id\":\"https:\\\/\\\/papirplast.com\\\/product\\\/nickel-dukserica-ks31\\\/#primaryimage\"},\"thumbnailUrl\":\"https:\\\/\\\/papirplast.com\\\/wp-content\\\/uploads\\\/2023\\\/02\\\/ks31.png\",\"datePublished\":\"2020-02-10T10:06:25+00:00\",\"dateModified\":\"2024-07-15T08:23:31+00:00\",\"description\":\"Moderan dodatak na\u0161em asortimanu dukserica, ova dukserica sa kapulja\u010dom koja se zakop\u010dava pomo\u0107u rajsfer\u0161lusa koji omogu\u0107ava lako obla\u010denje i skidanje.\",\"breadcrumb\":{\"@id\":\"https:\\\/\\\/papirplast.com\\\/product\\\/nickel-dukserica-ks31\\\/#breadcrumb\"},\"inLanguage\":\"en-US\",\"potentialAction\":[{\"@type\":\"ReadAction\",\"target\":[\"https:\\\/\\\/papirplast.com\\\/product\\\/nickel-dukserica-ks31\\\/\"]}]},{\"@type\":\"ImageObject\",\"inLanguage\":\"en-US\",\"@id\":\"https:\\\/\\\/papirplast.com\\\/product\\\/nickel-dukserica-ks31\\\/#primaryimage\",\"url\":\"https:\\\/\\\/papirplast.com\\\/wp-content\\\/uploads\\\/2023\\\/02\\\/ks31.png\",\"contentUrl\":\"https:\\\/\\\/papirplast.com\\\/wp-content\\\/uploads\\\/2023\\\/02\\\/ks31.png\",\"width\":500,\"height\":500},{\"@type\":\"BreadcrumbList\",\"@id\":\"https:\\\/\\\/papirplast.com\\\/product\\\/nickel-dukserica-ks31\\\/#breadcrumb\",\"itemListElement\":[{\"@type\":\"ListItem\",\"position\":1,\"name\":\"Home\",\"item\":\"https:\\\/\\\/papirplast.com\\\/\"},{\"@type\":\"ListItem\",\"position\":2,\"name\":\"Prodavnica\",\"item\":\"https:\\\/\\\/papirplast.com\\\/shop\\\/\"},{\"@type\":\"ListItem\",\"position\":3,\"name\":\"Dukserica nickel KS31\"}]},{\"@type\":\"WebSite\",\"@id\":\"https:\\\/\\\/papirplast.com\\\/#website\",\"url\":\"https:\\\/\\\/papirplast.com\\\/\",\"name\":\"PapirPlast\",\"description\":\"\",\"publisher\":{\"@id\":\"https:\\\/\\\/papirplast.com\\\/#organization\"},\"potentialAction\":[{\"@type\":\"SearchAction\",\"target\":{\"@type\":\"EntryPoint\",\"urlTemplate\":\"https:\\\/\\\/papirplast.com\\\/?s={search_term_string}\"},\"query-input\":{\"@type\":\"PropertyValueSpecification\",\"valueRequired\":true,\"valueName\":\"search_term_string\"}}],\"inLanguage\":\"en-US\"},{\"@type\":\"Organization\",\"@id\":\"https:\\\/\\\/papirplast.com\\\/#organization\",\"name\":\"PapirPlast\",\"url\":\"https:\\\/\\\/papirplast.com\\\/\",\"logo\":{\"@type\":\"ImageObject\",\"inLanguage\":\"en-US\",\"@id\":\"https:\\\/\\\/papirplast.com\\\/#\\\/schema\\\/logo\\\/image\\\/\",\"url\":\"https:\\\/\\\/papirplast.com\\\/wp-content\\\/uploads\\\/2020\\\/02\\\/logo.png\",\"contentUrl\":\"https:\\\/\\\/papirplast.com\\\/wp-content\\\/uploads\\\/2020\\\/02\\\/logo.png\",\"width\":600,\"height\":161,\"caption\":\"PapirPlast\"},\"image\":{\"@id\":\"https:\\\/\\\/papirplast.com\\\/#\\\/schema\\\/logo\\\/image\\\/\"},\"sameAs\":[\"https:\\\/\\\/www.facebook.com\\\/PapirPlastArandjelovac\\\/?locale=sr_RS\"]}]}<\/script>\n<!-- \/ Yoast SEO plugin. -->","yoast_head_json":{"title":"Dukserica nickel KS31 |PapirPlast","description":"Moderan dodatak na\u0161em asortimanu dukserica, ova dukserica sa kapulja\u010dom koja se zakop\u010dava pomo\u0107u rajsfer\u0161lusa koji omogu\u0107ava lako obla\u010denje i skidanje.","robots":{"index":"index","follow":"follow","max-snippet":"max-snippet:-1","max-image-preview":"max-image-preview:large","max-video-preview":"max-video-preview:-1"},"canonical":"https:\/\/papirplast.com\/en\/product\/nickel-dukserica-ks31\/","og_locale":"en_US","og_type":"article","og_title":"Dukserica nickel KS31 |PapirPlast","og_description":"Moderan dodatak na\u0161em asortimanu dukserica, ova dukserica sa kapulja\u010dom koja se zakop\u010dava pomo\u0107u rajsfer\u0161lusa koji omogu\u0107ava lako obla\u010denje i skidanje.","og_url":"https:\/\/papirplast.com\/en\/product\/nickel-dukserica-ks31\/","og_site_name":"PapirPlast","article_publisher":"https:\/\/www.facebook.com\/PapirPlastArandjelovac\/?locale=sr_RS","article_modified_time":"2024-07-15T08:23:31+00:00","og_image":[{"width":500,"height":500,"url":"https:\/\/papirplast.com\/wp-content\/uploads\/2023\/02\/ks31.png","type":"image\/png"}],"twitter_card":"summary_large_image","twitter_misc":{"Est. reading time":"1 minute"},"schema":{"@context":"https:\/\/schema.org","@graph":[{"@type":"WebPage","@id":"https:\/\/papirplast.com\/product\/nickel-dukserica-ks31\/","url":"https:\/\/papirplast.com\/product\/nickel-dukserica-ks31\/","name":"Dukserica nickel KS31 |PapirPlast","isPartOf":{"@id":"https:\/\/papirplast.com\/#website"},"primaryImageOfPage":{"@id":"https:\/\/papirplast.com\/product\/nickel-dukserica-ks31\/#primaryimage"},"image":{"@id":"https:\/\/papirplast.com\/product\/nickel-dukserica-ks31\/#primaryimage"},"thumbnailUrl":"https:\/\/papirplast.com\/wp-content\/uploads\/2023\/02\/ks31.png","datePublished":"2020-02-10T10:06:25+00:00","dateModified":"2024-07-15T08:23:31+00:00","description":"Moderan dodatak na\u0161em asortimanu dukserica, ova dukserica sa kapulja\u010dom koja se zakop\u010dava pomo\u0107u rajsfer\u0161lusa koji omogu\u0107ava lako obla\u010denje i skidanje.","breadcrumb":{"@id":"https:\/\/papirplast.com\/product\/nickel-dukserica-ks31\/#breadcrumb"},"inLanguage":"en-US","potentialAction":[{"@type":"ReadAction","target":["https:\/\/papirplast.com\/product\/nickel-dukserica-ks31\/"]}]},{"@type":"ImageObject","inLanguage":"en-US","@id":"https:\/\/papirplast.com\/product\/nickel-dukserica-ks31\/#primaryimage","url":"https:\/\/papirplast.com\/wp-content\/uploads\/2023\/02\/ks31.png","contentUrl":"https:\/\/papirplast.com\/wp-content\/uploads\/2023\/02\/ks31.png","width":500,"height":500},{"@type":"BreadcrumbList","@id":"https:\/\/papirplast.com\/product\/nickel-dukserica-ks31\/#breadcrumb","itemListElement":[{"@type":"ListItem","position":1,"name":"Home","item":"https:\/\/papirplast.com\/"},{"@type":"ListItem","position":2,"name":"Prodavnica","item":"https:\/\/papirplast.com\/shop\/"},{"@type":"ListItem","position":3,"name":"Dukserica nickel KS31"}]},{"@type":"WebSite","@id":"https:\/\/papirplast.com\/#website","url":"https:\/\/papirplast.com\/","name":"PapirPlast","description":"","publisher":{"@id":"https:\/\/papirplast.com\/#organization"},"potentialAction":[{"@type":"SearchAction","target":{"@type":"EntryPoint","urlTemplate":"https:\/\/papirplast.com\/?s={search_term_string}"},"query-input":{"@type":"PropertyValueSpecification","valueRequired":true,"valueName":"search_term_string"}}],"inLanguage":"en-US"},{"@type":"Organization","@id":"https:\/\/papirplast.com\/#organization","name":"PapirPlast","url":"https:\/\/papirplast.com\/","logo":{"@type":"ImageObject","inLanguage":"en-US","@id":"https:\/\/papirplast.com\/#\/schema\/logo\/image\/","url":"https:\/\/papirplast.com\/wp-content\/uploads\/2020\/02\/logo.png","contentUrl":"https:\/\/papirplast.com\/wp-content\/uploads\/2020\/02\/logo.png","width":600,"height":161,"caption":"PapirPlast"},"image":{"@id":"https:\/\/papirplast.com\/#\/schema\/logo\/image\/"},"sameAs":["https:\/\/www.facebook.com\/PapirPlastArandjelovac\/?locale=sr_RS"]}]}},"_links":{"self":[{"href":"https:\/\/papirplast.com\/en\/wp-json\/wp\/v2\/product\/10108","targetHints":{"allow":["GET"]}}],"collection":[{"href":"https:\/\/papirplast.com\/en\/wp-json\/wp\/v2\/product"}],"about":[{"href":"https:\/\/papirplast.com\/en\/wp-json\/wp\/v2\/types\/product"}],"wp:featuredmedia":[{"embeddable":true,"href":"https:\/\/papirplast.com\/en\/wp-json\/wp\/v2\/media\/14550"}],"wp:attachment":[{"href":"https:\/\/papirplast.com\/en\/wp-json\/wp\/v2\/media?parent=10108"}],"wp:term":[{"taxonomy":"product_brand","embeddable":true,"href":"https:\/\/papirplast.com\/en\/wp-json\/wp\/v2\/product_brand?post=10108"},{"taxonomy":"product_cat","embeddable":true,"href":"https:\/\/papirplast.com\/en\/wp-json\/wp\/v2\/product_cat?post=10108"},{"taxonomy":"product_tag","embeddable":true,"href":"https:\/\/papirplast.com\/en\/wp-json\/wp\/v2\/product_tag?post=10108"}],"curies":[{"name":"wp","href":"https:\/\/api.w.org\/{rel}","templated":true}]}}