{"id":10122,"date":"2020-02-10T10:06:26","date_gmt":"2020-02-10T10:06:26","guid":{"rendered":"https:\/\/papirplast.com\/product\/levo-naocare-pw11-tamne\/"},"modified":"2024-07-15T08:23:32","modified_gmt":"2024-07-15T08:23:32","slug":"levo-naocare-pw11-tamne","status":"publish","type":"product","link":"https:\/\/papirplast.com\/en\/product\/levo-naocare-pw11-tamne\/","title":{"rendered":"Levo nao\u010dare tamne PW11"},"content":{"rendered":"<p>Inovativni koncept Levo nao\u010dara pru\u017ea udobnost za\u0161titnih nao\u010dara i zaptivanje i prijanjanje zaptivnih nao\u010dara. Penasti ulo\u017eak pru\u017ea dodatnu za\u0161titu za obrve i obraze. Dr\u0161ke se mogu zameniti sa podesivom trakom za bolje prijanjanje. Izuzetna ventilacija zahvaljuju\u0107i indirektnim ventilacionim otvorima na penastom umetku, \u0161to poma\u017ee da se smanji magljenje nao\u010dara.<\/p>\n<p><strong>Karakteristike:<\/strong><\/p>\n<ul class=\"features-text\">\n<li>99% UV za\u0161tita<\/li>\n<li>Besplatna uzica za nao\u010dare<\/li>\n<li>Nao\u010dari se mogu koristiti sa klasi\u010dnim dr\u0161kama ili sa elasti\u010dnom trakom<\/li>\n<li>Pena koja se mo\u017ee odvojiti pru\u017ea za\u0161titu od udaraca i pra\u0161ine<\/li>\n<li>100% bez metala<\/li>\n<li>Maloprodajna torba koja olak\u0161ava promociju proizvoda<\/li>\n<li>Posebno pakovano za vending ma\u0161ine<\/li>\n<\/ul>","protected":false},"excerpt":{"rendered":"<p>Inovativni koncept Levo nao\u010dara pru\u017ea udobnost za\u0161titnih nao\u010dara i zaptivanje i prijanjanje zaptivnih nao\u010dara. Penasti ulo\u017eak pru\u017ea dodatnu za\u0161titu za obrve i obraze. Dr\u0161ke se mogu zameniti sa podesivom trakom za bolje prijanjanje. Izuzetna ventilacija zahvaljuju\u0107i indirektnim ventilacionim otvorima na penastom umetku, \u0161to poma\u017ee da se smanji magljenje nao\u010dara. Karakteristike: 99% UV za\u0161tita Besplatna uzica [&hellip;]<\/p>\n","protected":false},"featured_media":14286,"template":"","meta":{"_monsterinsights_skip_tracking":false,"_monsterinsights_sitenote_active":false,"_monsterinsights_sitenote_note":"","_monsterinsights_sitenote_category":0},"product_brand":[],"product_cat":[97],"product_tag":[306,304],"class_list":{"0":"post-10122","1":"product","2":"type-product","3":"status-publish","4":"has-post-thumbnail","6":"product_cat-htz-oprema","7":"product_tag-htz","8":"product_tag-naocare","10":"first","11":"instock","12":"sale","13":"shipping-taxable","14":"purchasable","15":"product-type-simple"},"yoast_head":"<!-- This site is optimized with the Yoast SEO plugin v27.4 - https:\/\/yoast.com\/product\/yoast-seo-wordpress\/ -->\n<title>Levo nao\u010dare tamne PW11 | PapirPlast<\/title>\n<meta name=\"description\" content=\"Levo nao\u010dara pru\u017ea udobnost za\u0161titnih nao\u010dara i zaptivanje i prijanjanje zaptivnih nao\u010dara. Penasti ulo\u017eak pru\u017ea dodatnu za\u0161titu za obrve i obraze.\" \/>\n<meta name=\"robots\" content=\"index, follow, max-snippet:-1, max-image-preview:large, max-video-preview:-1\" \/>\n<link rel=\"canonical\" href=\"https:\/\/papirplast.com\/en\/product\/levo-naocare-pw11-tamne\/\" \/>\n<meta property=\"og:locale\" content=\"en_US\" \/>\n<meta property=\"og:type\" content=\"article\" \/>\n<meta property=\"og:title\" content=\"Levo nao\u010dare tamne PW11 | PapirPlast\" \/>\n<meta property=\"og:description\" content=\"Levo nao\u010dara pru\u017ea udobnost za\u0161titnih nao\u010dara i zaptivanje i prijanjanje zaptivnih nao\u010dara. Penasti ulo\u017eak pru\u017ea dodatnu za\u0161titu za obrve i obraze.\" \/>\n<meta property=\"og:url\" content=\"https:\/\/papirplast.com\/en\/product\/levo-naocare-pw11-tamne\/\" \/>\n<meta property=\"og:site_name\" content=\"PapirPlast\" \/>\n<meta property=\"article:publisher\" content=\"https:\/\/www.facebook.com\/PapirPlastArandjelovac\/?locale=sr_RS\" \/>\n<meta property=\"article:modified_time\" content=\"2024-07-15T08:23:32+00:00\" \/>\n<meta property=\"og:image\" content=\"https:\/\/papirplast.com\/wp-content\/uploads\/2020\/02\/Levo-naocare-pw11-tamne.png\" \/>\n\t<meta property=\"og:image:width\" content=\"500\" \/>\n\t<meta property=\"og:image:height\" content=\"500\" \/>\n\t<meta property=\"og:image:type\" content=\"image\/png\" \/>\n<meta name=\"twitter:card\" content=\"summary_large_image\" \/>\n<meta name=\"twitter:label1\" content=\"Est. reading time\" \/>\n\t<meta name=\"twitter:data1\" content=\"1 minute\" \/>\n<script type=\"application\/ld+json\" class=\"yoast-schema-graph\">{\"@context\":\"https:\\\/\\\/schema.org\",\"@graph\":[{\"@type\":\"WebPage\",\"@id\":\"https:\\\/\\\/papirplast.com\\\/product\\\/levo-naocare-pw11-tamne\\\/\",\"url\":\"https:\\\/\\\/papirplast.com\\\/product\\\/levo-naocare-pw11-tamne\\\/\",\"name\":\"Levo nao\u010dare tamne PW11 | PapirPlast\",\"isPartOf\":{\"@id\":\"https:\\\/\\\/papirplast.com\\\/#website\"},\"primaryImageOfPage\":{\"@id\":\"https:\\\/\\\/papirplast.com\\\/product\\\/levo-naocare-pw11-tamne\\\/#primaryimage\"},\"image\":{\"@id\":\"https:\\\/\\\/papirplast.com\\\/product\\\/levo-naocare-pw11-tamne\\\/#primaryimage\"},\"thumbnailUrl\":\"https:\\\/\\\/papirplast.com\\\/wp-content\\\/uploads\\\/2020\\\/02\\\/Levo-naocare-pw11-tamne.png\",\"datePublished\":\"2020-02-10T10:06:26+00:00\",\"dateModified\":\"2024-07-15T08:23:32+00:00\",\"description\":\"Levo nao\u010dara pru\u017ea udobnost za\u0161titnih nao\u010dara i zaptivanje i prijanjanje zaptivnih nao\u010dara. Penasti ulo\u017eak pru\u017ea dodatnu za\u0161titu za obrve i obraze.\",\"breadcrumb\":{\"@id\":\"https:\\\/\\\/papirplast.com\\\/product\\\/levo-naocare-pw11-tamne\\\/#breadcrumb\"},\"inLanguage\":\"en-US\",\"potentialAction\":[{\"@type\":\"ReadAction\",\"target\":[\"https:\\\/\\\/papirplast.com\\\/product\\\/levo-naocare-pw11-tamne\\\/\"]}]},{\"@type\":\"ImageObject\",\"inLanguage\":\"en-US\",\"@id\":\"https:\\\/\\\/papirplast.com\\\/product\\\/levo-naocare-pw11-tamne\\\/#primaryimage\",\"url\":\"https:\\\/\\\/papirplast.com\\\/wp-content\\\/uploads\\\/2020\\\/02\\\/Levo-naocare-pw11-tamne.png\",\"contentUrl\":\"https:\\\/\\\/papirplast.com\\\/wp-content\\\/uploads\\\/2020\\\/02\\\/Levo-naocare-pw11-tamne.png\",\"width\":500,\"height\":500},{\"@type\":\"BreadcrumbList\",\"@id\":\"https:\\\/\\\/papirplast.com\\\/product\\\/levo-naocare-pw11-tamne\\\/#breadcrumb\",\"itemListElement\":[{\"@type\":\"ListItem\",\"position\":1,\"name\":\"Home\",\"item\":\"https:\\\/\\\/papirplast.com\\\/\"},{\"@type\":\"ListItem\",\"position\":2,\"name\":\"Prodavnica\",\"item\":\"https:\\\/\\\/papirplast.com\\\/shop\\\/\"},{\"@type\":\"ListItem\",\"position\":3,\"name\":\"Levo nao\u010dare tamne PW11\"}]},{\"@type\":\"WebSite\",\"@id\":\"https:\\\/\\\/papirplast.com\\\/#website\",\"url\":\"https:\\\/\\\/papirplast.com\\\/\",\"name\":\"PapirPlast\",\"description\":\"\",\"publisher\":{\"@id\":\"https:\\\/\\\/papirplast.com\\\/#organization\"},\"potentialAction\":[{\"@type\":\"SearchAction\",\"target\":{\"@type\":\"EntryPoint\",\"urlTemplate\":\"https:\\\/\\\/papirplast.com\\\/?s={search_term_string}\"},\"query-input\":{\"@type\":\"PropertyValueSpecification\",\"valueRequired\":true,\"valueName\":\"search_term_string\"}}],\"inLanguage\":\"en-US\"},{\"@type\":\"Organization\",\"@id\":\"https:\\\/\\\/papirplast.com\\\/#organization\",\"name\":\"PapirPlast\",\"url\":\"https:\\\/\\\/papirplast.com\\\/\",\"logo\":{\"@type\":\"ImageObject\",\"inLanguage\":\"en-US\",\"@id\":\"https:\\\/\\\/papirplast.com\\\/#\\\/schema\\\/logo\\\/image\\\/\",\"url\":\"https:\\\/\\\/papirplast.com\\\/wp-content\\\/uploads\\\/2020\\\/02\\\/logo.png\",\"contentUrl\":\"https:\\\/\\\/papirplast.com\\\/wp-content\\\/uploads\\\/2020\\\/02\\\/logo.png\",\"width\":600,\"height\":161,\"caption\":\"PapirPlast\"},\"image\":{\"@id\":\"https:\\\/\\\/papirplast.com\\\/#\\\/schema\\\/logo\\\/image\\\/\"},\"sameAs\":[\"https:\\\/\\\/www.facebook.com\\\/PapirPlastArandjelovac\\\/?locale=sr_RS\"]}]}<\/script>\n<!-- \/ Yoast SEO plugin. -->","yoast_head_json":{"title":"Levo nao\u010dare tamne PW11 | PapirPlast","description":"Levo nao\u010dara pru\u017ea udobnost za\u0161titnih nao\u010dara i zaptivanje i prijanjanje zaptivnih nao\u010dara. Penasti ulo\u017eak pru\u017ea dodatnu za\u0161titu za obrve i obraze.","robots":{"index":"index","follow":"follow","max-snippet":"max-snippet:-1","max-image-preview":"max-image-preview:large","max-video-preview":"max-video-preview:-1"},"canonical":"https:\/\/papirplast.com\/en\/product\/levo-naocare-pw11-tamne\/","og_locale":"en_US","og_type":"article","og_title":"Levo nao\u010dare tamne PW11 | PapirPlast","og_description":"Levo nao\u010dara pru\u017ea udobnost za\u0161titnih nao\u010dara i zaptivanje i prijanjanje zaptivnih nao\u010dara. Penasti ulo\u017eak pru\u017ea dodatnu za\u0161titu za obrve i obraze.","og_url":"https:\/\/papirplast.com\/en\/product\/levo-naocare-pw11-tamne\/","og_site_name":"PapirPlast","article_publisher":"https:\/\/www.facebook.com\/PapirPlastArandjelovac\/?locale=sr_RS","article_modified_time":"2024-07-15T08:23:32+00:00","og_image":[{"width":500,"height":500,"url":"https:\/\/papirplast.com\/wp-content\/uploads\/2020\/02\/Levo-naocare-pw11-tamne.png","type":"image\/png"}],"twitter_card":"summary_large_image","twitter_misc":{"Est. reading time":"1 minute"},"schema":{"@context":"https:\/\/schema.org","@graph":[{"@type":"WebPage","@id":"https:\/\/papirplast.com\/product\/levo-naocare-pw11-tamne\/","url":"https:\/\/papirplast.com\/product\/levo-naocare-pw11-tamne\/","name":"Levo nao\u010dare tamne PW11 | PapirPlast","isPartOf":{"@id":"https:\/\/papirplast.com\/#website"},"primaryImageOfPage":{"@id":"https:\/\/papirplast.com\/product\/levo-naocare-pw11-tamne\/#primaryimage"},"image":{"@id":"https:\/\/papirplast.com\/product\/levo-naocare-pw11-tamne\/#primaryimage"},"thumbnailUrl":"https:\/\/papirplast.com\/wp-content\/uploads\/2020\/02\/Levo-naocare-pw11-tamne.png","datePublished":"2020-02-10T10:06:26+00:00","dateModified":"2024-07-15T08:23:32+00:00","description":"Levo nao\u010dara pru\u017ea udobnost za\u0161titnih nao\u010dara i zaptivanje i prijanjanje zaptivnih nao\u010dara. Penasti ulo\u017eak pru\u017ea dodatnu za\u0161titu za obrve i obraze.","breadcrumb":{"@id":"https:\/\/papirplast.com\/product\/levo-naocare-pw11-tamne\/#breadcrumb"},"inLanguage":"en-US","potentialAction":[{"@type":"ReadAction","target":["https:\/\/papirplast.com\/product\/levo-naocare-pw11-tamne\/"]}]},{"@type":"ImageObject","inLanguage":"en-US","@id":"https:\/\/papirplast.com\/product\/levo-naocare-pw11-tamne\/#primaryimage","url":"https:\/\/papirplast.com\/wp-content\/uploads\/2020\/02\/Levo-naocare-pw11-tamne.png","contentUrl":"https:\/\/papirplast.com\/wp-content\/uploads\/2020\/02\/Levo-naocare-pw11-tamne.png","width":500,"height":500},{"@type":"BreadcrumbList","@id":"https:\/\/papirplast.com\/product\/levo-naocare-pw11-tamne\/#breadcrumb","itemListElement":[{"@type":"ListItem","position":1,"name":"Home","item":"https:\/\/papirplast.com\/"},{"@type":"ListItem","position":2,"name":"Prodavnica","item":"https:\/\/papirplast.com\/shop\/"},{"@type":"ListItem","position":3,"name":"Levo nao\u010dare tamne PW11"}]},{"@type":"WebSite","@id":"https:\/\/papirplast.com\/#website","url":"https:\/\/papirplast.com\/","name":"PapirPlast","description":"","publisher":{"@id":"https:\/\/papirplast.com\/#organization"},"potentialAction":[{"@type":"SearchAction","target":{"@type":"EntryPoint","urlTemplate":"https:\/\/papirplast.com\/?s={search_term_string}"},"query-input":{"@type":"PropertyValueSpecification","valueRequired":true,"valueName":"search_term_string"}}],"inLanguage":"en-US"},{"@type":"Organization","@id":"https:\/\/papirplast.com\/#organization","name":"PapirPlast","url":"https:\/\/papirplast.com\/","logo":{"@type":"ImageObject","inLanguage":"en-US","@id":"https:\/\/papirplast.com\/#\/schema\/logo\/image\/","url":"https:\/\/papirplast.com\/wp-content\/uploads\/2020\/02\/logo.png","contentUrl":"https:\/\/papirplast.com\/wp-content\/uploads\/2020\/02\/logo.png","width":600,"height":161,"caption":"PapirPlast"},"image":{"@id":"https:\/\/papirplast.com\/#\/schema\/logo\/image\/"},"sameAs":["https:\/\/www.facebook.com\/PapirPlastArandjelovac\/?locale=sr_RS"]}]}},"_links":{"self":[{"href":"https:\/\/papirplast.com\/en\/wp-json\/wp\/v2\/product\/10122","targetHints":{"allow":["GET"]}}],"collection":[{"href":"https:\/\/papirplast.com\/en\/wp-json\/wp\/v2\/product"}],"about":[{"href":"https:\/\/papirplast.com\/en\/wp-json\/wp\/v2\/types\/product"}],"wp:featuredmedia":[{"embeddable":true,"href":"https:\/\/papirplast.com\/en\/wp-json\/wp\/v2\/media\/14286"}],"wp:attachment":[{"href":"https:\/\/papirplast.com\/en\/wp-json\/wp\/v2\/media?parent=10122"}],"wp:term":[{"taxonomy":"product_brand","embeddable":true,"href":"https:\/\/papirplast.com\/en\/wp-json\/wp\/v2\/product_brand?post=10122"},{"taxonomy":"product_cat","embeddable":true,"href":"https:\/\/papirplast.com\/en\/wp-json\/wp\/v2\/product_cat?post=10122"},{"taxonomy":"product_tag","embeddable":true,"href":"https:\/\/papirplast.com\/en\/wp-json\/wp\/v2\/product_tag?post=10122"}],"curies":[{"name":"wp","href":"https:\/\/api.w.org\/{rel}","templated":true}]}}