{"id":10148,"date":"2020-02-10T10:06:30","date_gmt":"2020-02-10T10:06:30","guid":{"rendered":"https:\/\/papirplast.com\/product\/vodootporne-skijaske-rukavice-gl10\/"},"modified":"2024-07-15T08:23:33","modified_gmt":"2024-07-15T08:23:33","slug":"vodootporne-skijaske-rukavice-gl10","status":"publish","type":"product","link":"https:\/\/papirplast.com\/en\/product\/vodootporne-skijaske-rukavice-gl10\/","title":{"rendered":"Vodootporne skijaske rukavice GL10"},"content":{"rendered":"<p>Vi\u0161enamenska vodootporna rukavica. Mekani mikro flis pru\u017ea dodatnu izolaciju. Anatomski su oblikovane osiguravaju\u0107i preciznu manipulaciju u radu i prianjanje.<\/p>\n<ul class=\"features-text\">\n<li>Postavljeno flisom za dodatnu toplinu i udobnost<\/li>\n<li>Potpuno postavljeno, zadr\u017eava toplotu<\/li>\n<li>Dodaci za bolji stisak na dlanu i ka\u017eiprstu<\/li>\n<li>Elasti\u010dne man\u017eetne za bezbedno pristajanje<\/li>\n<\/ul>","protected":false},"excerpt":{"rendered":"<p>Vi\u0161enamenska vodootporna rukavica. Mekani mikro flis pru\u017ea dodatnu izolaciju. Anatomski su oblikovane osiguravaju\u0107i preciznu manipulaciju u radu i prianjanje. Postavljeno flisom za dodatnu toplinu i udobnost Potpuno postavljeno, zadr\u017eava toplotu Dodaci za bolji stisak na dlanu i ka\u017eiprstu Elasti\u010dne man\u017eetne za bezbedno pristajanje<\/p>","protected":false},"featured_media":14332,"template":"","meta":{"_monsterinsights_skip_tracking":false,"_monsterinsights_sitenote_active":false,"_monsterinsights_sitenote_note":"","_monsterinsights_sitenote_category":0},"product_brand":[],"product_cat":[97],"product_tag":[185],"class_list":{"0":"post-10148","1":"product","2":"type-product","3":"status-publish","4":"has-post-thumbnail","6":"product_cat-htz-oprema","7":"product_tag-rukavice","9":"first","10":"instock","11":"sale","12":"shipping-taxable","13":"purchasable","14":"product-type-simple"},"yoast_head":"<!-- This site is optimized with the Yoast SEO plugin v27.4 - https:\/\/yoast.com\/product\/yoast-seo-wordpress\/ -->\n<title>Vodootporne skijaske rukavice GL10 | PapirPlast<\/title>\n<meta name=\"description\" content=\"Vi\u0161enamenska vodootporna rukavica. Mekani mikro flis pru\u017ea dodatnu izolaciju. Anatomski su oblikovane osiguravaju\u0107i preciznu manipulaciju.\" \/>\n<meta name=\"robots\" content=\"index, follow, max-snippet:-1, max-image-preview:large, max-video-preview:-1\" \/>\n<link rel=\"canonical\" href=\"https:\/\/papirplast.com\/en\/product\/vodootporne-skijaske-rukavice-gl10\/\" \/>\n<meta property=\"og:locale\" content=\"en_US\" \/>\n<meta property=\"og:type\" content=\"article\" \/>\n<meta property=\"og:title\" content=\"Vodootporne skijaske rukavice GL10 | PapirPlast\" \/>\n<meta property=\"og:description\" content=\"Vi\u0161enamenska vodootporna rukavica. Mekani mikro flis pru\u017ea dodatnu izolaciju. Anatomski su oblikovane osiguravaju\u0107i preciznu manipulaciju.\" \/>\n<meta property=\"og:url\" content=\"https:\/\/papirplast.com\/en\/product\/vodootporne-skijaske-rukavice-gl10\/\" \/>\n<meta property=\"og:site_name\" content=\"PapirPlast\" \/>\n<meta property=\"article:publisher\" content=\"https:\/\/www.facebook.com\/PapirPlastArandjelovac\/?locale=sr_RS\" \/>\n<meta property=\"article:modified_time\" content=\"2024-07-15T08:23:33+00:00\" \/>\n<meta property=\"og:image\" content=\"https:\/\/papirplast.com\/wp-content\/uploads\/2020\/02\/Skijaske-rukavice.png\" \/>\n\t<meta property=\"og:image:width\" content=\"500\" \/>\n\t<meta property=\"og:image:height\" content=\"500\" \/>\n\t<meta property=\"og:image:type\" content=\"image\/png\" \/>\n<meta name=\"twitter:card\" content=\"summary_large_image\" \/>\n<meta name=\"twitter:label1\" content=\"Est. reading time\" \/>\n\t<meta name=\"twitter:data1\" content=\"1 minute\" \/>\n<script type=\"application\/ld+json\" class=\"yoast-schema-graph\">{\"@context\":\"https:\\\/\\\/schema.org\",\"@graph\":[{\"@type\":\"WebPage\",\"@id\":\"https:\\\/\\\/papirplast.com\\\/product\\\/vodootporne-skijaske-rukavice-gl10\\\/\",\"url\":\"https:\\\/\\\/papirplast.com\\\/product\\\/vodootporne-skijaske-rukavice-gl10\\\/\",\"name\":\"Vodootporne skijaske rukavice GL10 | PapirPlast\",\"isPartOf\":{\"@id\":\"https:\\\/\\\/papirplast.com\\\/#website\"},\"primaryImageOfPage\":{\"@id\":\"https:\\\/\\\/papirplast.com\\\/product\\\/vodootporne-skijaske-rukavice-gl10\\\/#primaryimage\"},\"image\":{\"@id\":\"https:\\\/\\\/papirplast.com\\\/product\\\/vodootporne-skijaske-rukavice-gl10\\\/#primaryimage\"},\"thumbnailUrl\":\"https:\\\/\\\/papirplast.com\\\/wp-content\\\/uploads\\\/2020\\\/02\\\/Skijaske-rukavice.png\",\"datePublished\":\"2020-02-10T10:06:30+00:00\",\"dateModified\":\"2024-07-15T08:23:33+00:00\",\"description\":\"Vi\u0161enamenska vodootporna rukavica. Mekani mikro flis pru\u017ea dodatnu izolaciju. Anatomski su oblikovane osiguravaju\u0107i preciznu manipulaciju.\",\"breadcrumb\":{\"@id\":\"https:\\\/\\\/papirplast.com\\\/product\\\/vodootporne-skijaske-rukavice-gl10\\\/#breadcrumb\"},\"inLanguage\":\"en-US\",\"potentialAction\":[{\"@type\":\"ReadAction\",\"target\":[\"https:\\\/\\\/papirplast.com\\\/product\\\/vodootporne-skijaske-rukavice-gl10\\\/\"]}]},{\"@type\":\"ImageObject\",\"inLanguage\":\"en-US\",\"@id\":\"https:\\\/\\\/papirplast.com\\\/product\\\/vodootporne-skijaske-rukavice-gl10\\\/#primaryimage\",\"url\":\"https:\\\/\\\/papirplast.com\\\/wp-content\\\/uploads\\\/2020\\\/02\\\/Skijaske-rukavice.png\",\"contentUrl\":\"https:\\\/\\\/papirplast.com\\\/wp-content\\\/uploads\\\/2020\\\/02\\\/Skijaske-rukavice.png\",\"width\":500,\"height\":500},{\"@type\":\"BreadcrumbList\",\"@id\":\"https:\\\/\\\/papirplast.com\\\/product\\\/vodootporne-skijaske-rukavice-gl10\\\/#breadcrumb\",\"itemListElement\":[{\"@type\":\"ListItem\",\"position\":1,\"name\":\"Home\",\"item\":\"https:\\\/\\\/papirplast.com\\\/\"},{\"@type\":\"ListItem\",\"position\":2,\"name\":\"Prodavnica\",\"item\":\"https:\\\/\\\/papirplast.com\\\/shop\\\/\"},{\"@type\":\"ListItem\",\"position\":3,\"name\":\"Vodootporne skijaske rukavice GL10\"}]},{\"@type\":\"WebSite\",\"@id\":\"https:\\\/\\\/papirplast.com\\\/#website\",\"url\":\"https:\\\/\\\/papirplast.com\\\/\",\"name\":\"PapirPlast\",\"description\":\"\",\"publisher\":{\"@id\":\"https:\\\/\\\/papirplast.com\\\/#organization\"},\"potentialAction\":[{\"@type\":\"SearchAction\",\"target\":{\"@type\":\"EntryPoint\",\"urlTemplate\":\"https:\\\/\\\/papirplast.com\\\/?s={search_term_string}\"},\"query-input\":{\"@type\":\"PropertyValueSpecification\",\"valueRequired\":true,\"valueName\":\"search_term_string\"}}],\"inLanguage\":\"en-US\"},{\"@type\":\"Organization\",\"@id\":\"https:\\\/\\\/papirplast.com\\\/#organization\",\"name\":\"PapirPlast\",\"url\":\"https:\\\/\\\/papirplast.com\\\/\",\"logo\":{\"@type\":\"ImageObject\",\"inLanguage\":\"en-US\",\"@id\":\"https:\\\/\\\/papirplast.com\\\/#\\\/schema\\\/logo\\\/image\\\/\",\"url\":\"https:\\\/\\\/papirplast.com\\\/wp-content\\\/uploads\\\/2020\\\/02\\\/logo.png\",\"contentUrl\":\"https:\\\/\\\/papirplast.com\\\/wp-content\\\/uploads\\\/2020\\\/02\\\/logo.png\",\"width\":600,\"height\":161,\"caption\":\"PapirPlast\"},\"image\":{\"@id\":\"https:\\\/\\\/papirplast.com\\\/#\\\/schema\\\/logo\\\/image\\\/\"},\"sameAs\":[\"https:\\\/\\\/www.facebook.com\\\/PapirPlastArandjelovac\\\/?locale=sr_RS\"]}]}<\/script>\n<!-- \/ Yoast SEO plugin. -->","yoast_head_json":{"title":"Vodootporne skijaske rukavice GL10 | PapirPlast","description":"Vi\u0161enamenska vodootporna rukavica. Mekani mikro flis pru\u017ea dodatnu izolaciju. Anatomski su oblikovane osiguravaju\u0107i preciznu manipulaciju.","robots":{"index":"index","follow":"follow","max-snippet":"max-snippet:-1","max-image-preview":"max-image-preview:large","max-video-preview":"max-video-preview:-1"},"canonical":"https:\/\/papirplast.com\/en\/product\/vodootporne-skijaske-rukavice-gl10\/","og_locale":"en_US","og_type":"article","og_title":"Vodootporne skijaske rukavice GL10 | PapirPlast","og_description":"Vi\u0161enamenska vodootporna rukavica. Mekani mikro flis pru\u017ea dodatnu izolaciju. Anatomski su oblikovane osiguravaju\u0107i preciznu manipulaciju.","og_url":"https:\/\/papirplast.com\/en\/product\/vodootporne-skijaske-rukavice-gl10\/","og_site_name":"PapirPlast","article_publisher":"https:\/\/www.facebook.com\/PapirPlastArandjelovac\/?locale=sr_RS","article_modified_time":"2024-07-15T08:23:33+00:00","og_image":[{"width":500,"height":500,"url":"https:\/\/papirplast.com\/wp-content\/uploads\/2020\/02\/Skijaske-rukavice.png","type":"image\/png"}],"twitter_card":"summary_large_image","twitter_misc":{"Est. reading time":"1 minute"},"schema":{"@context":"https:\/\/schema.org","@graph":[{"@type":"WebPage","@id":"https:\/\/papirplast.com\/product\/vodootporne-skijaske-rukavice-gl10\/","url":"https:\/\/papirplast.com\/product\/vodootporne-skijaske-rukavice-gl10\/","name":"Vodootporne skijaske rukavice GL10 | PapirPlast","isPartOf":{"@id":"https:\/\/papirplast.com\/#website"},"primaryImageOfPage":{"@id":"https:\/\/papirplast.com\/product\/vodootporne-skijaske-rukavice-gl10\/#primaryimage"},"image":{"@id":"https:\/\/papirplast.com\/product\/vodootporne-skijaske-rukavice-gl10\/#primaryimage"},"thumbnailUrl":"https:\/\/papirplast.com\/wp-content\/uploads\/2020\/02\/Skijaske-rukavice.png","datePublished":"2020-02-10T10:06:30+00:00","dateModified":"2024-07-15T08:23:33+00:00","description":"Vi\u0161enamenska vodootporna rukavica. Mekani mikro flis pru\u017ea dodatnu izolaciju. Anatomski su oblikovane osiguravaju\u0107i preciznu manipulaciju.","breadcrumb":{"@id":"https:\/\/papirplast.com\/product\/vodootporne-skijaske-rukavice-gl10\/#breadcrumb"},"inLanguage":"en-US","potentialAction":[{"@type":"ReadAction","target":["https:\/\/papirplast.com\/product\/vodootporne-skijaske-rukavice-gl10\/"]}]},{"@type":"ImageObject","inLanguage":"en-US","@id":"https:\/\/papirplast.com\/product\/vodootporne-skijaske-rukavice-gl10\/#primaryimage","url":"https:\/\/papirplast.com\/wp-content\/uploads\/2020\/02\/Skijaske-rukavice.png","contentUrl":"https:\/\/papirplast.com\/wp-content\/uploads\/2020\/02\/Skijaske-rukavice.png","width":500,"height":500},{"@type":"BreadcrumbList","@id":"https:\/\/papirplast.com\/product\/vodootporne-skijaske-rukavice-gl10\/#breadcrumb","itemListElement":[{"@type":"ListItem","position":1,"name":"Home","item":"https:\/\/papirplast.com\/"},{"@type":"ListItem","position":2,"name":"Prodavnica","item":"https:\/\/papirplast.com\/shop\/"},{"@type":"ListItem","position":3,"name":"Vodootporne skijaske rukavice GL10"}]},{"@type":"WebSite","@id":"https:\/\/papirplast.com\/#website","url":"https:\/\/papirplast.com\/","name":"PapirPlast","description":"","publisher":{"@id":"https:\/\/papirplast.com\/#organization"},"potentialAction":[{"@type":"SearchAction","target":{"@type":"EntryPoint","urlTemplate":"https:\/\/papirplast.com\/?s={search_term_string}"},"query-input":{"@type":"PropertyValueSpecification","valueRequired":true,"valueName":"search_term_string"}}],"inLanguage":"en-US"},{"@type":"Organization","@id":"https:\/\/papirplast.com\/#organization","name":"PapirPlast","url":"https:\/\/papirplast.com\/","logo":{"@type":"ImageObject","inLanguage":"en-US","@id":"https:\/\/papirplast.com\/#\/schema\/logo\/image\/","url":"https:\/\/papirplast.com\/wp-content\/uploads\/2020\/02\/logo.png","contentUrl":"https:\/\/papirplast.com\/wp-content\/uploads\/2020\/02\/logo.png","width":600,"height":161,"caption":"PapirPlast"},"image":{"@id":"https:\/\/papirplast.com\/#\/schema\/logo\/image\/"},"sameAs":["https:\/\/www.facebook.com\/PapirPlastArandjelovac\/?locale=sr_RS"]}]}},"_links":{"self":[{"href":"https:\/\/papirplast.com\/en\/wp-json\/wp\/v2\/product\/10148","targetHints":{"allow":["GET"]}}],"collection":[{"href":"https:\/\/papirplast.com\/en\/wp-json\/wp\/v2\/product"}],"about":[{"href":"https:\/\/papirplast.com\/en\/wp-json\/wp\/v2\/types\/product"}],"wp:featuredmedia":[{"embeddable":true,"href":"https:\/\/papirplast.com\/en\/wp-json\/wp\/v2\/media\/14332"}],"wp:attachment":[{"href":"https:\/\/papirplast.com\/en\/wp-json\/wp\/v2\/media?parent=10148"}],"wp:term":[{"taxonomy":"product_brand","embeddable":true,"href":"https:\/\/papirplast.com\/en\/wp-json\/wp\/v2\/product_brand?post=10148"},{"taxonomy":"product_cat","embeddable":true,"href":"https:\/\/papirplast.com\/en\/wp-json\/wp\/v2\/product_cat?post=10148"},{"taxonomy":"product_tag","embeddable":true,"href":"https:\/\/papirplast.com\/en\/wp-json\/wp\/v2\/product_tag?post=10148"}],"curies":[{"name":"wp","href":"https:\/\/api.w.org\/{rel}","templated":true}]}}