{"id":10159,"date":"2020-02-10T10:06:32","date_gmt":"2020-02-10T10:06:32","guid":{"rendered":"https:\/\/papirplast.com\/product\/liquid-pro-rukavice-ap80\/"},"modified":"2024-07-15T08:23:33","modified_gmt":"2024-07-15T08:23:33","slug":"liquid-pro-rukavice-ap80","status":"publish","type":"product","link":"https:\/\/papirplast.com\/en\/product\/liquid-pro-rukavice-ap80\/","title":{"rendered":"Liquid pro rukavice AP80"},"content":{"rendered":"<p>Liquid Pro sa najnovijom tehnologijom dvostrukog premaza pru\u017ea maksimalnu za\u0161titu od te\u010dnosti. Glatki lateks premaz ide pre penastog lateks premaza na regiji dlana. Ovaj proces obezbe\u0111uje odli\u010dan stisak. Elasti\u010dni man\u017eetne obezbe\u0111uju bezbedno pristajanje.<\/p>\n<ul class=\"features-text\">\n<li>Liquid Pro pru\u017ea maksimalnu za\u0161titu od te\u010dnosti<\/li>\n<li>Premaz od lateks pene za odli\u010dan stisak u vla\u017enim i suvim uslovima<\/li>\n<li>za dodatnu za\u0161titu u te\u0161kim uslovima<\/li>\n<li>Maloprodajna torba koja olak\u0161ava promociju proizvoda<\/li>\n<li>Osnova od 13 petlji za savr\u0161eno pristajanje<\/li>\n<li>Elasti\u010dne man\u017eetne za bezbedno pristajanje<\/li>\n<li>Mo\u010deno u lateks za maksimalan stisak<\/li>\n<li>ANSI Abrazija nivo 2<\/li>\n<\/ul>","protected":false},"excerpt":{"rendered":"<p>Liquid Pro sa najnovijom tehnologijom dvostrukog premaza pru\u017ea maksimalnu za\u0161titu od te\u010dnosti. Glatki lateks premaz ide pre penastog lateks premaza na regiji dlana. Ovaj proces obezbe\u0111uje odli\u010dan stisak. Elasti\u010dni man\u017eetne obezbe\u0111uju bezbedno pristajanje. Liquid Pro pru\u017ea maksimalnu za\u0161titu od te\u010dnosti Premaz od lateks pene za odli\u010dan stisak u vla\u017enim i suvim uslovima za dodatnu za\u0161titu [&hellip;]<\/p>\n","protected":false},"featured_media":14337,"template":"","meta":{"_monsterinsights_skip_tracking":false,"_monsterinsights_sitenote_active":false,"_monsterinsights_sitenote_note":"","_monsterinsights_sitenote_category":0},"product_brand":[],"product_cat":[97],"product_tag":[185],"class_list":{"0":"post-10159","1":"product","2":"type-product","3":"status-publish","4":"has-post-thumbnail","6":"product_cat-htz-oprema","7":"product_tag-rukavice","9":"first","10":"instock","11":"sale","12":"shipping-taxable","13":"purchasable","14":"product-type-simple"},"yoast_head":"<!-- This site is optimized with the Yoast SEO plugin v27.5 - https:\/\/yoast.com\/product\/yoast-seo-wordpress\/ -->\n<title>Liquid pro rukavice AP80 | PapirPlast<\/title>\n<meta name=\"description\" content=\"Liquid Pro sa najnovijom tehnologijom dvostrukog premaza pru\u017ea maksimalnu za\u0161titu od te\u010dnosti.\" \/>\n<meta name=\"robots\" content=\"index, follow, max-snippet:-1, max-image-preview:large, max-video-preview:-1\" \/>\n<link rel=\"canonical\" href=\"https:\/\/papirplast.com\/en\/product\/liquid-pro-rukavice-ap80\/\" \/>\n<meta property=\"og:locale\" content=\"en_US\" \/>\n<meta property=\"og:type\" content=\"article\" \/>\n<meta property=\"og:title\" content=\"Liquid pro rukavice AP80 | PapirPlast\" \/>\n<meta property=\"og:description\" content=\"Liquid Pro sa najnovijom tehnologijom dvostrukog premaza pru\u017ea maksimalnu za\u0161titu od te\u010dnosti.\" \/>\n<meta property=\"og:url\" content=\"https:\/\/papirplast.com\/en\/product\/liquid-pro-rukavice-ap80\/\" \/>\n<meta property=\"og:site_name\" content=\"PapirPlast\" \/>\n<meta property=\"article:publisher\" content=\"https:\/\/www.facebook.com\/PapirPlastArandjelovac\/?locale=sr_RS\" \/>\n<meta property=\"article:modified_time\" content=\"2024-07-15T08:23:33+00:00\" \/>\n<meta property=\"og:image\" content=\"https:\/\/papirplast.com\/wp-content\/uploads\/2020\/02\/htz-oprema-2.png\" \/>\n\t<meta property=\"og:image:width\" content=\"500\" \/>\n\t<meta property=\"og:image:height\" content=\"500\" \/>\n\t<meta property=\"og:image:type\" content=\"image\/png\" \/>\n<meta name=\"twitter:card\" content=\"summary_large_image\" \/>\n<meta name=\"twitter:label1\" content=\"Est. reading time\" \/>\n\t<meta name=\"twitter:data1\" content=\"1 minute\" \/>\n<script type=\"application\/ld+json\" class=\"yoast-schema-graph\">{\"@context\":\"https:\\\/\\\/schema.org\",\"@graph\":[{\"@type\":\"WebPage\",\"@id\":\"https:\\\/\\\/papirplast.com\\\/product\\\/liquid-pro-rukavice-ap80\\\/\",\"url\":\"https:\\\/\\\/papirplast.com\\\/product\\\/liquid-pro-rukavice-ap80\\\/\",\"name\":\"Liquid pro rukavice AP80 | PapirPlast\",\"isPartOf\":{\"@id\":\"https:\\\/\\\/papirplast.com\\\/#website\"},\"primaryImageOfPage\":{\"@id\":\"https:\\\/\\\/papirplast.com\\\/product\\\/liquid-pro-rukavice-ap80\\\/#primaryimage\"},\"image\":{\"@id\":\"https:\\\/\\\/papirplast.com\\\/product\\\/liquid-pro-rukavice-ap80\\\/#primaryimage\"},\"thumbnailUrl\":\"https:\\\/\\\/papirplast.com\\\/wp-content\\\/uploads\\\/2020\\\/02\\\/htz-oprema-2.png\",\"datePublished\":\"2020-02-10T10:06:32+00:00\",\"dateModified\":\"2024-07-15T08:23:33+00:00\",\"description\":\"Liquid Pro sa najnovijom tehnologijom dvostrukog premaza pru\u017ea maksimalnu za\u0161titu od te\u010dnosti.\",\"breadcrumb\":{\"@id\":\"https:\\\/\\\/papirplast.com\\\/product\\\/liquid-pro-rukavice-ap80\\\/#breadcrumb\"},\"inLanguage\":\"en-US\",\"potentialAction\":[{\"@type\":\"ReadAction\",\"target\":[\"https:\\\/\\\/papirplast.com\\\/product\\\/liquid-pro-rukavice-ap80\\\/\"]}]},{\"@type\":\"ImageObject\",\"inLanguage\":\"en-US\",\"@id\":\"https:\\\/\\\/papirplast.com\\\/product\\\/liquid-pro-rukavice-ap80\\\/#primaryimage\",\"url\":\"https:\\\/\\\/papirplast.com\\\/wp-content\\\/uploads\\\/2020\\\/02\\\/htz-oprema-2.png\",\"contentUrl\":\"https:\\\/\\\/papirplast.com\\\/wp-content\\\/uploads\\\/2020\\\/02\\\/htz-oprema-2.png\",\"width\":500,\"height\":500},{\"@type\":\"BreadcrumbList\",\"@id\":\"https:\\\/\\\/papirplast.com\\\/product\\\/liquid-pro-rukavice-ap80\\\/#breadcrumb\",\"itemListElement\":[{\"@type\":\"ListItem\",\"position\":1,\"name\":\"Home\",\"item\":\"https:\\\/\\\/papirplast.com\\\/\"},{\"@type\":\"ListItem\",\"position\":2,\"name\":\"Prodavnica\",\"item\":\"https:\\\/\\\/papirplast.com\\\/shop\\\/\"},{\"@type\":\"ListItem\",\"position\":3,\"name\":\"Liquid pro rukavice AP80\"}]},{\"@type\":\"WebSite\",\"@id\":\"https:\\\/\\\/papirplast.com\\\/#website\",\"url\":\"https:\\\/\\\/papirplast.com\\\/\",\"name\":\"PapirPlast\",\"description\":\"\",\"publisher\":{\"@id\":\"https:\\\/\\\/papirplast.com\\\/#organization\"},\"potentialAction\":[{\"@type\":\"SearchAction\",\"target\":{\"@type\":\"EntryPoint\",\"urlTemplate\":\"https:\\\/\\\/papirplast.com\\\/?s={search_term_string}\"},\"query-input\":{\"@type\":\"PropertyValueSpecification\",\"valueRequired\":true,\"valueName\":\"search_term_string\"}}],\"inLanguage\":\"en-US\"},{\"@type\":\"Organization\",\"@id\":\"https:\\\/\\\/papirplast.com\\\/#organization\",\"name\":\"PapirPlast\",\"url\":\"https:\\\/\\\/papirplast.com\\\/\",\"logo\":{\"@type\":\"ImageObject\",\"inLanguage\":\"en-US\",\"@id\":\"https:\\\/\\\/papirplast.com\\\/#\\\/schema\\\/logo\\\/image\\\/\",\"url\":\"https:\\\/\\\/papirplast.com\\\/wp-content\\\/uploads\\\/2020\\\/02\\\/logo.png\",\"contentUrl\":\"https:\\\/\\\/papirplast.com\\\/wp-content\\\/uploads\\\/2020\\\/02\\\/logo.png\",\"width\":600,\"height\":161,\"caption\":\"PapirPlast\"},\"image\":{\"@id\":\"https:\\\/\\\/papirplast.com\\\/#\\\/schema\\\/logo\\\/image\\\/\"},\"sameAs\":[\"https:\\\/\\\/www.facebook.com\\\/PapirPlastArandjelovac\\\/?locale=sr_RS\"]}]}<\/script>\n<!-- \/ Yoast SEO plugin. -->","yoast_head_json":{"title":"Liquid pro rukavice AP80 | PapirPlast","description":"Liquid Pro sa najnovijom tehnologijom dvostrukog premaza pru\u017ea maksimalnu za\u0161titu od te\u010dnosti.","robots":{"index":"index","follow":"follow","max-snippet":"max-snippet:-1","max-image-preview":"max-image-preview:large","max-video-preview":"max-video-preview:-1"},"canonical":"https:\/\/papirplast.com\/en\/product\/liquid-pro-rukavice-ap80\/","og_locale":"en_US","og_type":"article","og_title":"Liquid pro rukavice AP80 | PapirPlast","og_description":"Liquid Pro sa najnovijom tehnologijom dvostrukog premaza pru\u017ea maksimalnu za\u0161titu od te\u010dnosti.","og_url":"https:\/\/papirplast.com\/en\/product\/liquid-pro-rukavice-ap80\/","og_site_name":"PapirPlast","article_publisher":"https:\/\/www.facebook.com\/PapirPlastArandjelovac\/?locale=sr_RS","article_modified_time":"2024-07-15T08:23:33+00:00","og_image":[{"width":500,"height":500,"url":"https:\/\/papirplast.com\/wp-content\/uploads\/2020\/02\/htz-oprema-2.png","type":"image\/png"}],"twitter_card":"summary_large_image","twitter_misc":{"Est. reading time":"1 minute"},"schema":{"@context":"https:\/\/schema.org","@graph":[{"@type":"WebPage","@id":"https:\/\/papirplast.com\/product\/liquid-pro-rukavice-ap80\/","url":"https:\/\/papirplast.com\/product\/liquid-pro-rukavice-ap80\/","name":"Liquid pro rukavice AP80 | PapirPlast","isPartOf":{"@id":"https:\/\/papirplast.com\/#website"},"primaryImageOfPage":{"@id":"https:\/\/papirplast.com\/product\/liquid-pro-rukavice-ap80\/#primaryimage"},"image":{"@id":"https:\/\/papirplast.com\/product\/liquid-pro-rukavice-ap80\/#primaryimage"},"thumbnailUrl":"https:\/\/papirplast.com\/wp-content\/uploads\/2020\/02\/htz-oprema-2.png","datePublished":"2020-02-10T10:06:32+00:00","dateModified":"2024-07-15T08:23:33+00:00","description":"Liquid Pro sa najnovijom tehnologijom dvostrukog premaza pru\u017ea maksimalnu za\u0161titu od te\u010dnosti.","breadcrumb":{"@id":"https:\/\/papirplast.com\/product\/liquid-pro-rukavice-ap80\/#breadcrumb"},"inLanguage":"en-US","potentialAction":[{"@type":"ReadAction","target":["https:\/\/papirplast.com\/product\/liquid-pro-rukavice-ap80\/"]}]},{"@type":"ImageObject","inLanguage":"en-US","@id":"https:\/\/papirplast.com\/product\/liquid-pro-rukavice-ap80\/#primaryimage","url":"https:\/\/papirplast.com\/wp-content\/uploads\/2020\/02\/htz-oprema-2.png","contentUrl":"https:\/\/papirplast.com\/wp-content\/uploads\/2020\/02\/htz-oprema-2.png","width":500,"height":500},{"@type":"BreadcrumbList","@id":"https:\/\/papirplast.com\/product\/liquid-pro-rukavice-ap80\/#breadcrumb","itemListElement":[{"@type":"ListItem","position":1,"name":"Home","item":"https:\/\/papirplast.com\/"},{"@type":"ListItem","position":2,"name":"Prodavnica","item":"https:\/\/papirplast.com\/shop\/"},{"@type":"ListItem","position":3,"name":"Liquid pro rukavice AP80"}]},{"@type":"WebSite","@id":"https:\/\/papirplast.com\/#website","url":"https:\/\/papirplast.com\/","name":"PapirPlast","description":"","publisher":{"@id":"https:\/\/papirplast.com\/#organization"},"potentialAction":[{"@type":"SearchAction","target":{"@type":"EntryPoint","urlTemplate":"https:\/\/papirplast.com\/?s={search_term_string}"},"query-input":{"@type":"PropertyValueSpecification","valueRequired":true,"valueName":"search_term_string"}}],"inLanguage":"en-US"},{"@type":"Organization","@id":"https:\/\/papirplast.com\/#organization","name":"PapirPlast","url":"https:\/\/papirplast.com\/","logo":{"@type":"ImageObject","inLanguage":"en-US","@id":"https:\/\/papirplast.com\/#\/schema\/logo\/image\/","url":"https:\/\/papirplast.com\/wp-content\/uploads\/2020\/02\/logo.png","contentUrl":"https:\/\/papirplast.com\/wp-content\/uploads\/2020\/02\/logo.png","width":600,"height":161,"caption":"PapirPlast"},"image":{"@id":"https:\/\/papirplast.com\/#\/schema\/logo\/image\/"},"sameAs":["https:\/\/www.facebook.com\/PapirPlastArandjelovac\/?locale=sr_RS"]}]}},"_links":{"self":[{"href":"https:\/\/papirplast.com\/en\/wp-json\/wp\/v2\/product\/10159","targetHints":{"allow":["GET"]}}],"collection":[{"href":"https:\/\/papirplast.com\/en\/wp-json\/wp\/v2\/product"}],"about":[{"href":"https:\/\/papirplast.com\/en\/wp-json\/wp\/v2\/types\/product"}],"wp:featuredmedia":[{"embeddable":true,"href":"https:\/\/papirplast.com\/en\/wp-json\/wp\/v2\/media\/14337"}],"wp:attachment":[{"href":"https:\/\/papirplast.com\/en\/wp-json\/wp\/v2\/media?parent=10159"}],"wp:term":[{"taxonomy":"product_brand","embeddable":true,"href":"https:\/\/papirplast.com\/en\/wp-json\/wp\/v2\/product_brand?post=10159"},{"taxonomy":"product_cat","embeddable":true,"href":"https:\/\/papirplast.com\/en\/wp-json\/wp\/v2\/product_cat?post=10159"},{"taxonomy":"product_tag","embeddable":true,"href":"https:\/\/papirplast.com\/en\/wp-json\/wp\/v2\/product_tag?post=10159"}],"curies":[{"name":"wp","href":"https:\/\/api.w.org\/{rel}","templated":true}]}}