{"id":10177,"date":"2020-02-10T10:06:36","date_gmt":"2020-02-10T10:06:36","guid":{"rendered":"https:\/\/papirplast.com\/product\/action-bermude-s889\/"},"modified":"2024-07-15T08:23:33","modified_gmt":"2024-07-15T08:23:33","slug":"action-bermude-s889","status":"publish","type":"product","link":"https:\/\/papirplast.com\/en\/product\/action-bermude-s889\/","title":{"rendered":"Bermude action S889"},"content":{"rendered":"<p>Ove popularne bermude imaju puno mesta za \u010duvanje stvari i dvostruke \u0161avove za dodatnu ja\u010dinu. Elasti\u010dan pojas u struku na le\u0111ima za slobodu kretanja.<\/p>\n<ul class=\"features-text\">\n<li>Izdr\u017eljiva polipamu\u010dna tkanina za visoke performanse i maksimalnu udobnost korisnika<\/li>\n<li>Materijal sa UPF 50+ ocenom blokira 98% UV zraka<\/li>\n<li>9 d\u017eepova za obimno skladi\u0161tenje<\/li>\n<li>D\u017eep za mobilni telefon<\/li>\n<li>D\u017eepovi sa rajsfer\u0161lusima<\/li>\n<li>Poluelasti\u010dni pojas za sigurno i udobno pristajanje<\/li>\n<li>Dvostruko pro\u0161iveni \u0161avovi za dodatnu izdr\u017eljivost<\/li>\n<\/ul>","protected":false},"excerpt":{"rendered":"<p>Ove popularne bermude imaju puno mesta za \u010duvanje stvari i dvostruke \u0161avove za dodatnu ja\u010dinu. Elasti\u010dan pojas u struku na le\u0111ima za slobodu kretanja. Izdr\u017eljiva polipamu\u010dna tkanina za visoke performanse i maksimalnu udobnost korisnika Materijal sa UPF 50+ ocenom blokira 98% UV zraka 9 d\u017eepova za obimno skladi\u0161tenje D\u017eep za mobilni telefon D\u017eepovi sa rajsfer\u0161lusima [&hellip;]<\/p>\n","protected":false},"featured_media":14527,"template":"","meta":{"_monsterinsights_skip_tracking":false,"_monsterinsights_sitenote_active":false,"_monsterinsights_sitenote_note":"","_monsterinsights_sitenote_category":0},"product_brand":[],"product_cat":[97],"product_tag":[323,306],"class_list":{"0":"post-10177","1":"product","2":"type-product","3":"status-publish","4":"has-post-thumbnail","6":"product_cat-htz-oprema","7":"product_tag-bermude","8":"product_tag-htz","10":"first","11":"instock","12":"sale","13":"shipping-taxable","14":"purchasable","15":"product-type-variable","16":"has-default-attributes"},"yoast_head":"<!-- This site is optimized with the Yoast SEO plugin v27.4 - https:\/\/yoast.com\/product\/yoast-seo-wordpress\/ -->\n<title>Bermude action S889 | PapirPlast<\/title>\n<meta name=\"description\" content=\"Ove popularne bermude imaju puno mesta za \u010duvanje stvari i dvostruke \u0161avove za dodatnu ja\u010dinu. Elasti\u010dan pojas u struku na le\u0111ima za slobodu kretanja.\" \/>\n<meta name=\"robots\" content=\"index, follow, max-snippet:-1, max-image-preview:large, max-video-preview:-1\" \/>\n<link rel=\"canonical\" href=\"https:\/\/papirplast.com\/en\/product\/action-bermude-s889\/\" \/>\n<meta property=\"og:locale\" content=\"en_US\" \/>\n<meta property=\"og:type\" content=\"article\" \/>\n<meta property=\"og:title\" content=\"Bermude action S889 | PapirPlast\" \/>\n<meta property=\"og:description\" content=\"Ove popularne bermude imaju puno mesta za \u010duvanje stvari i dvostruke \u0161avove za dodatnu ja\u010dinu. Elasti\u010dan pojas u struku na le\u0111ima za slobodu kretanja.\" \/>\n<meta property=\"og:url\" content=\"https:\/\/papirplast.com\/en\/product\/action-bermude-s889\/\" \/>\n<meta property=\"og:site_name\" content=\"PapirPlast\" \/>\n<meta property=\"article:publisher\" content=\"https:\/\/www.facebook.com\/PapirPlastArandjelovac\/?locale=sr_RS\" \/>\n<meta property=\"article:modified_time\" content=\"2024-07-15T08:23:33+00:00\" \/>\n<meta property=\"og:image\" content=\"https:\/\/papirplast.com\/wp-content\/uploads\/2023\/02\/bermude-1.png\" \/>\n\t<meta property=\"og:image:width\" content=\"500\" \/>\n\t<meta property=\"og:image:height\" content=\"500\" \/>\n\t<meta property=\"og:image:type\" content=\"image\/png\" \/>\n<meta name=\"twitter:card\" content=\"summary_large_image\" \/>\n<meta name=\"twitter:label1\" content=\"Est. reading time\" \/>\n\t<meta name=\"twitter:data1\" content=\"1 minute\" \/>\n<script type=\"application\/ld+json\" class=\"yoast-schema-graph\">{\"@context\":\"https:\\\/\\\/schema.org\",\"@graph\":[{\"@type\":\"WebPage\",\"@id\":\"https:\\\/\\\/papirplast.com\\\/product\\\/action-bermude-s889\\\/\",\"url\":\"https:\\\/\\\/papirplast.com\\\/product\\\/action-bermude-s889\\\/\",\"name\":\"Bermude action S889 | PapirPlast\",\"isPartOf\":{\"@id\":\"https:\\\/\\\/papirplast.com\\\/#website\"},\"primaryImageOfPage\":{\"@id\":\"https:\\\/\\\/papirplast.com\\\/product\\\/action-bermude-s889\\\/#primaryimage\"},\"image\":{\"@id\":\"https:\\\/\\\/papirplast.com\\\/product\\\/action-bermude-s889\\\/#primaryimage\"},\"thumbnailUrl\":\"https:\\\/\\\/papirplast.com\\\/wp-content\\\/uploads\\\/2023\\\/02\\\/bermude-1.png\",\"datePublished\":\"2020-02-10T10:06:36+00:00\",\"dateModified\":\"2024-07-15T08:23:33+00:00\",\"description\":\"Ove popularne bermude imaju puno mesta za \u010duvanje stvari i dvostruke \u0161avove za dodatnu ja\u010dinu. Elasti\u010dan pojas u struku na le\u0111ima za slobodu kretanja.\",\"breadcrumb\":{\"@id\":\"https:\\\/\\\/papirplast.com\\\/product\\\/action-bermude-s889\\\/#breadcrumb\"},\"inLanguage\":\"en-US\",\"potentialAction\":[{\"@type\":\"ReadAction\",\"target\":[\"https:\\\/\\\/papirplast.com\\\/product\\\/action-bermude-s889\\\/\"]}]},{\"@type\":\"ImageObject\",\"inLanguage\":\"en-US\",\"@id\":\"https:\\\/\\\/papirplast.com\\\/product\\\/action-bermude-s889\\\/#primaryimage\",\"url\":\"https:\\\/\\\/papirplast.com\\\/wp-content\\\/uploads\\\/2023\\\/02\\\/bermude-1.png\",\"contentUrl\":\"https:\\\/\\\/papirplast.com\\\/wp-content\\\/uploads\\\/2023\\\/02\\\/bermude-1.png\",\"width\":500,\"height\":500},{\"@type\":\"BreadcrumbList\",\"@id\":\"https:\\\/\\\/papirplast.com\\\/product\\\/action-bermude-s889\\\/#breadcrumb\",\"itemListElement\":[{\"@type\":\"ListItem\",\"position\":1,\"name\":\"Home\",\"item\":\"https:\\\/\\\/papirplast.com\\\/\"},{\"@type\":\"ListItem\",\"position\":2,\"name\":\"Prodavnica\",\"item\":\"https:\\\/\\\/papirplast.com\\\/shop\\\/\"},{\"@type\":\"ListItem\",\"position\":3,\"name\":\"Bermude action S889\"}]},{\"@type\":\"WebSite\",\"@id\":\"https:\\\/\\\/papirplast.com\\\/#website\",\"url\":\"https:\\\/\\\/papirplast.com\\\/\",\"name\":\"PapirPlast\",\"description\":\"\",\"publisher\":{\"@id\":\"https:\\\/\\\/papirplast.com\\\/#organization\"},\"potentialAction\":[{\"@type\":\"SearchAction\",\"target\":{\"@type\":\"EntryPoint\",\"urlTemplate\":\"https:\\\/\\\/papirplast.com\\\/?s={search_term_string}\"},\"query-input\":{\"@type\":\"PropertyValueSpecification\",\"valueRequired\":true,\"valueName\":\"search_term_string\"}}],\"inLanguage\":\"en-US\"},{\"@type\":\"Organization\",\"@id\":\"https:\\\/\\\/papirplast.com\\\/#organization\",\"name\":\"PapirPlast\",\"url\":\"https:\\\/\\\/papirplast.com\\\/\",\"logo\":{\"@type\":\"ImageObject\",\"inLanguage\":\"en-US\",\"@id\":\"https:\\\/\\\/papirplast.com\\\/#\\\/schema\\\/logo\\\/image\\\/\",\"url\":\"https:\\\/\\\/papirplast.com\\\/wp-content\\\/uploads\\\/2020\\\/02\\\/logo.png\",\"contentUrl\":\"https:\\\/\\\/papirplast.com\\\/wp-content\\\/uploads\\\/2020\\\/02\\\/logo.png\",\"width\":600,\"height\":161,\"caption\":\"PapirPlast\"},\"image\":{\"@id\":\"https:\\\/\\\/papirplast.com\\\/#\\\/schema\\\/logo\\\/image\\\/\"},\"sameAs\":[\"https:\\\/\\\/www.facebook.com\\\/PapirPlastArandjelovac\\\/?locale=sr_RS\"]}]}<\/script>\n<!-- \/ Yoast SEO plugin. -->","yoast_head_json":{"title":"Bermude action S889 | PapirPlast","description":"Ove popularne bermude imaju puno mesta za \u010duvanje stvari i dvostruke \u0161avove za dodatnu ja\u010dinu. Elasti\u010dan pojas u struku na le\u0111ima za slobodu kretanja.","robots":{"index":"index","follow":"follow","max-snippet":"max-snippet:-1","max-image-preview":"max-image-preview:large","max-video-preview":"max-video-preview:-1"},"canonical":"https:\/\/papirplast.com\/en\/product\/action-bermude-s889\/","og_locale":"en_US","og_type":"article","og_title":"Bermude action S889 | PapirPlast","og_description":"Ove popularne bermude imaju puno mesta za \u010duvanje stvari i dvostruke \u0161avove za dodatnu ja\u010dinu. Elasti\u010dan pojas u struku na le\u0111ima za slobodu kretanja.","og_url":"https:\/\/papirplast.com\/en\/product\/action-bermude-s889\/","og_site_name":"PapirPlast","article_publisher":"https:\/\/www.facebook.com\/PapirPlastArandjelovac\/?locale=sr_RS","article_modified_time":"2024-07-15T08:23:33+00:00","og_image":[{"width":500,"height":500,"url":"https:\/\/papirplast.com\/wp-content\/uploads\/2023\/02\/bermude-1.png","type":"image\/png"}],"twitter_card":"summary_large_image","twitter_misc":{"Est. reading time":"1 minute"},"schema":{"@context":"https:\/\/schema.org","@graph":[{"@type":"WebPage","@id":"https:\/\/papirplast.com\/product\/action-bermude-s889\/","url":"https:\/\/papirplast.com\/product\/action-bermude-s889\/","name":"Bermude action S889 | PapirPlast","isPartOf":{"@id":"https:\/\/papirplast.com\/#website"},"primaryImageOfPage":{"@id":"https:\/\/papirplast.com\/product\/action-bermude-s889\/#primaryimage"},"image":{"@id":"https:\/\/papirplast.com\/product\/action-bermude-s889\/#primaryimage"},"thumbnailUrl":"https:\/\/papirplast.com\/wp-content\/uploads\/2023\/02\/bermude-1.png","datePublished":"2020-02-10T10:06:36+00:00","dateModified":"2024-07-15T08:23:33+00:00","description":"Ove popularne bermude imaju puno mesta za \u010duvanje stvari i dvostruke \u0161avove za dodatnu ja\u010dinu. Elasti\u010dan pojas u struku na le\u0111ima za slobodu kretanja.","breadcrumb":{"@id":"https:\/\/papirplast.com\/product\/action-bermude-s889\/#breadcrumb"},"inLanguage":"en-US","potentialAction":[{"@type":"ReadAction","target":["https:\/\/papirplast.com\/product\/action-bermude-s889\/"]}]},{"@type":"ImageObject","inLanguage":"en-US","@id":"https:\/\/papirplast.com\/product\/action-bermude-s889\/#primaryimage","url":"https:\/\/papirplast.com\/wp-content\/uploads\/2023\/02\/bermude-1.png","contentUrl":"https:\/\/papirplast.com\/wp-content\/uploads\/2023\/02\/bermude-1.png","width":500,"height":500},{"@type":"BreadcrumbList","@id":"https:\/\/papirplast.com\/product\/action-bermude-s889\/#breadcrumb","itemListElement":[{"@type":"ListItem","position":1,"name":"Home","item":"https:\/\/papirplast.com\/"},{"@type":"ListItem","position":2,"name":"Prodavnica","item":"https:\/\/papirplast.com\/shop\/"},{"@type":"ListItem","position":3,"name":"Bermude action S889"}]},{"@type":"WebSite","@id":"https:\/\/papirplast.com\/#website","url":"https:\/\/papirplast.com\/","name":"PapirPlast","description":"","publisher":{"@id":"https:\/\/papirplast.com\/#organization"},"potentialAction":[{"@type":"SearchAction","target":{"@type":"EntryPoint","urlTemplate":"https:\/\/papirplast.com\/?s={search_term_string}"},"query-input":{"@type":"PropertyValueSpecification","valueRequired":true,"valueName":"search_term_string"}}],"inLanguage":"en-US"},{"@type":"Organization","@id":"https:\/\/papirplast.com\/#organization","name":"PapirPlast","url":"https:\/\/papirplast.com\/","logo":{"@type":"ImageObject","inLanguage":"en-US","@id":"https:\/\/papirplast.com\/#\/schema\/logo\/image\/","url":"https:\/\/papirplast.com\/wp-content\/uploads\/2020\/02\/logo.png","contentUrl":"https:\/\/papirplast.com\/wp-content\/uploads\/2020\/02\/logo.png","width":600,"height":161,"caption":"PapirPlast"},"image":{"@id":"https:\/\/papirplast.com\/#\/schema\/logo\/image\/"},"sameAs":["https:\/\/www.facebook.com\/PapirPlastArandjelovac\/?locale=sr_RS"]}]}},"_links":{"self":[{"href":"https:\/\/papirplast.com\/en\/wp-json\/wp\/v2\/product\/10177","targetHints":{"allow":["GET"]}}],"collection":[{"href":"https:\/\/papirplast.com\/en\/wp-json\/wp\/v2\/product"}],"about":[{"href":"https:\/\/papirplast.com\/en\/wp-json\/wp\/v2\/types\/product"}],"wp:featuredmedia":[{"embeddable":true,"href":"https:\/\/papirplast.com\/en\/wp-json\/wp\/v2\/media\/14527"}],"wp:attachment":[{"href":"https:\/\/papirplast.com\/en\/wp-json\/wp\/v2\/media?parent=10177"}],"wp:term":[{"taxonomy":"product_brand","embeddable":true,"href":"https:\/\/papirplast.com\/en\/wp-json\/wp\/v2\/product_brand?post=10177"},{"taxonomy":"product_cat","embeddable":true,"href":"https:\/\/papirplast.com\/en\/wp-json\/wp\/v2\/product_cat?post=10177"},{"taxonomy":"product_tag","embeddable":true,"href":"https:\/\/papirplast.com\/en\/wp-json\/wp\/v2\/product_tag?post=10177"}],"curies":[{"name":"wp","href":"https:\/\/api.w.org\/{rel}","templated":true}]}}