{"id":10180,"date":"2020-02-10T10:06:36","date_gmt":"2020-02-10T10:06:36","guid":{"rendered":"https:\/\/papirplast.com\/product\/staffa-mikro-flis-pulover-f180\/"},"modified":"2024-07-15T08:23:33","modified_gmt":"2024-07-15T08:23:33","slug":"staffa-mikro-flis-pulover-f180","status":"publish","type":"product","link":"https:\/\/papirplast.com\/en\/product\/staffa-mikro-flis-pulover-f180\/","title":{"rendered":"Pulover staff flis F180"},"content":{"rendered":"<p>Ovaj moderni, izuzetno lagani i meki mikroflis koji se ne \u0107eba je idealan za no\u0161enje samostalno ili u kompletu. Udoban, privla\u010dnog dizajna, upotpunjuje aktivan \u017eivotni stil.<\/p>\n<ul class=\"features-text\">\n<li>Izdr\u017eljiva flis tkanina otporna na \u0107ebanje<\/li>\n<li>Centrirani prednji rajsfer\u0161lus- 1\/4 du\u017eine za dodatnu udobnost i raznovrsnost<\/li>\n<li>Moderni unisex dizajn za vi\u0161enamensku upotrebu<\/li>\n<li>Dekorativni pro\u0161iveni detalji<\/li>\n<\/ul>","protected":false},"excerpt":{"rendered":"<p>Ovaj moderni, izuzetno lagani i meki mikroflis koji se ne \u0107eba je idealan za no\u0161enje samostalno ili u kompletu. Udoban, privla\u010dnog dizajna, upotpunjuje aktivan \u017eivotni stil. Izdr\u017eljiva flis tkanina otporna na \u0107ebanje Centrirani prednji rajsfer\u0161lus- 1\/4 du\u017eine za dodatnu udobnost i raznovrsnost Moderni unisex dizajn za vi\u0161enamensku upotrebu Dekorativni pro\u0161iveni detalji<\/p>","protected":false},"featured_media":14544,"template":"","meta":{"_monsterinsights_skip_tracking":false,"_monsterinsights_sitenote_active":false,"_monsterinsights_sitenote_note":"","_monsterinsights_sitenote_category":0},"product_brand":[],"product_cat":[97],"product_tag":[306],"class_list":{"0":"post-10180","1":"product","2":"type-product","3":"status-publish","4":"has-post-thumbnail","6":"product_cat-htz-oprema","7":"product_tag-htz","9":"first","10":"instock","11":"sale","12":"shipping-taxable","13":"purchasable","14":"product-type-simple"},"yoast_head":"<!-- This site is optimized with the Yoast SEO plugin v27.5 - https:\/\/yoast.com\/product\/yoast-seo-wordpress\/ -->\n<title>Pulover staff flis F180 | PapirPlast<\/title>\n<meta name=\"description\" content=\"Lagani i meki mikroflis koji se ne \u0107eba je idealan za no\u0161enje samostalno ili u kompletu. Udoban, privla\u010dnog dizajna, upotpunjuje aktivan \u017eivotni stil.\" \/>\n<meta name=\"robots\" content=\"index, follow, max-snippet:-1, max-image-preview:large, max-video-preview:-1\" \/>\n<link rel=\"canonical\" href=\"https:\/\/papirplast.com\/en\/product\/staffa-mikro-flis-pulover-f180\/\" \/>\n<meta property=\"og:locale\" content=\"en_US\" \/>\n<meta property=\"og:type\" content=\"article\" \/>\n<meta property=\"og:title\" content=\"Pulover staff flis F180 | PapirPlast\" \/>\n<meta property=\"og:description\" content=\"Lagani i meki mikroflis koji se ne \u0107eba je idealan za no\u0161enje samostalno ili u kompletu. Udoban, privla\u010dnog dizajna, upotpunjuje aktivan \u017eivotni stil.\" \/>\n<meta property=\"og:url\" content=\"https:\/\/papirplast.com\/en\/product\/staffa-mikro-flis-pulover-f180\/\" \/>\n<meta property=\"og:site_name\" content=\"PapirPlast\" \/>\n<meta property=\"article:publisher\" content=\"https:\/\/www.facebook.com\/PapirPlastArandjelovac\/?locale=sr_RS\" \/>\n<meta property=\"article:modified_time\" content=\"2024-07-15T08:23:33+00:00\" \/>\n<meta property=\"og:image\" content=\"https:\/\/papirplast.com\/wp-content\/uploads\/2023\/02\/f180.png\" \/>\n\t<meta property=\"og:image:width\" content=\"500\" \/>\n\t<meta property=\"og:image:height\" content=\"500\" \/>\n\t<meta property=\"og:image:type\" content=\"image\/png\" \/>\n<meta name=\"twitter:card\" content=\"summary_large_image\" \/>\n<meta name=\"twitter:label1\" content=\"Est. reading time\" \/>\n\t<meta name=\"twitter:data1\" content=\"1 minute\" \/>\n<script type=\"application\/ld+json\" class=\"yoast-schema-graph\">{\"@context\":\"https:\\\/\\\/schema.org\",\"@graph\":[{\"@type\":\"WebPage\",\"@id\":\"https:\\\/\\\/papirplast.com\\\/product\\\/staffa-mikro-flis-pulover-f180\\\/\",\"url\":\"https:\\\/\\\/papirplast.com\\\/product\\\/staffa-mikro-flis-pulover-f180\\\/\",\"name\":\"Pulover staff flis F180 | PapirPlast\",\"isPartOf\":{\"@id\":\"https:\\\/\\\/papirplast.com\\\/#website\"},\"primaryImageOfPage\":{\"@id\":\"https:\\\/\\\/papirplast.com\\\/product\\\/staffa-mikro-flis-pulover-f180\\\/#primaryimage\"},\"image\":{\"@id\":\"https:\\\/\\\/papirplast.com\\\/product\\\/staffa-mikro-flis-pulover-f180\\\/#primaryimage\"},\"thumbnailUrl\":\"https:\\\/\\\/papirplast.com\\\/wp-content\\\/uploads\\\/2023\\\/02\\\/f180.png\",\"datePublished\":\"2020-02-10T10:06:36+00:00\",\"dateModified\":\"2024-07-15T08:23:33+00:00\",\"description\":\"Lagani i meki mikroflis koji se ne \u0107eba je idealan za no\u0161enje samostalno ili u kompletu. Udoban, privla\u010dnog dizajna, upotpunjuje aktivan \u017eivotni stil.\",\"breadcrumb\":{\"@id\":\"https:\\\/\\\/papirplast.com\\\/product\\\/staffa-mikro-flis-pulover-f180\\\/#breadcrumb\"},\"inLanguage\":\"en-US\",\"potentialAction\":[{\"@type\":\"ReadAction\",\"target\":[\"https:\\\/\\\/papirplast.com\\\/product\\\/staffa-mikro-flis-pulover-f180\\\/\"]}]},{\"@type\":\"ImageObject\",\"inLanguage\":\"en-US\",\"@id\":\"https:\\\/\\\/papirplast.com\\\/product\\\/staffa-mikro-flis-pulover-f180\\\/#primaryimage\",\"url\":\"https:\\\/\\\/papirplast.com\\\/wp-content\\\/uploads\\\/2023\\\/02\\\/f180.png\",\"contentUrl\":\"https:\\\/\\\/papirplast.com\\\/wp-content\\\/uploads\\\/2023\\\/02\\\/f180.png\",\"width\":500,\"height\":500},{\"@type\":\"BreadcrumbList\",\"@id\":\"https:\\\/\\\/papirplast.com\\\/product\\\/staffa-mikro-flis-pulover-f180\\\/#breadcrumb\",\"itemListElement\":[{\"@type\":\"ListItem\",\"position\":1,\"name\":\"Home\",\"item\":\"https:\\\/\\\/papirplast.com\\\/\"},{\"@type\":\"ListItem\",\"position\":2,\"name\":\"Prodavnica\",\"item\":\"https:\\\/\\\/papirplast.com\\\/shop\\\/\"},{\"@type\":\"ListItem\",\"position\":3,\"name\":\"Pulover staff flis F180\"}]},{\"@type\":\"WebSite\",\"@id\":\"https:\\\/\\\/papirplast.com\\\/#website\",\"url\":\"https:\\\/\\\/papirplast.com\\\/\",\"name\":\"PapirPlast\",\"description\":\"\",\"publisher\":{\"@id\":\"https:\\\/\\\/papirplast.com\\\/#organization\"},\"potentialAction\":[{\"@type\":\"SearchAction\",\"target\":{\"@type\":\"EntryPoint\",\"urlTemplate\":\"https:\\\/\\\/papirplast.com\\\/?s={search_term_string}\"},\"query-input\":{\"@type\":\"PropertyValueSpecification\",\"valueRequired\":true,\"valueName\":\"search_term_string\"}}],\"inLanguage\":\"en-US\"},{\"@type\":\"Organization\",\"@id\":\"https:\\\/\\\/papirplast.com\\\/#organization\",\"name\":\"PapirPlast\",\"url\":\"https:\\\/\\\/papirplast.com\\\/\",\"logo\":{\"@type\":\"ImageObject\",\"inLanguage\":\"en-US\",\"@id\":\"https:\\\/\\\/papirplast.com\\\/#\\\/schema\\\/logo\\\/image\\\/\",\"url\":\"https:\\\/\\\/papirplast.com\\\/wp-content\\\/uploads\\\/2020\\\/02\\\/logo.png\",\"contentUrl\":\"https:\\\/\\\/papirplast.com\\\/wp-content\\\/uploads\\\/2020\\\/02\\\/logo.png\",\"width\":600,\"height\":161,\"caption\":\"PapirPlast\"},\"image\":{\"@id\":\"https:\\\/\\\/papirplast.com\\\/#\\\/schema\\\/logo\\\/image\\\/\"},\"sameAs\":[\"https:\\\/\\\/www.facebook.com\\\/PapirPlastArandjelovac\\\/?locale=sr_RS\"]}]}<\/script>\n<!-- \/ Yoast SEO plugin. -->","yoast_head_json":{"title":"Pulover staff flis F180 | PapirPlast","description":"Lagani i meki mikroflis koji se ne \u0107eba je idealan za no\u0161enje samostalno ili u kompletu. Udoban, privla\u010dnog dizajna, upotpunjuje aktivan \u017eivotni stil.","robots":{"index":"index","follow":"follow","max-snippet":"max-snippet:-1","max-image-preview":"max-image-preview:large","max-video-preview":"max-video-preview:-1"},"canonical":"https:\/\/papirplast.com\/en\/product\/staffa-mikro-flis-pulover-f180\/","og_locale":"en_US","og_type":"article","og_title":"Pulover staff flis F180 | PapirPlast","og_description":"Lagani i meki mikroflis koji se ne \u0107eba je idealan za no\u0161enje samostalno ili u kompletu. Udoban, privla\u010dnog dizajna, upotpunjuje aktivan \u017eivotni stil.","og_url":"https:\/\/papirplast.com\/en\/product\/staffa-mikro-flis-pulover-f180\/","og_site_name":"PapirPlast","article_publisher":"https:\/\/www.facebook.com\/PapirPlastArandjelovac\/?locale=sr_RS","article_modified_time":"2024-07-15T08:23:33+00:00","og_image":[{"width":500,"height":500,"url":"https:\/\/papirplast.com\/wp-content\/uploads\/2023\/02\/f180.png","type":"image\/png"}],"twitter_card":"summary_large_image","twitter_misc":{"Est. reading time":"1 minute"},"schema":{"@context":"https:\/\/schema.org","@graph":[{"@type":"WebPage","@id":"https:\/\/papirplast.com\/product\/staffa-mikro-flis-pulover-f180\/","url":"https:\/\/papirplast.com\/product\/staffa-mikro-flis-pulover-f180\/","name":"Pulover staff flis F180 | PapirPlast","isPartOf":{"@id":"https:\/\/papirplast.com\/#website"},"primaryImageOfPage":{"@id":"https:\/\/papirplast.com\/product\/staffa-mikro-flis-pulover-f180\/#primaryimage"},"image":{"@id":"https:\/\/papirplast.com\/product\/staffa-mikro-flis-pulover-f180\/#primaryimage"},"thumbnailUrl":"https:\/\/papirplast.com\/wp-content\/uploads\/2023\/02\/f180.png","datePublished":"2020-02-10T10:06:36+00:00","dateModified":"2024-07-15T08:23:33+00:00","description":"Lagani i meki mikroflis koji se ne \u0107eba je idealan za no\u0161enje samostalno ili u kompletu. Udoban, privla\u010dnog dizajna, upotpunjuje aktivan \u017eivotni stil.","breadcrumb":{"@id":"https:\/\/papirplast.com\/product\/staffa-mikro-flis-pulover-f180\/#breadcrumb"},"inLanguage":"en-US","potentialAction":[{"@type":"ReadAction","target":["https:\/\/papirplast.com\/product\/staffa-mikro-flis-pulover-f180\/"]}]},{"@type":"ImageObject","inLanguage":"en-US","@id":"https:\/\/papirplast.com\/product\/staffa-mikro-flis-pulover-f180\/#primaryimage","url":"https:\/\/papirplast.com\/wp-content\/uploads\/2023\/02\/f180.png","contentUrl":"https:\/\/papirplast.com\/wp-content\/uploads\/2023\/02\/f180.png","width":500,"height":500},{"@type":"BreadcrumbList","@id":"https:\/\/papirplast.com\/product\/staffa-mikro-flis-pulover-f180\/#breadcrumb","itemListElement":[{"@type":"ListItem","position":1,"name":"Home","item":"https:\/\/papirplast.com\/"},{"@type":"ListItem","position":2,"name":"Prodavnica","item":"https:\/\/papirplast.com\/shop\/"},{"@type":"ListItem","position":3,"name":"Pulover staff flis F180"}]},{"@type":"WebSite","@id":"https:\/\/papirplast.com\/#website","url":"https:\/\/papirplast.com\/","name":"PapirPlast","description":"","publisher":{"@id":"https:\/\/papirplast.com\/#organization"},"potentialAction":[{"@type":"SearchAction","target":{"@type":"EntryPoint","urlTemplate":"https:\/\/papirplast.com\/?s={search_term_string}"},"query-input":{"@type":"PropertyValueSpecification","valueRequired":true,"valueName":"search_term_string"}}],"inLanguage":"en-US"},{"@type":"Organization","@id":"https:\/\/papirplast.com\/#organization","name":"PapirPlast","url":"https:\/\/papirplast.com\/","logo":{"@type":"ImageObject","inLanguage":"en-US","@id":"https:\/\/papirplast.com\/#\/schema\/logo\/image\/","url":"https:\/\/papirplast.com\/wp-content\/uploads\/2020\/02\/logo.png","contentUrl":"https:\/\/papirplast.com\/wp-content\/uploads\/2020\/02\/logo.png","width":600,"height":161,"caption":"PapirPlast"},"image":{"@id":"https:\/\/papirplast.com\/#\/schema\/logo\/image\/"},"sameAs":["https:\/\/www.facebook.com\/PapirPlastArandjelovac\/?locale=sr_RS"]}]}},"_links":{"self":[{"href":"https:\/\/papirplast.com\/en\/wp-json\/wp\/v2\/product\/10180","targetHints":{"allow":["GET"]}}],"collection":[{"href":"https:\/\/papirplast.com\/en\/wp-json\/wp\/v2\/product"}],"about":[{"href":"https:\/\/papirplast.com\/en\/wp-json\/wp\/v2\/types\/product"}],"wp:featuredmedia":[{"embeddable":true,"href":"https:\/\/papirplast.com\/en\/wp-json\/wp\/v2\/media\/14544"}],"wp:attachment":[{"href":"https:\/\/papirplast.com\/en\/wp-json\/wp\/v2\/media?parent=10180"}],"wp:term":[{"taxonomy":"product_brand","embeddable":true,"href":"https:\/\/papirplast.com\/en\/wp-json\/wp\/v2\/product_brand?post=10180"},{"taxonomy":"product_cat","embeddable":true,"href":"https:\/\/papirplast.com\/en\/wp-json\/wp\/v2\/product_cat?post=10180"},{"taxonomy":"product_tag","embeddable":true,"href":"https:\/\/papirplast.com\/en\/wp-json\/wp\/v2\/product_tag?post=10180"}],"curies":[{"name":"wp","href":"https:\/\/api.w.org\/{rel}","templated":true}]}}