{"id":10201,"date":"2020-02-10T10:06:40","date_gmt":"2020-02-10T10:06:40","guid":{"rendered":"https:\/\/papirplast.com\/product\/portwest-bump-kapa-pw59\/"},"modified":"2024-07-15T08:23:34","modified_gmt":"2024-07-15T08:23:34","slug":"portwest-bump-kapa-pw59","status":"publish","type":"product","link":"https:\/\/papirplast.com\/en\/product\/portwest-bump-kapa-pw59\/","title":{"rendered":"Portwest bump kapa PW59"},"content":{"rendered":"<p>Bum kapa klasi\u010dnog dizajna sa ventilacionim otvorima za maksimalnu prozra\u010dnost. Otvori sa metalnim prstenovima za izgled kao bejzbol kapa. Pode\u0161avanje obima pomo\u0107u \u010di\u010dak trake.<\/p>\n<ul class=\"features-text\">\n<li>Duga\u010dak \u0161ilt (7cm) za maksimalnu za\u0161titu od udaraca i jakog svetla<\/li>\n<li>EVA pena velike gustine pru\u017ea udobnost korisniku<\/li>\n<li>Unutra\u0161nja ABS \u0161koljka sa mekanim jastu\u010detom<\/li>\n<li>Maloprodajna torba koja olak\u0161ava promociju proizvoda<\/li>\n<\/ul>","protected":false},"excerpt":{"rendered":"<p>Bum kapa klasi\u010dnog dizajna sa ventilacionim otvorima za maksimalnu prozra\u010dnost. Otvori sa metalnim prstenovima za izgled kao bejzbol kapa. Pode\u0161avanje obima pomo\u0107u \u010di\u010dak trake. Duga\u010dak \u0161ilt (7cm) za maksimalnu za\u0161titu od udaraca i jakog svetla EVA pena velike gustine pru\u017ea udobnost korisniku Unutra\u0161nja ABS \u0161koljka sa mekanim jastu\u010detom Maloprodajna torba koja olak\u0161ava promociju proizvoda<\/p>","protected":false},"featured_media":14358,"template":"","meta":{"_monsterinsights_skip_tracking":false,"_monsterinsights_sitenote_active":false,"_monsterinsights_sitenote_note":"","_monsterinsights_sitenote_category":0},"product_brand":[],"product_cat":[97],"product_tag":[311],"class_list":{"0":"post-10201","1":"product","2":"type-product","3":"status-publish","4":"has-post-thumbnail","6":"product_cat-htz-oprema","7":"product_tag-kapa","9":"first","10":"instock","11":"sale","12":"shipping-taxable","13":"purchasable","14":"product-type-simple"},"yoast_head":"<!-- This site is optimized with the Yoast SEO plugin v27.4 - https:\/\/yoast.com\/product\/yoast-seo-wordpress\/ -->\n<title>Portwest bump kapa PW59 | PapirPlast<\/title>\n<meta name=\"description\" content=\"Bum kapa klasi\u010dnog dizajna sa ventilacionim otvorima za maksimalnu prozra\u010dnost. Otvori sa metalnim prstenovima za izgled kao bejzbol kapa.\" \/>\n<meta name=\"robots\" content=\"index, follow, max-snippet:-1, max-image-preview:large, max-video-preview:-1\" \/>\n<link rel=\"canonical\" href=\"https:\/\/papirplast.com\/en\/product\/portwest-bump-kapa-pw59\/\" \/>\n<meta property=\"og:locale\" content=\"en_US\" \/>\n<meta property=\"og:type\" content=\"article\" \/>\n<meta property=\"og:title\" content=\"Portwest bump kapa PW59 | PapirPlast\" \/>\n<meta property=\"og:description\" content=\"Bum kapa klasi\u010dnog dizajna sa ventilacionim otvorima za maksimalnu prozra\u010dnost. Otvori sa metalnim prstenovima za izgled kao bejzbol kapa.\" \/>\n<meta property=\"og:url\" content=\"https:\/\/papirplast.com\/en\/product\/portwest-bump-kapa-pw59\/\" \/>\n<meta property=\"og:site_name\" content=\"PapirPlast\" \/>\n<meta property=\"article:publisher\" content=\"https:\/\/www.facebook.com\/PapirPlastArandjelovac\/?locale=sr_RS\" \/>\n<meta property=\"article:modified_time\" content=\"2024-07-15T08:23:34+00:00\" \/>\n<meta property=\"og:image\" content=\"https:\/\/papirplast.com\/wp-content\/uploads\/2020\/02\/48.png\" \/>\n\t<meta property=\"og:image:width\" content=\"500\" \/>\n\t<meta property=\"og:image:height\" content=\"500\" \/>\n\t<meta property=\"og:image:type\" content=\"image\/png\" \/>\n<meta name=\"twitter:card\" content=\"summary_large_image\" \/>\n<meta name=\"twitter:label1\" content=\"Est. reading time\" \/>\n\t<meta name=\"twitter:data1\" content=\"1 minute\" \/>\n<script type=\"application\/ld+json\" class=\"yoast-schema-graph\">{\"@context\":\"https:\\\/\\\/schema.org\",\"@graph\":[{\"@type\":\"WebPage\",\"@id\":\"https:\\\/\\\/papirplast.com\\\/product\\\/portwest-bump-kapa-pw59\\\/\",\"url\":\"https:\\\/\\\/papirplast.com\\\/product\\\/portwest-bump-kapa-pw59\\\/\",\"name\":\"Portwest bump kapa PW59 | PapirPlast\",\"isPartOf\":{\"@id\":\"https:\\\/\\\/papirplast.com\\\/#website\"},\"primaryImageOfPage\":{\"@id\":\"https:\\\/\\\/papirplast.com\\\/product\\\/portwest-bump-kapa-pw59\\\/#primaryimage\"},\"image\":{\"@id\":\"https:\\\/\\\/papirplast.com\\\/product\\\/portwest-bump-kapa-pw59\\\/#primaryimage\"},\"thumbnailUrl\":\"https:\\\/\\\/papirplast.com\\\/wp-content\\\/uploads\\\/2020\\\/02\\\/48.png\",\"datePublished\":\"2020-02-10T10:06:40+00:00\",\"dateModified\":\"2024-07-15T08:23:34+00:00\",\"description\":\"Bum kapa klasi\u010dnog dizajna sa ventilacionim otvorima za maksimalnu prozra\u010dnost. Otvori sa metalnim prstenovima za izgled kao bejzbol kapa.\",\"breadcrumb\":{\"@id\":\"https:\\\/\\\/papirplast.com\\\/product\\\/portwest-bump-kapa-pw59\\\/#breadcrumb\"},\"inLanguage\":\"en-US\",\"potentialAction\":[{\"@type\":\"ReadAction\",\"target\":[\"https:\\\/\\\/papirplast.com\\\/product\\\/portwest-bump-kapa-pw59\\\/\"]}]},{\"@type\":\"ImageObject\",\"inLanguage\":\"en-US\",\"@id\":\"https:\\\/\\\/papirplast.com\\\/product\\\/portwest-bump-kapa-pw59\\\/#primaryimage\",\"url\":\"https:\\\/\\\/papirplast.com\\\/wp-content\\\/uploads\\\/2020\\\/02\\\/48.png\",\"contentUrl\":\"https:\\\/\\\/papirplast.com\\\/wp-content\\\/uploads\\\/2020\\\/02\\\/48.png\",\"width\":500,\"height\":500},{\"@type\":\"BreadcrumbList\",\"@id\":\"https:\\\/\\\/papirplast.com\\\/product\\\/portwest-bump-kapa-pw59\\\/#breadcrumb\",\"itemListElement\":[{\"@type\":\"ListItem\",\"position\":1,\"name\":\"Home\",\"item\":\"https:\\\/\\\/papirplast.com\\\/\"},{\"@type\":\"ListItem\",\"position\":2,\"name\":\"Prodavnica\",\"item\":\"https:\\\/\\\/papirplast.com\\\/shop\\\/\"},{\"@type\":\"ListItem\",\"position\":3,\"name\":\"Portwest bump kapa PW59\"}]},{\"@type\":\"WebSite\",\"@id\":\"https:\\\/\\\/papirplast.com\\\/#website\",\"url\":\"https:\\\/\\\/papirplast.com\\\/\",\"name\":\"PapirPlast\",\"description\":\"\",\"publisher\":{\"@id\":\"https:\\\/\\\/papirplast.com\\\/#organization\"},\"potentialAction\":[{\"@type\":\"SearchAction\",\"target\":{\"@type\":\"EntryPoint\",\"urlTemplate\":\"https:\\\/\\\/papirplast.com\\\/?s={search_term_string}\"},\"query-input\":{\"@type\":\"PropertyValueSpecification\",\"valueRequired\":true,\"valueName\":\"search_term_string\"}}],\"inLanguage\":\"en-US\"},{\"@type\":\"Organization\",\"@id\":\"https:\\\/\\\/papirplast.com\\\/#organization\",\"name\":\"PapirPlast\",\"url\":\"https:\\\/\\\/papirplast.com\\\/\",\"logo\":{\"@type\":\"ImageObject\",\"inLanguage\":\"en-US\",\"@id\":\"https:\\\/\\\/papirplast.com\\\/#\\\/schema\\\/logo\\\/image\\\/\",\"url\":\"https:\\\/\\\/papirplast.com\\\/wp-content\\\/uploads\\\/2020\\\/02\\\/logo.png\",\"contentUrl\":\"https:\\\/\\\/papirplast.com\\\/wp-content\\\/uploads\\\/2020\\\/02\\\/logo.png\",\"width\":600,\"height\":161,\"caption\":\"PapirPlast\"},\"image\":{\"@id\":\"https:\\\/\\\/papirplast.com\\\/#\\\/schema\\\/logo\\\/image\\\/\"},\"sameAs\":[\"https:\\\/\\\/www.facebook.com\\\/PapirPlastArandjelovac\\\/?locale=sr_RS\"]}]}<\/script>\n<!-- \/ Yoast SEO plugin. -->","yoast_head_json":{"title":"Portwest bump kapa PW59 | PapirPlast","description":"Bum kapa klasi\u010dnog dizajna sa ventilacionim otvorima za maksimalnu prozra\u010dnost. Otvori sa metalnim prstenovima za izgled kao bejzbol kapa.","robots":{"index":"index","follow":"follow","max-snippet":"max-snippet:-1","max-image-preview":"max-image-preview:large","max-video-preview":"max-video-preview:-1"},"canonical":"https:\/\/papirplast.com\/en\/product\/portwest-bump-kapa-pw59\/","og_locale":"en_US","og_type":"article","og_title":"Portwest bump kapa PW59 | PapirPlast","og_description":"Bum kapa klasi\u010dnog dizajna sa ventilacionim otvorima za maksimalnu prozra\u010dnost. Otvori sa metalnim prstenovima za izgled kao bejzbol kapa.","og_url":"https:\/\/papirplast.com\/en\/product\/portwest-bump-kapa-pw59\/","og_site_name":"PapirPlast","article_publisher":"https:\/\/www.facebook.com\/PapirPlastArandjelovac\/?locale=sr_RS","article_modified_time":"2024-07-15T08:23:34+00:00","og_image":[{"width":500,"height":500,"url":"https:\/\/papirplast.com\/wp-content\/uploads\/2020\/02\/48.png","type":"image\/png"}],"twitter_card":"summary_large_image","twitter_misc":{"Est. reading time":"1 minute"},"schema":{"@context":"https:\/\/schema.org","@graph":[{"@type":"WebPage","@id":"https:\/\/papirplast.com\/product\/portwest-bump-kapa-pw59\/","url":"https:\/\/papirplast.com\/product\/portwest-bump-kapa-pw59\/","name":"Portwest bump kapa PW59 | PapirPlast","isPartOf":{"@id":"https:\/\/papirplast.com\/#website"},"primaryImageOfPage":{"@id":"https:\/\/papirplast.com\/product\/portwest-bump-kapa-pw59\/#primaryimage"},"image":{"@id":"https:\/\/papirplast.com\/product\/portwest-bump-kapa-pw59\/#primaryimage"},"thumbnailUrl":"https:\/\/papirplast.com\/wp-content\/uploads\/2020\/02\/48.png","datePublished":"2020-02-10T10:06:40+00:00","dateModified":"2024-07-15T08:23:34+00:00","description":"Bum kapa klasi\u010dnog dizajna sa ventilacionim otvorima za maksimalnu prozra\u010dnost. Otvori sa metalnim prstenovima za izgled kao bejzbol kapa.","breadcrumb":{"@id":"https:\/\/papirplast.com\/product\/portwest-bump-kapa-pw59\/#breadcrumb"},"inLanguage":"en-US","potentialAction":[{"@type":"ReadAction","target":["https:\/\/papirplast.com\/product\/portwest-bump-kapa-pw59\/"]}]},{"@type":"ImageObject","inLanguage":"en-US","@id":"https:\/\/papirplast.com\/product\/portwest-bump-kapa-pw59\/#primaryimage","url":"https:\/\/papirplast.com\/wp-content\/uploads\/2020\/02\/48.png","contentUrl":"https:\/\/papirplast.com\/wp-content\/uploads\/2020\/02\/48.png","width":500,"height":500},{"@type":"BreadcrumbList","@id":"https:\/\/papirplast.com\/product\/portwest-bump-kapa-pw59\/#breadcrumb","itemListElement":[{"@type":"ListItem","position":1,"name":"Home","item":"https:\/\/papirplast.com\/"},{"@type":"ListItem","position":2,"name":"Prodavnica","item":"https:\/\/papirplast.com\/shop\/"},{"@type":"ListItem","position":3,"name":"Portwest bump kapa PW59"}]},{"@type":"WebSite","@id":"https:\/\/papirplast.com\/#website","url":"https:\/\/papirplast.com\/","name":"PapirPlast","description":"","publisher":{"@id":"https:\/\/papirplast.com\/#organization"},"potentialAction":[{"@type":"SearchAction","target":{"@type":"EntryPoint","urlTemplate":"https:\/\/papirplast.com\/?s={search_term_string}"},"query-input":{"@type":"PropertyValueSpecification","valueRequired":true,"valueName":"search_term_string"}}],"inLanguage":"en-US"},{"@type":"Organization","@id":"https:\/\/papirplast.com\/#organization","name":"PapirPlast","url":"https:\/\/papirplast.com\/","logo":{"@type":"ImageObject","inLanguage":"en-US","@id":"https:\/\/papirplast.com\/#\/schema\/logo\/image\/","url":"https:\/\/papirplast.com\/wp-content\/uploads\/2020\/02\/logo.png","contentUrl":"https:\/\/papirplast.com\/wp-content\/uploads\/2020\/02\/logo.png","width":600,"height":161,"caption":"PapirPlast"},"image":{"@id":"https:\/\/papirplast.com\/#\/schema\/logo\/image\/"},"sameAs":["https:\/\/www.facebook.com\/PapirPlastArandjelovac\/?locale=sr_RS"]}]}},"_links":{"self":[{"href":"https:\/\/papirplast.com\/en\/wp-json\/wp\/v2\/product\/10201","targetHints":{"allow":["GET"]}}],"collection":[{"href":"https:\/\/papirplast.com\/en\/wp-json\/wp\/v2\/product"}],"about":[{"href":"https:\/\/papirplast.com\/en\/wp-json\/wp\/v2\/types\/product"}],"wp:featuredmedia":[{"embeddable":true,"href":"https:\/\/papirplast.com\/en\/wp-json\/wp\/v2\/media\/14358"}],"wp:attachment":[{"href":"https:\/\/papirplast.com\/en\/wp-json\/wp\/v2\/media?parent=10201"}],"wp:term":[{"taxonomy":"product_brand","embeddable":true,"href":"https:\/\/papirplast.com\/en\/wp-json\/wp\/v2\/product_brand?post=10201"},{"taxonomy":"product_cat","embeddable":true,"href":"https:\/\/papirplast.com\/en\/wp-json\/wp\/v2\/product_cat?post=10201"},{"taxonomy":"product_tag","embeddable":true,"href":"https:\/\/papirplast.com\/en\/wp-json\/wp\/v2\/product_tag?post=10201"}],"curies":[{"name":"wp","href":"https:\/\/api.w.org\/{rel}","templated":true}]}}