{"id":10236,"date":"2020-02-10T10:06:45","date_gmt":"2020-02-10T10:06:45","guid":{"rendered":"https:\/\/papirplast.com\/product\/tactical-lampa-pa54\/"},"modified":"2024-07-15T08:23:35","modified_gmt":"2024-07-15T08:23:35","slug":"tactical-lampa-pa54","status":"publish","type":"product","link":"https:\/\/papirplast.com\/en\/product\/tactical-lampa-pa54\/","title":{"rendered":"Tactical lamp PA54"},"content":{"rendered":"<p>Jaka i izdr\u017eljiva lampa precizne izrade od aluminijuma koristi novu CREE tehnologiju koja je do 10 puta svetlija od trenutnih LED svetiljki. Teleskopski zum omogu\u0107ava fokusiranje od ambijentalnog do spot svetla. Traka za ruku uklju\u010dena. Gumeno dugme je ergonomski dizajnirano da se koristi \u010dak i kada se nose rukavice. Ova lampa tako\u0111e dolazi sa korisnom trakom za pojas.<\/p>\n<ul class=\"features-text\">\n<li>Osvetljenje: 180 lumena<\/li>\n<li>Du\u017eina snopa 300m max<\/li>\n<li>Autonomija: 8 sati<\/li>\n<li>Funkcija: visoko-srednje-trep\u0107u\u0107e<\/li>\n<li>Baterije: uklju\u010dene AAA x 3<\/li>\n<li>\u0160nala za pojas za lak\u0161i transport<\/li>\n<li>Maloprodajna kutija koja olak\u0161ava promociju proizvoda<\/li>\n<\/ul>","protected":false},"excerpt":{"rendered":"<p>Jaka i izdr\u017eljiva lampa precizne izrade od aluminijuma koristi novu CREE tehnologiju koja je do 10 puta svetlija od trenutnih LED svetiljki. Teleskopski zum omogu\u0107ava fokusiranje od ambijentalnog do spot svetla. Traka za ruku uklju\u010dena. Gumeno dugme je ergonomski dizajnirano da se koristi \u010dak i kada se nose rukavice. Ova lampa tako\u0111e dolazi sa korisnom [&hellip;]<\/p>\n","protected":false},"featured_media":14344,"template":"","meta":{"_monsterinsights_skip_tracking":false,"_monsterinsights_sitenote_active":false,"_monsterinsights_sitenote_note":"","_monsterinsights_sitenote_category":0},"product_brand":[],"product_cat":[97],"product_tag":[301,300],"class_list":{"0":"post-10236","1":"product","2":"type-product","3":"status-publish","4":"has-post-thumbnail","6":"product_cat-htz-oprema","7":"product_tag-lampa","8":"product_tag-led","10":"first","11":"instock","12":"sale","13":"shipping-taxable","14":"purchasable","15":"product-type-simple"},"yoast_head":"<!-- This site is optimized with the Yoast SEO plugin v27.5 - https:\/\/yoast.com\/product\/yoast-seo-wordpress\/ -->\n<title>Tactical lamp PA54 | PapirPlast<\/title>\n<meta name=\"description\" content=\"Jaka i izdr\u017eljiva lampa precizne izrade od aluminijuma koristi novu CREE tehnologiju koja je do 10 puta svetlija od trenutnih LED svetiljki.\" \/>\n<meta name=\"robots\" content=\"index, follow, max-snippet:-1, max-image-preview:large, max-video-preview:-1\" \/>\n<link rel=\"canonical\" href=\"https:\/\/papirplast.com\/en\/product\/tactical-lampa-pa54\/\" \/>\n<meta property=\"og:locale\" content=\"en_US\" \/>\n<meta property=\"og:type\" content=\"article\" \/>\n<meta property=\"og:title\" content=\"Tactical lamp PA54 | PapirPlast\" \/>\n<meta property=\"og:description\" content=\"Jaka i izdr\u017eljiva lampa precizne izrade od aluminijuma koristi novu CREE tehnologiju koja je do 10 puta svetlija od trenutnih LED svetiljki.\" \/>\n<meta property=\"og:url\" content=\"https:\/\/papirplast.com\/en\/product\/tactical-lampa-pa54\/\" \/>\n<meta property=\"og:site_name\" content=\"PapirPlast\" \/>\n<meta property=\"article:publisher\" content=\"https:\/\/www.facebook.com\/PapirPlastArandjelovac\/?locale=sr_RS\" \/>\n<meta property=\"article:modified_time\" content=\"2024-07-15T08:23:35+00:00\" \/>\n<meta property=\"og:image\" content=\"https:\/\/papirplast.com\/wp-content\/uploads\/2020\/02\/Tactical-lampa-pa-54-1-e1714824584305.png\" \/>\n\t<meta property=\"og:image:width\" content=\"500\" \/>\n\t<meta property=\"og:image:height\" content=\"500\" \/>\n\t<meta property=\"og:image:type\" content=\"image\/png\" \/>\n<meta name=\"twitter:card\" content=\"summary_large_image\" \/>\n<meta name=\"twitter:label1\" content=\"Est. reading time\" \/>\n\t<meta name=\"twitter:data1\" content=\"1 minute\" \/>\n<script type=\"application\/ld+json\" class=\"yoast-schema-graph\">{\"@context\":\"https:\\\/\\\/schema.org\",\"@graph\":[{\"@type\":\"WebPage\",\"@id\":\"https:\\\/\\\/papirplast.com\\\/product\\\/tactical-lampa-pa54\\\/\",\"url\":\"https:\\\/\\\/papirplast.com\\\/product\\\/tactical-lampa-pa54\\\/\",\"name\":\"Tactical lamp PA54 | PapirPlast\",\"isPartOf\":{\"@id\":\"https:\\\/\\\/papirplast.com\\\/#website\"},\"primaryImageOfPage\":{\"@id\":\"https:\\\/\\\/papirplast.com\\\/product\\\/tactical-lampa-pa54\\\/#primaryimage\"},\"image\":{\"@id\":\"https:\\\/\\\/papirplast.com\\\/product\\\/tactical-lampa-pa54\\\/#primaryimage\"},\"thumbnailUrl\":\"https:\\\/\\\/papirplast.com\\\/wp-content\\\/uploads\\\/2020\\\/02\\\/Tactical-lampa-pa-54-1-e1714824584305.png\",\"datePublished\":\"2020-02-10T10:06:45+00:00\",\"dateModified\":\"2024-07-15T08:23:35+00:00\",\"description\":\"Jaka i izdr\u017eljiva lampa precizne izrade od aluminijuma koristi novu CREE tehnologiju koja je do 10 puta svetlija od trenutnih LED svetiljki.\",\"breadcrumb\":{\"@id\":\"https:\\\/\\\/papirplast.com\\\/product\\\/tactical-lampa-pa54\\\/#breadcrumb\"},\"inLanguage\":\"en-US\",\"potentialAction\":[{\"@type\":\"ReadAction\",\"target\":[\"https:\\\/\\\/papirplast.com\\\/product\\\/tactical-lampa-pa54\\\/\"]}]},{\"@type\":\"ImageObject\",\"inLanguage\":\"en-US\",\"@id\":\"https:\\\/\\\/papirplast.com\\\/product\\\/tactical-lampa-pa54\\\/#primaryimage\",\"url\":\"https:\\\/\\\/papirplast.com\\\/wp-content\\\/uploads\\\/2020\\\/02\\\/Tactical-lampa-pa-54-1-e1714824584305.png\",\"contentUrl\":\"https:\\\/\\\/papirplast.com\\\/wp-content\\\/uploads\\\/2020\\\/02\\\/Tactical-lampa-pa-54-1-e1714824584305.png\",\"width\":500,\"height\":500},{\"@type\":\"BreadcrumbList\",\"@id\":\"https:\\\/\\\/papirplast.com\\\/product\\\/tactical-lampa-pa54\\\/#breadcrumb\",\"itemListElement\":[{\"@type\":\"ListItem\",\"position\":1,\"name\":\"Home\",\"item\":\"https:\\\/\\\/papirplast.com\\\/\"},{\"@type\":\"ListItem\",\"position\":2,\"name\":\"Prodavnica\",\"item\":\"https:\\\/\\\/papirplast.com\\\/shop\\\/\"},{\"@type\":\"ListItem\",\"position\":3,\"name\":\"Tactical lamp PA54\"}]},{\"@type\":\"WebSite\",\"@id\":\"https:\\\/\\\/papirplast.com\\\/#website\",\"url\":\"https:\\\/\\\/papirplast.com\\\/\",\"name\":\"PapirPlast\",\"description\":\"\",\"publisher\":{\"@id\":\"https:\\\/\\\/papirplast.com\\\/#organization\"},\"potentialAction\":[{\"@type\":\"SearchAction\",\"target\":{\"@type\":\"EntryPoint\",\"urlTemplate\":\"https:\\\/\\\/papirplast.com\\\/?s={search_term_string}\"},\"query-input\":{\"@type\":\"PropertyValueSpecification\",\"valueRequired\":true,\"valueName\":\"search_term_string\"}}],\"inLanguage\":\"en-US\"},{\"@type\":\"Organization\",\"@id\":\"https:\\\/\\\/papirplast.com\\\/#organization\",\"name\":\"PapirPlast\",\"url\":\"https:\\\/\\\/papirplast.com\\\/\",\"logo\":{\"@type\":\"ImageObject\",\"inLanguage\":\"en-US\",\"@id\":\"https:\\\/\\\/papirplast.com\\\/#\\\/schema\\\/logo\\\/image\\\/\",\"url\":\"https:\\\/\\\/papirplast.com\\\/wp-content\\\/uploads\\\/2020\\\/02\\\/logo.png\",\"contentUrl\":\"https:\\\/\\\/papirplast.com\\\/wp-content\\\/uploads\\\/2020\\\/02\\\/logo.png\",\"width\":600,\"height\":161,\"caption\":\"PapirPlast\"},\"image\":{\"@id\":\"https:\\\/\\\/papirplast.com\\\/#\\\/schema\\\/logo\\\/image\\\/\"},\"sameAs\":[\"https:\\\/\\\/www.facebook.com\\\/PapirPlastArandjelovac\\\/?locale=sr_RS\"]}]}<\/script>\n<!-- \/ Yoast SEO plugin. -->","yoast_head_json":{"title":"Tactical lamp PA54 | PapirPlast","description":"Jaka i izdr\u017eljiva lampa precizne izrade od aluminijuma koristi novu CREE tehnologiju koja je do 10 puta svetlija od trenutnih LED svetiljki.","robots":{"index":"index","follow":"follow","max-snippet":"max-snippet:-1","max-image-preview":"max-image-preview:large","max-video-preview":"max-video-preview:-1"},"canonical":"https:\/\/papirplast.com\/en\/product\/tactical-lampa-pa54\/","og_locale":"en_US","og_type":"article","og_title":"Tactical lamp PA54 | PapirPlast","og_description":"Jaka i izdr\u017eljiva lampa precizne izrade od aluminijuma koristi novu CREE tehnologiju koja je do 10 puta svetlija od trenutnih LED svetiljki.","og_url":"https:\/\/papirplast.com\/en\/product\/tactical-lampa-pa54\/","og_site_name":"PapirPlast","article_publisher":"https:\/\/www.facebook.com\/PapirPlastArandjelovac\/?locale=sr_RS","article_modified_time":"2024-07-15T08:23:35+00:00","og_image":[{"width":500,"height":500,"url":"https:\/\/papirplast.com\/wp-content\/uploads\/2020\/02\/Tactical-lampa-pa-54-1-e1714824584305.png","type":"image\/png"}],"twitter_card":"summary_large_image","twitter_misc":{"Est. reading time":"1 minute"},"schema":{"@context":"https:\/\/schema.org","@graph":[{"@type":"WebPage","@id":"https:\/\/papirplast.com\/product\/tactical-lampa-pa54\/","url":"https:\/\/papirplast.com\/product\/tactical-lampa-pa54\/","name":"Tactical lamp PA54 | PapirPlast","isPartOf":{"@id":"https:\/\/papirplast.com\/#website"},"primaryImageOfPage":{"@id":"https:\/\/papirplast.com\/product\/tactical-lampa-pa54\/#primaryimage"},"image":{"@id":"https:\/\/papirplast.com\/product\/tactical-lampa-pa54\/#primaryimage"},"thumbnailUrl":"https:\/\/papirplast.com\/wp-content\/uploads\/2020\/02\/Tactical-lampa-pa-54-1-e1714824584305.png","datePublished":"2020-02-10T10:06:45+00:00","dateModified":"2024-07-15T08:23:35+00:00","description":"Jaka i izdr\u017eljiva lampa precizne izrade od aluminijuma koristi novu CREE tehnologiju koja je do 10 puta svetlija od trenutnih LED svetiljki.","breadcrumb":{"@id":"https:\/\/papirplast.com\/product\/tactical-lampa-pa54\/#breadcrumb"},"inLanguage":"en-US","potentialAction":[{"@type":"ReadAction","target":["https:\/\/papirplast.com\/product\/tactical-lampa-pa54\/"]}]},{"@type":"ImageObject","inLanguage":"en-US","@id":"https:\/\/papirplast.com\/product\/tactical-lampa-pa54\/#primaryimage","url":"https:\/\/papirplast.com\/wp-content\/uploads\/2020\/02\/Tactical-lampa-pa-54-1-e1714824584305.png","contentUrl":"https:\/\/papirplast.com\/wp-content\/uploads\/2020\/02\/Tactical-lampa-pa-54-1-e1714824584305.png","width":500,"height":500},{"@type":"BreadcrumbList","@id":"https:\/\/papirplast.com\/product\/tactical-lampa-pa54\/#breadcrumb","itemListElement":[{"@type":"ListItem","position":1,"name":"Home","item":"https:\/\/papirplast.com\/"},{"@type":"ListItem","position":2,"name":"Prodavnica","item":"https:\/\/papirplast.com\/shop\/"},{"@type":"ListItem","position":3,"name":"Tactical lamp PA54"}]},{"@type":"WebSite","@id":"https:\/\/papirplast.com\/#website","url":"https:\/\/papirplast.com\/","name":"PapirPlast","description":"","publisher":{"@id":"https:\/\/papirplast.com\/#organization"},"potentialAction":[{"@type":"SearchAction","target":{"@type":"EntryPoint","urlTemplate":"https:\/\/papirplast.com\/?s={search_term_string}"},"query-input":{"@type":"PropertyValueSpecification","valueRequired":true,"valueName":"search_term_string"}}],"inLanguage":"en-US"},{"@type":"Organization","@id":"https:\/\/papirplast.com\/#organization","name":"PapirPlast","url":"https:\/\/papirplast.com\/","logo":{"@type":"ImageObject","inLanguage":"en-US","@id":"https:\/\/papirplast.com\/#\/schema\/logo\/image\/","url":"https:\/\/papirplast.com\/wp-content\/uploads\/2020\/02\/logo.png","contentUrl":"https:\/\/papirplast.com\/wp-content\/uploads\/2020\/02\/logo.png","width":600,"height":161,"caption":"PapirPlast"},"image":{"@id":"https:\/\/papirplast.com\/#\/schema\/logo\/image\/"},"sameAs":["https:\/\/www.facebook.com\/PapirPlastArandjelovac\/?locale=sr_RS"]}]}},"_links":{"self":[{"href":"https:\/\/papirplast.com\/en\/wp-json\/wp\/v2\/product\/10236","targetHints":{"allow":["GET"]}}],"collection":[{"href":"https:\/\/papirplast.com\/en\/wp-json\/wp\/v2\/product"}],"about":[{"href":"https:\/\/papirplast.com\/en\/wp-json\/wp\/v2\/types\/product"}],"wp:featuredmedia":[{"embeddable":true,"href":"https:\/\/papirplast.com\/en\/wp-json\/wp\/v2\/media\/14344"}],"wp:attachment":[{"href":"https:\/\/papirplast.com\/en\/wp-json\/wp\/v2\/media?parent=10236"}],"wp:term":[{"taxonomy":"product_brand","embeddable":true,"href":"https:\/\/papirplast.com\/en\/wp-json\/wp\/v2\/product_brand?post=10236"},{"taxonomy":"product_cat","embeddable":true,"href":"https:\/\/papirplast.com\/en\/wp-json\/wp\/v2\/product_cat?post=10236"},{"taxonomy":"product_tag","embeddable":true,"href":"https:\/\/papirplast.com\/en\/wp-json\/wp\/v2\/product_tag?post=10236"}],"curies":[{"name":"wp","href":"https:\/\/api.w.org\/{rel}","templated":true}]}}