{"id":10703,"date":"2020-02-28T11:13:40","date_gmt":"2020-02-28T11:13:40","guid":{"rendered":"https:\/\/papirplast.com\/?post_type=product&#038;p=10703"},"modified":"2025-02-05T13:57:29","modified_gmt":"2025-02-05T13:57:29","slug":"pet-pp-1000ml","status":"publish","type":"product","link":"https:\/\/papirplast.com\/en\/product\/pet-pp-1000ml\/","title":{"rendered":"PET PP posuda"},"content":{"rendered":"","protected":false},"excerpt":{"rendered":"","protected":false},"featured_media":14113,"template":"","meta":{"_monsterinsights_skip_tracking":false,"_monsterinsights_sitenote_active":false,"_monsterinsights_sitenote_note":"","_monsterinsights_sitenote_category":0},"product_brand":[],"product_cat":[125],"product_tag":[260],"class_list":{"0":"post-10703","1":"product","2":"type-product","3":"status-publish","4":"has-post-thumbnail","6":"product_cat-posude","7":"product_tag-pet-ambalaza","9":"first","10":"instock","11":"shipping-taxable","12":"purchasable","13":"product-type-variable","14":"has-default-attributes"},"yoast_head":"<!-- This site is optimized with the Yoast SEO plugin v27.4 - https:\/\/yoast.com\/product\/yoast-seo-wordpress\/ -->\n<title>PET PP posuda | PapirPlast<\/title>\n<meta name=\"description\" content=\"Pogledajte na\u0161u paletu proizvoda | kese, folije, d\u017eakovi, pet posude. Kao i \u0161irok asortiman HTZ opreme. Sve na jednom mestu, PapirPlast.\" \/>\n<meta name=\"robots\" content=\"index, follow, max-snippet:-1, max-image-preview:large, max-video-preview:-1\" \/>\n<link rel=\"canonical\" href=\"https:\/\/papirplast.com\/en\/product\/pet-pp-1000ml\/\" \/>\n<meta property=\"og:locale\" content=\"en_US\" \/>\n<meta property=\"og:type\" content=\"article\" \/>\n<meta property=\"og:title\" content=\"PET PP posuda | PapirPlast\" \/>\n<meta property=\"og:description\" content=\"Pogledajte na\u0161u paletu proizvoda | kese, folije, d\u017eakovi, pet posude. Kao i \u0161irok asortiman HTZ opreme. Sve na jednom mestu, PapirPlast.\" \/>\n<meta property=\"og:url\" content=\"https:\/\/papirplast.com\/en\/product\/pet-pp-1000ml\/\" \/>\n<meta property=\"og:site_name\" content=\"PapirPlast\" \/>\n<meta property=\"article:publisher\" content=\"https:\/\/www.facebook.com\/PapirPlastArandjelovac\/?locale=sr_RS\" \/>\n<meta property=\"article:modified_time\" content=\"2025-02-05T13:57:29+00:00\" \/>\n<meta property=\"og:image\" content=\"https:\/\/papirplast.com\/wp-content\/uploads\/2020\/02\/PP-posude.png\" \/>\n\t<meta property=\"og:image:width\" content=\"500\" \/>\n\t<meta property=\"og:image:height\" content=\"500\" \/>\n\t<meta property=\"og:image:type\" content=\"image\/png\" \/>\n<meta name=\"twitter:card\" content=\"summary_large_image\" \/>\n<meta name=\"twitter:label1\" content=\"Est. reading time\" \/>\n\t<meta name=\"twitter:data1\" content=\"1 minute\" \/>\n<script type=\"application\/ld+json\" class=\"yoast-schema-graph\">{\"@context\":\"https:\\\/\\\/schema.org\",\"@graph\":[{\"@type\":\"WebPage\",\"@id\":\"https:\\\/\\\/papirplast.com\\\/product\\\/pet-pp-1000ml\\\/\",\"url\":\"https:\\\/\\\/papirplast.com\\\/product\\\/pet-pp-1000ml\\\/\",\"name\":\"PET PP posuda | PapirPlast\",\"isPartOf\":{\"@id\":\"https:\\\/\\\/papirplast.com\\\/#website\"},\"primaryImageOfPage\":{\"@id\":\"https:\\\/\\\/papirplast.com\\\/product\\\/pet-pp-1000ml\\\/#primaryimage\"},\"image\":{\"@id\":\"https:\\\/\\\/papirplast.com\\\/product\\\/pet-pp-1000ml\\\/#primaryimage\"},\"thumbnailUrl\":\"https:\\\/\\\/papirplast.com\\\/wp-content\\\/uploads\\\/2020\\\/02\\\/PP-posude.png\",\"datePublished\":\"2020-02-28T11:13:40+00:00\",\"dateModified\":\"2025-02-05T13:57:29+00:00\",\"description\":\"Pogledajte na\u0161u paletu proizvoda | kese, folije, d\u017eakovi, pet posude. Kao i \u0161irok asortiman HTZ opreme. Sve na jednom mestu, PapirPlast.\",\"breadcrumb\":{\"@id\":\"https:\\\/\\\/papirplast.com\\\/product\\\/pet-pp-1000ml\\\/#breadcrumb\"},\"inLanguage\":\"en-US\",\"potentialAction\":[{\"@type\":\"ReadAction\",\"target\":[\"https:\\\/\\\/papirplast.com\\\/product\\\/pet-pp-1000ml\\\/\"]}]},{\"@type\":\"ImageObject\",\"inLanguage\":\"en-US\",\"@id\":\"https:\\\/\\\/papirplast.com\\\/product\\\/pet-pp-1000ml\\\/#primaryimage\",\"url\":\"https:\\\/\\\/papirplast.com\\\/wp-content\\\/uploads\\\/2020\\\/02\\\/PP-posude.png\",\"contentUrl\":\"https:\\\/\\\/papirplast.com\\\/wp-content\\\/uploads\\\/2020\\\/02\\\/PP-posude.png\",\"width\":500,\"height\":500},{\"@type\":\"BreadcrumbList\",\"@id\":\"https:\\\/\\\/papirplast.com\\\/product\\\/pet-pp-1000ml\\\/#breadcrumb\",\"itemListElement\":[{\"@type\":\"ListItem\",\"position\":1,\"name\":\"Home\",\"item\":\"https:\\\/\\\/papirplast.com\\\/\"},{\"@type\":\"ListItem\",\"position\":2,\"name\":\"Prodavnica\",\"item\":\"https:\\\/\\\/papirplast.com\\\/shop\\\/\"},{\"@type\":\"ListItem\",\"position\":3,\"name\":\"PET PP posuda\"}]},{\"@type\":\"WebSite\",\"@id\":\"https:\\\/\\\/papirplast.com\\\/#website\",\"url\":\"https:\\\/\\\/papirplast.com\\\/\",\"name\":\"PapirPlast\",\"description\":\"\",\"publisher\":{\"@id\":\"https:\\\/\\\/papirplast.com\\\/#organization\"},\"potentialAction\":[{\"@type\":\"SearchAction\",\"target\":{\"@type\":\"EntryPoint\",\"urlTemplate\":\"https:\\\/\\\/papirplast.com\\\/?s={search_term_string}\"},\"query-input\":{\"@type\":\"PropertyValueSpecification\",\"valueRequired\":true,\"valueName\":\"search_term_string\"}}],\"inLanguage\":\"en-US\"},{\"@type\":\"Organization\",\"@id\":\"https:\\\/\\\/papirplast.com\\\/#organization\",\"name\":\"PapirPlast\",\"url\":\"https:\\\/\\\/papirplast.com\\\/\",\"logo\":{\"@type\":\"ImageObject\",\"inLanguage\":\"en-US\",\"@id\":\"https:\\\/\\\/papirplast.com\\\/#\\\/schema\\\/logo\\\/image\\\/\",\"url\":\"https:\\\/\\\/papirplast.com\\\/wp-content\\\/uploads\\\/2020\\\/02\\\/logo.png\",\"contentUrl\":\"https:\\\/\\\/papirplast.com\\\/wp-content\\\/uploads\\\/2020\\\/02\\\/logo.png\",\"width\":600,\"height\":161,\"caption\":\"PapirPlast\"},\"image\":{\"@id\":\"https:\\\/\\\/papirplast.com\\\/#\\\/schema\\\/logo\\\/image\\\/\"},\"sameAs\":[\"https:\\\/\\\/www.facebook.com\\\/PapirPlastArandjelovac\\\/?locale=sr_RS\"]}]}<\/script>\n<!-- \/ Yoast SEO plugin. -->","yoast_head_json":{"title":"PET PP posuda | PapirPlast","description":"Pogledajte na\u0161u paletu proizvoda | kese, folije, d\u017eakovi, pet posude. Kao i \u0161irok asortiman HTZ opreme. Sve na jednom mestu, PapirPlast.","robots":{"index":"index","follow":"follow","max-snippet":"max-snippet:-1","max-image-preview":"max-image-preview:large","max-video-preview":"max-video-preview:-1"},"canonical":"https:\/\/papirplast.com\/en\/product\/pet-pp-1000ml\/","og_locale":"en_US","og_type":"article","og_title":"PET PP posuda | PapirPlast","og_description":"Pogledajte na\u0161u paletu proizvoda | kese, folije, d\u017eakovi, pet posude. Kao i \u0161irok asortiman HTZ opreme. Sve na jednom mestu, PapirPlast.","og_url":"https:\/\/papirplast.com\/en\/product\/pet-pp-1000ml\/","og_site_name":"PapirPlast","article_publisher":"https:\/\/www.facebook.com\/PapirPlastArandjelovac\/?locale=sr_RS","article_modified_time":"2025-02-05T13:57:29+00:00","og_image":[{"width":500,"height":500,"url":"https:\/\/papirplast.com\/wp-content\/uploads\/2020\/02\/PP-posude.png","type":"image\/png"}],"twitter_card":"summary_large_image","twitter_misc":{"Est. reading time":"1 minute"},"schema":{"@context":"https:\/\/schema.org","@graph":[{"@type":"WebPage","@id":"https:\/\/papirplast.com\/product\/pet-pp-1000ml\/","url":"https:\/\/papirplast.com\/product\/pet-pp-1000ml\/","name":"PET PP posuda | PapirPlast","isPartOf":{"@id":"https:\/\/papirplast.com\/#website"},"primaryImageOfPage":{"@id":"https:\/\/papirplast.com\/product\/pet-pp-1000ml\/#primaryimage"},"image":{"@id":"https:\/\/papirplast.com\/product\/pet-pp-1000ml\/#primaryimage"},"thumbnailUrl":"https:\/\/papirplast.com\/wp-content\/uploads\/2020\/02\/PP-posude.png","datePublished":"2020-02-28T11:13:40+00:00","dateModified":"2025-02-05T13:57:29+00:00","description":"Pogledajte na\u0161u paletu proizvoda | kese, folije, d\u017eakovi, pet posude. Kao i \u0161irok asortiman HTZ opreme. Sve na jednom mestu, PapirPlast.","breadcrumb":{"@id":"https:\/\/papirplast.com\/product\/pet-pp-1000ml\/#breadcrumb"},"inLanguage":"en-US","potentialAction":[{"@type":"ReadAction","target":["https:\/\/papirplast.com\/product\/pet-pp-1000ml\/"]}]},{"@type":"ImageObject","inLanguage":"en-US","@id":"https:\/\/papirplast.com\/product\/pet-pp-1000ml\/#primaryimage","url":"https:\/\/papirplast.com\/wp-content\/uploads\/2020\/02\/PP-posude.png","contentUrl":"https:\/\/papirplast.com\/wp-content\/uploads\/2020\/02\/PP-posude.png","width":500,"height":500},{"@type":"BreadcrumbList","@id":"https:\/\/papirplast.com\/product\/pet-pp-1000ml\/#breadcrumb","itemListElement":[{"@type":"ListItem","position":1,"name":"Home","item":"https:\/\/papirplast.com\/"},{"@type":"ListItem","position":2,"name":"Prodavnica","item":"https:\/\/papirplast.com\/shop\/"},{"@type":"ListItem","position":3,"name":"PET PP posuda"}]},{"@type":"WebSite","@id":"https:\/\/papirplast.com\/#website","url":"https:\/\/papirplast.com\/","name":"PapirPlast","description":"","publisher":{"@id":"https:\/\/papirplast.com\/#organization"},"potentialAction":[{"@type":"SearchAction","target":{"@type":"EntryPoint","urlTemplate":"https:\/\/papirplast.com\/?s={search_term_string}"},"query-input":{"@type":"PropertyValueSpecification","valueRequired":true,"valueName":"search_term_string"}}],"inLanguage":"en-US"},{"@type":"Organization","@id":"https:\/\/papirplast.com\/#organization","name":"PapirPlast","url":"https:\/\/papirplast.com\/","logo":{"@type":"ImageObject","inLanguage":"en-US","@id":"https:\/\/papirplast.com\/#\/schema\/logo\/image\/","url":"https:\/\/papirplast.com\/wp-content\/uploads\/2020\/02\/logo.png","contentUrl":"https:\/\/papirplast.com\/wp-content\/uploads\/2020\/02\/logo.png","width":600,"height":161,"caption":"PapirPlast"},"image":{"@id":"https:\/\/papirplast.com\/#\/schema\/logo\/image\/"},"sameAs":["https:\/\/www.facebook.com\/PapirPlastArandjelovac\/?locale=sr_RS"]}]}},"_links":{"self":[{"href":"https:\/\/papirplast.com\/en\/wp-json\/wp\/v2\/product\/10703","targetHints":{"allow":["GET"]}}],"collection":[{"href":"https:\/\/papirplast.com\/en\/wp-json\/wp\/v2\/product"}],"about":[{"href":"https:\/\/papirplast.com\/en\/wp-json\/wp\/v2\/types\/product"}],"wp:featuredmedia":[{"embeddable":true,"href":"https:\/\/papirplast.com\/en\/wp-json\/wp\/v2\/media\/14113"}],"wp:attachment":[{"href":"https:\/\/papirplast.com\/en\/wp-json\/wp\/v2\/media?parent=10703"}],"wp:term":[{"taxonomy":"product_brand","embeddable":true,"href":"https:\/\/papirplast.com\/en\/wp-json\/wp\/v2\/product_brand?post=10703"},{"taxonomy":"product_cat","embeddable":true,"href":"https:\/\/papirplast.com\/en\/wp-json\/wp\/v2\/product_cat?post=10703"},{"taxonomy":"product_tag","embeddable":true,"href":"https:\/\/papirplast.com\/en\/wp-json\/wp\/v2\/product_tag?post=10703"}],"curies":[{"name":"wp","href":"https:\/\/api.w.org\/{rel}","templated":true}]}}