{"id":11849,"date":"2020-11-05T10:27:03","date_gmt":"2020-11-05T10:27:03","guid":{"rendered":"https:\/\/papirplast.com\/?post_type=product&#038;p=11849"},"modified":"2024-07-15T08:23:40","modified_gmt":"2024-07-15T08:23:40","slug":"dx441-dx4-radne-pantalone-sa-tregerima","status":"publish","type":"product","link":"https:\/\/papirplast.com\/en\/product\/dx441-dx4-radne-pantalone-sa-tregerima\/","title":{"rendered":"Pantalone sa tregerima DX441"},"content":{"rendered":"<p class=\"text-justify\">DX4 slim fit radne pantalone sa tregerima su dizajnirane za izuzetnu udobnost, fleksibilnost i za\u0161titu. Napravljene kori\u0161\u0107enjem dinami\u010dne rastegljive tkanine u 4 smera koja osigurava ve\u0107u slobodu pokreta. Proizvedene sa vi\u0161e inovativnih karakterisitka koja uklju\u010duju kontrastne panele,reflektuju\u0107e ukrase, vi\u0161enamenske d\u017eepove, produ\u017eive nogavice, podesive unapred oblikovane d\u017eepove za kolena i podesive tregere. Povi\u0161en le\u0111ni deo u struku sa elasti\u010dnim bokovima osigurava za\u0161titu u svim radnim pozicijama.<\/p>\n<h3 class=\"text-left\">Karakteristike<\/h3>\n<p>&nbsp;<\/p>\n<ul>\n<li>Materijal koji se iste\u017ee u 4 pravca radi lako\u0107e pokreta i udobnosti<\/li>\n<li>Besplatan par \u0161titnika za kolena uklju\u010den sa ovim pantalonama sa tregerima<\/li>\n<li>Lagana fleksibilna HiVisTex Pro segmentirana reflektuju\u0107a traka za bolju uo\u010dljivost<\/li>\n<li>Reflektuju\u0107i paspuli za pove\u0107anu uo\u010dljivost<\/li>\n<li>14 d\u017eepova za obimno skladi\u0161tenje<\/li>\n<li>D\u017eepovi za \u0161titnike za kolena na dva nivoa za dve opcije pozicioniranja<\/li>\n<li>D\u017eepovi za \u0161titnike za kolena sa otvorom sa gornje strane za brz i lak pristup<\/li>\n<li>Brojni bo\u010dni odeljci sa rajsfer\u0161lusima za sigurno skladi\u0161tenje<\/li>\n<li>D\u017eep za lenjir<\/li>\n<li>Veliki d\u017eep pozadi sa rajsfer\u0161lusom koji nudi vi\u0161e mogu\u0107nosti skladi\u0161tenja<\/li>\n<\/ul>\n<p>&nbsp;<\/p>","protected":false},"excerpt":{"rendered":"<p>DX4 slim fit radne pantalone sa tregerima su dizajnirane za izuzetnu udobnost, fleksibilnost i za\u0161titu. Napravljene kori\u0161\u0107enjem dinami\u010dne rastegljive tkanine u 4 smera koja osigurava ve\u0107u slobodu pokreta. Proizvedene sa vi\u0161e inovativnih karakterisitka koja uklju\u010duju kontrastne panele,reflektuju\u0107e ukrase, vi\u0161enamenske d\u017eepove, produ\u017eive nogavice, podesive unapred oblikovane d\u017eepove za kolena i podesive tregere. Povi\u0161en le\u0111ni deo u [&hellip;]<\/p>\n","protected":false},"featured_media":14397,"template":"","meta":{"_monsterinsights_skip_tracking":false,"_monsterinsights_sitenote_active":false,"_monsterinsights_sitenote_note":"","_monsterinsights_sitenote_category":0},"product_brand":[],"product_cat":[97],"product_tag":[306,315],"class_list":{"0":"post-11849","1":"product","2":"type-product","3":"status-publish","4":"has-post-thumbnail","6":"product_cat-htz-oprema","7":"product_tag-htz","8":"product_tag-pantalone","10":"first","11":"instock","12":"sale","13":"shipping-taxable","14":"purchasable","15":"product-type-simple"},"yoast_head":"<!-- This site is optimized with the Yoast SEO plugin v27.3 - https:\/\/yoast.com\/product\/yoast-seo-wordpress\/ -->\n<title>Pantalone sa tregerima DX441 | PapirPlast<\/title>\n<meta name=\"description\" content=\"DX4 slim fit radne pantalone sa tregerima su dizajnirane za izuzetnu udobnost, fleksibilnost i za\u0161titu. Napravljene kori\u0161\u0107enjem rastegljive tkanine.\" \/>\n<meta name=\"robots\" content=\"index, follow, max-snippet:-1, max-image-preview:large, max-video-preview:-1\" \/>\n<link rel=\"canonical\" href=\"https:\/\/papirplast.com\/en\/product\/dx441-dx4-radne-pantalone-sa-tregerima\/\" \/>\n<meta property=\"og:locale\" content=\"en_US\" \/>\n<meta property=\"og:type\" content=\"article\" \/>\n<meta property=\"og:title\" content=\"Pantalone sa tregerima DX441 | PapirPlast\" \/>\n<meta property=\"og:description\" content=\"DX4 slim fit radne pantalone sa tregerima su dizajnirane za izuzetnu udobnost, fleksibilnost i za\u0161titu. Napravljene kori\u0161\u0107enjem rastegljive tkanine.\" \/>\n<meta property=\"og:url\" content=\"https:\/\/papirplast.com\/en\/product\/dx441-dx4-radne-pantalone-sa-tregerima\/\" \/>\n<meta property=\"og:site_name\" content=\"PapirPlast\" \/>\n<meta property=\"article:publisher\" content=\"https:\/\/www.facebook.com\/PapirPlastArandjelovac\/?locale=sr_RS\" \/>\n<meta property=\"article:modified_time\" content=\"2024-07-15T08:23:40+00:00\" \/>\n<meta property=\"og:image\" content=\"https:\/\/papirplast.com\/wp-content\/uploads\/2023\/02\/Pantalone-sa-tregerima-dx441.png\" \/>\n\t<meta property=\"og:image:width\" content=\"500\" \/>\n\t<meta property=\"og:image:height\" content=\"500\" \/>\n\t<meta property=\"og:image:type\" content=\"image\/png\" \/>\n<meta name=\"twitter:card\" content=\"summary_large_image\" \/>\n<meta name=\"twitter:label1\" content=\"Est. reading time\" \/>\n\t<meta name=\"twitter:data1\" content=\"1 minute\" \/>\n<script type=\"application\/ld+json\" class=\"yoast-schema-graph\">{\"@context\":\"https:\\\/\\\/schema.org\",\"@graph\":[{\"@type\":\"WebPage\",\"@id\":\"https:\\\/\\\/papirplast.com\\\/product\\\/dx441-dx4-radne-pantalone-sa-tregerima\\\/\",\"url\":\"https:\\\/\\\/papirplast.com\\\/product\\\/dx441-dx4-radne-pantalone-sa-tregerima\\\/\",\"name\":\"Pantalone sa tregerima DX441 | PapirPlast\",\"isPartOf\":{\"@id\":\"https:\\\/\\\/papirplast.com\\\/#website\"},\"primaryImageOfPage\":{\"@id\":\"https:\\\/\\\/papirplast.com\\\/product\\\/dx441-dx4-radne-pantalone-sa-tregerima\\\/#primaryimage\"},\"image\":{\"@id\":\"https:\\\/\\\/papirplast.com\\\/product\\\/dx441-dx4-radne-pantalone-sa-tregerima\\\/#primaryimage\"},\"thumbnailUrl\":\"https:\\\/\\\/papirplast.com\\\/wp-content\\\/uploads\\\/2023\\\/02\\\/Pantalone-sa-tregerima-dx441.png\",\"datePublished\":\"2020-11-05T10:27:03+00:00\",\"dateModified\":\"2024-07-15T08:23:40+00:00\",\"description\":\"DX4 slim fit radne pantalone sa tregerima su dizajnirane za izuzetnu udobnost, fleksibilnost i za\u0161titu. Napravljene kori\u0161\u0107enjem rastegljive tkanine.\",\"breadcrumb\":{\"@id\":\"https:\\\/\\\/papirplast.com\\\/product\\\/dx441-dx4-radne-pantalone-sa-tregerima\\\/#breadcrumb\"},\"inLanguage\":\"en-US\",\"potentialAction\":[{\"@type\":\"ReadAction\",\"target\":[\"https:\\\/\\\/papirplast.com\\\/product\\\/dx441-dx4-radne-pantalone-sa-tregerima\\\/\"]}]},{\"@type\":\"ImageObject\",\"inLanguage\":\"en-US\",\"@id\":\"https:\\\/\\\/papirplast.com\\\/product\\\/dx441-dx4-radne-pantalone-sa-tregerima\\\/#primaryimage\",\"url\":\"https:\\\/\\\/papirplast.com\\\/wp-content\\\/uploads\\\/2023\\\/02\\\/Pantalone-sa-tregerima-dx441.png\",\"contentUrl\":\"https:\\\/\\\/papirplast.com\\\/wp-content\\\/uploads\\\/2023\\\/02\\\/Pantalone-sa-tregerima-dx441.png\",\"width\":500,\"height\":500},{\"@type\":\"BreadcrumbList\",\"@id\":\"https:\\\/\\\/papirplast.com\\\/product\\\/dx441-dx4-radne-pantalone-sa-tregerima\\\/#breadcrumb\",\"itemListElement\":[{\"@type\":\"ListItem\",\"position\":1,\"name\":\"Home\",\"item\":\"https:\\\/\\\/papirplast.com\\\/\"},{\"@type\":\"ListItem\",\"position\":2,\"name\":\"Prodavnica\",\"item\":\"https:\\\/\\\/papirplast.com\\\/shop\\\/\"},{\"@type\":\"ListItem\",\"position\":3,\"name\":\"Pantalone sa tregerima DX441\"}]},{\"@type\":\"WebSite\",\"@id\":\"https:\\\/\\\/papirplast.com\\\/#website\",\"url\":\"https:\\\/\\\/papirplast.com\\\/\",\"name\":\"PapirPlast\",\"description\":\"\",\"publisher\":{\"@id\":\"https:\\\/\\\/papirplast.com\\\/#organization\"},\"potentialAction\":[{\"@type\":\"SearchAction\",\"target\":{\"@type\":\"EntryPoint\",\"urlTemplate\":\"https:\\\/\\\/papirplast.com\\\/?s={search_term_string}\"},\"query-input\":{\"@type\":\"PropertyValueSpecification\",\"valueRequired\":true,\"valueName\":\"search_term_string\"}}],\"inLanguage\":\"en-US\"},{\"@type\":\"Organization\",\"@id\":\"https:\\\/\\\/papirplast.com\\\/#organization\",\"name\":\"PapirPlast\",\"url\":\"https:\\\/\\\/papirplast.com\\\/\",\"logo\":{\"@type\":\"ImageObject\",\"inLanguage\":\"en-US\",\"@id\":\"https:\\\/\\\/papirplast.com\\\/#\\\/schema\\\/logo\\\/image\\\/\",\"url\":\"https:\\\/\\\/papirplast.com\\\/wp-content\\\/uploads\\\/2020\\\/02\\\/logo.png\",\"contentUrl\":\"https:\\\/\\\/papirplast.com\\\/wp-content\\\/uploads\\\/2020\\\/02\\\/logo.png\",\"width\":600,\"height\":161,\"caption\":\"PapirPlast\"},\"image\":{\"@id\":\"https:\\\/\\\/papirplast.com\\\/#\\\/schema\\\/logo\\\/image\\\/\"},\"sameAs\":[\"https:\\\/\\\/www.facebook.com\\\/PapirPlastArandjelovac\\\/?locale=sr_RS\"]}]}<\/script>\n<!-- \/ Yoast SEO plugin. -->","yoast_head_json":{"title":"Pantalone sa tregerima DX441 | PapirPlast","description":"DX4 slim fit radne pantalone sa tregerima su dizajnirane za izuzetnu udobnost, fleksibilnost i za\u0161titu. Napravljene kori\u0161\u0107enjem rastegljive tkanine.","robots":{"index":"index","follow":"follow","max-snippet":"max-snippet:-1","max-image-preview":"max-image-preview:large","max-video-preview":"max-video-preview:-1"},"canonical":"https:\/\/papirplast.com\/en\/product\/dx441-dx4-radne-pantalone-sa-tregerima\/","og_locale":"en_US","og_type":"article","og_title":"Pantalone sa tregerima DX441 | PapirPlast","og_description":"DX4 slim fit radne pantalone sa tregerima su dizajnirane za izuzetnu udobnost, fleksibilnost i za\u0161titu. Napravljene kori\u0161\u0107enjem rastegljive tkanine.","og_url":"https:\/\/papirplast.com\/en\/product\/dx441-dx4-radne-pantalone-sa-tregerima\/","og_site_name":"PapirPlast","article_publisher":"https:\/\/www.facebook.com\/PapirPlastArandjelovac\/?locale=sr_RS","article_modified_time":"2024-07-15T08:23:40+00:00","og_image":[{"width":500,"height":500,"url":"https:\/\/papirplast.com\/wp-content\/uploads\/2023\/02\/Pantalone-sa-tregerima-dx441.png","type":"image\/png"}],"twitter_card":"summary_large_image","twitter_misc":{"Est. reading time":"1 minute"},"schema":{"@context":"https:\/\/schema.org","@graph":[{"@type":"WebPage","@id":"https:\/\/papirplast.com\/product\/dx441-dx4-radne-pantalone-sa-tregerima\/","url":"https:\/\/papirplast.com\/product\/dx441-dx4-radne-pantalone-sa-tregerima\/","name":"Pantalone sa tregerima DX441 | PapirPlast","isPartOf":{"@id":"https:\/\/papirplast.com\/#website"},"primaryImageOfPage":{"@id":"https:\/\/papirplast.com\/product\/dx441-dx4-radne-pantalone-sa-tregerima\/#primaryimage"},"image":{"@id":"https:\/\/papirplast.com\/product\/dx441-dx4-radne-pantalone-sa-tregerima\/#primaryimage"},"thumbnailUrl":"https:\/\/papirplast.com\/wp-content\/uploads\/2023\/02\/Pantalone-sa-tregerima-dx441.png","datePublished":"2020-11-05T10:27:03+00:00","dateModified":"2024-07-15T08:23:40+00:00","description":"DX4 slim fit radne pantalone sa tregerima su dizajnirane za izuzetnu udobnost, fleksibilnost i za\u0161titu. Napravljene kori\u0161\u0107enjem rastegljive tkanine.","breadcrumb":{"@id":"https:\/\/papirplast.com\/product\/dx441-dx4-radne-pantalone-sa-tregerima\/#breadcrumb"},"inLanguage":"en-US","potentialAction":[{"@type":"ReadAction","target":["https:\/\/papirplast.com\/product\/dx441-dx4-radne-pantalone-sa-tregerima\/"]}]},{"@type":"ImageObject","inLanguage":"en-US","@id":"https:\/\/papirplast.com\/product\/dx441-dx4-radne-pantalone-sa-tregerima\/#primaryimage","url":"https:\/\/papirplast.com\/wp-content\/uploads\/2023\/02\/Pantalone-sa-tregerima-dx441.png","contentUrl":"https:\/\/papirplast.com\/wp-content\/uploads\/2023\/02\/Pantalone-sa-tregerima-dx441.png","width":500,"height":500},{"@type":"BreadcrumbList","@id":"https:\/\/papirplast.com\/product\/dx441-dx4-radne-pantalone-sa-tregerima\/#breadcrumb","itemListElement":[{"@type":"ListItem","position":1,"name":"Home","item":"https:\/\/papirplast.com\/"},{"@type":"ListItem","position":2,"name":"Prodavnica","item":"https:\/\/papirplast.com\/shop\/"},{"@type":"ListItem","position":3,"name":"Pantalone sa tregerima DX441"}]},{"@type":"WebSite","@id":"https:\/\/papirplast.com\/#website","url":"https:\/\/papirplast.com\/","name":"PapirPlast","description":"","publisher":{"@id":"https:\/\/papirplast.com\/#organization"},"potentialAction":[{"@type":"SearchAction","target":{"@type":"EntryPoint","urlTemplate":"https:\/\/papirplast.com\/?s={search_term_string}"},"query-input":{"@type":"PropertyValueSpecification","valueRequired":true,"valueName":"search_term_string"}}],"inLanguage":"en-US"},{"@type":"Organization","@id":"https:\/\/papirplast.com\/#organization","name":"PapirPlast","url":"https:\/\/papirplast.com\/","logo":{"@type":"ImageObject","inLanguage":"en-US","@id":"https:\/\/papirplast.com\/#\/schema\/logo\/image\/","url":"https:\/\/papirplast.com\/wp-content\/uploads\/2020\/02\/logo.png","contentUrl":"https:\/\/papirplast.com\/wp-content\/uploads\/2020\/02\/logo.png","width":600,"height":161,"caption":"PapirPlast"},"image":{"@id":"https:\/\/papirplast.com\/#\/schema\/logo\/image\/"},"sameAs":["https:\/\/www.facebook.com\/PapirPlastArandjelovac\/?locale=sr_RS"]}]}},"_links":{"self":[{"href":"https:\/\/papirplast.com\/en\/wp-json\/wp\/v2\/product\/11849","targetHints":{"allow":["GET"]}}],"collection":[{"href":"https:\/\/papirplast.com\/en\/wp-json\/wp\/v2\/product"}],"about":[{"href":"https:\/\/papirplast.com\/en\/wp-json\/wp\/v2\/types\/product"}],"wp:featuredmedia":[{"embeddable":true,"href":"https:\/\/papirplast.com\/en\/wp-json\/wp\/v2\/media\/14397"}],"wp:attachment":[{"href":"https:\/\/papirplast.com\/en\/wp-json\/wp\/v2\/media?parent=11849"}],"wp:term":[{"taxonomy":"product_brand","embeddable":true,"href":"https:\/\/papirplast.com\/en\/wp-json\/wp\/v2\/product_brand?post=11849"},{"taxonomy":"product_cat","embeddable":true,"href":"https:\/\/papirplast.com\/en\/wp-json\/wp\/v2\/product_cat?post=11849"},{"taxonomy":"product_tag","embeddable":true,"href":"https:\/\/papirplast.com\/en\/wp-json\/wp\/v2\/product_tag?post=11849"}],"curies":[{"name":"wp","href":"https:\/\/api.w.org\/{rel}","templated":true}]}}