{"id":12294,"date":"2022-11-02T13:17:04","date_gmt":"2022-11-02T13:17:04","guid":{"rendered":"https:\/\/papirplast.com\/?post_type=product&#038;p=12294"},"modified":"2024-07-15T08:23:41","modified_gmt":"2024-07-15T08:23:41","slug":"fw67-nebraska-plitke-patike-portwest","status":"publish","type":"product","link":"https:\/\/papirplast.com\/en\/product\/fw67-nebraska-plitke-patike-portwest\/","title":{"rendered":"Portwest plitke patike FW67"},"content":{"rendered":"<p>FW67 &#8211; Nebraska plitke patike<br \/>\nModernog dizajna, savr\u0161ene za upotrebu na otvorenom i u slobodno vreme. Izuzetno lagana i prozra\u010dna konstrukcija \u010duva va\u0161a stopala rashla\u0111enim i pru\u017ea im udobnost.<\/p>\n<p>Karakteristike<br \/>\nPosebno odabrani materijali za gornji\u0161te koji poma\u017eu u visoko abrazivnim podru\u010djima, performansama i stabilnosti<br \/>\nKo\u017eni pro\u0161iveni \u0161titnik za prste<br \/>\n\u0110on od Phylon i Gume pru\u017ea lako\u0107u i izdr\u017eljivost.<br \/>\nJezi\u010dak za povla\u010denje na zadnjem delu za lak\u0161e obuvanje<br \/>\nLagano i udobno<\/p>\n<p>Materijali<br \/>\nGornji\u0161te: Poliuretan\/Mre\u017ea<br \/>\n\u0110on: Phylon\/Guma<\/p>","protected":false},"excerpt":{"rendered":"<p>FW67 &#8211; Nebraska plitke patike Modernog dizajna, savr\u0161ene za upotrebu na otvorenom i u slobodno vreme. Izuzetno lagana i prozra\u010dna konstrukcija \u010duva va\u0161a stopala rashla\u0111enim i pru\u017ea im udobnost. Karakteristike Posebno odabrani materijali za gornji\u0161te koji poma\u017eu u visoko abrazivnim podru\u010djima, performansama i stabilnosti Ko\u017eni pro\u0161iveni \u0161titnik za prste \u0110on od Phylon i Gume pru\u017ea [&hellip;]<\/p>\n","protected":false},"featured_media":14363,"template":"","meta":{"_monsterinsights_skip_tracking":false,"_monsterinsights_sitenote_active":false,"_monsterinsights_sitenote_note":"","_monsterinsights_sitenote_category":0},"product_brand":[],"product_cat":[97],"product_tag":[306,313],"class_list":{"0":"post-12294","1":"product","2":"type-product","3":"status-publish","4":"has-post-thumbnail","6":"product_cat-htz-oprema","7":"product_tag-htz","8":"product_tag-obuca","10":"first","11":"instock","12":"sale","13":"shipping-taxable","14":"purchasable","15":"product-type-variable","16":"has-default-attributes"},"yoast_head":"<!-- This site is optimized with the Yoast SEO plugin v27.4 - https:\/\/yoast.com\/product\/yoast-seo-wordpress\/ -->\n<title>Portwest plitke patike FW67 | PapirPlast<\/title>\n<meta name=\"description\" content=\"Modernog dizajna, savr\u0161ene za upotrebu na otvorenom. Izuzetno lagana i prozra\u010dna konstrukcija \u010duva va\u0161a stopala rashla\u0111enim i pru\u017ea im udobnost.\" \/>\n<meta name=\"robots\" content=\"index, follow, max-snippet:-1, max-image-preview:large, max-video-preview:-1\" \/>\n<link rel=\"canonical\" href=\"https:\/\/papirplast.com\/en\/product\/fw67-nebraska-plitke-patike-portwest\/\" \/>\n<meta property=\"og:locale\" content=\"en_US\" \/>\n<meta property=\"og:type\" content=\"article\" \/>\n<meta property=\"og:title\" content=\"Portwest plitke patike FW67 | PapirPlast\" \/>\n<meta property=\"og:description\" content=\"Modernog dizajna, savr\u0161ene za upotrebu na otvorenom. Izuzetno lagana i prozra\u010dna konstrukcija \u010duva va\u0161a stopala rashla\u0111enim i pru\u017ea im udobnost.\" \/>\n<meta property=\"og:url\" content=\"https:\/\/papirplast.com\/en\/product\/fw67-nebraska-plitke-patike-portwest\/\" \/>\n<meta property=\"og:site_name\" content=\"PapirPlast\" \/>\n<meta property=\"article:publisher\" content=\"https:\/\/www.facebook.com\/PapirPlastArandjelovac\/?locale=sr_RS\" \/>\n<meta property=\"article:modified_time\" content=\"2024-07-15T08:23:41+00:00\" \/>\n<meta property=\"og:image\" content=\"https:\/\/papirplast.com\/wp-content\/uploads\/2022\/11\/Patike-fw67.png\" \/>\n\t<meta property=\"og:image:width\" content=\"500\" \/>\n\t<meta property=\"og:image:height\" content=\"500\" \/>\n\t<meta property=\"og:image:type\" content=\"image\/png\" \/>\n<meta name=\"twitter:card\" content=\"summary_large_image\" \/>\n<meta name=\"twitter:label1\" content=\"Est. reading time\" \/>\n\t<meta name=\"twitter:data1\" content=\"1 minute\" \/>\n<script type=\"application\/ld+json\" class=\"yoast-schema-graph\">{\"@context\":\"https:\\\/\\\/schema.org\",\"@graph\":[{\"@type\":\"WebPage\",\"@id\":\"https:\\\/\\\/papirplast.com\\\/product\\\/fw67-nebraska-plitke-patike-portwest\\\/\",\"url\":\"https:\\\/\\\/papirplast.com\\\/product\\\/fw67-nebraska-plitke-patike-portwest\\\/\",\"name\":\"Portwest plitke patike FW67 | PapirPlast\",\"isPartOf\":{\"@id\":\"https:\\\/\\\/papirplast.com\\\/#website\"},\"primaryImageOfPage\":{\"@id\":\"https:\\\/\\\/papirplast.com\\\/product\\\/fw67-nebraska-plitke-patike-portwest\\\/#primaryimage\"},\"image\":{\"@id\":\"https:\\\/\\\/papirplast.com\\\/product\\\/fw67-nebraska-plitke-patike-portwest\\\/#primaryimage\"},\"thumbnailUrl\":\"https:\\\/\\\/papirplast.com\\\/wp-content\\\/uploads\\\/2022\\\/11\\\/Patike-fw67.png\",\"datePublished\":\"2022-11-02T13:17:04+00:00\",\"dateModified\":\"2024-07-15T08:23:41+00:00\",\"description\":\"Modernog dizajna, savr\u0161ene za upotrebu na otvorenom. Izuzetno lagana i prozra\u010dna konstrukcija \u010duva va\u0161a stopala rashla\u0111enim i pru\u017ea im udobnost.\",\"breadcrumb\":{\"@id\":\"https:\\\/\\\/papirplast.com\\\/product\\\/fw67-nebraska-plitke-patike-portwest\\\/#breadcrumb\"},\"inLanguage\":\"en-US\",\"potentialAction\":[{\"@type\":\"ReadAction\",\"target\":[\"https:\\\/\\\/papirplast.com\\\/product\\\/fw67-nebraska-plitke-patike-portwest\\\/\"]}]},{\"@type\":\"ImageObject\",\"inLanguage\":\"en-US\",\"@id\":\"https:\\\/\\\/papirplast.com\\\/product\\\/fw67-nebraska-plitke-patike-portwest\\\/#primaryimage\",\"url\":\"https:\\\/\\\/papirplast.com\\\/wp-content\\\/uploads\\\/2022\\\/11\\\/Patike-fw67.png\",\"contentUrl\":\"https:\\\/\\\/papirplast.com\\\/wp-content\\\/uploads\\\/2022\\\/11\\\/Patike-fw67.png\",\"width\":500,\"height\":500},{\"@type\":\"BreadcrumbList\",\"@id\":\"https:\\\/\\\/papirplast.com\\\/product\\\/fw67-nebraska-plitke-patike-portwest\\\/#breadcrumb\",\"itemListElement\":[{\"@type\":\"ListItem\",\"position\":1,\"name\":\"Home\",\"item\":\"https:\\\/\\\/papirplast.com\\\/\"},{\"@type\":\"ListItem\",\"position\":2,\"name\":\"Prodavnica\",\"item\":\"https:\\\/\\\/papirplast.com\\\/shop\\\/\"},{\"@type\":\"ListItem\",\"position\":3,\"name\":\"Portwest plitke patike FW67\"}]},{\"@type\":\"WebSite\",\"@id\":\"https:\\\/\\\/papirplast.com\\\/#website\",\"url\":\"https:\\\/\\\/papirplast.com\\\/\",\"name\":\"PapirPlast\",\"description\":\"\",\"publisher\":{\"@id\":\"https:\\\/\\\/papirplast.com\\\/#organization\"},\"potentialAction\":[{\"@type\":\"SearchAction\",\"target\":{\"@type\":\"EntryPoint\",\"urlTemplate\":\"https:\\\/\\\/papirplast.com\\\/?s={search_term_string}\"},\"query-input\":{\"@type\":\"PropertyValueSpecification\",\"valueRequired\":true,\"valueName\":\"search_term_string\"}}],\"inLanguage\":\"en-US\"},{\"@type\":\"Organization\",\"@id\":\"https:\\\/\\\/papirplast.com\\\/#organization\",\"name\":\"PapirPlast\",\"url\":\"https:\\\/\\\/papirplast.com\\\/\",\"logo\":{\"@type\":\"ImageObject\",\"inLanguage\":\"en-US\",\"@id\":\"https:\\\/\\\/papirplast.com\\\/#\\\/schema\\\/logo\\\/image\\\/\",\"url\":\"https:\\\/\\\/papirplast.com\\\/wp-content\\\/uploads\\\/2020\\\/02\\\/logo.png\",\"contentUrl\":\"https:\\\/\\\/papirplast.com\\\/wp-content\\\/uploads\\\/2020\\\/02\\\/logo.png\",\"width\":600,\"height\":161,\"caption\":\"PapirPlast\"},\"image\":{\"@id\":\"https:\\\/\\\/papirplast.com\\\/#\\\/schema\\\/logo\\\/image\\\/\"},\"sameAs\":[\"https:\\\/\\\/www.facebook.com\\\/PapirPlastArandjelovac\\\/?locale=sr_RS\"]}]}<\/script>\n<!-- \/ Yoast SEO plugin. -->","yoast_head_json":{"title":"Portwest plitke patike FW67 | PapirPlast","description":"Modernog dizajna, savr\u0161ene za upotrebu na otvorenom. Izuzetno lagana i prozra\u010dna konstrukcija \u010duva va\u0161a stopala rashla\u0111enim i pru\u017ea im udobnost.","robots":{"index":"index","follow":"follow","max-snippet":"max-snippet:-1","max-image-preview":"max-image-preview:large","max-video-preview":"max-video-preview:-1"},"canonical":"https:\/\/papirplast.com\/en\/product\/fw67-nebraska-plitke-patike-portwest\/","og_locale":"en_US","og_type":"article","og_title":"Portwest plitke patike FW67 | PapirPlast","og_description":"Modernog dizajna, savr\u0161ene za upotrebu na otvorenom. Izuzetno lagana i prozra\u010dna konstrukcija \u010duva va\u0161a stopala rashla\u0111enim i pru\u017ea im udobnost.","og_url":"https:\/\/papirplast.com\/en\/product\/fw67-nebraska-plitke-patike-portwest\/","og_site_name":"PapirPlast","article_publisher":"https:\/\/www.facebook.com\/PapirPlastArandjelovac\/?locale=sr_RS","article_modified_time":"2024-07-15T08:23:41+00:00","og_image":[{"width":500,"height":500,"url":"https:\/\/papirplast.com\/wp-content\/uploads\/2022\/11\/Patike-fw67.png","type":"image\/png"}],"twitter_card":"summary_large_image","twitter_misc":{"Est. reading time":"1 minute"},"schema":{"@context":"https:\/\/schema.org","@graph":[{"@type":"WebPage","@id":"https:\/\/papirplast.com\/product\/fw67-nebraska-plitke-patike-portwest\/","url":"https:\/\/papirplast.com\/product\/fw67-nebraska-plitke-patike-portwest\/","name":"Portwest plitke patike FW67 | PapirPlast","isPartOf":{"@id":"https:\/\/papirplast.com\/#website"},"primaryImageOfPage":{"@id":"https:\/\/papirplast.com\/product\/fw67-nebraska-plitke-patike-portwest\/#primaryimage"},"image":{"@id":"https:\/\/papirplast.com\/product\/fw67-nebraska-plitke-patike-portwest\/#primaryimage"},"thumbnailUrl":"https:\/\/papirplast.com\/wp-content\/uploads\/2022\/11\/Patike-fw67.png","datePublished":"2022-11-02T13:17:04+00:00","dateModified":"2024-07-15T08:23:41+00:00","description":"Modernog dizajna, savr\u0161ene za upotrebu na otvorenom. Izuzetno lagana i prozra\u010dna konstrukcija \u010duva va\u0161a stopala rashla\u0111enim i pru\u017ea im udobnost.","breadcrumb":{"@id":"https:\/\/papirplast.com\/product\/fw67-nebraska-plitke-patike-portwest\/#breadcrumb"},"inLanguage":"en-US","potentialAction":[{"@type":"ReadAction","target":["https:\/\/papirplast.com\/product\/fw67-nebraska-plitke-patike-portwest\/"]}]},{"@type":"ImageObject","inLanguage":"en-US","@id":"https:\/\/papirplast.com\/product\/fw67-nebraska-plitke-patike-portwest\/#primaryimage","url":"https:\/\/papirplast.com\/wp-content\/uploads\/2022\/11\/Patike-fw67.png","contentUrl":"https:\/\/papirplast.com\/wp-content\/uploads\/2022\/11\/Patike-fw67.png","width":500,"height":500},{"@type":"BreadcrumbList","@id":"https:\/\/papirplast.com\/product\/fw67-nebraska-plitke-patike-portwest\/#breadcrumb","itemListElement":[{"@type":"ListItem","position":1,"name":"Home","item":"https:\/\/papirplast.com\/"},{"@type":"ListItem","position":2,"name":"Prodavnica","item":"https:\/\/papirplast.com\/shop\/"},{"@type":"ListItem","position":3,"name":"Portwest plitke patike FW67"}]},{"@type":"WebSite","@id":"https:\/\/papirplast.com\/#website","url":"https:\/\/papirplast.com\/","name":"PapirPlast","description":"","publisher":{"@id":"https:\/\/papirplast.com\/#organization"},"potentialAction":[{"@type":"SearchAction","target":{"@type":"EntryPoint","urlTemplate":"https:\/\/papirplast.com\/?s={search_term_string}"},"query-input":{"@type":"PropertyValueSpecification","valueRequired":true,"valueName":"search_term_string"}}],"inLanguage":"en-US"},{"@type":"Organization","@id":"https:\/\/papirplast.com\/#organization","name":"PapirPlast","url":"https:\/\/papirplast.com\/","logo":{"@type":"ImageObject","inLanguage":"en-US","@id":"https:\/\/papirplast.com\/#\/schema\/logo\/image\/","url":"https:\/\/papirplast.com\/wp-content\/uploads\/2020\/02\/logo.png","contentUrl":"https:\/\/papirplast.com\/wp-content\/uploads\/2020\/02\/logo.png","width":600,"height":161,"caption":"PapirPlast"},"image":{"@id":"https:\/\/papirplast.com\/#\/schema\/logo\/image\/"},"sameAs":["https:\/\/www.facebook.com\/PapirPlastArandjelovac\/?locale=sr_RS"]}]}},"_links":{"self":[{"href":"https:\/\/papirplast.com\/en\/wp-json\/wp\/v2\/product\/12294","targetHints":{"allow":["GET"]}}],"collection":[{"href":"https:\/\/papirplast.com\/en\/wp-json\/wp\/v2\/product"}],"about":[{"href":"https:\/\/papirplast.com\/en\/wp-json\/wp\/v2\/types\/product"}],"wp:featuredmedia":[{"embeddable":true,"href":"https:\/\/papirplast.com\/en\/wp-json\/wp\/v2\/media\/14363"}],"wp:attachment":[{"href":"https:\/\/papirplast.com\/en\/wp-json\/wp\/v2\/media?parent=12294"}],"wp:term":[{"taxonomy":"product_brand","embeddable":true,"href":"https:\/\/papirplast.com\/en\/wp-json\/wp\/v2\/product_brand?post=12294"},{"taxonomy":"product_cat","embeddable":true,"href":"https:\/\/papirplast.com\/en\/wp-json\/wp\/v2\/product_cat?post=12294"},{"taxonomy":"product_tag","embeddable":true,"href":"https:\/\/papirplast.com\/en\/wp-json\/wp\/v2\/product_tag?post=12294"}],"curies":[{"name":"wp","href":"https:\/\/api.w.org\/{rel}","templated":true}]}}