{"id":12361,"date":"2022-12-24T08:41:55","date_gmt":"2022-12-24T08:41:55","guid":{"rendered":"https:\/\/papirplast.com\/?post_type=product&#038;p=12361"},"modified":"2024-07-15T08:23:42","modified_gmt":"2024-07-15T08:23:42","slug":"dx474-dx4-softshell-jakna-2","status":"publish","type":"product","link":"https:\/\/papirplast.com\/en\/product\/dx474-dx4-softshell-jakna-2\/","title":{"rendered":"Jakna softshell DX474"},"content":{"rendered":"<p class=\"text-justify\">DX4 Softshell jakna je precizno konstruisana kori\u0161\u0107enjem revolucionarne prozra\u010dne, vodootporne i vetrootporne ripstop tkanine. Njen sportski dizajn uklju\u010duje produ\u017eeni le\u0111ni deo, dinami\u010dne oblikovane rukave, ppodesive man\u017eetne, reflektuju\u0107e ukrase i vi\u0161estruke bezbedne d\u017eepove za obimno skladi\u0161tenje. Idealan izbor za modernog radnika.<\/p>\n<h3 class=\"text-left\">Karakteristike<\/h3>\n<ul>\n<li>Napravljeno od izdr\u017eljivog prozra\u010dnog, vetrootpornog i vodootpornog materijala<\/li>\n<li>Dinami\u010dna unutra\u0161nja kontrastna tkanina<\/li>\n<li>Podesive man\u017eetne pomo\u0107u \u010di\u010dak trake za sigurno prijanjanje<\/li>\n<li>Integrisana kapulja\u010da je moderna i prakti\u010dna<\/li>\n<li>Unapred oblikovani rukavi omogu\u0107avaju pove\u0107anu slobodu pokreta<\/li>\n<li>Reflektuju\u0107i paspuli za pove\u0107anu uo\u010dljivost<\/li>\n<li>Podesivi u\u010dkur u struku za udobno pristajanje<\/li>\n<li>D\u017eep na grudima sa rajsfer\u0161lusom<\/li>\n<li>Zavr\u0161na obrada materijala koja je izuzetno otporna na vodu, voda sklizne sa povr\u0161ine materijala.<\/li>\n<li>Bo\u010dni d\u017eepovi sa rajsfer\u0161lusom<\/li>\n<li>Ergonomski oblikovana kapulja\u010da za savr\u0161eno pristajanje<\/li>\n<li>7 d\u017eepova za obimno skladi\u0161tenje<\/li>\n<li>Zakrivljeni zadnji deo za dodatnu za\u0161titu<\/li>\n<li>Lagani grip poteza\u010di na svim rajsfer\u0161lusima<\/li>\n<li>Moderan dizajn ergonomskog kroja<\/li>\n<li>Za\u0161tita za bradu za dodatnu udobnost i stabilnost<\/li>\n<li>Kontrastni premijum rajsfer\u0161lusi za dodatni stil<\/li>\n<li>Pro\u0161tepano na svim mestima optere\u0107enja<\/li>\n<li>Osmi\u0161ljeno sa aktivnim pristajanjem<\/li>\n<li>D\u017eep za mobilni telefon<\/li>\n<\/ul>\n<div class=\"std_titles\"><em>Spoljna materijal :<br \/>\n<\/em>92% Poliester, 8% elastin,laminirano na 100% poliester mikro polar flis 310g<\/div>\n<div class=\"std_titles\"><em>Materijal postave :<br \/>\n<\/em>100% Poliesterska mre\u017ea 165g<\/div>","protected":false},"excerpt":{"rendered":"<p>DX4 Softshell jakna je precizno konstruisana kori\u0161\u0107enjem revolucionarne prozra\u010dne, vodootporne i vetrootporne ripstop tkanine. Njen sportski dizajn uklju\u010duje produ\u017eeni le\u0111ni deo, dinami\u010dne oblikovane rukave, ppodesive man\u017eetne, reflektuju\u0107e ukrase i vi\u0161estruke bezbedne d\u017eepove za obimno skladi\u0161tenje. Idealan izbor za modernog radnika. Karakteristike Napravljeno od izdr\u017eljivog prozra\u010dnog, vetrootpornog i vodootpornog materijala Dinami\u010dna unutra\u0161nja kontrastna tkanina Podesive man\u017eetne [&hellip;]<\/p>\n","protected":false},"featured_media":14543,"template":"","meta":{"_monsterinsights_skip_tracking":false,"_monsterinsights_sitenote_active":false,"_monsterinsights_sitenote_note":"","_monsterinsights_sitenote_category":0},"product_brand":[],"product_cat":[97],"product_tag":[306,324],"class_list":{"0":"post-12361","1":"product","2":"type-product","3":"status-publish","4":"has-post-thumbnail","6":"product_cat-htz-oprema","7":"product_tag-htz","8":"product_tag-jakne","10":"first","11":"instock","12":"shipping-taxable","13":"purchasable","14":"product-type-variable","15":"has-default-attributes"},"yoast_head":"<!-- This site is optimized with the Yoast SEO plugin v27.4 - https:\/\/yoast.com\/product\/yoast-seo-wordpress\/ -->\n<title>Jakna softshell DX474 | PapirPlast<\/title>\n<meta name=\"description\" content=\"DX4 Softshell jakna je precizno konstruisana kori\u0161\u0107enjem revolucionarne prozra\u010dne, vodootporne i vetrootporne ripstop tkanine.\" \/>\n<meta name=\"robots\" content=\"index, follow, max-snippet:-1, max-image-preview:large, max-video-preview:-1\" \/>\n<link rel=\"canonical\" href=\"https:\/\/papirplast.com\/en\/product\/dx474-dx4-softshell-jakna-2\/\" \/>\n<meta property=\"og:locale\" content=\"en_US\" \/>\n<meta property=\"og:type\" content=\"article\" \/>\n<meta property=\"og:title\" content=\"Jakna softshell DX474 | PapirPlast\" \/>\n<meta property=\"og:description\" content=\"DX4 Softshell jakna je precizno konstruisana kori\u0161\u0107enjem revolucionarne prozra\u010dne, vodootporne i vetrootporne ripstop tkanine.\" \/>\n<meta property=\"og:url\" content=\"https:\/\/papirplast.com\/en\/product\/dx474-dx4-softshell-jakna-2\/\" \/>\n<meta property=\"og:site_name\" content=\"PapirPlast\" \/>\n<meta property=\"article:publisher\" content=\"https:\/\/www.facebook.com\/PapirPlastArandjelovac\/?locale=sr_RS\" \/>\n<meta property=\"article:modified_time\" content=\"2024-07-15T08:23:42+00:00\" \/>\n<meta property=\"og:image\" content=\"https:\/\/papirplast.com\/wp-content\/uploads\/2023\/02\/dx474.png\" \/>\n\t<meta property=\"og:image:width\" content=\"500\" \/>\n\t<meta property=\"og:image:height\" content=\"500\" \/>\n\t<meta property=\"og:image:type\" content=\"image\/png\" \/>\n<meta name=\"twitter:card\" content=\"summary_large_image\" \/>\n<meta name=\"twitter:label1\" content=\"Est. reading time\" \/>\n\t<meta name=\"twitter:data1\" content=\"1 minute\" \/>\n<script type=\"application\/ld+json\" class=\"yoast-schema-graph\">{\"@context\":\"https:\\\/\\\/schema.org\",\"@graph\":[{\"@type\":\"WebPage\",\"@id\":\"https:\\\/\\\/papirplast.com\\\/product\\\/dx474-dx4-softshell-jakna-2\\\/\",\"url\":\"https:\\\/\\\/papirplast.com\\\/product\\\/dx474-dx4-softshell-jakna-2\\\/\",\"name\":\"Jakna softshell DX474 | PapirPlast\",\"isPartOf\":{\"@id\":\"https:\\\/\\\/papirplast.com\\\/#website\"},\"primaryImageOfPage\":{\"@id\":\"https:\\\/\\\/papirplast.com\\\/product\\\/dx474-dx4-softshell-jakna-2\\\/#primaryimage\"},\"image\":{\"@id\":\"https:\\\/\\\/papirplast.com\\\/product\\\/dx474-dx4-softshell-jakna-2\\\/#primaryimage\"},\"thumbnailUrl\":\"https:\\\/\\\/papirplast.com\\\/wp-content\\\/uploads\\\/2023\\\/02\\\/dx474.png\",\"datePublished\":\"2022-12-24T08:41:55+00:00\",\"dateModified\":\"2024-07-15T08:23:42+00:00\",\"description\":\"DX4 Softshell jakna je precizno konstruisana kori\u0161\u0107enjem revolucionarne prozra\u010dne, vodootporne i vetrootporne ripstop tkanine.\",\"breadcrumb\":{\"@id\":\"https:\\\/\\\/papirplast.com\\\/product\\\/dx474-dx4-softshell-jakna-2\\\/#breadcrumb\"},\"inLanguage\":\"en-US\",\"potentialAction\":[{\"@type\":\"ReadAction\",\"target\":[\"https:\\\/\\\/papirplast.com\\\/product\\\/dx474-dx4-softshell-jakna-2\\\/\"]}]},{\"@type\":\"ImageObject\",\"inLanguage\":\"en-US\",\"@id\":\"https:\\\/\\\/papirplast.com\\\/product\\\/dx474-dx4-softshell-jakna-2\\\/#primaryimage\",\"url\":\"https:\\\/\\\/papirplast.com\\\/wp-content\\\/uploads\\\/2023\\\/02\\\/dx474.png\",\"contentUrl\":\"https:\\\/\\\/papirplast.com\\\/wp-content\\\/uploads\\\/2023\\\/02\\\/dx474.png\",\"width\":500,\"height\":500},{\"@type\":\"BreadcrumbList\",\"@id\":\"https:\\\/\\\/papirplast.com\\\/product\\\/dx474-dx4-softshell-jakna-2\\\/#breadcrumb\",\"itemListElement\":[{\"@type\":\"ListItem\",\"position\":1,\"name\":\"Home\",\"item\":\"https:\\\/\\\/papirplast.com\\\/\"},{\"@type\":\"ListItem\",\"position\":2,\"name\":\"Prodavnica\",\"item\":\"https:\\\/\\\/papirplast.com\\\/shop\\\/\"},{\"@type\":\"ListItem\",\"position\":3,\"name\":\"Jakna softshell DX474\"}]},{\"@type\":\"WebSite\",\"@id\":\"https:\\\/\\\/papirplast.com\\\/#website\",\"url\":\"https:\\\/\\\/papirplast.com\\\/\",\"name\":\"PapirPlast\",\"description\":\"\",\"publisher\":{\"@id\":\"https:\\\/\\\/papirplast.com\\\/#organization\"},\"potentialAction\":[{\"@type\":\"SearchAction\",\"target\":{\"@type\":\"EntryPoint\",\"urlTemplate\":\"https:\\\/\\\/papirplast.com\\\/?s={search_term_string}\"},\"query-input\":{\"@type\":\"PropertyValueSpecification\",\"valueRequired\":true,\"valueName\":\"search_term_string\"}}],\"inLanguage\":\"en-US\"},{\"@type\":\"Organization\",\"@id\":\"https:\\\/\\\/papirplast.com\\\/#organization\",\"name\":\"PapirPlast\",\"url\":\"https:\\\/\\\/papirplast.com\\\/\",\"logo\":{\"@type\":\"ImageObject\",\"inLanguage\":\"en-US\",\"@id\":\"https:\\\/\\\/papirplast.com\\\/#\\\/schema\\\/logo\\\/image\\\/\",\"url\":\"https:\\\/\\\/papirplast.com\\\/wp-content\\\/uploads\\\/2020\\\/02\\\/logo.png\",\"contentUrl\":\"https:\\\/\\\/papirplast.com\\\/wp-content\\\/uploads\\\/2020\\\/02\\\/logo.png\",\"width\":600,\"height\":161,\"caption\":\"PapirPlast\"},\"image\":{\"@id\":\"https:\\\/\\\/papirplast.com\\\/#\\\/schema\\\/logo\\\/image\\\/\"},\"sameAs\":[\"https:\\\/\\\/www.facebook.com\\\/PapirPlastArandjelovac\\\/?locale=sr_RS\"]}]}<\/script>\n<!-- \/ Yoast SEO plugin. -->","yoast_head_json":{"title":"Jakna softshell DX474 | PapirPlast","description":"DX4 Softshell jakna je precizno konstruisana kori\u0161\u0107enjem revolucionarne prozra\u010dne, vodootporne i vetrootporne ripstop tkanine.","robots":{"index":"index","follow":"follow","max-snippet":"max-snippet:-1","max-image-preview":"max-image-preview:large","max-video-preview":"max-video-preview:-1"},"canonical":"https:\/\/papirplast.com\/en\/product\/dx474-dx4-softshell-jakna-2\/","og_locale":"en_US","og_type":"article","og_title":"Jakna softshell DX474 | PapirPlast","og_description":"DX4 Softshell jakna je precizno konstruisana kori\u0161\u0107enjem revolucionarne prozra\u010dne, vodootporne i vetrootporne ripstop tkanine.","og_url":"https:\/\/papirplast.com\/en\/product\/dx474-dx4-softshell-jakna-2\/","og_site_name":"PapirPlast","article_publisher":"https:\/\/www.facebook.com\/PapirPlastArandjelovac\/?locale=sr_RS","article_modified_time":"2024-07-15T08:23:42+00:00","og_image":[{"width":500,"height":500,"url":"https:\/\/papirplast.com\/wp-content\/uploads\/2023\/02\/dx474.png","type":"image\/png"}],"twitter_card":"summary_large_image","twitter_misc":{"Est. reading time":"1 minute"},"schema":{"@context":"https:\/\/schema.org","@graph":[{"@type":"WebPage","@id":"https:\/\/papirplast.com\/product\/dx474-dx4-softshell-jakna-2\/","url":"https:\/\/papirplast.com\/product\/dx474-dx4-softshell-jakna-2\/","name":"Jakna softshell DX474 | PapirPlast","isPartOf":{"@id":"https:\/\/papirplast.com\/#website"},"primaryImageOfPage":{"@id":"https:\/\/papirplast.com\/product\/dx474-dx4-softshell-jakna-2\/#primaryimage"},"image":{"@id":"https:\/\/papirplast.com\/product\/dx474-dx4-softshell-jakna-2\/#primaryimage"},"thumbnailUrl":"https:\/\/papirplast.com\/wp-content\/uploads\/2023\/02\/dx474.png","datePublished":"2022-12-24T08:41:55+00:00","dateModified":"2024-07-15T08:23:42+00:00","description":"DX4 Softshell jakna je precizno konstruisana kori\u0161\u0107enjem revolucionarne prozra\u010dne, vodootporne i vetrootporne ripstop tkanine.","breadcrumb":{"@id":"https:\/\/papirplast.com\/product\/dx474-dx4-softshell-jakna-2\/#breadcrumb"},"inLanguage":"en-US","potentialAction":[{"@type":"ReadAction","target":["https:\/\/papirplast.com\/product\/dx474-dx4-softshell-jakna-2\/"]}]},{"@type":"ImageObject","inLanguage":"en-US","@id":"https:\/\/papirplast.com\/product\/dx474-dx4-softshell-jakna-2\/#primaryimage","url":"https:\/\/papirplast.com\/wp-content\/uploads\/2023\/02\/dx474.png","contentUrl":"https:\/\/papirplast.com\/wp-content\/uploads\/2023\/02\/dx474.png","width":500,"height":500},{"@type":"BreadcrumbList","@id":"https:\/\/papirplast.com\/product\/dx474-dx4-softshell-jakna-2\/#breadcrumb","itemListElement":[{"@type":"ListItem","position":1,"name":"Home","item":"https:\/\/papirplast.com\/"},{"@type":"ListItem","position":2,"name":"Prodavnica","item":"https:\/\/papirplast.com\/shop\/"},{"@type":"ListItem","position":3,"name":"Jakna softshell DX474"}]},{"@type":"WebSite","@id":"https:\/\/papirplast.com\/#website","url":"https:\/\/papirplast.com\/","name":"PapirPlast","description":"","publisher":{"@id":"https:\/\/papirplast.com\/#organization"},"potentialAction":[{"@type":"SearchAction","target":{"@type":"EntryPoint","urlTemplate":"https:\/\/papirplast.com\/?s={search_term_string}"},"query-input":{"@type":"PropertyValueSpecification","valueRequired":true,"valueName":"search_term_string"}}],"inLanguage":"en-US"},{"@type":"Organization","@id":"https:\/\/papirplast.com\/#organization","name":"PapirPlast","url":"https:\/\/papirplast.com\/","logo":{"@type":"ImageObject","inLanguage":"en-US","@id":"https:\/\/papirplast.com\/#\/schema\/logo\/image\/","url":"https:\/\/papirplast.com\/wp-content\/uploads\/2020\/02\/logo.png","contentUrl":"https:\/\/papirplast.com\/wp-content\/uploads\/2020\/02\/logo.png","width":600,"height":161,"caption":"PapirPlast"},"image":{"@id":"https:\/\/papirplast.com\/#\/schema\/logo\/image\/"},"sameAs":["https:\/\/www.facebook.com\/PapirPlastArandjelovac\/?locale=sr_RS"]}]}},"_links":{"self":[{"href":"https:\/\/papirplast.com\/en\/wp-json\/wp\/v2\/product\/12361","targetHints":{"allow":["GET"]}}],"collection":[{"href":"https:\/\/papirplast.com\/en\/wp-json\/wp\/v2\/product"}],"about":[{"href":"https:\/\/papirplast.com\/en\/wp-json\/wp\/v2\/types\/product"}],"wp:featuredmedia":[{"embeddable":true,"href":"https:\/\/papirplast.com\/en\/wp-json\/wp\/v2\/media\/14543"}],"wp:attachment":[{"href":"https:\/\/papirplast.com\/en\/wp-json\/wp\/v2\/media?parent=12361"}],"wp:term":[{"taxonomy":"product_brand","embeddable":true,"href":"https:\/\/papirplast.com\/en\/wp-json\/wp\/v2\/product_brand?post=12361"},{"taxonomy":"product_cat","embeddable":true,"href":"https:\/\/papirplast.com\/en\/wp-json\/wp\/v2\/product_cat?post=12361"},{"taxonomy":"product_tag","embeddable":true,"href":"https:\/\/papirplast.com\/en\/wp-json\/wp\/v2\/product_tag?post=12361"}],"curies":[{"name":"wp","href":"https:\/\/api.w.org\/{rel}","templated":true}]}}