{"id":12611,"date":"2023-10-05T08:59:55","date_gmt":"2023-10-05T08:59:55","guid":{"rendered":"https:\/\/papirplast.com\/?post_type=product&#038;p=12611"},"modified":"2024-07-15T08:23:43","modified_gmt":"2024-07-15T08:23:43","slug":"lava-odmascivac-600ml","status":"publish","type":"product","link":"https:\/\/papirplast.com\/en\/product\/lava-odmascivac-600ml\/","title":{"rendered":"Lava odma\u0161\u0107iva\u010d 600ml"},"content":{"rendered":"<div class=\"product attribute description text-page\">\n<div class=\"value\">\n<p>Lava je ekstra jako vi\u0161enamensko sredstvo sa aktivnom snagom pene za odma\u0161\u0107ivanje. Mo\u0107na formula za uklanjanje upornih masnih naslaga i \u010di\u0161\u0107enje zama\u0161\u0107enih povr\u0161ina, mrlja od hrane, skorele prljav\u0161tine, stare i zagorele masno\u0107e.<\/p>\n<p>&nbsp;<\/p>\n<p>Efikasno \u010disti kuhinjske elemente, rerne, \u0161porete, sudopere, \u0161erpe, plo\u010dice, aspiratore, grilove, mikotalasne, idealan je za \u010di\u0161\u0107enje ba\u0161tenskih garnitura, bicikla, klima, roletni, tapeta, kanti, radijatora, daje vrhunske rezultate pri odma\u0161\u0107ivanju motora, alata, gara\u017ea, felni, cerada kao i na svim mestima gde se talo\u017ei masno\u0107a.<\/p>\n<p>&nbsp;<\/p>\n<p>Prakti\u010dno pakovanje sa specijalnom pumpicom sa efektom pene olak\u0161ava upotrebu i kori\u0161\u0107enje sredstva.<\/p>\n<\/div>\n<\/div>","protected":false},"excerpt":{"rendered":"<p>Lava je ekstra jako vi\u0161enamensko sredstvo sa aktivnom snagom pene za odma\u0161\u0107ivanje. Mo\u0107na formula za uklanjanje upornih masnih naslaga i \u010di\u0161\u0107enje zama\u0161\u0107enih povr\u0161ina, mrlja od hrane, skorele prljav\u0161tine, stare i zagorele masno\u0107e. &nbsp; Efikasno \u010disti kuhinjske elemente, rerne, \u0161porete, sudopere, \u0161erpe, plo\u010dice, aspiratore, grilove, mikotalasne, idealan je za \u010di\u0161\u0107enje ba\u0161tenskih garnitura, bicikla, klima, roletni, tapeta, [&hellip;]<\/p>\n","protected":false},"featured_media":14209,"template":"","meta":{"_monsterinsights_skip_tracking":false,"_monsterinsights_sitenote_active":false,"_monsterinsights_sitenote_note":"","_monsterinsights_sitenote_category":0},"product_brand":[],"product_cat":[130],"product_tag":[280],"class_list":{"0":"post-12611","1":"product","2":"type-product","3":"status-publish","4":"has-post-thumbnail","6":"product_cat-hemija","7":"product_tag-odmascivac","9":"first","10":"instock","11":"shipping-taxable","12":"purchasable","13":"product-type-simple"},"yoast_head":"<!-- This site is optimized with the Yoast SEO plugin v27.4 - https:\/\/yoast.com\/product\/yoast-seo-wordpress\/ -->\n<title>Lava odma\u0161\u0107iva\u010d 600ml | PapirPlast<\/title>\n<meta name=\"description\" content=\"Pogledajte na\u0161u paletu proizvoda | kese, folije, d\u017eakovi, pet posude. Kao i \u0161irok asortiman HTZ opreme. Sve na jednom mestu, PapirPlast.\" \/>\n<meta name=\"robots\" content=\"index, follow, max-snippet:-1, max-image-preview:large, max-video-preview:-1\" \/>\n<link rel=\"canonical\" href=\"https:\/\/papirplast.com\/en\/product\/lava-odmascivac-600ml\/\" \/>\n<meta property=\"og:locale\" content=\"en_US\" \/>\n<meta property=\"og:type\" content=\"article\" \/>\n<meta property=\"og:title\" content=\"Lava odma\u0161\u0107iva\u010d 600ml | PapirPlast\" \/>\n<meta property=\"og:description\" content=\"Pogledajte na\u0161u paletu proizvoda | kese, folije, d\u017eakovi, pet posude. Kao i \u0161irok asortiman HTZ opreme. Sve na jednom mestu, PapirPlast.\" \/>\n<meta property=\"og:url\" content=\"https:\/\/papirplast.com\/en\/product\/lava-odmascivac-600ml\/\" \/>\n<meta property=\"og:site_name\" content=\"PapirPlast\" \/>\n<meta property=\"article:publisher\" content=\"https:\/\/www.facebook.com\/PapirPlastArandjelovac\/?locale=sr_RS\" \/>\n<meta property=\"article:modified_time\" content=\"2024-07-15T08:23:43+00:00\" \/>\n<meta property=\"og:image\" content=\"https:\/\/papirplast.com\/wp-content\/uploads\/2023\/10\/lava-odmascivac.png\" \/>\n\t<meta property=\"og:image:width\" content=\"500\" \/>\n\t<meta property=\"og:image:height\" content=\"500\" \/>\n\t<meta property=\"og:image:type\" content=\"image\/png\" \/>\n<meta name=\"twitter:card\" content=\"summary_large_image\" \/>\n<meta name=\"twitter:label1\" content=\"Est. reading time\" \/>\n\t<meta name=\"twitter:data1\" content=\"1 minute\" \/>\n<script type=\"application\/ld+json\" class=\"yoast-schema-graph\">{\"@context\":\"https:\\\/\\\/schema.org\",\"@graph\":[{\"@type\":\"WebPage\",\"@id\":\"https:\\\/\\\/papirplast.com\\\/product\\\/lava-odmascivac-600ml\\\/\",\"url\":\"https:\\\/\\\/papirplast.com\\\/product\\\/lava-odmascivac-600ml\\\/\",\"name\":\"Lava odma\u0161\u0107iva\u010d 600ml | PapirPlast\",\"isPartOf\":{\"@id\":\"https:\\\/\\\/papirplast.com\\\/#website\"},\"primaryImageOfPage\":{\"@id\":\"https:\\\/\\\/papirplast.com\\\/product\\\/lava-odmascivac-600ml\\\/#primaryimage\"},\"image\":{\"@id\":\"https:\\\/\\\/papirplast.com\\\/product\\\/lava-odmascivac-600ml\\\/#primaryimage\"},\"thumbnailUrl\":\"https:\\\/\\\/papirplast.com\\\/wp-content\\\/uploads\\\/2023\\\/10\\\/lava-odmascivac.png\",\"datePublished\":\"2023-10-05T08:59:55+00:00\",\"dateModified\":\"2024-07-15T08:23:43+00:00\",\"description\":\"Pogledajte na\u0161u paletu proizvoda | kese, folije, d\u017eakovi, pet posude. Kao i \u0161irok asortiman HTZ opreme. Sve na jednom mestu, PapirPlast.\",\"breadcrumb\":{\"@id\":\"https:\\\/\\\/papirplast.com\\\/product\\\/lava-odmascivac-600ml\\\/#breadcrumb\"},\"inLanguage\":\"en-US\",\"potentialAction\":[{\"@type\":\"ReadAction\",\"target\":[\"https:\\\/\\\/papirplast.com\\\/product\\\/lava-odmascivac-600ml\\\/\"]}]},{\"@type\":\"ImageObject\",\"inLanguage\":\"en-US\",\"@id\":\"https:\\\/\\\/papirplast.com\\\/product\\\/lava-odmascivac-600ml\\\/#primaryimage\",\"url\":\"https:\\\/\\\/papirplast.com\\\/wp-content\\\/uploads\\\/2023\\\/10\\\/lava-odmascivac.png\",\"contentUrl\":\"https:\\\/\\\/papirplast.com\\\/wp-content\\\/uploads\\\/2023\\\/10\\\/lava-odmascivac.png\",\"width\":500,\"height\":500},{\"@type\":\"BreadcrumbList\",\"@id\":\"https:\\\/\\\/papirplast.com\\\/product\\\/lava-odmascivac-600ml\\\/#breadcrumb\",\"itemListElement\":[{\"@type\":\"ListItem\",\"position\":1,\"name\":\"Home\",\"item\":\"https:\\\/\\\/papirplast.com\\\/\"},{\"@type\":\"ListItem\",\"position\":2,\"name\":\"Prodavnica\",\"item\":\"https:\\\/\\\/papirplast.com\\\/shop\\\/\"},{\"@type\":\"ListItem\",\"position\":3,\"name\":\"Lava odma\u0161\u0107iva\u010d 600ml\"}]},{\"@type\":\"WebSite\",\"@id\":\"https:\\\/\\\/papirplast.com\\\/#website\",\"url\":\"https:\\\/\\\/papirplast.com\\\/\",\"name\":\"PapirPlast\",\"description\":\"\",\"publisher\":{\"@id\":\"https:\\\/\\\/papirplast.com\\\/#organization\"},\"potentialAction\":[{\"@type\":\"SearchAction\",\"target\":{\"@type\":\"EntryPoint\",\"urlTemplate\":\"https:\\\/\\\/papirplast.com\\\/?s={search_term_string}\"},\"query-input\":{\"@type\":\"PropertyValueSpecification\",\"valueRequired\":true,\"valueName\":\"search_term_string\"}}],\"inLanguage\":\"en-US\"},{\"@type\":\"Organization\",\"@id\":\"https:\\\/\\\/papirplast.com\\\/#organization\",\"name\":\"PapirPlast\",\"url\":\"https:\\\/\\\/papirplast.com\\\/\",\"logo\":{\"@type\":\"ImageObject\",\"inLanguage\":\"en-US\",\"@id\":\"https:\\\/\\\/papirplast.com\\\/#\\\/schema\\\/logo\\\/image\\\/\",\"url\":\"https:\\\/\\\/papirplast.com\\\/wp-content\\\/uploads\\\/2020\\\/02\\\/logo.png\",\"contentUrl\":\"https:\\\/\\\/papirplast.com\\\/wp-content\\\/uploads\\\/2020\\\/02\\\/logo.png\",\"width\":600,\"height\":161,\"caption\":\"PapirPlast\"},\"image\":{\"@id\":\"https:\\\/\\\/papirplast.com\\\/#\\\/schema\\\/logo\\\/image\\\/\"},\"sameAs\":[\"https:\\\/\\\/www.facebook.com\\\/PapirPlastArandjelovac\\\/?locale=sr_RS\"]}]}<\/script>\n<!-- \/ Yoast SEO plugin. -->","yoast_head_json":{"title":"Lava odma\u0161\u0107iva\u010d 600ml | PapirPlast","description":"Pogledajte na\u0161u paletu proizvoda | kese, folije, d\u017eakovi, pet posude. Kao i \u0161irok asortiman HTZ opreme. Sve na jednom mestu, PapirPlast.","robots":{"index":"index","follow":"follow","max-snippet":"max-snippet:-1","max-image-preview":"max-image-preview:large","max-video-preview":"max-video-preview:-1"},"canonical":"https:\/\/papirplast.com\/en\/product\/lava-odmascivac-600ml\/","og_locale":"en_US","og_type":"article","og_title":"Lava odma\u0161\u0107iva\u010d 600ml | PapirPlast","og_description":"Pogledajte na\u0161u paletu proizvoda | kese, folije, d\u017eakovi, pet posude. Kao i \u0161irok asortiman HTZ opreme. Sve na jednom mestu, PapirPlast.","og_url":"https:\/\/papirplast.com\/en\/product\/lava-odmascivac-600ml\/","og_site_name":"PapirPlast","article_publisher":"https:\/\/www.facebook.com\/PapirPlastArandjelovac\/?locale=sr_RS","article_modified_time":"2024-07-15T08:23:43+00:00","og_image":[{"width":500,"height":500,"url":"https:\/\/papirplast.com\/wp-content\/uploads\/2023\/10\/lava-odmascivac.png","type":"image\/png"}],"twitter_card":"summary_large_image","twitter_misc":{"Est. reading time":"1 minute"},"schema":{"@context":"https:\/\/schema.org","@graph":[{"@type":"WebPage","@id":"https:\/\/papirplast.com\/product\/lava-odmascivac-600ml\/","url":"https:\/\/papirplast.com\/product\/lava-odmascivac-600ml\/","name":"Lava odma\u0161\u0107iva\u010d 600ml | PapirPlast","isPartOf":{"@id":"https:\/\/papirplast.com\/#website"},"primaryImageOfPage":{"@id":"https:\/\/papirplast.com\/product\/lava-odmascivac-600ml\/#primaryimage"},"image":{"@id":"https:\/\/papirplast.com\/product\/lava-odmascivac-600ml\/#primaryimage"},"thumbnailUrl":"https:\/\/papirplast.com\/wp-content\/uploads\/2023\/10\/lava-odmascivac.png","datePublished":"2023-10-05T08:59:55+00:00","dateModified":"2024-07-15T08:23:43+00:00","description":"Pogledajte na\u0161u paletu proizvoda | kese, folije, d\u017eakovi, pet posude. Kao i \u0161irok asortiman HTZ opreme. Sve na jednom mestu, PapirPlast.","breadcrumb":{"@id":"https:\/\/papirplast.com\/product\/lava-odmascivac-600ml\/#breadcrumb"},"inLanguage":"en-US","potentialAction":[{"@type":"ReadAction","target":["https:\/\/papirplast.com\/product\/lava-odmascivac-600ml\/"]}]},{"@type":"ImageObject","inLanguage":"en-US","@id":"https:\/\/papirplast.com\/product\/lava-odmascivac-600ml\/#primaryimage","url":"https:\/\/papirplast.com\/wp-content\/uploads\/2023\/10\/lava-odmascivac.png","contentUrl":"https:\/\/papirplast.com\/wp-content\/uploads\/2023\/10\/lava-odmascivac.png","width":500,"height":500},{"@type":"BreadcrumbList","@id":"https:\/\/papirplast.com\/product\/lava-odmascivac-600ml\/#breadcrumb","itemListElement":[{"@type":"ListItem","position":1,"name":"Home","item":"https:\/\/papirplast.com\/"},{"@type":"ListItem","position":2,"name":"Prodavnica","item":"https:\/\/papirplast.com\/shop\/"},{"@type":"ListItem","position":3,"name":"Lava odma\u0161\u0107iva\u010d 600ml"}]},{"@type":"WebSite","@id":"https:\/\/papirplast.com\/#website","url":"https:\/\/papirplast.com\/","name":"PapirPlast","description":"","publisher":{"@id":"https:\/\/papirplast.com\/#organization"},"potentialAction":[{"@type":"SearchAction","target":{"@type":"EntryPoint","urlTemplate":"https:\/\/papirplast.com\/?s={search_term_string}"},"query-input":{"@type":"PropertyValueSpecification","valueRequired":true,"valueName":"search_term_string"}}],"inLanguage":"en-US"},{"@type":"Organization","@id":"https:\/\/papirplast.com\/#organization","name":"PapirPlast","url":"https:\/\/papirplast.com\/","logo":{"@type":"ImageObject","inLanguage":"en-US","@id":"https:\/\/papirplast.com\/#\/schema\/logo\/image\/","url":"https:\/\/papirplast.com\/wp-content\/uploads\/2020\/02\/logo.png","contentUrl":"https:\/\/papirplast.com\/wp-content\/uploads\/2020\/02\/logo.png","width":600,"height":161,"caption":"PapirPlast"},"image":{"@id":"https:\/\/papirplast.com\/#\/schema\/logo\/image\/"},"sameAs":["https:\/\/www.facebook.com\/PapirPlastArandjelovac\/?locale=sr_RS"]}]}},"_links":{"self":[{"href":"https:\/\/papirplast.com\/en\/wp-json\/wp\/v2\/product\/12611","targetHints":{"allow":["GET"]}}],"collection":[{"href":"https:\/\/papirplast.com\/en\/wp-json\/wp\/v2\/product"}],"about":[{"href":"https:\/\/papirplast.com\/en\/wp-json\/wp\/v2\/types\/product"}],"wp:featuredmedia":[{"embeddable":true,"href":"https:\/\/papirplast.com\/en\/wp-json\/wp\/v2\/media\/14209"}],"wp:attachment":[{"href":"https:\/\/papirplast.com\/en\/wp-json\/wp\/v2\/media?parent=12611"}],"wp:term":[{"taxonomy":"product_brand","embeddable":true,"href":"https:\/\/papirplast.com\/en\/wp-json\/wp\/v2\/product_brand?post=12611"},{"taxonomy":"product_cat","embeddable":true,"href":"https:\/\/papirplast.com\/en\/wp-json\/wp\/v2\/product_cat?post=12611"},{"taxonomy":"product_tag","embeddable":true,"href":"https:\/\/papirplast.com\/en\/wp-json\/wp\/v2\/product_tag?post=12611"}],"curies":[{"name":"wp","href":"https:\/\/api.w.org\/{rel}","templated":true}]}}